{"id":73,"date":"2015-10-07T17:14:55","date_gmt":"2015-10-07T17:14:55","guid":{"rendered":"http:\/\/broker.commercegurus.com\/?page_id=73"},"modified":"2017-04-28T21:55:18","modified_gmt":"2017-04-28T19:55:18","slug":"rozwiazania-szkoleniowe","status":"publish","type":"page","link":"https:\/\/colorfulcultures.co.uk\/pl\/rozwiazania-szkoleniowe\/","title":{"rendered":"Rozwi\u0105zania szkoleniowe"},"content":{"rendered":"<div class=\"wpb-content-wrapper\"><p>[vc_row type=&#8221;container&#8221; padding_top=&#8221;&#8221; padding_bottom=&#8221;&#8221; css=&#8221;.vc_custom_1447263760697{margin-bottom: 0px !important;padding-top: 50px !important;}&#8221;][vc_column width=&#8221;1\/3&#8243; css=&#8221;.vc_custom_1451766709466{margin-bottom: 35px !important;}&#8221;][vc_single_image image=&#8221;71007&#8243; img_size=&#8221;large&#8221; onclick=&#8221;custom_link&#8221; css_animation=&#8221;bottom-to-top&#8221; link=&#8221;https:\/\/colorfulcultures.co.uk\/solutions\/colorful-culture\/&#8221; css=&#8221;.vc_custom_1487879471364{border-bottom-width: 0px !important;}&#8221;][vc_column_text css=&#8221;.vc_custom_1493407831906{margin-top: -15px !important;margin-bottom: 20px !important;padding-right: 5px !important;}&#8221;]<\/p>\n<h4><a href=\"https:\/\/colorfulcultures.co.uk\/pl\/rozwiazania-szkoleniowe\/barwne-kultury\/\">Barwne kultury<\/a><\/h4>\n<p><strong><a href=\"https:\/\/colorfulcultures.co.uk\/pl\/rozwiazania-szkoleniowe\/barwne-kultury\/\">Zobacz wi\u0119cej<\/a><\/strong>[\/vc_column_text][\/vc_column][vc_column width=&#8221;1\/3&#8243; css=&#8221;.vc_custom_1451766722338{margin-bottom: 35px !important;}&#8221;][vc_single_image image=&#8221;71023&#8243; img_size=&#8221;large&#8221; onclick=&#8221;custom_link&#8221; css_animation=&#8221;bottom-to-top&#8221; link=&#8221;https:\/\/colorfulcultures.co.uk\/pl\/rozwiazania-szkoleniowe\/szkolenia-strategiczne\/&#8221; css=&#8221;.vc_custom_1493408389331{border-bottom-width: 0px !important;}&#8221;][vc_column_text css=&#8221;.vc_custom_1493408349392{margin-top: -15px !important;margin-bottom: 20px !important;padding-right: 5px !important;}&#8221;]<\/p>\n<h4><a href=\"https:\/\/colorfulcultures.co.uk\/pl\/rozwiazania-szkoleniowe\/szkolenia-strategiczne\/\">Szkolenia strategiczne<\/a><\/h4>\n<p><strong><a href=\"https:\/\/colorfulcultures.co.uk\/pl\/rozwiazania-szkoleniowe\/szkolenia-strategiczne\/\">Zobacz wi\u0119cej<\/a><\/strong>[\/vc_column_text][\/vc_column][vc_column width=&#8221;1\/3&#8243; css=&#8221;.vc_custom_1451766735451{margin-bottom: 35px !important;}&#8221;][vc_single_image image=&#8221;71106&#8243; img_size=&#8221;large&#8221; onclick=&#8221;custom_link&#8221; css_animation=&#8221;bottom-to-top&#8221; link=&#8221;https:\/\/colorfulcultures.co.uk\/pl\/rozwiazania-szkoleniowe\/rekrutacja-i-selekcja\/&#8221; css=&#8221;.vc_custom_1493408500525{border-bottom-width: 0px !important;}&#8221;][vc_column_text css=&#8221;.vc_custom_1493408490144{margin-top: -15px !important;margin-bottom: 20px !important;padding-right: 0px !important;}&#8221;]<\/p>\n<h4><a href=\"https:\/\/colorfulcultures.co.uk\/pl\/rozwiazania-szkoleniowe\/rekrutacja-i-selekcja\/\">Rekrutacja i selekcja<\/a><\/h4>\n<p><strong><a href=\"https:\/\/colorfulcultures.co.uk\/pl\/rozwiazania-szkoleniowe\/rekrutacja-i-selekcja\/\">Zobacz wi\u0119cej<\/a><\/strong>[\/vc_column_text][\/vc_column][\/vc_row][vc_row type=&#8221;container&#8221; padding_top=&#8221;&#8221; padding_bottom=&#8221;&#8221; css=&#8221;.vc_custom_1451766655032{margin-bottom: 20px !important;}&#8221;][vc_column width=&#8221;1\/3&#8243; css=&#8221;.vc_custom_1444993797023{margin-bottom: 35px !important;}&#8221;][vc_single_image image=&#8221;71078&#8243; img_size=&#8221;large&#8221; onclick=&#8221;custom_link&#8221; css_animation=&#8221;bottom-to-top&#8221; link=&#8221;https:\/\/colorfulcultures.co.uk\/pl\/rozwiazania-szkoleniowe\/szkolenia-behawioralne\/&#8221; css=&#8221;.vc_custom_1493408744983{border-bottom-width: 0px !important;}&#8221;][vc_column_text css=&#8221;.vc_custom_1493408734030{margin-top: -15px !important;margin-bottom: 20px !important;padding-right: 10px !important;}&#8221;]<\/p>\n<h4><a href=\"https:\/\/colorfulcultures.co.uk\/pl\/rozwiazania-szkoleniowe\/szkolenia-behawioralne\/\">Szkolenia behawioralne<\/a><\/h4>\n<p><strong><a href=\"https:\/\/colorfulcultures.co.uk\/pl\/rozwiazania-szkoleniowe\/szkolenia-behawioralne\/\">Zobacz wi\u0119cej<\/a><\/strong>[\/vc_column_text][\/vc_column][vc_column width=&#8221;1\/3&#8243; css=&#8221;.vc_custom_1444993804144{margin-bottom: 35px !important;}&#8221;][vc_single_image image=&#8221;71027&#8243; img_size=&#8221;large&#8221; onclick=&#8221;custom_link&#8221; css_animation=&#8221;bottom-to-top&#8221; link=&#8221;https:\/\/colorfulcultures.co.uk\/pl\/rozwiazania-szkoleniowe\/sciezki-rozwoju-dla-kierownikow\/&#8221; css=&#8221;.vc_custom_1493409319346{border-bottom-width: 0px !important;}&#8221;][vc_column_text css=&#8221;.vc_custom_1493409311269{margin-top: -15px !important;margin-bottom: 20px !important;padding-right: 5px !important;}&#8221;]<\/p>\n<h4 class=\"feature\"><a href=\"https:\/\/colorfulcultures.co.uk\/pl\/rozwiazania-szkoleniowe\/sciezki-rozwoju-dla-kierownikow\/\">\u015acie\u017cki rozwoju dla kierownik\u00f3w<\/a><\/h4>\n<p><strong><a href=\"https:\/\/colorfulcultures.co.uk\/pl\/rozwiazania-szkoleniowe\/sciezki-rozwoju-dla-kierownikow\/\">Zobacz wi\u0119cej<\/a><\/strong>[\/vc_column_text][\/vc_column][vc_column width=&#8221;1\/3&#8243;][vc_single_image image=&#8221;71304&#8243; img_size=&#8221;1000&#215;1000&#8243; onclick=&#8221;custom_link&#8221; css_animation=&#8221;bottom-to-top&#8221; link=&#8221;https:\/\/colorfulcultures.co.uk\/pl\/rozwiazania-szkoleniowe\/program-odkryc\/&#8221;][vc_column_text]<\/p>\n<h4 class=\"feature\"><a href=\"https:\/\/colorfulcultures.co.uk\/pl\/rozwiazania-szkoleniowe\/program-odkryc\/\">Program odkry\u0107<\/a><\/h4>\n<p><strong><a href=\"https:\/\/colorfulcultures.co.uk\/pl\/rozwiazania-szkoleniowe\/program-odkryc\/\">Zobacz wi\u0119cej<\/a><\/strong>[\/vc_column_text][\/vc_column][\/vc_row]<\/p>\n<\/div>","protected":false},"excerpt":{"rendered":"<p>[vc_row type=&#8221;container&#8221; padding_top=&#8221;&#8221; padding_bottom=&#8221;&#8221; css=&#8221;.vc_custom_1447263760697{margin-bottom: 0px !important;padding-top: 50px !important;}&#8221;][vc_column width=&#8221;1\/3&#8243; css=&#8221;.vc_custom_1451766709466{margin-bottom: 35px !important;}&#8221;][vc_single_image image=&#8221;71007&#8243; img_size=&#8221;large&#8221; onclick=&#8221;custom_link&#8221; css_animation=&#8221;bottom-to-top&#8221; link=&#8221;https:\/\/colorfulcultures.co.uk\/solutions\/colorful-culture\/&#8221; css=&#8221;.vc_custom_1487879471364{border-bottom-width: 0px !important;}&#8221;][vc_column_text css=&#8221;.vc_custom_1493407831906{margin-top: -15px !important;margin-bottom: 20px !important;padding-right: 5px !important;}&#8221;] Barwne kultury Zobacz wi\u0119cej[\/vc_column_text][\/vc_column][vc_column width=&#8221;1\/3&#8243; css=&#8221;.vc_custom_1451766722338{margin-bottom: 35px !important;}&#8221;][vc_single_image image=&#8221;71023&#8243; img_size=&#8221;large&#8221; onclick=&#8221;custom_link&#8221; css_animation=&#8221;bottom-to-top&#8221; link=&#8221;https:\/\/colorfulcultures.co.uk\/pl\/rozwiazania-szkoleniowe\/szkolenia-strategiczne\/&#8221; css=&#8221;.vc_custom_1493408389331{border-bottom-width: 0px !important;}&#8221;][vc_column_text css=&#8221;.vc_custom_1493408349392{margin-top: -15px !important;margin-bottom: 20px !important;padding-right: 5px !important;}&#8221;] Szkolenia strategiczne Zobacz wi\u0119cej[\/vc_column_text][\/vc_column][vc_column [&hellip;]<\/p>\n","protected":false},"author":1,"featured_media":70838,"parent":0,"menu_order":0,"comment_status":"closed","ping_status":"closed","template":"page-full-width.php","meta":{"_acf_changed":false,"footnotes":""},"class_list":["post-73","page","type-page","status-publish","has-post-thumbnail","hentry"],"acf":[],"yoast_head":"<!-- This site is optimized with the Yoast SEO plugin v25.6 - https:\/\/yoast.com\/wordpress\/plugins\/seo\/ -->\n<title>Colorful Cultures Training solutions<\/title>\n<meta name=\"description\" content=\"Discover with us the perfect training solutions for your company\" \/>\n<meta name=\"robots\" content=\"index, follow, max-snippet:-1, max-image-preview:large, max-video-preview:-1\" \/>\n<link rel=\"canonical\" href=\"https:\/\/colorfulcultures.co.uk\/pl\/rozwiazania-szkoleniowe\/\" \/>\n<meta property=\"og:locale\" content=\"pl_PL\" \/>\n<meta property=\"og:type\" content=\"article\" \/>\n<meta property=\"og:title\" content=\"Colorful Cultures Training solutions\" \/>\n<meta property=\"og:description\" content=\"Discover with us the perfect training solutions for your company\" \/>\n<meta property=\"og:url\" content=\"https:\/\/colorfulcultures.co.uk\/pl\/rozwiazania-szkoleniowe\/\" \/>\n<meta property=\"og:site_name\" content=\"Colorful Cultures PL\" \/>\n<meta property=\"article:modified_time\" content=\"2017-04-28T19:55:18+00:00\" \/>\n<meta name=\"twitter:card\" content=\"summary_large_image\" \/>\n<meta name=\"twitter:label1\" content=\"Szacowany czas czytania\" \/>\n\t<meta name=\"twitter:data1\" content=\"2 minuty\" \/>\n<script type=\"application\/ld+json\" class=\"yoast-schema-graph\">{\"@context\":\"https:\/\/schema.org\",\"@graph\":[{\"@type\":\"WebPage\",\"@id\":\"https:\/\/colorfulcultures.co.uk\/pl\/rozwiazania-szkoleniowe\/\",\"url\":\"https:\/\/colorfulcultures.co.uk\/pl\/rozwiazania-szkoleniowe\/\",\"name\":\"Colorful Cultures Training solutions\",\"isPartOf\":{\"@id\":\"https:\/\/colorfulcultures.co.uk\/pl\/#website\"},\"primaryImageOfPage\":{\"@id\":\"https:\/\/colorfulcultures.co.uk\/pl\/rozwiazania-szkoleniowe\/#primaryimage\"},\"image\":{\"@id\":\"https:\/\/colorfulcultures.co.uk\/pl\/rozwiazania-szkoleniowe\/#primaryimage\"},\"thumbnailUrl\":\"\",\"datePublished\":\"2015-10-07T17:14:55+00:00\",\"dateModified\":\"2017-04-28T19:55:18+00:00\",\"description\":\"Discover with us the perfect training solutions for your company\",\"breadcrumb\":{\"@id\":\"https:\/\/colorfulcultures.co.uk\/pl\/rozwiazania-szkoleniowe\/#breadcrumb\"},\"inLanguage\":\"pl-PL\",\"potentialAction\":[{\"@type\":\"ReadAction\",\"target\":[\"https:\/\/colorfulcultures.co.uk\/pl\/rozwiazania-szkoleniowe\/\"]}]},{\"@type\":\"ImageObject\",\"inLanguage\":\"pl-PL\",\"@id\":\"https:\/\/colorfulcultures.co.uk\/pl\/rozwiazania-szkoleniowe\/#primaryimage\",\"url\":\"\",\"contentUrl\":\"\"},{\"@type\":\"BreadcrumbList\",\"@id\":\"https:\/\/colorfulcultures.co.uk\/pl\/rozwiazania-szkoleniowe\/#breadcrumb\",\"itemListElement\":[{\"@type\":\"ListItem\",\"position\":1,\"name\":\"Home\",\"item\":\"https:\/\/colorfulcultures.co.uk\/pl\/\"},{\"@type\":\"ListItem\",\"position\":2,\"name\":\"Solutions\"}]},{\"@type\":\"WebSite\",\"@id\":\"https:\/\/colorfulcultures.co.uk\/pl\/#website\",\"url\":\"https:\/\/colorfulcultures.co.uk\/pl\/\",\"name\":\"Colorful Cultures PL\",\"description\":\"\",\"potentialAction\":[{\"@type\":\"SearchAction\",\"target\":{\"@type\":\"EntryPoint\",\"urlTemplate\":\"https:\/\/colorfulcultures.co.uk\/pl\/?s={search_term_string}\"},\"query-input\":{\"@type\":\"PropertyValueSpecification\",\"valueRequired\":true,\"valueName\":\"search_term_string\"}}],\"inLanguage\":\"pl-PL\"}]}<\/script>\n<!-- \/ Yoast SEO plugin. -->","yoast_head_json":{"title":"Colorful Cultures Training solutions","description":"Discover with us the perfect training solutions for your company","robots":{"index":"index","follow":"follow","max-snippet":"max-snippet:-1","max-image-preview":"max-image-preview:large","max-video-preview":"max-video-preview:-1"},"canonical":"https:\/\/colorfulcultures.co.uk\/pl\/rozwiazania-szkoleniowe\/","og_locale":"pl_PL","og_type":"article","og_title":"Colorful Cultures Training solutions","og_description":"Discover with us the perfect training solutions for your company","og_url":"https:\/\/colorfulcultures.co.uk\/pl\/rozwiazania-szkoleniowe\/","og_site_name":"Colorful Cultures PL","article_modified_time":"2017-04-28T19:55:18+00:00","twitter_card":"summary_large_image","twitter_misc":{"Szacowany czas czytania":"2 minuty"},"schema":{"@context":"https:\/\/schema.org","@graph":[{"@type":"WebPage","@id":"https:\/\/colorfulcultures.co.uk\/pl\/rozwiazania-szkoleniowe\/","url":"https:\/\/colorfulcultures.co.uk\/pl\/rozwiazania-szkoleniowe\/","name":"Colorful Cultures Training solutions","isPartOf":{"@id":"https:\/\/colorfulcultures.co.uk\/pl\/#website"},"primaryImageOfPage":{"@id":"https:\/\/colorfulcultures.co.uk\/pl\/rozwiazania-szkoleniowe\/#primaryimage"},"image":{"@id":"https:\/\/colorfulcultures.co.uk\/pl\/rozwiazania-szkoleniowe\/#primaryimage"},"thumbnailUrl":"","datePublished":"2015-10-07T17:14:55+00:00","dateModified":"2017-04-28T19:55:18+00:00","description":"Discover with us the perfect training solutions for your company","breadcrumb":{"@id":"https:\/\/colorfulcultures.co.uk\/pl\/rozwiazania-szkoleniowe\/#breadcrumb"},"inLanguage":"pl-PL","potentialAction":[{"@type":"ReadAction","target":["https:\/\/colorfulcultures.co.uk\/pl\/rozwiazania-szkoleniowe\/"]}]},{"@type":"ImageObject","inLanguage":"pl-PL","@id":"https:\/\/colorfulcultures.co.uk\/pl\/rozwiazania-szkoleniowe\/#primaryimage","url":"","contentUrl":""},{"@type":"BreadcrumbList","@id":"https:\/\/colorfulcultures.co.uk\/pl\/rozwiazania-szkoleniowe\/#breadcrumb","itemListElement":[{"@type":"ListItem","position":1,"name":"Home","item":"https:\/\/colorfulcultures.co.uk\/pl\/"},{"@type":"ListItem","position":2,"name":"Solutions"}]},{"@type":"WebSite","@id":"https:\/\/colorfulcultures.co.uk\/pl\/#website","url":"https:\/\/colorfulcultures.co.uk\/pl\/","name":"Colorful Cultures PL","description":"","potentialAction":[{"@type":"SearchAction","target":{"@type":"EntryPoint","urlTemplate":"https:\/\/colorfulcultures.co.uk\/pl\/?s={search_term_string}"},"query-input":{"@type":"PropertyValueSpecification","valueRequired":true,"valueName":"search_term_string"}}],"inLanguage":"pl-PL"}]}},"_links":{"self":[{"href":"https:\/\/colorfulcultures.co.uk\/pl\/wp-json\/wp\/v2\/pages\/73","targetHints":{"allow":["GET"]}}],"collection":[{"href":"https:\/\/colorfulcultures.co.uk\/pl\/wp-json\/wp\/v2\/pages"}],"about":[{"href":"https:\/\/colorfulcultures.co.uk\/pl\/wp-json\/wp\/v2\/types\/page"}],"author":[{"embeddable":true,"href":"https:\/\/colorfulcultures.co.uk\/pl\/wp-json\/wp\/v2\/users\/1"}],"replies":[{"embeddable":true,"href":"https:\/\/colorfulcultures.co.uk\/pl\/wp-json\/wp\/v2\/comments?post=73"}],"version-history":[{"count":11,"href":"https:\/\/colorfulcultures.co.uk\/pl\/wp-json\/wp\/v2\/pages\/73\/revisions"}],"predecessor-version":[{"id":71482,"href":"https:\/\/colorfulcultures.co.uk\/pl\/wp-json\/wp\/v2\/pages\/73\/revisions\/71482"}],"wp:featuredmedia":[{"embeddable":true,"href":"https:\/\/colorfulcultures.co.uk\/pl\/wp-json\/"}],"wp:attachment":[{"href":"https:\/\/colorfulcultures.co.uk\/pl\/wp-json\/wp\/v2\/media?parent=73"}],"curies":[{"name":"wp","href":"https:\/\/api.w.org\/{rel}","templated":true}]}}