{"id":70470,"date":"2017-02-05T12:21:51","date_gmt":"2017-02-05T12:21:51","guid":{"rendered":"http:\/\/broker.commercegurus.com\/?page_id=5"},"modified":"2017-04-28T22:17:14","modified_gmt":"2017-04-28T20:17:14","slug":"home","status":"publish","type":"page","link":"https:\/\/colorfulcultures.co.uk\/pl\/","title":{"rendered":"Strona g\u0142\u00f3wna"},"content":{"rendered":"<div class=\"wpb-content-wrapper\"><p>[vc_row type=&#8221;full_page_width&#8221; padding_top=&#8221;&#8221; padding_bottom=&#8221;&#8221; css=&#8221;.vc_custom_1451747024312{margin-bottom: 12px !important;}&#8221;][vc_column css=&#8221;.vc_custom_1451675335363{margin-bottom: -35px !important;padding-right: 0px !important;padding-left: 0px !important;}&#8221;][layerslider_vc id=&#8221;4&#8243;][\/vc_column][\/vc_row][vc_row type=&#8221;full_page_width_inner_container&#8221; padding_top=&#8221;&#8221; padding_bottom=&#8221;&#8221; css=&#8221;.vc_custom_1451746825740{margin-bottom: 55px !important;padding-top: 15px !important;padding-bottom: 15px !important;background-color: #fdc900 !important;}&#8221;][vc_column width=&#8221;1\/6&#8243;][\/vc_column][vc_column width=&#8221;2\/3&#8243;][vc_column_text]<\/p>\n<h3 style=\"text-align: center;\">Wspieramy firmy, by rozwija\u0142y si\u0119 pod\u0105\u017caj\u0105c za ludzkim potencja\u0142em ponad wszelkimi granicami.<\/h3>\n<p>[\/vc_column_text][\/vc_column][vc_column width=&#8221;1\/6&#8243;][\/vc_column][\/vc_row][vc_row type=&#8221;container&#8221; padding_top=&#8221;&#8221; padding_bottom=&#8221;&#8221; css=&#8221;.vc_custom_1451746433787{margin-bottom: 15px !important;}&#8221;][vc_column width=&#8221;1\/3&#8243;][vc_single_image image=&#8221;71396&#8243; img_size=&#8221;large&#8221; onclick=&#8221;custom_link&#8221; link=&#8221;https:\/\/colorfulcultures.co.uk\/pl\/rozwiazania-szkoleniowe\/barwne-kultury\/&#8221; el_class=&#8221;zoom&#8221; css=&#8221;.vc_custom_1493407907570{margin-bottom: -10px !important;}&#8221;][vc_column_text]<\/p>\n<h4 class=\"feature\"><a href=\"https:\/\/colorfulcultures.co.uk\/pl\/rozwiazania-szkoleniowe\/barwne-kultury\/\">Barwne kultury<\/a><\/h4>\n<p><span style=\"color: #999999;\">\u00a0<\/span>[\/vc_column_text][\/vc_column][vc_column width=&#8221;1\/3&#8243;][vc_single_image image=&#8221;71023&#8243; img_size=&#8221;large&#8221; onclick=&#8221;custom_link&#8221; link=&#8221;https:\/\/colorfulcultures.co.uk\/pl\/rozwiazania-szkoleniowe\/szkolenia-strategiczne\/&#8221; el_class=&#8221;zoom&#8221; css=&#8221;.vc_custom_1493408263731{margin-bottom: -10px !important;}&#8221;][vc_column_text]<\/p>\n<h4 class=\"feature\"><a href=\"https:\/\/colorfulcultures.co.uk\/pl\/rozwiazania-szkoleniowe\/szkolenia-strategiczne\/\">Szkolenia strategiczne<\/a><\/h4>\n<p><span style=\"color: #999999;\">\u00a0<\/span>[\/vc_column_text][\/vc_column][vc_column width=&#8221;1\/3&#8243;][vc_single_image image=&#8221;71106&#8243; img_size=&#8221;large&#8221; onclick=&#8221;custom_link&#8221; link=&#8221;https:\/\/colorfulcultures.co.uk\/pl\/rozwiazania-szkoleniowe\/rekrutacja-i-selekcja\/&#8221; el_class=&#8221;zoom&#8221; css=&#8221;.vc_custom_1493408578707{margin-bottom: -10px !important;}&#8221;][vc_column_text]<\/p>\n<h4 class=\"feature\"><a href=\"https:\/\/colorfulcultures.co.uk\/pl\/rozwiazania-szkoleniowe\/rekrutacja-i-selekcja\/\">Rekrutacja i selekcja<\/a><\/h4>\n<p>[\/vc_column_text][\/vc_column][\/vc_row][vc_row type=&#8221;container&#8221; padding_top=&#8221;&#8221; padding_bottom=&#8221;&#8221; css=&#8221;.vc_custom_1451746999255{margin-bottom: 35px !important;}&#8221;][vc_column width=&#8221;1\/3&#8243;][vc_single_image image=&#8221;71078&#8243; img_size=&#8221;large&#8221; onclick=&#8221;custom_link&#8221; link=&#8221;https:\/\/colorfulcultures.co.uk\/pl\/rozwiazania-szkoleniowe\/szkolenia-behawioralne\/&#8221; el_class=&#8221;zoom&#8221; css=&#8221;.vc_custom_1493408800714{margin-bottom: -10px !important;}&#8221;][vc_column_text]<\/p>\n<h4 class=\"feature\"><a href=\"https:\/\/colorfulcultures.co.uk\/pl\/rozwiazania-szkoleniowe\/szkolenia-behawioralne\/\">Szkolenia behawioralne<\/a><\/h4>\n<p>[\/vc_column_text][\/vc_column][vc_column width=&#8221;1\/3&#8243;][vc_single_image image=&#8221;71027&#8243; img_size=&#8221;large&#8221; onclick=&#8221;custom_link&#8221; link=&#8221;https:\/\/colorfulcultures.co.uk\/pl\/rozwiazania-szkoleniowe\/sciezki-rozwoju-dla-kierownikow\/&#8221; el_class=&#8221;zoom&#8221; css=&#8221;.vc_custom_1493409402797{margin-bottom: -10px !important;}&#8221;][vc_column_text]<\/p>\n<h4 class=\"feature\"><a href=\"https:\/\/colorfulcultures.co.uk\/pl\/rozwiazania-szkoleniowe\/sciezki-rozwoju-dla-kierownikow\/\">\u015acie\u017cki rozwoju dla kierownik\u00f3w<\/a><\/h4>\n<p>[\/vc_column_text][\/vc_column][vc_column width=&#8221;1\/3&#8243;][vc_single_image image=&#8221;71304&#8243; img_size=&#8221;large&#8221; onclick=&#8221;custom_link&#8221; link=&#8221;https:\/\/colorfulcultures.co.uk\/pl\/rozwiazania-szkoleniowe\/program-odkryc\/&#8221; el_class=&#8221;zoom&#8221;][vc_column_text]<\/p>\n<h4 class=\"feature\"><a href=\"https:\/\/colorfulcultures.co.uk\/pl\/rozwiazania-szkoleniowe\/program-odkryc\/\">Program odkry\u0107<\/a><\/h4>\n<p>[\/vc_column_text][\/vc_column][vc_column][\/vc_column][\/vc_row][vc_row type=&#8221;container&#8221; padding_top=&#8221;&#8221; padding_bottom=&#8221;&#8221; css=&#8221;.vc_custom_1444833000148{margin-bottom: 15px !important;}&#8221;][vc_column][vc_separator color=&#8221;#eeeeee&#8221; type=&#8221;normal&#8221; thickness=&#8221;1&#8243; up=&#8221;&#8221; down=&#8221;&#8221;][\/vc_column][\/vc_row][vc_row type=&#8221;container&#8221; padding_top=&#8221;&#8221; padding_bottom=&#8221;&#8221; css=&#8221;.vc_custom_1451746323872{margin-bottom: 35px !important;padding-top: 30px !important;}&#8221;][vc_column width=&#8221;1\/3&#8243; css=&#8221;.vc_custom_1451773427166{margin-bottom: 0px !important;}&#8221;][vc_column_text css=&#8221;.vc_custom_1493399693856{margin-bottom: 0px !important;}&#8221;]<\/p>\n<h2 style=\"margin-top: 22px;\">O<\/h2>\n<p>[\/vc_column_text][\/vc_column][vc_column width=&#8221;2\/3&#8243;][vc_column_text]<\/p>\n<h5>Pomagamy firmom tworz\u0105c i realizuj\u0105c programy kszta\u0142cenia oraz rozwoju, zgodnie z ich celami i strategiami biznesowymi poprzez wszechstronne analizy, tw\u00f3rcze rozwi\u0105zania, budowanie d\u0142ugotrwa\u0142ych i wzajemnie satysfakcjonuj\u0105cych relacji.<\/h5>\n<h5>Pracujemy z naszymi partnerami, aby usprawnia\u0107 programy tak, by nie tylko zaspokaja\u0142y ich potrzeby biznesowe, ale tak\u017ce by\u0142y dostarczane na czas \u2013 co jest istotne dla sukcesu na wysoce konkurencyjnym rynku, gdzie ka\u017cdy dzie\u0144 si\u0119 liczy.<\/h5>\n<h5>Nasz zesp\u00f3\u0142 oferuje najbardziej aktualne rozwi\u0105zania szkole\u0144 mi\u0119dzykulturowych. Oferujemy tylko mieszane lub zwyk\u0142e programy szkole\u0144, opracowywane przez do\u015bwiadczonych i zaufanych konsultant\u00f3w mi\u0119dzykulturowych, kt\u00f3rzy \u0142\u0105cz\u0105 precyzyjne standardy w dostarczaniu szkole\u0144 dla skuteczno\u015bci Twojego biznesu.<\/h5>\n<p>[\/vc_column_text][\/vc_column][\/vc_row][vc_row type=&#8221;full_page_width_inner_container&#8221; padding_top=&#8221;&#8221; padding_bottom=&#8221;&#8221; css=&#8221;.vc_custom_1451746382893{margin-bottom: 0px !important;padding-top: 15px !important;padding-bottom: 55px !important;background: #1a1a1a url(http:\/\/factory.commercegurus.com\/wp-content\/uploads\/2015\/10\/glass_bg.jpg?id=70876) !important;background-position: center !important;background-repeat: no-repeat !important;background-size: cover !important;}&#8221;][vc_column][vc_column_text css=&#8221;.vc_custom_1493399747777{margin-bottom: 25px !important;}&#8221;]<\/p>\n<h2 style=\"text-align: center;\"><span style=\"color: #ffffff;\">Barwne kultury to:<\/span><\/h2>\n<p>[\/vc_column_text][vc_separator color=&#8221;#3c3c3c&#8221; type=&#8221;normal&#8221; thickness=&#8221;1&#8243; up=&#8221;&#8221; down=&#8221;&#8221;][vc_row_inner css=&#8221;.vc_custom_1451746355599{margin-bottom: -20px !important;padding-top: 40px !important;}&#8221;][vc_column_inner width=&#8221;1\/4&#8243; css=&#8221;.vc_custom_1449529391432{margin-bottom: 35px !important;}&#8221;][vc_single_image image=&#8221;71253&#8243; img_size=&#8221;300&#215;200&#8243; add_caption=&#8221;yes&#8221; alignment=&#8221;center&#8221; css_animation=&#8221;top-to-bottom&#8221; css=&#8221;.vc_custom_1487711520058{margin-bottom: 0px !important;}&#8221;][vc_column_text css_animation=&#8221;bottom-to-top&#8221;]<\/p>\n<h5 style=\"text-align: center;\"><span style=\"color: #ffffff;\">\u00a0KOUNIKACMJA<\/span><\/h5>\n<h5 style=\"text-align: center;\"><span style=\"color: #ffffff;\">\u00a0MI\u0118DZYKULTUROWA<\/span><\/h5>\n<p>[\/vc_column_text][\/vc_column_inner][vc_column_inner width=&#8221;1\/4&#8243; css=&#8221;.vc_custom_1449529401726{margin-bottom: 35px !important;}&#8221;][vc_single_image image=&#8221;71241&#8243; img_size=&#8221;300&#215;200&#8243; alignment=&#8221;center&#8221; css_animation=&#8221;top-to-bottom&#8221; css=&#8221;.vc_custom_1487275987122{margin-bottom: 0px !important;}&#8221;][vc_column_text css_animation=&#8221;bottom-to-top&#8221;]<\/p>\n<h5 style=\"text-align: center;\"><span style=\"color: #ffffff;\">R\u00d3\u017bNORODNO\u015a\u0106<\/span><\/h5>\n<p>[\/vc_column_text][\/vc_column_inner][vc_column_inner width=&#8221;1\/4&#8243; css=&#8221;.vc_custom_1449529409953{margin-bottom: 35px !important;}&#8221;][vc_single_image image=&#8221;71238&#8243; img_size=&#8221;300&#215;200&#8243; alignment=&#8221;center&#8221; css_animation=&#8221;top-to-bottom&#8221; css=&#8221;.vc_custom_1487275708150{margin-bottom: 0px !important;}&#8221;][vc_column_text css_animation=&#8221;bottom-to-top&#8221;]<\/p>\n<h5 style=\"text-align: center;\"><span style=\"color: #ffffff;\">WP\u0141YW BIZNESOWY<\/span><\/h5>\n<p>[\/vc_column_text][\/vc_column_inner][vc_column_inner width=&#8221;1\/4&#8243; css=&#8221;.vc_custom_1449529426162{margin-bottom: 35px !important;}&#8221;][vc_single_image image=&#8221;71229&#8243; img_size=&#8221;300&#215;200&#8243; alignment=&#8221;center&#8221; css_animation=&#8221;top-to-bottom&#8221; css=&#8221;.vc_custom_1487275717195{margin-bottom: 0px !important;}&#8221;][vc_column_text css_animation=&#8221;bottom-to-top&#8221;]<\/p>\n<h5 style=\"text-align: center;\"><span style=\"color: #ffffff;\">ZACHOWANIA<\/span><\/h5>\n<p>[\/vc_column_text][\/vc_column_inner][\/vc_row_inner][\/vc_column][\/vc_row][vc_row type=&#8221;full_page_width_inner_container&#8221; padding_top=&#8221;&#8221; padding_bottom=&#8221;&#8221; css=&#8221;.vc_custom_1451746825740{margin-bottom: 55px !important;padding-top: 15px !important;padding-bottom: 15px !important;background-color: #fdc900 !important;}&#8221;][vc_column width=&#8221;1\/6&#8243;][\/vc_column][vc_column width=&#8221;2\/3&#8243;][vc_column_text]<\/p>\n<h3 style=\"text-align: center;\">Kultura jest gleb\u0105, ludzie s\u0105 nasionami, biznes jest s\u0142o\u0144cem.<\/h3>\n<p>[\/vc_column_text][\/vc_column][vc_column width=&#8221;1\/6&#8243;][\/vc_column][\/vc_row][vc_row type=&#8221;container&#8221; padding_top=&#8221;&#8221; padding_bottom=&#8221;&#8221; css=&#8221;.vc_custom_1451747651486{margin-bottom: 10px !important;}&#8221;][vc_column width=&#8221;1\/3&#8243; css=&#8221;.vc_custom_1451773457061{margin-bottom: 0px !important;}&#8221;][vc_column_text css=&#8221;.vc_custom_1493400668035{margin-bottom: 0px !important;}&#8221;]<\/p>\n<h2>Nasz zesp\u00f3\u0142<\/h2>\n<p>[\/vc_column_text][\/vc_column][vc_column width=&#8221;2\/3&#8243;][vc_row_inner css=&#8221;.vc_custom_1451747524926{padding-top: 25px !important;}&#8221;][vc_column_inner width=&#8221;1\/4&#8243;][vc_single_image image=&#8221;71123&#8243; img_size=&#8221;&#8221; css=&#8221;.vc_custom_1486931033163{margin-bottom: 20px !important;}&#8221;][vc_column_text]Fatema Abbas[\/vc_column_text][\/vc_column_inner][vc_column_inner width=&#8221;1\/4&#8243;][vc_single_image image=&#8221;71112&#8243; img_size=&#8221;full&#8221; css=&#8221;.vc_custom_1486925776259{margin-bottom: 20px !important;}&#8221;][vc_column_text]<\/p>\n<p style=\"margin: 0px 0px 5px 0px;\"><span style=\"color: #333333;\">Patrick Ouriaghli<\/span><\/p>\n<p>[\/vc_column_text][\/vc_column_inner][vc_column_inner width=&#8221;1\/4&#8243;][vc_single_image image=&#8221;71115&#8243; img_size=&#8221;full&#8221; css=&#8221;.vc_custom_1486925810110{margin-bottom: 20px !important;}&#8221;][vc_column_text]<\/p>\n<p style=\"margin: 0px 0px 2px 0px;\"><span style=\"color: #333333;\">Joanna Baginska<\/span><\/p>\n<p>[\/vc_column_text][\/vc_column_inner][vc_column_inner width=&#8221;1\/4&#8243;][vc_single_image image=&#8221;71174&#8243;][vc_column_text]John Bax[\/vc_column_text][\/vc_column_inner][vc_column_inner width=&#8221;1\/4&#8243;][vc_single_image image=&#8221;71047&#8243; img_size=&#8221;300&#215;200&#8243; add_caption=&#8221;yes&#8221; css=&#8221;.vc_custom_1486930493856{margin-bottom: 20px !important;}&#8221;][vc_column_text]<\/p>\n<p style=\"margin: 0px 0px 2px 0px;\"><span style=\"color: #333333;\">Dan Bruma<\/span><\/p>\n<p>[\/vc_column_text][\/vc_column_inner][vc_column_inner width=&#8221;1\/4&#8243;][vc_single_image image=&#8221;71391&#8243;][vc_column_text]Iulian Ionita[\/vc_column_text][\/vc_column_inner][vc_column_inner width=&#8221;1\/4&#8243;][vc_single_image image=&#8221;71205&#8243;][vc_column_text]Evaldas Kaziulis[\/vc_column_text][\/vc_column_inner][vc_column_inner width=&#8221;1\/4&#8243;][vc_single_image image=&#8221;71414&#8243;][vc_column_text]Ivanina Zaharieva[\/vc_column_text][\/vc_column_inner][\/vc_row_inner][\/vc_column][\/vc_row][vc_row type=&#8221;container&#8221; padding_top=&#8221;&#8221; padding_bottom=&#8221;&#8221; css=&#8221;.vc_custom_1451746675472{margin-bottom: 30px !important;}&#8221;][vc_column width=&#8221;1\/3&#8243; css=&#8221;.vc_custom_1451773467212{margin-bottom: 0px !important;}&#8221;][vc_column_text css=&#8221;.vc_custom_1493400803855{margin-bottom: 0px !important;}&#8221;]<\/p>\n<h2>Kontakt<\/h2>\n<p>[\/vc_column_text][\/vc_column][vc_column width=&#8221;2\/3&#8243;][vc_column_text]<\/p>\n<h5>Jeste\u015bmy zawsze zainteresowani nowymi projektami, zar\u00f3wno du\u017cymi, jak i ma\u0142ymi. Prosimy nie waha\u0107 si\u0119 i skontaktowa\u0107 z nami w sprawie swojego projektu.<\/h5>\n<p>Je\u015bli chcesz skontaktowa\u0107 si\u0119 z nami w sprawie jakiegokolwiek problemu, prosimy zadzwo\u0144 pod numer <strong>07376862837<\/strong> lub <a href=\"https:\/\/colorfulcultures.co.uk\/pl\/kontakt\/\"><strong>wy\u015blij do nas e-mail<\/strong><\/a>.<\/p>\n<p>Je\u015bli chcesz zg\u0142osi\u0107 ofert\u0119 do rozpatrzenia, po prostu zg\u0142o\u015b j\u0105 przez <a href=\"https:\/\/colorfulcultures.co.uk\/pl\/formularz-kontaktowy\/\"><strong>formularz<\/strong><\/a>.<\/p>\n<p><span style=\"color: #666666;\">\u00a0<\/span>[\/vc_column_text][\/vc_column][\/vc_row][vc_row type=&#8221;container&#8221; padding_top=&#8221;&#8221; padding_bottom=&#8221;&#8221; css=&#8221;.vc_custom_1451746732817{margin-right: 15px !important;margin-bottom: 65px !important;margin-left: 15px !important;border-top-width: 1px !important;border-right-width: 1px !important;border-bottom-width: 1px !important;border-left-width: 1px !important;padding-top: 20px !important;padding-bottom: 10px !important;border-left-color: #eeeeee !important;border-left-style: solid !important;border-right-color: #eeeeee !important;border-right-style: solid !important;border-top-color: #eeeeee !important;border-top-style: solid !important;border-bottom-color: #eeeeee !important;border-bottom-style: solid !important;}&#8221;][vc_column][vc_row_inner css=&#8221;.vc_custom_1449279899888{margin-bottom: 0px !important;}&#8221;][vc_column_inner][vc_column_text css=&#8221;.vc_custom_1493400842607{margin-bottom: 20px !important;}&#8221;]<\/p>\n<h4 style=\"text-align: center;\">B\u0105d\u017a na bie\u017c\u0105co \u2013 zapisz si\u0119 do naszego newslettera i \u015bled\u017a nas w social media; tw\u00f3j adres e-mail<\/h4>\n<p>[\/vc_column_text][\/vc_column_inner][\/vc_row_inner][vc_row_inner css=&#8221;.vc_custom_1451746561576{margin-bottom: -10px !important;}&#8221;][vc_column_inner width=&#8221;1\/4&#8243;][\/vc_column_inner][vc_column_inner width=&#8221;2\/4&#8243;][vc_column_text]<script>(function() {\n\twindow.mc4wp = window.mc4wp || {\n\t\tlisteners: [],\n\t\tforms: {\n\t\t\ton: function(evt, cb) {\n\t\t\t\twindow.mc4wp.listeners.push(\n\t\t\t\t\t{\n\t\t\t\t\t\tevent   : evt,\n\t\t\t\t\t\tcallback: cb\n\t\t\t\t\t}\n\t\t\t\t);\n\t\t\t}\n\t\t}\n\t}\n})();\n<\/script><!-- Mailchimp for WordPress v4.10.6 - https:\/\/wordpress.org\/plugins\/mailchimp-for-wp\/ --><form id=\"mc4wp-form-1\" class=\"mc4wp-form mc4wp-form-70852\" method=\"post\" data-id=\"70852\" data-name=\"\" ><div class=\"mc4wp-form-fields\"><p>\n\t<label>Email address: <\/label>\n\t\n<\/p>\n\n<p>\n\t\n<\/p><\/div><label style=\"display: none !important;\">Pozostaw to pole puste, je\u015bli jeste\u015b cz\u0142owiekiem: <input type=\"text\" name=\"_mc4wp_honeypot\" value=\"\" tabindex=\"-1\" autocomplete=\"off\" \/><\/label><input type=\"hidden\" name=\"_mc4wp_timestamp\" value=\"1777902490\" \/><input type=\"hidden\" name=\"_mc4wp_form_id\" value=\"70852\" \/><input type=\"hidden\" name=\"_mc4wp_form_element_id\" value=\"mc4wp-form-1\" \/><div class=\"mc4wp-response\"><\/div><\/form><!-- \/ Mailchimp for WordPress Plugin -->[\/vc_column_text][\/vc_column_inner][vc_column_inner width=&#8221;1\/4&#8243;][\/vc_column_inner][\/vc_row_inner][vc_row_inner][vc_column_inner width=&#8221;1\/4&#8243;][\/vc_column_inner][vc_column_inner width=&#8221;2\/4&#8243;][vc_raw_html]JTNDaDMlMjBzdHlsZSUzRCUyMm1hcmdpbiUzQSUyMDBweCUzQiUyMHRleHQtYWxpZ24lM0ElMjBjZW50ZXIlM0IlMjIlM0UlMEElM0NhJTIwaHJlZiUzRCUyMiUyMyUyMiUzRSUzQ2klMjBjbGFzcyUzRCUyMmlvbi1zb2NpYWwtZmFjZWJvb2slMjIlM0UlM0MlMkZpJTNFJTNDJTJGYSUzRSUwQSUzQ2ElMjBocmVmJTNEJTIyJTIzJTIyJTNFJTNDaSUyMGNsYXNzJTNEJTIyaW9uLXNvY2lhbC10d2l0dGVyJTIyJTNFJTNDJTJGaSUzRSUzQyUyRmElM0UlMEElM0NhJTIwaHJlZiUzRCUyMiUyMyUyMiUzRSUzQ2klMjBjbGFzcyUzRCUyMmlvbi1zb2NpYWwtbGlua2VkaW4lMjIlM0UlM0MlMkZpJTNFJTNDJTJGYSUzRSUwQSUzQ2ElMjBocmVmJTNEJTIyJTIzJTIyJTNFJTNDaSUyMGNsYXNzJTNEJTIyaW9uLXNvY2lhbC1nb29nbGVwbHVzLW91dGxpbmUlMjIlM0UlM0MlMkZpJTNFJTNDJTJGYSUzRSUwQSUzQyUyRmgzJTNF[\/vc_raw_html][\/vc_column_inner][vc_column_inner width=&#8221;1\/4&#8243;][\/vc_column_inner][\/vc_row_inner][\/vc_column][\/vc_row]<\/p>\n<\/div>","protected":false},"excerpt":{"rendered":"<p>[vc_row type=&#8221;full_page_width&#8221; padding_top=&#8221;&#8221; padding_bottom=&#8221;&#8221; css=&#8221;.vc_custom_1451747024312{margin-bottom: 12px !important;}&#8221;][vc_column css=&#8221;.vc_custom_1451675335363{margin-bottom: -35px !important;padding-right: 0px !important;padding-left: 0px !important;}&#8221;][layerslider_vc id=&#8221;4&#8243;][\/vc_column][\/vc_row][vc_row type=&#8221;full_page_width_inner_container&#8221; padding_top=&#8221;&#8221; padding_bottom=&#8221;&#8221; css=&#8221;.vc_custom_1451746825740{margin-bottom: 55px !important;padding-top: 15px !important;padding-bottom: 15px !important;background-color: #fdc900 !important;}&#8221;][vc_column width=&#8221;1\/6&#8243;][\/vc_column][vc_column width=&#8221;2\/3&#8243;][vc_column_text] Wspieramy firmy, by rozwija\u0142y si\u0119 pod\u0105\u017caj\u0105c za ludzkim potencja\u0142em ponad wszelkimi granicami. [\/vc_column_text][\/vc_column][vc_column width=&#8221;1\/6&#8243;][\/vc_column][\/vc_row][vc_row type=&#8221;container&#8221; padding_top=&#8221;&#8221; padding_bottom=&#8221;&#8221; css=&#8221;.vc_custom_1451746433787{margin-bottom: 15px !important;}&#8221;][vc_column width=&#8221;1\/3&#8243;][vc_single_image image=&#8221;71396&#8243; img_size=&#8221;large&#8221; onclick=&#8221;custom_link&#8221; link=&#8221;https:\/\/colorfulcultures.co.uk\/pl\/rozwiazania-szkoleniowe\/barwne-kultury\/&#8221; el_class=&#8221;zoom&#8221; [&hellip;]<\/p>\n","protected":false},"author":1,"featured_media":0,"parent":0,"menu_order":0,"comment_status":"closed","ping_status":"closed","template":"page-full-width.php","meta":{"_acf_changed":false,"footnotes":""},"class_list":["post-70470","page","type-page","status-publish","hentry"],"acf":[],"yoast_head":"<!-- This site is optimized with the Yoast SEO plugin v25.6 - https:\/\/yoast.com\/wordpress\/plugins\/seo\/ -->\n<title>Colorful Cultures | Leader provider of cross cultural communication<\/title>\n<meta name=\"description\" content=\"At Colorful Cultures, leader provider of cross cultural communication, we strengthen businesses to evolve following the human potential beyond any borders\" \/>\n<meta name=\"robots\" content=\"index, follow, max-snippet:-1, max-image-preview:large, max-video-preview:-1\" \/>\n<link rel=\"canonical\" href=\"https:\/\/colorfulcultures.co.uk\/pl\/\" \/>\n<meta property=\"og:locale\" content=\"pl_PL\" \/>\n<meta property=\"og:type\" content=\"article\" \/>\n<meta property=\"og:title\" content=\"Colorful Cultures | Leader provider of cross cultural communication\" \/>\n<meta property=\"og:description\" content=\"At Colorful Cultures, leader provider of cross cultural communication, we strengthen businesses to evolve following the human potential beyond any borders\" \/>\n<meta property=\"og:url\" content=\"https:\/\/colorfulcultures.co.uk\/pl\/\" \/>\n<meta property=\"og:site_name\" content=\"Colorful Cultures PL\" \/>\n<meta property=\"article:modified_time\" content=\"2017-04-28T20:17:14+00:00\" \/>\n<meta name=\"twitter:card\" content=\"summary_large_image\" \/>\n<meta name=\"twitter:label1\" content=\"Szacowany czas czytania\" \/>\n\t<meta name=\"twitter:data1\" content=\"8 minut\" \/>\n<script type=\"application\/ld+json\" class=\"yoast-schema-graph\">{\"@context\":\"https:\/\/schema.org\",\"@graph\":[{\"@type\":\"WebPage\",\"@id\":\"https:\/\/colorfulcultures.co.uk\/pl\/\",\"url\":\"https:\/\/colorfulcultures.co.uk\/pl\/\",\"name\":\"Colorful Cultures | Leader provider of cross cultural communication\",\"isPartOf\":{\"@id\":\"https:\/\/colorfulcultures.co.uk\/pl\/#website\"},\"datePublished\":\"2017-02-05T12:21:51+00:00\",\"dateModified\":\"2017-04-28T20:17:14+00:00\",\"description\":\"At Colorful Cultures, leader provider of cross cultural communication, we strengthen businesses to evolve following the human potential beyond any borders\",\"breadcrumb\":{\"@id\":\"https:\/\/colorfulcultures.co.uk\/pl\/#breadcrumb\"},\"inLanguage\":\"pl-PL\",\"potentialAction\":[{\"@type\":\"ReadAction\",\"target\":[\"https:\/\/colorfulcultures.co.uk\/pl\/\"]}]},{\"@type\":\"BreadcrumbList\",\"@id\":\"https:\/\/colorfulcultures.co.uk\/pl\/#breadcrumb\",\"itemListElement\":[{\"@type\":\"ListItem\",\"position\":1,\"name\":\"Home\",\"item\":\"https:\/\/colorfulcultures.co.uk\/pl\/\"},{\"@type\":\"ListItem\",\"position\":2,\"name\":\"colorful cultures\"}]},{\"@type\":\"WebSite\",\"@id\":\"https:\/\/colorfulcultures.co.uk\/pl\/#website\",\"url\":\"https:\/\/colorfulcultures.co.uk\/pl\/\",\"name\":\"Colorful Cultures PL\",\"description\":\"\",\"potentialAction\":[{\"@type\":\"SearchAction\",\"target\":{\"@type\":\"EntryPoint\",\"urlTemplate\":\"https:\/\/colorfulcultures.co.uk\/pl\/?s={search_term_string}\"},\"query-input\":{\"@type\":\"PropertyValueSpecification\",\"valueRequired\":true,\"valueName\":\"search_term_string\"}}],\"inLanguage\":\"pl-PL\"}]}<\/script>\n<!-- \/ Yoast SEO plugin. -->","yoast_head_json":{"title":"Colorful Cultures | Leader provider of cross cultural communication","description":"At Colorful Cultures, leader provider of cross cultural communication, we strengthen businesses to evolve following the human potential beyond any borders","robots":{"index":"index","follow":"follow","max-snippet":"max-snippet:-1","max-image-preview":"max-image-preview:large","max-video-preview":"max-video-preview:-1"},"canonical":"https:\/\/colorfulcultures.co.uk\/pl\/","og_locale":"pl_PL","og_type":"article","og_title":"Colorful Cultures | Leader provider of cross cultural communication","og_description":"At Colorful Cultures, leader provider of cross cultural communication, we strengthen businesses to evolve following the human potential beyond any borders","og_url":"https:\/\/colorfulcultures.co.uk\/pl\/","og_site_name":"Colorful Cultures PL","article_modified_time":"2017-04-28T20:17:14+00:00","twitter_card":"summary_large_image","twitter_misc":{"Szacowany czas czytania":"8 minut"},"schema":{"@context":"https:\/\/schema.org","@graph":[{"@type":"WebPage","@id":"https:\/\/colorfulcultures.co.uk\/pl\/","url":"https:\/\/colorfulcultures.co.uk\/pl\/","name":"Colorful Cultures | Leader provider of cross cultural communication","isPartOf":{"@id":"https:\/\/colorfulcultures.co.uk\/pl\/#website"},"datePublished":"2017-02-05T12:21:51+00:00","dateModified":"2017-04-28T20:17:14+00:00","description":"At Colorful Cultures, leader provider of cross cultural communication, we strengthen businesses to evolve following the human potential beyond any borders","breadcrumb":{"@id":"https:\/\/colorfulcultures.co.uk\/pl\/#breadcrumb"},"inLanguage":"pl-PL","potentialAction":[{"@type":"ReadAction","target":["https:\/\/colorfulcultures.co.uk\/pl\/"]}]},{"@type":"BreadcrumbList","@id":"https:\/\/colorfulcultures.co.uk\/pl\/#breadcrumb","itemListElement":[{"@type":"ListItem","position":1,"name":"Home","item":"https:\/\/colorfulcultures.co.uk\/pl\/"},{"@type":"ListItem","position":2,"name":"colorful cultures"}]},{"@type":"WebSite","@id":"https:\/\/colorfulcultures.co.uk\/pl\/#website","url":"https:\/\/colorfulcultures.co.uk\/pl\/","name":"Colorful Cultures PL","description":"","potentialAction":[{"@type":"SearchAction","target":{"@type":"EntryPoint","urlTemplate":"https:\/\/colorfulcultures.co.uk\/pl\/?s={search_term_string}"},"query-input":{"@type":"PropertyValueSpecification","valueRequired":true,"valueName":"search_term_string"}}],"inLanguage":"pl-PL"}]}},"_links":{"self":[{"href":"https:\/\/colorfulcultures.co.uk\/pl\/wp-json\/wp\/v2\/pages\/70470","targetHints":{"allow":["GET"]}}],"collection":[{"href":"https:\/\/colorfulcultures.co.uk\/pl\/wp-json\/wp\/v2\/pages"}],"about":[{"href":"https:\/\/colorfulcultures.co.uk\/pl\/wp-json\/wp\/v2\/types\/page"}],"author":[{"embeddable":true,"href":"https:\/\/colorfulcultures.co.uk\/pl\/wp-json\/wp\/v2\/users\/1"}],"replies":[{"embeddable":true,"href":"https:\/\/colorfulcultures.co.uk\/pl\/wp-json\/wp\/v2\/comments?post=70470"}],"version-history":[{"count":17,"href":"https:\/\/colorfulcultures.co.uk\/pl\/wp-json\/wp\/v2\/pages\/70470\/revisions"}],"predecessor-version":[{"id":71491,"href":"https:\/\/colorfulcultures.co.uk\/pl\/wp-json\/wp\/v2\/pages\/70470\/revisions\/71491"}],"wp:attachment":[{"href":"https:\/\/colorfulcultures.co.uk\/pl\/wp-json\/wp\/v2\/media?parent=70470"}],"curies":[{"name":"wp","href":"https:\/\/api.w.org\/{rel}","templated":true}]}}