{"id":67,"date":"2015-10-07T17:11:24","date_gmt":"2015-10-07T17:11:24","guid":{"rendered":"http:\/\/broker.commercegurus.com\/?page_id=67"},"modified":"2017-04-28T22:21:57","modified_gmt":"2017-04-28T20:21:57","slug":"kontakt","status":"publish","type":"page","link":"https:\/\/colorfulcultures.co.uk\/pl\/kontakt\/","title":{"rendered":"Kontakt"},"content":{"rendered":"<div class=\"wpb-content-wrapper\"><p>[vc_row type=&#8221;container&#8221; padding_top=&#8221;&#8221; padding_bottom=&#8221;&#8221; css=&#8221;.vc_custom_1451776271409{margin-top: 50px !important;margin-bottom: 20px !important;}&#8221;][vc_column width=&#8221;1\/3&#8243;][vc_column_text css=&#8221;.vc_custom_1493410847680{margin-bottom: 0px !important;padding-top: 15px !important;padding-right: 20px !important;padding-bottom: 15px !important;padding-left: 20px !important;background-color: #edbd03 !important;}&#8221;]<span style=\"color: #000000;\"><i class=\"ion-social-twitter\"><\/i> <strong>\u00a0\u00a0Linkedin<\/strong><\/span>[\/vc_column_text][vc_column_text css=&#8221;.vc_custom_1493410877943{padding-top: 18px !important;padding-right: 20px !important;padding-bottom: 25px !important;padding-left: 20px !important;background-color: #fdc900 !important;}&#8221;]Szybkie pytanie? Napisz do nas Linkedin&#8217;a, a my na pewno odpiszemy. Twitter to tak\u017ce \u015bwietny spos\u00f3b na bycie na bie\u017c\u0105co z wdra\u017caniem nowych produkt\u00f3w.<\/p>\n<p>&nbsp;<\/p>\n<p><strong><span style=\"color: #000000;\"><a style=\"color: #000000;\" href=\"#\">@<\/a>Colorful Cultures<\/span><\/strong>[\/vc_column_text][\/vc_column][vc_column width=&#8221;1\/3&#8243;][vc_column_text css=&#8221;.vc_custom_1493405612603{margin-bottom: 0px !important;padding-top: 15px !important;padding-right: 20px !important;padding-bottom: 15px !important;padding-left: 20px !important;background-color: #edbd03 !important;}&#8221;]<strong>Napisz do nas e-mail<\/strong>[\/vc_column_text][vc_column_text css=&#8221;.vc_custom_1493405597428{padding-top: 18px !important;padding-right: 20px !important;padding-bottom: 25px !important;padding-left: 20px !important;background-color: #fdc900 !important;}&#8221;]Je\u015bli masz jakiekolwiek pytania dotycz\u0105cego tego, co oferujemy klientom lub firmom, mo\u017cesz zawsze wys\u0142a\u0107 do nas e-mail bezpo\u015brednio lub poprzez formularz poni\u017cej. Odpowiemy na niego w ci\u0105gu 24 godzin.<\/p>\n<p><strong><span style=\"color: #000000;\"><a style=\"color: #000000;\" href=\"#\">contact@colorfulcultures.co.uk<\/a><\/span><\/strong>[\/vc_column_text][\/vc_column][vc_column width=&#8221;1\/3&#8243;][vc_column_text css=&#8221;.vc_custom_1493405656392{margin-bottom: 0px !important;padding-top: 15px !important;padding-right: 20px !important;padding-bottom: 15px !important;padding-left: 20px !important;background-color: #edbd03 !important;}&#8221;]<span style=\"color: #000000;\"><i class=\"ion-ios-chatboxes-outline\" style=\"font-size: 24px;\"><\/i> \u00a0 <strong>Zadzwo\u0144 do nas<\/strong><\/span>[\/vc_column_text][vc_column_text css=&#8221;.vc_custom_1493410918301{padding-top: 18px !important;padding-right: 20px !important;padding-bottom: 25px !important;padding-left: 20px !important;background-color: #fdc900 !important;}&#8221;]Jeste\u015bmy dost\u0119pni od godziny 9:00 do 17:30 (czas GMT), od poniedzia\u0142ku do pi\u0105tku w dni robocze, je\u015bli \u0142atwiej jest ci po prostu porozmawia\u0107 o tym, o czym my\u015blisz.<\/p>\n<p><strong>07376862837<\/strong>[\/vc_column_text][\/vc_column][\/vc_row][vc_row type=&#8221;container&#8221; padding_top=&#8221;&#8221; padding_bottom=&#8221;&#8221; css=&#8221;.vc_custom_1448451830391{margin-bottom: 15px !important;}&#8221;][vc_column][vc_separator color=&#8221;#eeeeee&#8221; type=&#8221;normal&#8221; thickness=&#8221;1&#8243; up=&#8221;&#8221; down=&#8221;&#8221; style=&#8221;&#8221; el_width=&#8221;&#8221;][\/vc_column][\/vc_row][vc_row type=&#8221;container&#8221; padding_top=&#8221;&#8221; padding_bottom=&#8221;&#8221; css=&#8221;.vc_custom_1451759375078{margin-bottom: 20px !important;}&#8221;][vc_column width=&#8221;1\/6&#8243;][\/vc_column][vc_column width=&#8221;2\/3&#8243;][vc_column_text]<\/p>\n<h3 style=\"text-align: center;\">Skontaktuj si\u0119 z nami<\/h3>\n<p style=\"text-align: center;\">Je\u015bli masz jakiekolwiek pytania o nasze us\u0142ugi, skorzystaj z przygotowanego przez nas formularza kontaktowego. Odpowiadamy na wszystkie formularze i komentarze w ci\u0105gu 24 godzin.<\/p>\n<p>[\/vc_column_text][\/vc_column][vc_column width=&#8221;1\/6&#8243;][\/vc_column][\/vc_row][vc_row type=&#8221;container&#8221; padding_top=&#8221;&#8221; padding_bottom=&#8221;&#8221; css=&#8221;.vc_custom_1448452133315{margin-bottom: 0px !important;}&#8221;][vc_column css=&#8221;.vc_custom_1445110591475{margin-bottom: 35px !important;padding-right: 25px !important;}&#8221;]\n<div class=\"wpcf7 no-js\" id=\"wpcf7-f70622-o1\" lang=\"en-US\" dir=\"ltr\" data-wpcf7-id=\"70622\">\n<div class=\"screen-reader-response\"><p role=\"status\" aria-live=\"polite\" aria-atomic=\"true\"><\/p> <ul><\/ul><\/div>\n<form action=\"\/pl\/wp-json\/wp\/v2\/pages\/67#wpcf7-f70622-o1\" method=\"post\" class=\"wpcf7-form init\" aria-label=\"Contact form\" novalidate=\"novalidate\" data-status=\"init\">\n<fieldset class=\"hidden-fields-container\"><input type=\"hidden\" name=\"_wpcf7\" value=\"70622\" \/><input type=\"hidden\" name=\"_wpcf7_version\" value=\"6.1\" \/><input type=\"hidden\" name=\"_wpcf7_locale\" value=\"en_US\" \/><input type=\"hidden\" name=\"_wpcf7_unit_tag\" value=\"wpcf7-f70622-o1\" \/><input type=\"hidden\" name=\"_wpcf7_container_post\" value=\"0\" \/><input type=\"hidden\" name=\"_wpcf7_posted_data_hash\" value=\"\" \/>\n<\/fieldset>\n<div class=\"row\">\n\t<div class=\"col-lg-6 col-md-6\">\n\t\t<p>Twoje Imi\u0119 (wymagane)\n\t\t<\/p>\n\t\t<p><span class=\"wpcf7-form-control-wrap\" data-name=\"your-name\"><input size=\"40\" maxlength=\"400\" class=\"wpcf7-form-control wpcf7-text wpcf7-validates-as-required\" aria-required=\"true\" aria-invalid=\"false\" value=\"\" type=\"text\" name=\"your-name\" \/><\/span>\n\t\t<\/p>\n\t\t<p>Tw\u00f3j e-mail (wymagane)\n\t\t<\/p>\n\t\t<p><span class=\"wpcf7-form-control-wrap\" data-name=\"your-email\"><input size=\"40\" maxlength=\"400\" class=\"wpcf7-form-control wpcf7-email wpcf7-validates-as-required wpcf7-text wpcf7-validates-as-email\" aria-required=\"true\" aria-invalid=\"false\" value=\"\" type=\"email\" name=\"your-email\" \/><\/span>\n\t\t<\/p>\n\t\t<p>Tw\u00f3j numer telefonu\n\t\t<\/p>\n\t\t<p><span class=\"wpcf7-form-control-wrap\" data-name=\"your-phone\"><input size=\"40\" maxlength=\"400\" class=\"wpcf7-form-control wpcf7-tel wpcf7-text wpcf7-validates-as-tel\" aria-invalid=\"false\" value=\"\" type=\"tel\" name=\"your-phone\" \/><\/span>\n\t\t<\/p>\n\t\t<p>Nazwa firmy\n\t\t<\/p>\n\t\t<p><span class=\"wpcf7-form-control-wrap\" data-name=\"company-name\"><input size=\"40\" maxlength=\"400\" class=\"wpcf7-form-control wpcf7-text\" aria-invalid=\"false\" value=\"\" type=\"text\" name=\"company-name\" \/><\/span>\n\t\t<\/p>\n\t<\/div>\n\t<div class=\"col-lg-6 col-md-6\">\n\t\t<p>Temat <span class=\"hint\">Pozw\u00f3l nam pozna\u0107 temat, kt\u00f3ry Ci\u0119 interesuje<\/span>\n\t\t<\/p>\n\t\t<p><span class=\"wpcf7-form-control-wrap\" data-name=\"your-subject\"><input size=\"40\" maxlength=\"400\" class=\"wpcf7-form-control wpcf7-text\" aria-invalid=\"false\" value=\"\" type=\"text\" name=\"your-subject\" \/><\/span>\n\t\t<\/p>\n\t\t<p>Twoja wiadomo\u015b\u0107\n\t\t<\/p>\n\t\t<p><span class=\"wpcf7-form-control-wrap\" data-name=\"your-message\"><textarea cols=\"40\" rows=\"10\" maxlength=\"2000\" class=\"wpcf7-form-control wpcf7-textarea\" aria-invalid=\"false\" name=\"your-message\"><\/textarea><\/span>\n\t\t<\/p>\n\t<\/div>\n<\/div>\n<p><input class=\"wpcf7-form-control wpcf7-submit has-spinner\" type=\"submit\" value=\"Wy\u015blij\" \/>\n<\/p><div class=\"wpcf7-response-output\" aria-hidden=\"true\"><\/div>\n<\/form>\n<\/div>\n[\/vc_column][\/vc_row]<\/p>\n<\/div>","protected":false},"excerpt":{"rendered":"<p>[vc_row type=&#8221;container&#8221; padding_top=&#8221;&#8221; padding_bottom=&#8221;&#8221; css=&#8221;.vc_custom_1451776271409{margin-top: 50px !important;margin-bottom: 20px !important;}&#8221;][vc_column width=&#8221;1\/3&#8243;][vc_column_text css=&#8221;.vc_custom_1493410847680{margin-bottom: 0px !important;padding-top: 15px !important;padding-right: 20px !important;padding-bottom: 15px !important;padding-left: 20px !important;background-color: #edbd03 !important;}&#8221;] \u00a0\u00a0Linkedin[\/vc_column_text][vc_column_text css=&#8221;.vc_custom_1493410877943{padding-top: 18px !important;padding-right: 20px !important;padding-bottom: 25px !important;padding-left: 20px !important;background-color: #fdc900 !important;}&#8221;]Szybkie pytanie? Napisz do nas Linkedin&#8217;a, a my na pewno odpiszemy. Twitter to tak\u017ce \u015bwietny spos\u00f3b na bycie na bie\u017c\u0105co z [&hellip;]<\/p>\n","protected":false},"author":1,"featured_media":70782,"parent":0,"menu_order":0,"comment_status":"closed","ping_status":"closed","template":"page-full-width.php","meta":{"_acf_changed":false,"footnotes":""},"class_list":["post-67","page","type-page","status-publish","has-post-thumbnail","hentry"],"acf":[],"yoast_head":"<!-- This site is optimized with the Yoast SEO plugin v25.6 - https:\/\/yoast.com\/wordpress\/plugins\/seo\/ -->\n<title>Kontakt - Colorful Cultures PL<\/title>\n<meta name=\"robots\" content=\"index, follow, max-snippet:-1, max-image-preview:large, max-video-preview:-1\" \/>\n<link rel=\"canonical\" href=\"https:\/\/colorfulcultures.co.uk\/pl\/kontakt\/\" \/>\n<meta property=\"og:locale\" content=\"pl_PL\" \/>\n<meta property=\"og:type\" content=\"article\" \/>\n<meta property=\"og:title\" content=\"Kontakt - Colorful Cultures PL\" \/>\n<meta property=\"og:description\" content=\"[vc_row type=&#8221;container&#8221; padding_top=&#8221;&#8221; padding_bottom=&#8221;&#8221; css=&#8221;.vc_custom_1451776271409{margin-top: 50px !important;margin-bottom: 20px !important;}&#8221;][vc_column width=&#8221;1\/3&#8243;][vc_column_text css=&#8221;.vc_custom_1493410847680{margin-bottom: 0px !important;padding-top: 15px !important;padding-right: 20px !important;padding-bottom: 15px !important;padding-left: 20px !important;background-color: #edbd03 !important;}&#8221;] \u00a0\u00a0Linkedin[\/vc_column_text][vc_column_text css=&#8221;.vc_custom_1493410877943{padding-top: 18px !important;padding-right: 20px !important;padding-bottom: 25px !important;padding-left: 20px !important;background-color: #fdc900 !important;}&#8221;]Szybkie pytanie? Napisz do nas Linkedin&#8217;a, a my na pewno odpiszemy. Twitter to tak\u017ce \u015bwietny spos\u00f3b na bycie na bie\u017c\u0105co z [&hellip;]\" \/>\n<meta property=\"og:url\" content=\"https:\/\/colorfulcultures.co.uk\/pl\/kontakt\/\" \/>\n<meta property=\"og:site_name\" content=\"Colorful Cultures PL\" \/>\n<meta property=\"article:modified_time\" content=\"2017-04-28T20:21:57+00:00\" \/>\n<meta name=\"twitter:card\" content=\"summary_large_image\" \/>\n<meta name=\"twitter:label1\" content=\"Szacowany czas czytania\" \/>\n\t<meta name=\"twitter:data1\" content=\"2 minuty\" \/>\n<script type=\"application\/ld+json\" class=\"yoast-schema-graph\">{\"@context\":\"https:\/\/schema.org\",\"@graph\":[{\"@type\":\"WebPage\",\"@id\":\"https:\/\/colorfulcultures.co.uk\/pl\/kontakt\/\",\"url\":\"https:\/\/colorfulcultures.co.uk\/pl\/kontakt\/\",\"name\":\"Kontakt - Colorful Cultures PL\",\"isPartOf\":{\"@id\":\"https:\/\/colorfulcultures.co.uk\/pl\/#website\"},\"primaryImageOfPage\":{\"@id\":\"https:\/\/colorfulcultures.co.uk\/pl\/kontakt\/#primaryimage\"},\"image\":{\"@id\":\"https:\/\/colorfulcultures.co.uk\/pl\/kontakt\/#primaryimage\"},\"thumbnailUrl\":\"\",\"datePublished\":\"2015-10-07T17:11:24+00:00\",\"dateModified\":\"2017-04-28T20:21:57+00:00\",\"breadcrumb\":{\"@id\":\"https:\/\/colorfulcultures.co.uk\/pl\/kontakt\/#breadcrumb\"},\"inLanguage\":\"pl-PL\",\"potentialAction\":[{\"@type\":\"ReadAction\",\"target\":[\"https:\/\/colorfulcultures.co.uk\/pl\/kontakt\/\"]}]},{\"@type\":\"ImageObject\",\"inLanguage\":\"pl-PL\",\"@id\":\"https:\/\/colorfulcultures.co.uk\/pl\/kontakt\/#primaryimage\",\"url\":\"\",\"contentUrl\":\"\"},{\"@type\":\"BreadcrumbList\",\"@id\":\"https:\/\/colorfulcultures.co.uk\/pl\/kontakt\/#breadcrumb\",\"itemListElement\":[{\"@type\":\"ListItem\",\"position\":1,\"name\":\"Home\",\"item\":\"https:\/\/colorfulcultures.co.uk\/pl\/\"},{\"@type\":\"ListItem\",\"position\":2,\"name\":\"Kontakt\"}]},{\"@type\":\"WebSite\",\"@id\":\"https:\/\/colorfulcultures.co.uk\/pl\/#website\",\"url\":\"https:\/\/colorfulcultures.co.uk\/pl\/\",\"name\":\"Colorful Cultures PL\",\"description\":\"\",\"potentialAction\":[{\"@type\":\"SearchAction\",\"target\":{\"@type\":\"EntryPoint\",\"urlTemplate\":\"https:\/\/colorfulcultures.co.uk\/pl\/?s={search_term_string}\"},\"query-input\":{\"@type\":\"PropertyValueSpecification\",\"valueRequired\":true,\"valueName\":\"search_term_string\"}}],\"inLanguage\":\"pl-PL\"}]}<\/script>\n<!-- \/ Yoast SEO plugin. -->","yoast_head_json":{"title":"Kontakt - Colorful Cultures PL","robots":{"index":"index","follow":"follow","max-snippet":"max-snippet:-1","max-image-preview":"max-image-preview:large","max-video-preview":"max-video-preview:-1"},"canonical":"https:\/\/colorfulcultures.co.uk\/pl\/kontakt\/","og_locale":"pl_PL","og_type":"article","og_title":"Kontakt - Colorful Cultures PL","og_description":"[vc_row type=&#8221;container&#8221; padding_top=&#8221;&#8221; padding_bottom=&#8221;&#8221; css=&#8221;.vc_custom_1451776271409{margin-top: 50px !important;margin-bottom: 20px !important;}&#8221;][vc_column width=&#8221;1\/3&#8243;][vc_column_text css=&#8221;.vc_custom_1493410847680{margin-bottom: 0px !important;padding-top: 15px !important;padding-right: 20px !important;padding-bottom: 15px !important;padding-left: 20px !important;background-color: #edbd03 !important;}&#8221;] \u00a0\u00a0Linkedin[\/vc_column_text][vc_column_text css=&#8221;.vc_custom_1493410877943{padding-top: 18px !important;padding-right: 20px !important;padding-bottom: 25px !important;padding-left: 20px !important;background-color: #fdc900 !important;}&#8221;]Szybkie pytanie? Napisz do nas Linkedin&#8217;a, a my na pewno odpiszemy. Twitter to tak\u017ce \u015bwietny spos\u00f3b na bycie na bie\u017c\u0105co z [&hellip;]","og_url":"https:\/\/colorfulcultures.co.uk\/pl\/kontakt\/","og_site_name":"Colorful Cultures PL","article_modified_time":"2017-04-28T20:21:57+00:00","twitter_card":"summary_large_image","twitter_misc":{"Szacowany czas czytania":"2 minuty"},"schema":{"@context":"https:\/\/schema.org","@graph":[{"@type":"WebPage","@id":"https:\/\/colorfulcultures.co.uk\/pl\/kontakt\/","url":"https:\/\/colorfulcultures.co.uk\/pl\/kontakt\/","name":"Kontakt - Colorful Cultures PL","isPartOf":{"@id":"https:\/\/colorfulcultures.co.uk\/pl\/#website"},"primaryImageOfPage":{"@id":"https:\/\/colorfulcultures.co.uk\/pl\/kontakt\/#primaryimage"},"image":{"@id":"https:\/\/colorfulcultures.co.uk\/pl\/kontakt\/#primaryimage"},"thumbnailUrl":"","datePublished":"2015-10-07T17:11:24+00:00","dateModified":"2017-04-28T20:21:57+00:00","breadcrumb":{"@id":"https:\/\/colorfulcultures.co.uk\/pl\/kontakt\/#breadcrumb"},"inLanguage":"pl-PL","potentialAction":[{"@type":"ReadAction","target":["https:\/\/colorfulcultures.co.uk\/pl\/kontakt\/"]}]},{"@type":"ImageObject","inLanguage":"pl-PL","@id":"https:\/\/colorfulcultures.co.uk\/pl\/kontakt\/#primaryimage","url":"","contentUrl":""},{"@type":"BreadcrumbList","@id":"https:\/\/colorfulcultures.co.uk\/pl\/kontakt\/#breadcrumb","itemListElement":[{"@type":"ListItem","position":1,"name":"Home","item":"https:\/\/colorfulcultures.co.uk\/pl\/"},{"@type":"ListItem","position":2,"name":"Kontakt"}]},{"@type":"WebSite","@id":"https:\/\/colorfulcultures.co.uk\/pl\/#website","url":"https:\/\/colorfulcultures.co.uk\/pl\/","name":"Colorful Cultures PL","description":"","potentialAction":[{"@type":"SearchAction","target":{"@type":"EntryPoint","urlTemplate":"https:\/\/colorfulcultures.co.uk\/pl\/?s={search_term_string}"},"query-input":{"@type":"PropertyValueSpecification","valueRequired":true,"valueName":"search_term_string"}}],"inLanguage":"pl-PL"}]}},"_links":{"self":[{"href":"https:\/\/colorfulcultures.co.uk\/pl\/wp-json\/wp\/v2\/pages\/67","targetHints":{"allow":["GET"]}}],"collection":[{"href":"https:\/\/colorfulcultures.co.uk\/pl\/wp-json\/wp\/v2\/pages"}],"about":[{"href":"https:\/\/colorfulcultures.co.uk\/pl\/wp-json\/wp\/v2\/types\/page"}],"author":[{"embeddable":true,"href":"https:\/\/colorfulcultures.co.uk\/pl\/wp-json\/wp\/v2\/users\/1"}],"replies":[{"embeddable":true,"href":"https:\/\/colorfulcultures.co.uk\/pl\/wp-json\/wp\/v2\/comments?post=67"}],"version-history":[{"count":10,"href":"https:\/\/colorfulcultures.co.uk\/pl\/wp-json\/wp\/v2\/pages\/67\/revisions"}],"predecessor-version":[{"id":71495,"href":"https:\/\/colorfulcultures.co.uk\/pl\/wp-json\/wp\/v2\/pages\/67\/revisions\/71495"}],"wp:featuredmedia":[{"embeddable":true,"href":"https:\/\/colorfulcultures.co.uk\/pl\/wp-json\/"}],"wp:attachment":[{"href":"https:\/\/colorfulcultures.co.uk\/pl\/wp-json\/wp\/v2\/media?parent=67"}],"curies":[{"name":"wp","href":"https:\/\/api.w.org\/{rel}","templated":true}]}}