{"id":147,"date":"2015-10-09T17:51:30","date_gmt":"2015-10-09T17:51:30","guid":{"rendered":"http:\/\/broker.commercegurus.com\/?page_id=147"},"modified":"2017-04-30T12:05:40","modified_gmt":"2017-04-30T10:05:40","slug":"barwne-kultury","status":"publish","type":"page","link":"https:\/\/colorfulcultures.co.uk\/pl\/rozwiazania-szkoleniowe\/barwne-kultury\/","title":{"rendered":"Barwne kultury"},"content":{"rendered":"<div class=\"wpb-content-wrapper\"><p>[vc_row type=&#8221;container&#8221; padding_top=&#8221;&#8221; padding_bottom=&#8221;&#8221; css=&#8221;.vc_custom_1449576470084{margin-bottom: 0px !important;}&#8221;][vc_column width=&#8221;1\/2&#8243;][vc_column_text]Dlaczego <em>Barwne kultury<\/em>?<\/p>\n<p>Zrozumienie, \u017ce si\u0119 r\u00f3\u017cnimy jest pierwszym krokiem w rozwi\u0105zywaniu zagadki komunikacji mi\u0119dzykulturowej.<\/p>\n<p>Gdy zapoznamy si\u0119 z tymi r\u00f3\u017cnicami kulturowymi, mo\u017cemy \u2018zmieni\u0107 nasze w\u0142asne nastawienie\u2019, by\u0107 \u2018\u015bwiadomym\u2019 w komunikacji z innymi, by\u0107 zrozumianym przez drug\u0105 stron\u0119 i zrobi\u0107 interesy.<\/p>\n<p>\u201eLudzie bliscy s\u0105 sobie natur\u0105, ale dalecy przyzwyczajeniami\u201d &#8211; Konfucjusz[\/vc_column_text][\/vc_column][vc_column width=&#8221;1\/2&#8243;][vc_single_image image=&#8221;71056&#8243; img_size=&#8221;medium&#8221; add_caption=&#8221;yes&#8221; onclick=&#8221;link_image&#8221;][\/vc_column][\/vc_row][vc_row type=&#8221;container&#8221; padding_top=&#8221;&#8221; padding_bottom=&#8221;&#8221; css=&#8221;.vc_custom_1444503683289{margin-bottom: 0px !important;}&#8221;][vc_column][vc_separator color=&#8221;#e2e2e2&#8243; type=&#8221;normal&#8221; thickness=&#8221;1&#8243; up=&#8221;&#8221; down=&#8221;&#8221; el_class=&#8221;dotted&#8221;][\/vc_column][\/vc_row][vc_row type=&#8221;container&#8221; padding_top=&#8221;&#8221; padding_bottom=&#8221;&#8221; css=&#8221;.vc_custom_1449063285344{margin-bottom: 50px !important;}&#8221;][vc_column][\/vc_column][\/vc_row][vc_row type=&#8221;container&#8221;][vc_column][\/vc_column][\/vc_row][vc_row type=&#8221;container&#8221;][vc_column][\/vc_column][\/vc_row][vc_row type=&#8221;container&#8221;][vc_column][vc_tta_tour][vc_tta_section title=&#8221;KOMUNIKACJA MI\u0118DZYKULTUROWA&#8221; tab_id=&#8221;1487715557393-ae1ed389-d618&#8243;][vc_column_text]<b><img loading=\"lazy\" decoding=\"async\" width=\"80\" height=\"300\" class=\"size-medium wp-image-71267 alignright\" src=\"https:\/\/colorfulcultures.co.uk\/pl\/wp-content\/uploads\/sites\/4\/2015\/10\/1-80x300.jpg\" alt=\"\" \/><\/b><\/p>\n<p>Poza odleg\u0142o\u015bci\u0105 i j\u0119zykiem, sprawne porozumiewanie si\u0119 pomi\u0119dzy kulturami oznacza tak\u017ce dostosowywanie swojego przekazu do bardzo r\u00f3\u017cnych odbiorc\u00f3w, cz\u0119sto z bardzo r\u00f3\u017cnymi lub nawet przeciwnymi warto\u015bciami, do kt\u00f3rych jeste\u015b przyzwyczajony.<\/p>\n<p>To mo\u017ce by\u0107 trudne i nawet zniech\u0119caj\u0105ce zadanie w wielu organizacjach. Jednym z g\u0142\u00f3wnych powod\u00f3w takiej sytuacji mo\u017ce by\u0107 za\u0142o\u017cenie, \u017ce kultura firmowa jest jedna niezale\u017cnie od lokalizacji biura czy prywatnych preferencji zatrudnionych. Takie za\u0142o\u017cenie mo\u017ce by\u0107 w\u0142a\u015bciwe na najwy\u017cszych poziomach, ale komunikacja ma niuanse i charakterystyk\u0119, kt\u00f3ra wykracza poza uregulowane zachowania korporacyjne \u2013 jest g\u0142\u0119boko zakorzeniona w ludziach.<\/p>\n<p>To jest pow\u00f3d, dla kt\u00f3rego przeszkolenie w dostrzeganiu i wykorzystywaniu r\u00f3\u017cnic kulturowych w komunikacji staje si\u0119 jedn\u0105 z wa\u017cniejszych umiej\u0119tno\u015bci kierownik\u00f3w i zwyk\u0142ych pracownik\u00f3w w mi\u0119dzynarodowych firmach.<\/p>\n<p>Szkolenie obejmuje ca\u0142\u0105 podstawow\u0105 wiedz\u0119 potrzebn\u0105 do skutecznego funkcjonowania w \u015brodowisku mi\u0119dzykulturowym.<\/p>\n<p>Co zyskasz:<\/p>\n<ul>\n<li>G\u0142\u00f3wne r\u00f3\u017cnice kulturowe w zbli\u017caj\u0105cej si\u0119 komunikacji,<\/li>\n<li>Jak przystosowa\u0107 t\u0119 sam\u0105 wiadomo\u015b\u0107 do trzech g\u0142\u00f3wnych stref kulturowych: Europy, Azji, Ameryki,<\/li>\n<li>Rozpoznane przeszkody w komunikacji i jak sobie z nimi radzi\u0107.<\/li>\n<\/ul>\n<p>[\/vc_column_text][\/vc_tta_section][vc_tta_section title=&#8221;BARWNE KULTURY &#8211; INDIE&#8221; tab_id=&#8221;1487714421065-1deb2a33-cf21&#8243;][vc_column_text]<b><img loading=\"lazy\" decoding=\"async\" class=\" wp-image-71058 alignright\" src=\"https:\/\/colorfulcultures.co.uk\/pl\/wp-content\/uploads\/sites\/4\/2015\/10\/india-81x300.jpg\" alt=\"\" width=\"75\" height=\"278\" srcset=\"https:\/\/colorfulcultures.co.uk\/pl\/wp-content\/uploads\/sites\/4\/2015\/10\/india-81x300.jpg 81w, https:\/\/colorfulcultures.co.uk\/pl\/wp-content\/uploads\/sites\/4\/2015\/10\/india.jpg 161w\" sizes=\"auto, (max-width: 75px) 100vw, 75px\" \/><\/b><\/p>\n<p>Pomimo niezwyk\u0142ego post\u0119pu ekonomicznego, tradycje kulturowe Indii wci\u0105\u017c wywieraj\u0105 silny wp\u0142yw na niemal ka\u017cdy aspekt ludzkiego \u017cycia, w tym biznesu.<\/p>\n<p>Indie s\u0105 mieszank\u0105 kultur i ta r\u00f3\u017cnorodno\u015b\u0107 kulturowa daje im zdolno\u015b\u0107 do przystosowania si\u0119 i rywalizowania na \u015bwiatowych arenach biznesowych.<\/p>\n<p>Ten program stanowi mo\u017cliwo\u015b\u0107 om\u00f3wienia i zrozumienia warto\u015bci kulturowych Indii oraz tego, jak wp\u0142ywaj\u0105 one na relacje biznesowe.<\/p>\n<p>Co zyskasz:<\/p>\n<ul>\n<li>Zrozumiesz poziomy kultury,<\/li>\n<li>Zrozumiesz wp\u0142yw kultury na biznes,<\/li>\n<li>Nawi\u0105\u017cesz lepsze kontakty z kolegami z Indii, a stereotypy i uog\u00f3lnienia pozostawisz za sob\u0105,<\/li>\n<li>Zastosujesz si\u0119 do nakaz\u00f3w i zakaz\u00f3w.<\/li>\n<\/ul>\n<p>[\/vc_column_text][\/vc_tta_section][vc_tta_section title=&#8221;BARWNE KULTURY \u2013 WIELKA BRYTANIA&#8221; tab_id=&#8221;1487714421129-afed9fd9-4ffe&#8221;][vc_column_text]<b><img loading=\"lazy\" decoding=\"async\" width=\"80\" height=\"300\" class=\"size-medium wp-image-71063 alignright\" src=\"https:\/\/colorfulcultures.co.uk\/pl\/wp-content\/uploads\/sites\/4\/2015\/10\/big-21-80x300.jpg\" alt=\"\" srcset=\"https:\/\/colorfulcultures.co.uk\/pl\/wp-content\/uploads\/sites\/4\/2015\/10\/big-21-80x300.jpg 80w, https:\/\/colorfulcultures.co.uk\/pl\/wp-content\/uploads\/sites\/4\/2015\/10\/big-21.jpg 160w\" sizes=\"auto, (max-width: 80px) 100vw, 80px\" \/><\/b><\/p>\n<p>Dzi\u015b, jak nigdy wcze\u015bniej, sukces biznesowy wymaga \u015bwiadomo\u015bci mi\u0119dzykulturowej i skutecznych umiej\u0119tno\u015bci komunikacji mi\u0119dzy kulturami. Praca, spotkania, transakcje, negocjacje oraz korespondencja z kolegami lub klientami z r\u00f3\u017cnych kultur mog\u0105 by\u0107 polem minowym. Jeden z\u0142y ruch lub b\u0142\u0105d w podstawowym zrozumieniu mog\u0105 zrujnowa\u0107 lub op\u00f3\u017ani\u0107 efekty miesi\u0119cy prac. Kurs pomo\u017ce nam zrozumie\u0107 i doceni\u0107 r\u00f3\u017cnice mi\u0119dzykulturowe i promowa\u0107 przejrzyst\u0105 komunikacj\u0119.<\/p>\n<p>Co zyskasz:<\/p>\n<ul>\n<li>Pozb\u0119dziesz si\u0119 barier, zbudujesz zaufanie i wzmocnisz relacje, otworzysz horyzonty i wypracujesz zauwa\u017calne efekty w d\u0105\u017ceniu do sukcesu biznesowego,<\/li>\n<li>Most pomi\u0119dzy r\u00f3\u017cnicami kulturowymi mi\u0119dzy Wielk\u0105 Brytani\u0105 a pozosta\u0142ymi krajami europejskimi,<\/li>\n<li>Zrozumiesz histori\u0119, obyczaje i styl \u017cycia Wielkiej Brytanii,<\/li>\n<li>Zrozumiesz nakazy i zakazy stosowane w brytyjskim spo\u0142ecze\u0144stwie,<\/li>\n<li>Zbudujesz zaufanie w relacjach z klientami,<\/li>\n<li>Zbudujesz wiarygodno\u015b\u0107.<\/li>\n<\/ul>\n<p>[\/vc_column_text][\/vc_tta_section][vc_tta_section title=&#8221;BARWNE KULTURY \u2013 W\u0141OCHY&#8221; tab_id=&#8221;1493545367795-8ecf8737-368c&#8221;][vc_column_text]<b><img loading=\"lazy\" decoding=\"async\" class=\"alignnone wp-image-71500 size-medium alignright\" src=\"https:\/\/colorfulcultures.co.uk\/pl\/wp-content\/uploads\/sites\/4\/2015\/10\/italy-80x300.jpg\" alt=\"\" width=\"80\" height=\"300\" srcset=\"https:\/\/colorfulcultures.co.uk\/pl\/wp-content\/uploads\/sites\/4\/2015\/10\/italy-80x300.jpg 80w, https:\/\/colorfulcultures.co.uk\/pl\/wp-content\/uploads\/sites\/4\/2015\/10\/italy.jpg 160w\" sizes=\"auto, (max-width: 80px) 100vw, 80px\" \/><\/b><\/p>\n<div id=\"yui_3_16_0_ym19_1_1493544053053_5756\">\n<p>Wk\u0142ad W\u0142och w kultur\u0119 by\u0142 ogromny na przestrzeni wiek\u00f3w, pozostawiaj\u0105c na niej niezwyk\u0142y i silny \u015blad. Idealna mieszanka w\u0142oskiej kultury jest przyprawiona sztuk\u0105, stylem, dobrym smakiem i mo\u017cliwo\u015bciami biznesowymi.<\/p>\n<p>Gdy mowa jest o W\u0142oszech, zdolno\u015b\u0107 do u\u017cywania w\u0142a\u015bciwego j\u0119zyka i odpowiednich gest\u00f3w jest bardzo wa\u017cna w komunikacji interpersonalnej. Gesty r\u0105k i kontakty osobiste s\u0105 cech\u0105 charakterystyczn\u0105 w\u0142oskich konwersacji. Tak\u017ce pierwsze wra\u017cenia staj\u0105 si\u0119 trwa\u0142ymi wra\u017ceniami we W\u0142oszech i dobry wizerunek jest niezwykle istotny dla W\u0142och\u00f3w.<\/p>\n<p>Ten program stanowi mo\u017cliwo\u015b\u0107 do wprowadzenia i zrozumienia w\u0142oskich warto\u015bci kulturowych i tego, jak wp\u0142ywaj\u0105 na relacje biznesowe. Szkolenia mi\u0119dzykulturowe s\u0105 istotne dla globalnej ekspansji w ka\u017cdym biznesie. Je\u015bli pragniesz rozwija\u0107 si\u0119 i pracowa\u0107 z W\u0142ochami, to jest w\u0142a\u015bciwy program dla Ciebie.<\/p>\n<p>Co zyskasz:<\/p>\n<ul>\n<li>etykiet\u0119 biznesow\u0105 we W\u0142oszech,<\/li>\n<li>praktyk\u0119 w pracy,<\/li>\n<li>zrozumeisz elementy, z kt\u00f3rych sk\u0142ada si\u0119 w\u0142oska kultura,<\/li>\n<li>wst\u0119pne za\u0142o\u017cenia i stereotypy o W\u0142oszech,<\/li>\n<li>postawy i warto\u015bci we w\u0142oskiej kulturze biznesowej.<\/li>\n<\/ul>\n<\/div>\n<div><\/div>\n<div><\/div>\n<p>[\/vc_column_text][\/vc_tta_section][vc_tta_section title=&#8221;BARWNE KULTURY &#8211; INDONEZJA&#8221; tab_id=&#8221;1488907894001-81d6699b-4ab0&#8243;][vc_column_text]Gdy mowa jest o Indonezji, g\u0142\u00f3wn\u0105 r\u00f3\u017cnic\u0105 kulturow\u0105 jest komunikacja wysokiego kontekstu. To oznacza, \u017ce wi\u0119kszo\u015b\u0107 informacji podstawowych jest znanych o osobach, z kt\u00f3rymi si\u0119 wsp\u00f3\u0142pracuje i robi interesy. Z powodu nacisk\u00f3w kulturowych w relacjach d\u0142ugoterminowych i wsp\u00f3\u0142zale\u017cno\u015bci, wsp\u00f3lne zrozumienie jest domniemane pomi\u0119dzy cz\u0142onkami grupy indonezyjskiej.<\/p>\n<p>Ten program jest mo\u017cliwo\u015bci\u0105 wprowadzenia i zrozumienia wzor\u00f3w komunikacji i ich wp\u0142ywu na biznes.<\/p>\n<p>Co zyskasz:<\/p>\n<ul>\n<li>Zrozumiesz nakazy i zakazy w codziennym \u017cyciu,<\/li>\n<li>Zrozumiesz g\u0142\u00f3wne warto\u015bci i ich znaczenie dla biznesu,<\/li>\n<li>Zbudujesz i utrzymasz wiarygodno\u015b\u0107,<\/li>\n<li>Zastosujesz protok\u00f3\u0142 biznesowy oraz lokalne osobliwo\u015bci \u015brodowiska biznesowego,<\/li>\n<li>Ukszta\u0142tujesz swoje umiej\u0119tno\u015bci biznesowe (zarz\u0105dzanie lud\u017ami, relacje z klientami) zgodnie z lokalnymi wymaganiami<\/li>\n<\/ul>\n<p>[\/vc_column_text][\/vc_tta_section][\/vc_tta_tour][\/vc_column][\/vc_row]<\/p>\n<\/div>","protected":false},"excerpt":{"rendered":"<p>[vc_row type=&#8221;container&#8221; padding_top=&#8221;&#8221; padding_bottom=&#8221;&#8221; css=&#8221;.vc_custom_1449576470084{margin-bottom: 0px !important;}&#8221;][vc_column width=&#8221;1\/2&#8243;][vc_column_text]Dlaczego Barwne kultury? Zrozumienie, \u017ce si\u0119 r\u00f3\u017cnimy jest pierwszym krokiem w rozwi\u0105zywaniu zagadki komunikacji mi\u0119dzykulturowej. Gdy zapoznamy si\u0119 z tymi r\u00f3\u017cnicami kulturowymi, mo\u017cemy \u2018zmieni\u0107 nasze w\u0142asne nastawienie\u2019, by\u0107 \u2018\u015bwiadomym\u2019 w komunikacji z innymi, by\u0107 zrozumianym przez drug\u0105 stron\u0119 i zrobi\u0107 interesy. \u201eLudzie bliscy s\u0105 sobie natur\u0105, ale dalecy [&hellip;]<\/p>\n","protected":false},"author":1,"featured_media":70778,"parent":73,"menu_order":1,"comment_status":"closed","ping_status":"closed","template":"","meta":{"_acf_changed":false,"footnotes":""},"class_list":["post-147","page","type-page","status-publish","has-post-thumbnail","hentry"],"acf":[],"yoast_head":"<!-- This site is optimized with the Yoast SEO plugin v25.6 - https:\/\/yoast.com\/wordpress\/plugins\/seo\/ -->\n<title>Barwne kultury - Colorful Cultures PL<\/title>\n<meta name=\"description\" content=\"Besides distance and language, communicated efficiently across cultures also means adapting your message to a very different audience\" \/>\n<meta name=\"robots\" content=\"index, follow, max-snippet:-1, max-image-preview:large, max-video-preview:-1\" \/>\n<link rel=\"canonical\" href=\"https:\/\/colorfulcultures.co.uk\/pl\/rozwiazania-szkoleniowe\/barwne-kultury\/\" \/>\n<meta property=\"og:locale\" content=\"pl_PL\" \/>\n<meta property=\"og:type\" content=\"article\" \/>\n<meta property=\"og:title\" content=\"Barwne kultury - Colorful Cultures PL\" \/>\n<meta property=\"og:description\" content=\"Besides distance and language, communicated efficiently across cultures also means adapting your message to a very different audience\" \/>\n<meta property=\"og:url\" content=\"https:\/\/colorfulcultures.co.uk\/pl\/rozwiazania-szkoleniowe\/barwne-kultury\/\" \/>\n<meta property=\"og:site_name\" content=\"Colorful Cultures PL\" \/>\n<meta property=\"article:modified_time\" content=\"2017-04-30T10:05:40+00:00\" \/>\n<meta name=\"twitter:card\" content=\"summary_large_image\" \/>\n<meta name=\"twitter:label1\" content=\"Szacowany czas czytania\" \/>\n\t<meta name=\"twitter:data1\" content=\"5 minut\" \/>\n<script type=\"application\/ld+json\" class=\"yoast-schema-graph\">{\"@context\":\"https:\/\/schema.org\",\"@graph\":[{\"@type\":\"WebPage\",\"@id\":\"https:\/\/colorfulcultures.co.uk\/pl\/rozwiazania-szkoleniowe\/barwne-kultury\/\",\"url\":\"https:\/\/colorfulcultures.co.uk\/pl\/rozwiazania-szkoleniowe\/barwne-kultury\/\",\"name\":\"Barwne kultury - Colorful Cultures PL\",\"isPartOf\":{\"@id\":\"https:\/\/colorfulcultures.co.uk\/pl\/#website\"},\"primaryImageOfPage\":{\"@id\":\"https:\/\/colorfulcultures.co.uk\/pl\/rozwiazania-szkoleniowe\/barwne-kultury\/#primaryimage\"},\"image\":{\"@id\":\"https:\/\/colorfulcultures.co.uk\/pl\/rozwiazania-szkoleniowe\/barwne-kultury\/#primaryimage\"},\"thumbnailUrl\":\"\",\"datePublished\":\"2015-10-09T17:51:30+00:00\",\"dateModified\":\"2017-04-30T10:05:40+00:00\",\"description\":\"Besides distance and language, communicated efficiently across cultures also means adapting your message to a very different audience\",\"breadcrumb\":{\"@id\":\"https:\/\/colorfulcultures.co.uk\/pl\/rozwiazania-szkoleniowe\/barwne-kultury\/#breadcrumb\"},\"inLanguage\":\"pl-PL\",\"potentialAction\":[{\"@type\":\"ReadAction\",\"target\":[\"https:\/\/colorfulcultures.co.uk\/pl\/rozwiazania-szkoleniowe\/barwne-kultury\/\"]}]},{\"@type\":\"ImageObject\",\"inLanguage\":\"pl-PL\",\"@id\":\"https:\/\/colorfulcultures.co.uk\/pl\/rozwiazania-szkoleniowe\/barwne-kultury\/#primaryimage\",\"url\":\"\",\"contentUrl\":\"\"},{\"@type\":\"BreadcrumbList\",\"@id\":\"https:\/\/colorfulcultures.co.uk\/pl\/rozwiazania-szkoleniowe\/barwne-kultury\/#breadcrumb\",\"itemListElement\":[{\"@type\":\"ListItem\",\"position\":1,\"name\":\"Home\",\"item\":\"https:\/\/colorfulcultures.co.uk\/pl\/\"},{\"@type\":\"ListItem\",\"position\":2,\"name\":\"Solutions\",\"item\":\"https:\/\/colorfulcultures.co.uk\/pl\/rozwiazania-szkoleniowe\/\"},{\"@type\":\"ListItem\",\"position\":3,\"name\":\"Barwne kultury\"}]},{\"@type\":\"WebSite\",\"@id\":\"https:\/\/colorfulcultures.co.uk\/pl\/#website\",\"url\":\"https:\/\/colorfulcultures.co.uk\/pl\/\",\"name\":\"Colorful Cultures PL\",\"description\":\"\",\"potentialAction\":[{\"@type\":\"SearchAction\",\"target\":{\"@type\":\"EntryPoint\",\"urlTemplate\":\"https:\/\/colorfulcultures.co.uk\/pl\/?s={search_term_string}\"},\"query-input\":{\"@type\":\"PropertyValueSpecification\",\"valueRequired\":true,\"valueName\":\"search_term_string\"}}],\"inLanguage\":\"pl-PL\"}]}<\/script>\n<!-- \/ Yoast SEO plugin. -->","yoast_head_json":{"title":"Barwne kultury - Colorful Cultures PL","description":"Besides distance and language, communicated efficiently across cultures also means adapting your message to a very different audience","robots":{"index":"index","follow":"follow","max-snippet":"max-snippet:-1","max-image-preview":"max-image-preview:large","max-video-preview":"max-video-preview:-1"},"canonical":"https:\/\/colorfulcultures.co.uk\/pl\/rozwiazania-szkoleniowe\/barwne-kultury\/","og_locale":"pl_PL","og_type":"article","og_title":"Barwne kultury - Colorful Cultures PL","og_description":"Besides distance and language, communicated efficiently across cultures also means adapting your message to a very different audience","og_url":"https:\/\/colorfulcultures.co.uk\/pl\/rozwiazania-szkoleniowe\/barwne-kultury\/","og_site_name":"Colorful Cultures PL","article_modified_time":"2017-04-30T10:05:40+00:00","twitter_card":"summary_large_image","twitter_misc":{"Szacowany czas czytania":"5 minut"},"schema":{"@context":"https:\/\/schema.org","@graph":[{"@type":"WebPage","@id":"https:\/\/colorfulcultures.co.uk\/pl\/rozwiazania-szkoleniowe\/barwne-kultury\/","url":"https:\/\/colorfulcultures.co.uk\/pl\/rozwiazania-szkoleniowe\/barwne-kultury\/","name":"Barwne kultury - Colorful Cultures PL","isPartOf":{"@id":"https:\/\/colorfulcultures.co.uk\/pl\/#website"},"primaryImageOfPage":{"@id":"https:\/\/colorfulcultures.co.uk\/pl\/rozwiazania-szkoleniowe\/barwne-kultury\/#primaryimage"},"image":{"@id":"https:\/\/colorfulcultures.co.uk\/pl\/rozwiazania-szkoleniowe\/barwne-kultury\/#primaryimage"},"thumbnailUrl":"","datePublished":"2015-10-09T17:51:30+00:00","dateModified":"2017-04-30T10:05:40+00:00","description":"Besides distance and language, communicated efficiently across cultures also means adapting your message to a very different audience","breadcrumb":{"@id":"https:\/\/colorfulcultures.co.uk\/pl\/rozwiazania-szkoleniowe\/barwne-kultury\/#breadcrumb"},"inLanguage":"pl-PL","potentialAction":[{"@type":"ReadAction","target":["https:\/\/colorfulcultures.co.uk\/pl\/rozwiazania-szkoleniowe\/barwne-kultury\/"]}]},{"@type":"ImageObject","inLanguage":"pl-PL","@id":"https:\/\/colorfulcultures.co.uk\/pl\/rozwiazania-szkoleniowe\/barwne-kultury\/#primaryimage","url":"","contentUrl":""},{"@type":"BreadcrumbList","@id":"https:\/\/colorfulcultures.co.uk\/pl\/rozwiazania-szkoleniowe\/barwne-kultury\/#breadcrumb","itemListElement":[{"@type":"ListItem","position":1,"name":"Home","item":"https:\/\/colorfulcultures.co.uk\/pl\/"},{"@type":"ListItem","position":2,"name":"Solutions","item":"https:\/\/colorfulcultures.co.uk\/pl\/rozwiazania-szkoleniowe\/"},{"@type":"ListItem","position":3,"name":"Barwne kultury"}]},{"@type":"WebSite","@id":"https:\/\/colorfulcultures.co.uk\/pl\/#website","url":"https:\/\/colorfulcultures.co.uk\/pl\/","name":"Colorful Cultures PL","description":"","potentialAction":[{"@type":"SearchAction","target":{"@type":"EntryPoint","urlTemplate":"https:\/\/colorfulcultures.co.uk\/pl\/?s={search_term_string}"},"query-input":{"@type":"PropertyValueSpecification","valueRequired":true,"valueName":"search_term_string"}}],"inLanguage":"pl-PL"}]}},"_links":{"self":[{"href":"https:\/\/colorfulcultures.co.uk\/pl\/wp-json\/wp\/v2\/pages\/147","targetHints":{"allow":["GET"]}}],"collection":[{"href":"https:\/\/colorfulcultures.co.uk\/pl\/wp-json\/wp\/v2\/pages"}],"about":[{"href":"https:\/\/colorfulcultures.co.uk\/pl\/wp-json\/wp\/v2\/types\/page"}],"author":[{"embeddable":true,"href":"https:\/\/colorfulcultures.co.uk\/pl\/wp-json\/wp\/v2\/users\/1"}],"replies":[{"embeddable":true,"href":"https:\/\/colorfulcultures.co.uk\/pl\/wp-json\/wp\/v2\/comments?post=147"}],"version-history":[{"count":8,"href":"https:\/\/colorfulcultures.co.uk\/pl\/wp-json\/wp\/v2\/pages\/147\/revisions"}],"predecessor-version":[{"id":71503,"href":"https:\/\/colorfulcultures.co.uk\/pl\/wp-json\/wp\/v2\/pages\/147\/revisions\/71503"}],"up":[{"embeddable":true,"href":"https:\/\/colorfulcultures.co.uk\/pl\/wp-json\/wp\/v2\/pages\/73"}],"wp:featuredmedia":[{"embeddable":true,"href":"https:\/\/colorfulcultures.co.uk\/pl\/wp-json\/"}],"wp:attachment":[{"href":"https:\/\/colorfulcultures.co.uk\/pl\/wp-json\/wp\/v2\/media?parent=147"}],"curies":[{"name":"wp","href":"https:\/\/api.w.org\/{rel}","templated":true}]}}