{"id":141,"date":"2015-10-09T17:24:05","date_gmt":"2015-10-09T17:24:05","guid":{"rendered":"http:\/\/broker.commercegurus.com\/?page_id=141"},"modified":"2017-04-30T11:39:55","modified_gmt":"2017-04-30T09:39:55","slug":"rekrutacja-i-selekcja","status":"publish","type":"page","link":"https:\/\/colorfulcultures.co.uk\/pl\/rozwiazania-szkoleniowe\/rekrutacja-i-selekcja\/","title":{"rendered":"Rekrutacja i selekcja"},"content":{"rendered":"<div class=\"wpb-content-wrapper\"><p>[vc_row type=&#8221;container&#8221; padding_top=&#8221;&#8221; padding_bottom=&#8221;&#8221; css=&#8221;.vc_custom_1449062960012{margin-bottom: 20px !important;}&#8221;][vc_column width=&#8221;1\/2&#8243;][vc_column_text]Rekrutacja i selekcja \u2013 rosn\u0105ca z\u0142o\u017cono\u015b\u0107 \u015brodowiska pracy wymaga podejmowania strategicznych decyzji. Dlatego rola szefa zmieni\u0142a si\u0119 na przestrzeni ostatnich lat i nie jest on ju\u017c zdolny do kontrolowania wszystkich procedur na w\u0142asn\u0105 r\u0119k\u0119. Obecnie szefowie odnosz\u0105cy sukcesy wybieraj\u0105 m\u0105dre ruchy jak w grze w szachy, do kt\u00f3rej potrzebuj\u0105 partner\u00f3w i to oni wybieraj\u0105 sobie kluczowych wsp\u00f3\u0142pracownik\u00f3w, z kt\u00f3rymi b\u0119d\u0105 dzia\u0142a\u0107.[\/vc_column_text][\/vc_column][vc_column width=&#8221;1\/2&#8243;][vc_single_image image=&#8221;71182&#8243; img_size=&#8221;full&#8221; add_caption=&#8221;yes&#8221; onclick=&#8221;link_image&#8221;][\/vc_column][\/vc_row][vc_row type=&#8221;container&#8221; padding_top=&#8221;&#8221; padding_bottom=&#8221;&#8221; css=&#8221;.vc_custom_1444504142602{margin-bottom: 0px !important;}&#8221;][vc_column][vc_separator color=&#8221;#e2e2e2&#8243; type=&#8221;normal&#8221; thickness=&#8221;1&#8243; up=&#8221;&#8221; down=&#8221;&#8221; el_class=&#8221;dotted&#8221;][\/vc_column][\/vc_row][vc_row type=&#8221;container&#8221; padding_top=&#8221;&#8221; padding_bottom=&#8221;&#8221;][vc_column][vc_column_text][\/vc_column_text][\/vc_column][\/vc_row][vc_row type=&#8221;container&#8221;][vc_column][vc_tta_tour][vc_tta_section title=&#8221;REKRUTACJA&#8221; tab_id=&#8221;1487877553242-7718c5c2-1ba6&#8243;][vc_column_text]W ambitnym otoczeniu kierownik ma do wyboru dwa kierunki.<\/p>\n<p>Rynek pracy staje si\u0119 coraz bardziej konkurencyjny dla utalentowanych profesjonalist\u00f3w, dlatego kierownik musi by\u0107 pewny, \u017ce stwarza barwne \u015brodowisko, w kt\u00f3rym pracownicy mog\u0105 spe\u0142nia\u0107 swoje potrzeby, takie jak prywatny rozw\u00f3j, r\u00f3wnowaga pomi\u0119dzy prac\u0105 a \u017cyciem osobistym oraz docenienie ich wysi\u0142k\u00f3w w pracy.<\/p>\n<p>Konkurencja w sprzeda\u017cy wymaga od kierownika przyj\u0119cia roli poszukiwacza kluczowych pracownik\u00f3w oraz m\u0105drej i szybkiej wymiany ludzi, by zapewni\u0107 barwny, skuteczny rozw\u00f3j dla przysz\u0142ych pracownik\u00f3w.<\/p>\n<p>Te dwa kierunki s\u0105 \u015bci\u015ble powi\u0105zane: idealny kierownik stwarza uk\u0142ad, w kt\u00f3rym nie ma przegranych, dostosowuj\u0105c cele prywatne z firmowymi. Jednak\u017ce, tak jak w zwyci\u0119skiej dru\u017cynie pi\u0142karskiej, ludzie maj\u0105cy r\u00f3\u017cne role powinni wykona\u0107 swoje zadania zgodnie z wymaganymi kompetencjami zanim b\u0119d\u0105 dumni z doskona\u0142ych wynik\u00f3w, swojego udzia\u0142u i nagr\u00f3d za sw\u00f3j potencjalny sukces.<\/p>\n<p>Nieliczenie si\u0119 ze specyfik\u0105 bran\u017cy, lokalnymi kryzysami, dost\u0119pnymi kandydatami, barierami kulturowymi, trudnymi charakterami stwarza zagro\u017cenie dla prowadzonego procesu rekrutacji. To jest ten czas, kiedy mo\u017cesz zmieni\u0107 klasyczne, ale inwazyjne podej\u015bcie oparte na sprawdzonych post\u0119powaniach na podej\u015bcie bardziej dyplomatyczne i \u0142agodne. Mo\u017cna to uczyni\u0107 poprzez prowadzenie rozm\u00f3w kwalifikacyjnych opartych albo na zasadzie projektywno\u015bci (w celu g\u0142\u0119bszego zrozumienia motywacji kandydata), albo na zasadzie nadawania zadaniom priorytet\u00f3w (technika <em>In Basket<\/em>). Mo\u017cna tak\u017ce pos\u0142u\u017cy\u0107 si\u0119 testem psychometrycznym, by uzyska\u0107 wy\u017csz\u0105 dok\u0142adno\u015b\u0107 prognoz.<\/p>\n<p>Strategia powinna by\u0107 dobierana indywidualnie do charakteru: inna dla ludzi zwi\u0105zanych z bran\u017c\u0105 IT, inna dla pracownik\u00f3w obs\u0142ugi klienta. Dlatego tw\u00f3rz j\u0105 prost\u0105 i pi\u0119kn\u0105!<\/p>\n<p>Co zyskasz:<\/p>\n<ul>\n<li>Zbudujesz struktur\u0119 swojego podej\u015bcia do rozm\u00f3w kwalifikacyjnych,<\/li>\n<li>Efektywne techniki prowadzenia rozm\u00f3w kwalifikacyjnych,<\/li>\n<li>Narz\u0119dzia do zwi\u0119kszania przewidywalno\u015bci w procesie rekrutacyjnym,<\/li>\n<li>Profilowanie ludzi,<\/li>\n<li>Podejmowanie w\u0142a\u015bciwych decyzji rekrutacyjnych.<\/li>\n<\/ul>\n<p>[\/vc_column_text][\/vc_tta_section][vc_tta_section title=&#8221;ROZMOWA KWALIFIKACYJNA<br \/>\nOPARTA NA KOMPETENCJACH &#8221; tab_id=&#8221;1487877553292-ce3f1ccb-26af&#8221;][vc_column_text]Kompetencje odgrywaj\u0105 kluczow\u0105 role w dostarczaniu d\u00f3br lub lepszych wynik\u00f3w pracy. W celu wybrania w\u0142a\u015bciwego kandydata podstawow\u0105 rzecz\u0105 jest ocena jego indywidualnych kompetencji. \u201cKluczem odkrycia tego, jak kto\u015b b\u0119dzie radzi\u0142 sobie w pracy jest zebranie i przeanalizowanie przyk\u0142ad\u00f3w, jak on\/ona post\u0105pi\u0142 w podobnych sytuacjach w przesz\u0142o\u015bci\u201d. Te sytuacje mog\u0105 by\u0107 dopasowane do spodziewanych szczebli dla okre\u015blonych stanowisk, co u\u0142atwi prowadz\u0105cemu rozmow\u0119 kwalifikacyjn\u0105 podj\u0119cie obiektywnej decyzji.<\/p>\n<p>Co zyskasz:<\/p>\n<ul>\n<li>Przygotujesz si\u0119 efektywnie do strukturalnej rozmowy kwalifikacyjnej,<\/li>\n<li>Przygotujesz odpowiednie pytania i u\u017cyj efektywnych technik prowadzenia rozm\u00f3w kwalifikacyjnych,<\/li>\n<li>Uzyskasz informacje o zainteresowaniach kandydata\/kandydatki oraz informacje z nim\/ni\u0105 zwi\u0105zane,<\/li>\n<li>Ocenisz uzyskane odpowiedzi,<\/li>\n<li>Obiektywnie ocenisz, czy dany kandydat nadaje si\u0119 na dane stanowisko,<\/li>\n<li>Zaoferujesz prac\u0119 kandydatowi,<\/li>\n<li>Zatrudnisz w\u0142a\u015bciwych ludzi na w\u0142a\u015bciwe stanowiska.<\/li>\n<\/ul>\n<p>[\/vc_column_text][\/vc_tta_section][\/vc_tta_tour][\/vc_column][\/vc_row][vc_row type=&#8221;container&#8221; padding_top=&#8221;&#8221; padding_bottom=&#8221;&#8221; css=&#8221;.vc_custom_1449062969962{margin-bottom: 50px !important;}&#8221;][vc_column][vc_tta_tabs][vc_tta_section title=&#8221;METODOLOGIA&#8221; tab_id=&#8221;1487015076536-13fe4e40-5a2c&#8221;][vc_column_text]<\/p>\n<ul>\n<li>Filmy<\/li>\n<li>dyskusja grupowa<\/li>\n<li>czytanie, zbieranie informacji<\/li>\n<li>prezentacja \u0107wicze\u0144 praktycznych<\/li>\n<\/ul>\n<p>[\/vc_column_text][\/vc_tta_section][vc_tta_section title=&#8221;CZAS TRWANIA&#8221; tab_id=&#8221;1487015076585-7b9a87b4-e728&#8243;][vc_column_text]8\u00a0 hours[\/vc_column_text][\/vc_tta_section][vc_tta_section title=&#8221;CEL PUBLIKI&#8221; tab_id=&#8221;1487015161546-cae88626-796c&#8221;][vc_column_text]<\/p>\n<ul>\n<li>Lead Associate<\/li>\n<li>Analyst, Managers<\/li>\n<\/ul>\n<p>[\/vc_column_text][\/vc_tta_section][vc_tta_section title=&#8221;ROZMIAR GRUPY&#8221; tab_id=&#8221;1487015195273-8b34e9f4-b163&#8243;][vc_column_text]<\/p>\n<ul>\n<li>Min &#8211; 8<\/li>\n<li>Max &#8211; 16<\/li>\n<\/ul>\n<p>[\/vc_column_text][\/vc_tta_section][\/vc_tta_tabs][\/vc_column][\/vc_row]<\/p>\n<\/div>","protected":false},"excerpt":{"rendered":"<p>[vc_row type=&#8221;container&#8221; padding_top=&#8221;&#8221; padding_bottom=&#8221;&#8221; css=&#8221;.vc_custom_1449062960012{margin-bottom: 20px !important;}&#8221;][vc_column width=&#8221;1\/2&#8243;][vc_column_text]Rekrutacja i selekcja \u2013 rosn\u0105ca z\u0142o\u017cono\u015b\u0107 \u015brodowiska pracy wymaga podejmowania strategicznych decyzji. Dlatego rola szefa zmieni\u0142a si\u0119 na przestrzeni ostatnich lat i nie jest on ju\u017c zdolny do kontrolowania wszystkich procedur na w\u0142asn\u0105 r\u0119k\u0119. Obecnie szefowie odnosz\u0105cy sukcesy wybieraj\u0105 m\u0105dre ruchy jak w grze w szachy, do kt\u00f3rej [&hellip;]<\/p>\n","protected":false},"author":1,"featured_media":70700,"parent":73,"menu_order":3,"comment_status":"closed","ping_status":"closed","template":"","meta":{"_acf_changed":false,"footnotes":""},"class_list":["post-141","page","type-page","status-publish","has-post-thumbnail","hentry"],"acf":[],"yoast_head":"<!-- This site is optimized with the Yoast SEO plugin v25.6 - https:\/\/yoast.com\/wordpress\/plugins\/seo\/ -->\n<title>Rekrutacja i selekcja - Colorful Cultures PL<\/title>\n<meta name=\"description\" content=\"Recruitment &amp; Selection - the increasing complexity of the work environment requires strategic decisions.\" \/>\n<meta name=\"robots\" content=\"index, follow, max-snippet:-1, max-image-preview:large, max-video-preview:-1\" \/>\n<link rel=\"canonical\" href=\"https:\/\/colorfulcultures.co.uk\/pl\/rozwiazania-szkoleniowe\/rekrutacja-i-selekcja\/\" \/>\n<meta property=\"og:locale\" content=\"pl_PL\" \/>\n<meta property=\"og:type\" content=\"article\" \/>\n<meta property=\"og:title\" content=\"Rekrutacja i selekcja - Colorful Cultures PL\" \/>\n<meta property=\"og:description\" content=\"Recruitment &amp; Selection - the increasing complexity of the work environment requires strategic decisions.\" \/>\n<meta property=\"og:url\" content=\"https:\/\/colorfulcultures.co.uk\/pl\/rozwiazania-szkoleniowe\/rekrutacja-i-selekcja\/\" \/>\n<meta property=\"og:site_name\" content=\"Colorful Cultures PL\" \/>\n<meta property=\"article:modified_time\" content=\"2017-04-30T09:39:55+00:00\" \/>\n<meta name=\"twitter:card\" content=\"summary_large_image\" \/>\n<meta name=\"twitter:label1\" content=\"Szacowany czas czytania\" \/>\n\t<meta name=\"twitter:data1\" content=\"4 minuty\" \/>\n<script type=\"application\/ld+json\" class=\"yoast-schema-graph\">{\"@context\":\"https:\/\/schema.org\",\"@graph\":[{\"@type\":\"WebPage\",\"@id\":\"https:\/\/colorfulcultures.co.uk\/pl\/rozwiazania-szkoleniowe\/rekrutacja-i-selekcja\/\",\"url\":\"https:\/\/colorfulcultures.co.uk\/pl\/rozwiazania-szkoleniowe\/rekrutacja-i-selekcja\/\",\"name\":\"Rekrutacja i selekcja - Colorful Cultures PL\",\"isPartOf\":{\"@id\":\"https:\/\/colorfulcultures.co.uk\/pl\/#website\"},\"primaryImageOfPage\":{\"@id\":\"https:\/\/colorfulcultures.co.uk\/pl\/rozwiazania-szkoleniowe\/rekrutacja-i-selekcja\/#primaryimage\"},\"image\":{\"@id\":\"https:\/\/colorfulcultures.co.uk\/pl\/rozwiazania-szkoleniowe\/rekrutacja-i-selekcja\/#primaryimage\"},\"thumbnailUrl\":\"\",\"datePublished\":\"2015-10-09T17:24:05+00:00\",\"dateModified\":\"2017-04-30T09:39:55+00:00\",\"description\":\"Recruitment & Selection - the increasing complexity of the work environment requires strategic decisions.\",\"breadcrumb\":{\"@id\":\"https:\/\/colorfulcultures.co.uk\/pl\/rozwiazania-szkoleniowe\/rekrutacja-i-selekcja\/#breadcrumb\"},\"inLanguage\":\"pl-PL\",\"potentialAction\":[{\"@type\":\"ReadAction\",\"target\":[\"https:\/\/colorfulcultures.co.uk\/pl\/rozwiazania-szkoleniowe\/rekrutacja-i-selekcja\/\"]}]},{\"@type\":\"ImageObject\",\"inLanguage\":\"pl-PL\",\"@id\":\"https:\/\/colorfulcultures.co.uk\/pl\/rozwiazania-szkoleniowe\/rekrutacja-i-selekcja\/#primaryimage\",\"url\":\"\",\"contentUrl\":\"\"},{\"@type\":\"BreadcrumbList\",\"@id\":\"https:\/\/colorfulcultures.co.uk\/pl\/rozwiazania-szkoleniowe\/rekrutacja-i-selekcja\/#breadcrumb\",\"itemListElement\":[{\"@type\":\"ListItem\",\"position\":1,\"name\":\"Home\",\"item\":\"https:\/\/colorfulcultures.co.uk\/pl\/\"},{\"@type\":\"ListItem\",\"position\":2,\"name\":\"Solutions\",\"item\":\"https:\/\/colorfulcultures.co.uk\/pl\/rozwiazania-szkoleniowe\/\"},{\"@type\":\"ListItem\",\"position\":3,\"name\":\"Rekrutacja i selekcja\"}]},{\"@type\":\"WebSite\",\"@id\":\"https:\/\/colorfulcultures.co.uk\/pl\/#website\",\"url\":\"https:\/\/colorfulcultures.co.uk\/pl\/\",\"name\":\"Colorful Cultures PL\",\"description\":\"\",\"potentialAction\":[{\"@type\":\"SearchAction\",\"target\":{\"@type\":\"EntryPoint\",\"urlTemplate\":\"https:\/\/colorfulcultures.co.uk\/pl\/?s={search_term_string}\"},\"query-input\":{\"@type\":\"PropertyValueSpecification\",\"valueRequired\":true,\"valueName\":\"search_term_string\"}}],\"inLanguage\":\"pl-PL\"}]}<\/script>\n<!-- \/ Yoast SEO plugin. -->","yoast_head_json":{"title":"Rekrutacja i selekcja - Colorful Cultures PL","description":"Recruitment & Selection - the increasing complexity of the work environment requires strategic decisions.","robots":{"index":"index","follow":"follow","max-snippet":"max-snippet:-1","max-image-preview":"max-image-preview:large","max-video-preview":"max-video-preview:-1"},"canonical":"https:\/\/colorfulcultures.co.uk\/pl\/rozwiazania-szkoleniowe\/rekrutacja-i-selekcja\/","og_locale":"pl_PL","og_type":"article","og_title":"Rekrutacja i selekcja - Colorful Cultures PL","og_description":"Recruitment & Selection - the increasing complexity of the work environment requires strategic decisions.","og_url":"https:\/\/colorfulcultures.co.uk\/pl\/rozwiazania-szkoleniowe\/rekrutacja-i-selekcja\/","og_site_name":"Colorful Cultures PL","article_modified_time":"2017-04-30T09:39:55+00:00","twitter_card":"summary_large_image","twitter_misc":{"Szacowany czas czytania":"4 minuty"},"schema":{"@context":"https:\/\/schema.org","@graph":[{"@type":"WebPage","@id":"https:\/\/colorfulcultures.co.uk\/pl\/rozwiazania-szkoleniowe\/rekrutacja-i-selekcja\/","url":"https:\/\/colorfulcultures.co.uk\/pl\/rozwiazania-szkoleniowe\/rekrutacja-i-selekcja\/","name":"Rekrutacja i selekcja - Colorful Cultures PL","isPartOf":{"@id":"https:\/\/colorfulcultures.co.uk\/pl\/#website"},"primaryImageOfPage":{"@id":"https:\/\/colorfulcultures.co.uk\/pl\/rozwiazania-szkoleniowe\/rekrutacja-i-selekcja\/#primaryimage"},"image":{"@id":"https:\/\/colorfulcultures.co.uk\/pl\/rozwiazania-szkoleniowe\/rekrutacja-i-selekcja\/#primaryimage"},"thumbnailUrl":"","datePublished":"2015-10-09T17:24:05+00:00","dateModified":"2017-04-30T09:39:55+00:00","description":"Recruitment & Selection - the increasing complexity of the work environment requires strategic decisions.","breadcrumb":{"@id":"https:\/\/colorfulcultures.co.uk\/pl\/rozwiazania-szkoleniowe\/rekrutacja-i-selekcja\/#breadcrumb"},"inLanguage":"pl-PL","potentialAction":[{"@type":"ReadAction","target":["https:\/\/colorfulcultures.co.uk\/pl\/rozwiazania-szkoleniowe\/rekrutacja-i-selekcja\/"]}]},{"@type":"ImageObject","inLanguage":"pl-PL","@id":"https:\/\/colorfulcultures.co.uk\/pl\/rozwiazania-szkoleniowe\/rekrutacja-i-selekcja\/#primaryimage","url":"","contentUrl":""},{"@type":"BreadcrumbList","@id":"https:\/\/colorfulcultures.co.uk\/pl\/rozwiazania-szkoleniowe\/rekrutacja-i-selekcja\/#breadcrumb","itemListElement":[{"@type":"ListItem","position":1,"name":"Home","item":"https:\/\/colorfulcultures.co.uk\/pl\/"},{"@type":"ListItem","position":2,"name":"Solutions","item":"https:\/\/colorfulcultures.co.uk\/pl\/rozwiazania-szkoleniowe\/"},{"@type":"ListItem","position":3,"name":"Rekrutacja i selekcja"}]},{"@type":"WebSite","@id":"https:\/\/colorfulcultures.co.uk\/pl\/#website","url":"https:\/\/colorfulcultures.co.uk\/pl\/","name":"Colorful Cultures PL","description":"","potentialAction":[{"@type":"SearchAction","target":{"@type":"EntryPoint","urlTemplate":"https:\/\/colorfulcultures.co.uk\/pl\/?s={search_term_string}"},"query-input":{"@type":"PropertyValueSpecification","valueRequired":true,"valueName":"search_term_string"}}],"inLanguage":"pl-PL"}]}},"_links":{"self":[{"href":"https:\/\/colorfulcultures.co.uk\/pl\/wp-json\/wp\/v2\/pages\/141","targetHints":{"allow":["GET"]}}],"collection":[{"href":"https:\/\/colorfulcultures.co.uk\/pl\/wp-json\/wp\/v2\/pages"}],"about":[{"href":"https:\/\/colorfulcultures.co.uk\/pl\/wp-json\/wp\/v2\/types\/page"}],"author":[{"embeddable":true,"href":"https:\/\/colorfulcultures.co.uk\/pl\/wp-json\/wp\/v2\/users\/1"}],"replies":[{"embeddable":true,"href":"https:\/\/colorfulcultures.co.uk\/pl\/wp-json\/wp\/v2\/comments?post=141"}],"version-history":[{"count":5,"href":"https:\/\/colorfulcultures.co.uk\/pl\/wp-json\/wp\/v2\/pages\/141\/revisions"}],"predecessor-version":[{"id":71499,"href":"https:\/\/colorfulcultures.co.uk\/pl\/wp-json\/wp\/v2\/pages\/141\/revisions\/71499"}],"up":[{"embeddable":true,"href":"https:\/\/colorfulcultures.co.uk\/pl\/wp-json\/wp\/v2\/pages\/73"}],"wp:featuredmedia":[{"embeddable":true,"href":"https:\/\/colorfulcultures.co.uk\/pl\/wp-json\/"}],"wp:attachment":[{"href":"https:\/\/colorfulcultures.co.uk\/pl\/wp-json\/wp\/v2\/media?parent=141"}],"curies":[{"name":"wp","href":"https:\/\/api.w.org\/{rel}","templated":true}]}}