{"id":130,"date":"2015-10-09T16:46:20","date_gmt":"2015-10-09T16:46:20","guid":{"rendered":"http:\/\/broker.commercegurus.com\/?page_id=130"},"modified":"2017-04-28T21:48:36","modified_gmt":"2017-04-28T19:48:36","slug":"program-odkryc","status":"publish","type":"page","link":"https:\/\/colorfulcultures.co.uk\/pl\/rozwiazania-szkoleniowe\/program-odkryc\/","title":{"rendered":"Program odkry\u0107"},"content":{"rendered":"<div class=\"wpb-content-wrapper\"><p>[vc_row type=&#8221;container&#8221; padding_top=&#8221;&#8221; padding_bottom=&#8221;&#8221; css=&#8221;.vc_custom_1449060063467{margin-bottom: 20px !important;}&#8221;][vc_column width=&#8221;1\/2&#8243;][vc_column_text]Program odkry\u0107 jest programem po\u015bwi\u0119conym temu, jak zarz\u0105dza\u0107 ca\u0142ym cyklem \u017cycia pracownika na ca\u0142ym \u015bwiecie z szczeg\u00f3lnym spojrzeniem na r\u00f3\u017cnice kulturowe.<\/p>\n<p>To jedyny program, kt\u00f3ry potrzebujesz, by\u0107 zacz\u0105\u0107 odnosi\u0107 sukcesy w przypadku outsourcingu projekt\u00f3w, otwierania biur lub pokonywania wyzwa\u0144 zwi\u0105zanych z Twoimi pracownikami za granic\u0105.[\/vc_column_text][\/vc_column][vc_column width=&#8221;1\/2&#8243; css=&#8221;.vc_custom_1449059997398{margin-bottom: 35px !important;}&#8221;][vc_single_image image=&#8221;71284&#8243; img_size=&#8221;full&#8221; add_caption=&#8221;yes&#8221; onclick=&#8221;link_image&#8221;][\/vc_column][\/vc_row][vc_row type=&#8221;container&#8221; padding_top=&#8221;&#8221; padding_bottom=&#8221;&#8221; css=&#8221;.vc_custom_1449060013623{margin-bottom: 0px !important;}&#8221;][vc_column][vc_separator color=&#8221;#e2e2e2&#8243; type=&#8221;normal&#8221; thickness=&#8221;1&#8243; up=&#8221;&#8221; down=&#8221;&#8221; el_class=&#8221;dotted&#8221;][\/vc_column][\/vc_row][vc_row type=&#8221;container&#8221; padding_top=&#8221;&#8221; padding_bottom=&#8221;&#8221;][vc_column][vc_column_text]Program jest kompletnym zbiorem dla specyficznych bran\u017c:<\/p>\n<ul>\n<li>produkcja,<\/li>\n<li>outsourcing proces\u00f3w biznesowych (BPO)<\/li>\n<li>IT<\/li>\n<\/ul>\n<p>[\/vc_column_text][\/vc_column][\/vc_row][vc_row type=&#8221;container&#8221;][vc_column][\/vc_column][\/vc_row][vc_row type=&#8221;container&#8221;][vc_column][vc_tta_tabs][vc_tta_section title=&#8221;PRODUKCJA&#8221; tab_id=&#8221;1487883067825-b1cd8b28-415c&#8221;][vc_column_text]<strong>Modu\u0142y:<\/strong><\/p>\n<ol>\n<li><strong>Rekrutacja i selekcja<\/strong> \u2013 g\u0142\u0119bokie spojrzenie na temat tego, jak przystosowa\u0107 Twoj\u0105 strategi\u0119 rekrutacyjn\u0105 do specyficznych rynk\u00f3w z uwzgl\u0119dnieniem tego, jak przygotowa\u0107 poszukiwania, przeprowadzi\u0107 rozmowy i zatrudni\u0107 w\u0142a\u015bciwych kandydat\u00f3w.<\/li>\n<li><strong>Integracja<\/strong> \u2013 jakie s\u0105 specyficzne oczekiwania pracownik\u00f3w w r\u00f3\u017cnych kulturach i jakie czynniki wp\u0142ywaj\u0105 na udan\u0105 integracj\u0119 w zespo\u0142ach.<\/li>\n<li><strong>Ocena wynik\u00f3w<\/strong> \u2013 jak przekaza\u0107 opinie i uzyska\u0107 zgod\u0119 na cele biznesowe.<\/li>\n<li><strong>Style zarz\u0105dzania<\/strong> \u2013 spojrzenie na preferowane style zarz\u0105dzania w r\u00f3\u017cnych kulturach, co ma pom\u00f3c Tobie zrozumie\u0107 zyski, ryzyka i r\u00f3\u017cnice pomi\u0119dzy globalnymi zespo\u0142ami zarz\u0105dzaj\u0105cymi.<\/li>\n<\/ol>\n<p>[\/vc_column_text][\/vc_tta_section][vc_tta_section title=&#8221;BPO&#8221; tab_id=&#8221;1487883048933-c9742e6a-8afd&#8221;][vc_column_text]<strong>Modu\u0142y:<\/strong><\/p>\n<ol>\n<li><strong>Rekrutacja i selekcja<\/strong> \u2013 g\u0142\u0119bokie spojrzenie na temat tego, jak przystosowa\u0107 Twoj\u0105 strategi\u0119 rekrutacyjn\u0105 do specyficznych rynk\u00f3w z uwzgl\u0119dnieniem tego, jak przygotowa\u0107 poszukiwania, przeprowadzi\u0107 rozmowy i zatrudni\u0107 w\u0142a\u015bciwych kandydat\u00f3w.<\/li>\n<li><strong>Integracja<\/strong> \u2013 jakie s\u0105 specyficzne oczekiwania pracownik\u00f3w w r\u00f3\u017cnych kulturach i jakie czynniki wp\u0142ywaj\u0105 na udan\u0105 integracj\u0119 w zespo\u0142ach.<\/li>\n<li><strong>Ocena wynik\u00f3w<\/strong> \u2013 jak przekaza\u0107 opinie i uzyska\u0107 zgod\u0119 na cele biznesowe.<\/li>\n<li><strong>Style zarz\u0105dzania<\/strong> \u2013 spojrzenie na preferowane style zarz\u0105dzania w r\u00f3\u017cnych kulturach, co ma pom\u00f3c Tobie zrozumie\u0107 zyski, ryzyka i r\u00f3\u017cnice pomi\u0119dzy globalnymi zespo\u0142ami zarz\u0105dzaj\u0105cymi.<\/li>\n<\/ol>\n<p>[\/vc_column_text][\/vc_tta_section][vc_tta_section title=&#8221;IT&#8221; tab_id=&#8221;1487883048984-8011b22e-d31a&#8221;][vc_column_text]<strong>Modu\u0142y:<\/strong><\/p>\n<ol>\n<li><strong>Rekrutacja i selekcja<\/strong> \u2013 g\u0142\u0119bokie spojrzenie na temat tego, jak przystosowa\u0107 Twoj\u0105 strategi\u0119 rekrutacyjn\u0105 do specyficznych rynk\u00f3w z uwzgl\u0119dnieniem tego, jak przygotowa\u0107 poszukiwania, przeprowadzi\u0107 rozmowy i zatrudni\u0107 w\u0142a\u015bciwych kandydat\u00f3w.<\/li>\n<li><strong>Integracja<\/strong> \u2013 jakie s\u0105 specyficzne oczekiwania pracownik\u00f3w w r\u00f3\u017cnych kulturach i jakie czynniki wp\u0142ywaj\u0105 na udan\u0105 integracj\u0119 w zespo\u0142ach.<\/li>\n<li><strong>Ocena wynik\u00f3w<\/strong> \u2013 jak przekaza\u0107 opinie i uzyska\u0107 zgod\u0119 na cele biznesowe.<\/li>\n<li><strong>Style zarz\u0105dzania<\/strong> \u2013 spojrzenie na preferowane style zarz\u0105dzania w r\u00f3\u017cnych kulturach, co ma pom\u00f3c Tobie zrozumie\u0107 zyski, ryzyka i r\u00f3\u017cnice pomi\u0119dzy globalnymi zespo\u0142ami zarz\u0105dzaj\u0105cymi.<\/li>\n<\/ol>\n<p>[\/vc_column_text][\/vc_tta_section][\/vc_tta_tabs][\/vc_column][\/vc_row]<\/p>\n<\/div>","protected":false},"excerpt":{"rendered":"<p>[vc_row type=&#8221;container&#8221; padding_top=&#8221;&#8221; padding_bottom=&#8221;&#8221; css=&#8221;.vc_custom_1449060063467{margin-bottom: 20px !important;}&#8221;][vc_column width=&#8221;1\/2&#8243;][vc_column_text]Program odkry\u0107 jest programem po\u015bwi\u0119conym temu, jak zarz\u0105dza\u0107 ca\u0142ym cyklem \u017cycia pracownika na ca\u0142ym \u015bwiecie z szczeg\u00f3lnym spojrzeniem na r\u00f3\u017cnice kulturowe. To jedyny program, kt\u00f3ry potrzebujesz, by\u0107 zacz\u0105\u0107 odnosi\u0107 sukcesy w przypadku outsourcingu projekt\u00f3w, otwierania biur lub pokonywania wyzwa\u0144 zwi\u0105zanych z Twoimi pracownikami za granic\u0105.[\/vc_column_text][\/vc_column][vc_column width=&#8221;1\/2&#8243; css=&#8221;.vc_custom_1449059997398{margin-bottom: 35px [&hellip;]<\/p>\n","protected":false},"author":1,"featured_media":70708,"parent":73,"menu_order":5,"comment_status":"closed","ping_status":"closed","template":"","meta":{"_acf_changed":false,"footnotes":""},"class_list":["post-130","page","type-page","status-publish","has-post-thumbnail","hentry"],"acf":[],"yoast_head":"<!-- This site is optimized with the Yoast SEO plugin v25.6 - https:\/\/yoast.com\/wordpress\/plugins\/seo\/ -->\n<title>Program odkry\u0107 - Colorful Cultures PL<\/title>\n<meta name=\"description\" content=\"Discovery Program is a program dedicated on how to manage the whole employee lifecycle across the globe with specific focus on cultural differences.\" \/>\n<meta name=\"robots\" content=\"index, follow, max-snippet:-1, max-image-preview:large, max-video-preview:-1\" \/>\n<link rel=\"canonical\" href=\"https:\/\/colorfulcultures.co.uk\/pl\/rozwiazania-szkoleniowe\/program-odkryc\/\" \/>\n<meta property=\"og:locale\" content=\"pl_PL\" \/>\n<meta property=\"og:type\" content=\"article\" \/>\n<meta property=\"og:title\" content=\"Program odkry\u0107 - Colorful Cultures PL\" \/>\n<meta property=\"og:description\" content=\"Discovery Program is a program dedicated on how to manage the whole employee lifecycle across the globe with specific focus on cultural differences.\" \/>\n<meta property=\"og:url\" content=\"https:\/\/colorfulcultures.co.uk\/pl\/rozwiazania-szkoleniowe\/program-odkryc\/\" \/>\n<meta property=\"og:site_name\" content=\"Colorful Cultures PL\" \/>\n<meta property=\"article:modified_time\" content=\"2017-04-28T19:48:36+00:00\" \/>\n<meta name=\"twitter:card\" content=\"summary_large_image\" \/>\n<meta name=\"twitter:label1\" content=\"Szacowany czas czytania\" \/>\n\t<meta name=\"twitter:data1\" content=\"3 minuty\" \/>\n<script type=\"application\/ld+json\" class=\"yoast-schema-graph\">{\"@context\":\"https:\/\/schema.org\",\"@graph\":[{\"@type\":\"WebPage\",\"@id\":\"https:\/\/colorfulcultures.co.uk\/pl\/rozwiazania-szkoleniowe\/program-odkryc\/\",\"url\":\"https:\/\/colorfulcultures.co.uk\/pl\/rozwiazania-szkoleniowe\/program-odkryc\/\",\"name\":\"Program odkry\u0107 - Colorful Cultures PL\",\"isPartOf\":{\"@id\":\"https:\/\/colorfulcultures.co.uk\/pl\/#website\"},\"primaryImageOfPage\":{\"@id\":\"https:\/\/colorfulcultures.co.uk\/pl\/rozwiazania-szkoleniowe\/program-odkryc\/#primaryimage\"},\"image\":{\"@id\":\"https:\/\/colorfulcultures.co.uk\/pl\/rozwiazania-szkoleniowe\/program-odkryc\/#primaryimage\"},\"thumbnailUrl\":\"\",\"datePublished\":\"2015-10-09T16:46:20+00:00\",\"dateModified\":\"2017-04-28T19:48:36+00:00\",\"description\":\"Discovery Program is a program dedicated on how to manage the whole employee lifecycle across the globe with specific focus on cultural differences.\",\"breadcrumb\":{\"@id\":\"https:\/\/colorfulcultures.co.uk\/pl\/rozwiazania-szkoleniowe\/program-odkryc\/#breadcrumb\"},\"inLanguage\":\"pl-PL\",\"potentialAction\":[{\"@type\":\"ReadAction\",\"target\":[\"https:\/\/colorfulcultures.co.uk\/pl\/rozwiazania-szkoleniowe\/program-odkryc\/\"]}]},{\"@type\":\"ImageObject\",\"inLanguage\":\"pl-PL\",\"@id\":\"https:\/\/colorfulcultures.co.uk\/pl\/rozwiazania-szkoleniowe\/program-odkryc\/#primaryimage\",\"url\":\"\",\"contentUrl\":\"\"},{\"@type\":\"BreadcrumbList\",\"@id\":\"https:\/\/colorfulcultures.co.uk\/pl\/rozwiazania-szkoleniowe\/program-odkryc\/#breadcrumb\",\"itemListElement\":[{\"@type\":\"ListItem\",\"position\":1,\"name\":\"Home\",\"item\":\"https:\/\/colorfulcultures.co.uk\/pl\/\"},{\"@type\":\"ListItem\",\"position\":2,\"name\":\"Solutions\",\"item\":\"https:\/\/colorfulcultures.co.uk\/pl\/rozwiazania-szkoleniowe\/\"},{\"@type\":\"ListItem\",\"position\":3,\"name\":\"Program odkry\u0107\"}]},{\"@type\":\"WebSite\",\"@id\":\"https:\/\/colorfulcultures.co.uk\/pl\/#website\",\"url\":\"https:\/\/colorfulcultures.co.uk\/pl\/\",\"name\":\"Colorful Cultures PL\",\"description\":\"\",\"potentialAction\":[{\"@type\":\"SearchAction\",\"target\":{\"@type\":\"EntryPoint\",\"urlTemplate\":\"https:\/\/colorfulcultures.co.uk\/pl\/?s={search_term_string}\"},\"query-input\":{\"@type\":\"PropertyValueSpecification\",\"valueRequired\":true,\"valueName\":\"search_term_string\"}}],\"inLanguage\":\"pl-PL\"}]}<\/script>\n<!-- \/ Yoast SEO plugin. -->","yoast_head_json":{"title":"Program odkry\u0107 - Colorful Cultures PL","description":"Discovery Program is a program dedicated on how to manage the whole employee lifecycle across the globe with specific focus on cultural differences.","robots":{"index":"index","follow":"follow","max-snippet":"max-snippet:-1","max-image-preview":"max-image-preview:large","max-video-preview":"max-video-preview:-1"},"canonical":"https:\/\/colorfulcultures.co.uk\/pl\/rozwiazania-szkoleniowe\/program-odkryc\/","og_locale":"pl_PL","og_type":"article","og_title":"Program odkry\u0107 - Colorful Cultures PL","og_description":"Discovery Program is a program dedicated on how to manage the whole employee lifecycle across the globe with specific focus on cultural differences.","og_url":"https:\/\/colorfulcultures.co.uk\/pl\/rozwiazania-szkoleniowe\/program-odkryc\/","og_site_name":"Colorful Cultures PL","article_modified_time":"2017-04-28T19:48:36+00:00","twitter_card":"summary_large_image","twitter_misc":{"Szacowany czas czytania":"3 minuty"},"schema":{"@context":"https:\/\/schema.org","@graph":[{"@type":"WebPage","@id":"https:\/\/colorfulcultures.co.uk\/pl\/rozwiazania-szkoleniowe\/program-odkryc\/","url":"https:\/\/colorfulcultures.co.uk\/pl\/rozwiazania-szkoleniowe\/program-odkryc\/","name":"Program odkry\u0107 - Colorful Cultures PL","isPartOf":{"@id":"https:\/\/colorfulcultures.co.uk\/pl\/#website"},"primaryImageOfPage":{"@id":"https:\/\/colorfulcultures.co.uk\/pl\/rozwiazania-szkoleniowe\/program-odkryc\/#primaryimage"},"image":{"@id":"https:\/\/colorfulcultures.co.uk\/pl\/rozwiazania-szkoleniowe\/program-odkryc\/#primaryimage"},"thumbnailUrl":"","datePublished":"2015-10-09T16:46:20+00:00","dateModified":"2017-04-28T19:48:36+00:00","description":"Discovery Program is a program dedicated on how to manage the whole employee lifecycle across the globe with specific focus on cultural differences.","breadcrumb":{"@id":"https:\/\/colorfulcultures.co.uk\/pl\/rozwiazania-szkoleniowe\/program-odkryc\/#breadcrumb"},"inLanguage":"pl-PL","potentialAction":[{"@type":"ReadAction","target":["https:\/\/colorfulcultures.co.uk\/pl\/rozwiazania-szkoleniowe\/program-odkryc\/"]}]},{"@type":"ImageObject","inLanguage":"pl-PL","@id":"https:\/\/colorfulcultures.co.uk\/pl\/rozwiazania-szkoleniowe\/program-odkryc\/#primaryimage","url":"","contentUrl":""},{"@type":"BreadcrumbList","@id":"https:\/\/colorfulcultures.co.uk\/pl\/rozwiazania-szkoleniowe\/program-odkryc\/#breadcrumb","itemListElement":[{"@type":"ListItem","position":1,"name":"Home","item":"https:\/\/colorfulcultures.co.uk\/pl\/"},{"@type":"ListItem","position":2,"name":"Solutions","item":"https:\/\/colorfulcultures.co.uk\/pl\/rozwiazania-szkoleniowe\/"},{"@type":"ListItem","position":3,"name":"Program odkry\u0107"}]},{"@type":"WebSite","@id":"https:\/\/colorfulcultures.co.uk\/pl\/#website","url":"https:\/\/colorfulcultures.co.uk\/pl\/","name":"Colorful Cultures PL","description":"","potentialAction":[{"@type":"SearchAction","target":{"@type":"EntryPoint","urlTemplate":"https:\/\/colorfulcultures.co.uk\/pl\/?s={search_term_string}"},"query-input":{"@type":"PropertyValueSpecification","valueRequired":true,"valueName":"search_term_string"}}],"inLanguage":"pl-PL"}]}},"_links":{"self":[{"href":"https:\/\/colorfulcultures.co.uk\/pl\/wp-json\/wp\/v2\/pages\/130","targetHints":{"allow":["GET"]}}],"collection":[{"href":"https:\/\/colorfulcultures.co.uk\/pl\/wp-json\/wp\/v2\/pages"}],"about":[{"href":"https:\/\/colorfulcultures.co.uk\/pl\/wp-json\/wp\/v2\/types\/page"}],"author":[{"embeddable":true,"href":"https:\/\/colorfulcultures.co.uk\/pl\/wp-json\/wp\/v2\/users\/1"}],"replies":[{"embeddable":true,"href":"https:\/\/colorfulcultures.co.uk\/pl\/wp-json\/wp\/v2\/comments?post=130"}],"version-history":[{"count":2,"href":"https:\/\/colorfulcultures.co.uk\/pl\/wp-json\/wp\/v2\/pages\/130\/revisions"}],"predecessor-version":[{"id":71451,"href":"https:\/\/colorfulcultures.co.uk\/pl\/wp-json\/wp\/v2\/pages\/130\/revisions\/71451"}],"up":[{"embeddable":true,"href":"https:\/\/colorfulcultures.co.uk\/pl\/wp-json\/wp\/v2\/pages\/73"}],"wp:featuredmedia":[{"embeddable":true,"href":"https:\/\/colorfulcultures.co.uk\/pl\/wp-json\/"}],"wp:attachment":[{"href":"https:\/\/colorfulcultures.co.uk\/pl\/wp-json\/wp\/v2\/media?parent=130"}],"curies":[{"name":"wp","href":"https:\/\/api.w.org\/{rel}","templated":true}]}}