{"id":122,"date":"2015-10-09T16:17:48","date_gmt":"2015-10-09T16:17:48","guid":{"rendered":"http:\/\/broker.commercegurus.com\/?page_id=122"},"modified":"2017-04-30T11:39:14","modified_gmt":"2017-04-30T09:39:14","slug":"szkolenia-strategiczne","status":"publish","type":"page","link":"https:\/\/colorfulcultures.co.uk\/pl\/rozwiazania-szkoleniowe\/szkolenia-strategiczne\/","title":{"rendered":"Szkolenia strategiczne"},"content":{"rendered":"<div class=\"wpb-content-wrapper\"><p>[vc_row type=&#8221;container&#8221; padding_top=&#8221;&#8221; padding_bottom=&#8221;&#8221; css=&#8221;.vc_custom_1449063077218{margin-bottom: 20px !important;}&#8221;][vc_column width=&#8221;1\/2&#8243;][vc_column_text]<\/p>\n<p id=\"yui_3_16_0_ym19_1_1487788024699_86987\" class=\"yiv5931834558MsoNormal\">Konkurowanie w sprzeda\u017cy wymaga strategii, ci\u0105g\u0142ego zarz\u0105dzenia ze strony kierownika oraz m\u0105drzejszego i szybszego optymalizowania wydajno\u015bci ni\u017c reszta rynku po to, by m\u00f3c przetrwa\u0107 i rosn\u0105\u0107. Osi\u0105gni\u0119cie nast\u0119pnego poziomu przez firmy zale\u017cy zar\u00f3wno od strategii, jak i umiej\u0119tno\u015bci kierownika skierowanych na ludzi.<\/p>\n<p>[\/vc_column_text][\/vc_column][vc_column width=&#8221;1\/2&#8243;][vc_single_image image=&#8221;71135&#8243; img_size=&#8221;full&#8221; add_caption=&#8221;yes&#8221; onclick=&#8221;link_image&#8221;][\/vc_column][\/vc_row][vc_row type=&#8221;container&#8221; padding_top=&#8221;&#8221; padding_bottom=&#8221;&#8221; css=&#8221;.vc_custom_1444504420319{margin-bottom: 0px !important;}&#8221;][vc_column][vc_separator color=&#8221;#e2e2e2&#8243; type=&#8221;normal&#8221; thickness=&#8221;1&#8243; up=&#8221;&#8221; down=&#8221;&#8221; el_class=&#8221;dotted&#8221;][\/vc_column][\/vc_row][vc_row type=&#8221;container&#8221; padding_top=&#8221;&#8221; padding_bottom=&#8221;&#8221;][vc_column][vc_column_text][\/vc_column_text][\/vc_column][\/vc_row][vc_row type=&#8221;container&#8221;][vc_column][vc_tta_tour][vc_tta_section title=&#8221;MY\u015aLENIE STRATEGICZNE&#8221; tab_id=&#8221;1487800541857-f64c62b4-1d44&#8243;][vc_column_text]Autorzy wizjonerskich strategii opracowali nast\u0119puj\u0105ce scenariusze dla bran\u017cy: wzmocnienie ocala\u0142ego, selekcja rynkowa, starcie gigant\u00f3w,\u00a0 wytw\u00f3rczy bazar \u2013 Nelson i van dem Dam.<\/p>\n<p>Niezale\u017cnie od tego, kt\u00f3ry scenariusz oka\u017ce si\u0119 prawdziwy, jedna rzecz jest pewna: firmy, kt\u00f3re przetrwaj\u0105 b\u0119d\u0105 prowadzone przez kierownik\u00f3w, kt\u00f3rzy maj\u0105 umiej\u0119tno\u015bci, kompetencje i wizj\u0119 do przewidywania i przewodniczenia przez ci\u0105g\u0142e zmiany i niejednoznaczno\u015bci. To za\u0142o\u017cenie pozostaje prawdziwe dla wszystkich warstw kierowniczych \u2013 od pierwszej linii a\u017c po wy\u017csz\u0105 kadr\u0119, kierownicy musz\u0105 by\u0107 zdolni do tworzenia strategii, kt\u00f3re zawsze b\u0119d\u0105 dostosowywa\u0107 do ci\u0105gle zmieniaj\u0105cych si\u0119 trend\u00f3w w bran\u017cy.<\/p>\n<p>Na podstawie powy\u017cszego, warsztaty s\u0105 zaprojektowane tak, by pozna\u0107 wielkie wyzwania wsp\u00f3\u0142czesnej bran\u017cy z punktu widzenia rozwoju kierownik\u00f3w. Opisane rozwi\u0105zania szkoleniowe zosta\u0142y zaprojektowane po to, by doszkoli\u0107 uczestnik\u00f3w z kompleksowymi umiej\u0119tno\u015bciami i narz\u0119dziami oraz po to, by zmienili oni perspektyw\u0119 my\u015blenia na biznesow\u0105, sprostali i pokonali konkretne lub niespodziewane wyzwania.<\/p>\n<p>Co zyskasz:<\/p>\n<ul>\n<li>Skonstruujesz swoje my\u015blenie jako zarz\u0105dzaj\u0105cego,<\/li>\n<li>Okre\u015blisz biznesowe mo\u017cliwo\u015bci i b\u0119dziesz je wykorzystywa\u0142,<\/li>\n<li>Umocnisz umiej\u0119tno\u015bci analizowania, planowania i komunikowania w \u015brodowisku biznesowym,<\/li>\n<li>Wypr\u00f3bujesz r\u00f3\u017cne role i podej\u015bcia do osi\u0105gni\u0119cia cel\u00f3w dodatkowych.<\/li>\n<\/ul>\n<p>[\/vc_column_text][\/vc_tta_section][vc_tta_section title=&#8221;KREATYWNE ROZWI\u0104ZYWANIE<br \/>\nPROBLEM\u00d3W&#8221; tab_id=&#8221;1487800541920-44bde83f-a135&#8243;][vc_column_text]Kreatywne rozwi\u0105zywanie problem\u00f3w jest jedn\u0105 z tych umiej\u0119tno\u015bci, kt\u00f3re nie mog\u0105 by\u0107 po prostu wymuszone. Im bardziej si\u0119 starasz, tym s\u0142absze b\u0119d\u0105 Twoje umiej\u0119tno\u015bci kreatywnego rozwi\u0105zywania problem\u00f3w.<\/p>\n<p>Dow\u00f3d jest jasny \u2013 jak Einstein wymy\u015bli\u0142by swoj\u0105 teori\u0119 wzgl\u0119dno\u015bci \u2013 bij\u0105c swoj\u0105 g\u0142ow\u0105 w mur? Nie! Zrobi\u0142 to we \u015bnie, gdy przy\u015bni\u0142o mu si\u0119 surfowanie wzd\u0142u\u017c promienia \u015bwiat\u0142a!<\/p>\n<p>Zawsze pami\u0119taj: im bardziej si\u0119 b\u0119dziesz stresowa\u0107 i b\u0119dziesz czu\u0142 presj\u0119 czasu, tym b\u0119dziesz sobie gorzej radzi\u0142 z rozwi\u0105zywaniem problem\u00f3w w spos\u00f3b kreatywny. Ale w obecnych miejscach pracy te osoby, kt\u00f3re potrafi\u0105 stworzy\u0107 najskuteczniejsze, kreatywne pomys\u0142y s\u0105 najcz\u0119\u015bciej najlepiej wynagradzane; wi\u0119c w jaki spos\u00f3b mo\u017cesz poprawi\u0107 swoje umiej\u0119tno\u015bci kreatywnego rozwi\u0105zywania problem\u00f3w bez stresowania si\u0119 nimi?<\/p>\n<p>Do cel\u00f3w biznesowych b\u0119dziesz potrzebowa\u0142 szalonych metod od czasu do czasu; zw\u0142aszcza, gdy b\u0119dziesz opracowywa\u0142 strategi\u0119 rynkow\u0105, produkty, trendy otoczenia, polepszaj\u0105ce si\u0119 procesy lub zmiany wizji.<\/p>\n<p>Kreatywne rozwi\u0105zywanie problem\u00f3w jest drog\u0105 my\u015blenia i post\u0119powania.<\/p>\n<p>Kreatywno\u015b\u0107 ma na celu zawiera\u0107 pewien element nowo\u015bci i unikalno\u015bci, przynajmniej dla osoby, kt\u00f3ra tworzy konkretne rozwi\u0105zanie; ma tak\u017ce swoj\u0105 warto\u015b\u0107 i znaczenie.<\/p>\n<p>Co zyskasz:<\/p>\n<ul>\n<li>Zastosujesz umiej\u0119tno\u015bci my\u015blenia kreatywnego do rozwi\u0105zywania codziennych problem\u00f3w,<\/li>\n<li>Zastosujesz metody zorganizowane do tworzenia rozwi\u0105za\u0144 problem\u00f3w,<\/li>\n<li>Ustalisz, jak dzia\u0142a sze\u015b\u0107 technik kreatywnego rozwi\u0105zywania problem\u00f3w,<\/li>\n<\/ul>\n<p>[\/vc_column_text][\/vc_tta_section][vc_tta_section title=&#8221;PODEJMOWANIE DECYZJI&#8221; tab_id=&#8221;1487802054914-7fec2104-70a7&#8243;][vc_column_text]Czy ciekawi Ci\u0119, dlaczego Twoje decyzje nie s\u0105 akceptowane przez Twoich partner\u00f3w znajduj\u0105cych si\u0119 daleko od Twojego biura?<\/p>\n<p>Z\u0142o\u015bcisz si\u0119, bo menad\u017cerowie nie zgadzaj\u0105 si\u0119 na zastosowanie rozwi\u0105zania dop\u00f3ki nie jest na nie za p\u00f3\u017ano?<\/p>\n<p>Podj\u0119cie powa\u017cnej decyzji biznesowej wymaga zar\u00f3wno umiej\u0119tno\u015bci analitycznych, jak i si\u0142y do przekonania innych do jej przestrzegania. Jednak\u017ce wszyscy wiemy, \u017ce ludzie maj\u0105 r\u00f3\u017cne cele, zainteresowania, wzorce my\u015blenia lub sposoby oceny decyzji, co czyni spraw\u0119 znacznie bardziej skomplikowan\u0105.<\/p>\n<p>Wi\u0119kszo\u015b\u0107 szkole\u0144 z technik podejmowania decyzji koncentruje si\u0119 na racjonalnym sposobie rozpatrywania wszystkich fakt\u00f3w zanim zostan\u0105 podj\u0119te jakiekolwiek czynno\u015bci. To dobre za\u0142o\u017cenie, ale rzadko si\u0119 sprawdza w praktyce, zw\u0142aszcza, gdy decyzje trzeba podejmowa\u0107 w zespole mi\u0119dzykulturowym.<\/p>\n<p>W Japonii istnieje szczeg\u00f3lna metoda uzgadniania decyzji, w Stanach Zjednoczonych spotyka si\u0119 zupe\u0142nie inne post\u0119powanie, podczas gdy w Indiach podejmowanie decyzji zale\u017cy od stanowiska, jakie si\u0119 posiada. I ta lista r\u00f3\u017cnic ro\u015bnie. Jak si\u0119 w tym wszystkim odnale\u017a\u0107?<\/p>\n<p>Nasze szkolenie z podejmowania decyzji skupia si\u0119 na g\u0142\u00f3wnych r\u00f3\u017cnicach pomi\u0119dzy menad\u017cerami i cz\u0142onkami zespo\u0142u, kt\u00f3rzy musz\u0105 si\u0119 spotka\u0107 ze sob\u0105 podczas pracy w zespo\u0142ach mi\u0119dzykulturowych.<\/p>\n<p>Co zyskasz:<\/p>\n<ul>\n<li>\u015awie\u017ce spojrzenie na cztery g\u0142\u00f3wne sposoby podejmowania decyzji pomi\u0119dzy kulturami,<\/li>\n<li>Odpowied\u017a na pytanie, jak przedstawi\u0107 decyzje, \u017ceby zosta\u0142y \u0142atwo przyj\u0119te,<\/li>\n<li>Jak zaanga\u017cowa\u0107 ludzi ze specyficznych kultur do skutecznych analiz decyzyjnych.<\/li>\n<\/ul>\n<p>[\/vc_column_text][\/vc_tta_section][\/vc_tta_tour][\/vc_column][\/vc_row][vc_row type=&#8221;container&#8221;][vc_column][vc_tta_tabs][vc_tta_section title=&#8221;METODOLOGIA&#8221; tab_id=&#8221;1487015306141-82e56fef-1a76&#8243;][vc_column_text]<\/p>\n<ul>\n<li>filmy<\/li>\n<li>dyskusja grupowa<\/li>\n<li>\u0107wicze\u0144 praktycznych<\/li>\n<\/ul>\n<p>[\/vc_column_text][\/vc_tta_section][vc_tta_section title=&#8221;CZAS TRWANIA&#8221; tab_id=&#8221;1487015463018-a0cf80d8-289d&#8221;][vc_column_text]8\u00a0<span lang=\"pl\">godziny<\/span>[\/vc_column_text][\/vc_tta_section][vc_tta_section title=&#8221;CEL PUBLIKI&#8221; tab_id=&#8221;1487015489455-2cf94576-5e73&#8243;][vc_column_text]<\/p>\n<ul>\n<li>Lead Associate<\/li>\n<li>Analyst, Managers<\/li>\n<\/ul>\n<p>[\/vc_column_text][\/vc_tta_section][vc_tta_section title=&#8221;ROZMIAR GRUPY&#8221; tab_id=&#8221;1487015519501-07bbdb38-08ff&#8221;][vc_column_text]<\/p>\n<ul>\n<li>Min &#8211; 8<\/li>\n<li>Max &#8211; 16<\/li>\n<\/ul>\n<p>[\/vc_column_text][\/vc_tta_section][\/vc_tta_tabs][\/vc_column][\/vc_row]<\/p>\n<\/div>","protected":false},"excerpt":{"rendered":"<p>[vc_row type=&#8221;container&#8221; padding_top=&#8221;&#8221; padding_bottom=&#8221;&#8221; css=&#8221;.vc_custom_1449063077218{margin-bottom: 20px !important;}&#8221;][vc_column width=&#8221;1\/2&#8243;][vc_column_text] Konkurowanie w sprzeda\u017cy wymaga strategii, ci\u0105g\u0142ego zarz\u0105dzenia ze strony kierownika oraz m\u0105drzejszego i szybszego optymalizowania wydajno\u015bci ni\u017c reszta rynku po to, by m\u00f3c przetrwa\u0107 i rosn\u0105\u0107. Osi\u0105gni\u0119cie nast\u0119pnego poziomu przez firmy zale\u017cy zar\u00f3wno od strategii, jak i umiej\u0119tno\u015bci kierownika skierowanych na ludzi. [\/vc_column_text][\/vc_column][vc_column width=&#8221;1\/2&#8243;][vc_single_image image=&#8221;71135&#8243; img_size=&#8221;full&#8221; add_caption=&#8221;yes&#8221; [&hellip;]<\/p>\n","protected":false},"author":1,"featured_media":70695,"parent":73,"menu_order":2,"comment_status":"closed","ping_status":"closed","template":"","meta":{"_acf_changed":false,"footnotes":""},"class_list":["post-122","page","type-page","status-publish","has-post-thumbnail","hentry"],"acf":[],"yoast_head":"<!-- This site is optimized with the Yoast SEO plugin v25.6 - https:\/\/yoast.com\/wordpress\/plugins\/seo\/ -->\n<title>Strategy Trainings - the perfect choice for your company | Colorful Cultures<\/title>\n<meta name=\"description\" content=\"As the competition on the sales side requires continuous management, the strategy trainings offered by Colorful Cultures are the perfect choice for your you\" \/>\n<meta name=\"robots\" content=\"index, follow, max-snippet:-1, max-image-preview:large, max-video-preview:-1\" \/>\n<link rel=\"canonical\" href=\"https:\/\/colorfulcultures.co.uk\/pl\/rozwiazania-szkoleniowe\/szkolenia-strategiczne\/\" \/>\n<meta property=\"og:locale\" content=\"pl_PL\" \/>\n<meta property=\"og:type\" content=\"article\" \/>\n<meta property=\"og:title\" content=\"Strategy Trainings - the perfect choice for your company | Colorful Cultures\" \/>\n<meta property=\"og:description\" content=\"As the competition on the sales side requires continuous management, the strategy trainings offered by Colorful Cultures are the perfect choice for your you\" \/>\n<meta property=\"og:url\" content=\"https:\/\/colorfulcultures.co.uk\/pl\/rozwiazania-szkoleniowe\/szkolenia-strategiczne\/\" \/>\n<meta property=\"og:site_name\" content=\"Colorful Cultures PL\" \/>\n<meta property=\"article:modified_time\" content=\"2017-04-30T09:39:14+00:00\" \/>\n<meta name=\"twitter:card\" content=\"summary_large_image\" \/>\n<meta name=\"twitter:label1\" content=\"Szacowany czas czytania\" \/>\n\t<meta name=\"twitter:data1\" content=\"5 minut\" \/>\n<script type=\"application\/ld+json\" class=\"yoast-schema-graph\">{\"@context\":\"https:\/\/schema.org\",\"@graph\":[{\"@type\":\"WebPage\",\"@id\":\"https:\/\/colorfulcultures.co.uk\/pl\/rozwiazania-szkoleniowe\/szkolenia-strategiczne\/\",\"url\":\"https:\/\/colorfulcultures.co.uk\/pl\/rozwiazania-szkoleniowe\/szkolenia-strategiczne\/\",\"name\":\"Strategy Trainings - the perfect choice for your company | Colorful Cultures\",\"isPartOf\":{\"@id\":\"https:\/\/colorfulcultures.co.uk\/pl\/#website\"},\"primaryImageOfPage\":{\"@id\":\"https:\/\/colorfulcultures.co.uk\/pl\/rozwiazania-szkoleniowe\/szkolenia-strategiczne\/#primaryimage\"},\"image\":{\"@id\":\"https:\/\/colorfulcultures.co.uk\/pl\/rozwiazania-szkoleniowe\/szkolenia-strategiczne\/#primaryimage\"},\"thumbnailUrl\":\"\",\"datePublished\":\"2015-10-09T16:17:48+00:00\",\"dateModified\":\"2017-04-30T09:39:14+00:00\",\"description\":\"As the competition on the sales side requires continuous management, the strategy trainings offered by Colorful Cultures are the perfect choice for your you\",\"breadcrumb\":{\"@id\":\"https:\/\/colorfulcultures.co.uk\/pl\/rozwiazania-szkoleniowe\/szkolenia-strategiczne\/#breadcrumb\"},\"inLanguage\":\"pl-PL\",\"potentialAction\":[{\"@type\":\"ReadAction\",\"target\":[\"https:\/\/colorfulcultures.co.uk\/pl\/rozwiazania-szkoleniowe\/szkolenia-strategiczne\/\"]}]},{\"@type\":\"ImageObject\",\"inLanguage\":\"pl-PL\",\"@id\":\"https:\/\/colorfulcultures.co.uk\/pl\/rozwiazania-szkoleniowe\/szkolenia-strategiczne\/#primaryimage\",\"url\":\"\",\"contentUrl\":\"\"},{\"@type\":\"BreadcrumbList\",\"@id\":\"https:\/\/colorfulcultures.co.uk\/pl\/rozwiazania-szkoleniowe\/szkolenia-strategiczne\/#breadcrumb\",\"itemListElement\":[{\"@type\":\"ListItem\",\"position\":1,\"name\":\"Home\",\"item\":\"https:\/\/colorfulcultures.co.uk\/pl\/\"},{\"@type\":\"ListItem\",\"position\":2,\"name\":\"Solutions\",\"item\":\"https:\/\/colorfulcultures.co.uk\/pl\/rozwiazania-szkoleniowe\/\"},{\"@type\":\"ListItem\",\"position\":3,\"name\":\"Szkolenia strategiczne\"}]},{\"@type\":\"WebSite\",\"@id\":\"https:\/\/colorfulcultures.co.uk\/pl\/#website\",\"url\":\"https:\/\/colorfulcultures.co.uk\/pl\/\",\"name\":\"Colorful Cultures PL\",\"description\":\"\",\"potentialAction\":[{\"@type\":\"SearchAction\",\"target\":{\"@type\":\"EntryPoint\",\"urlTemplate\":\"https:\/\/colorfulcultures.co.uk\/pl\/?s={search_term_string}\"},\"query-input\":{\"@type\":\"PropertyValueSpecification\",\"valueRequired\":true,\"valueName\":\"search_term_string\"}}],\"inLanguage\":\"pl-PL\"}]}<\/script>\n<!-- \/ Yoast SEO plugin. -->","yoast_head_json":{"title":"Strategy Trainings - the perfect choice for your company | Colorful Cultures","description":"As the competition on the sales side requires continuous management, the strategy trainings offered by Colorful Cultures are the perfect choice for your you","robots":{"index":"index","follow":"follow","max-snippet":"max-snippet:-1","max-image-preview":"max-image-preview:large","max-video-preview":"max-video-preview:-1"},"canonical":"https:\/\/colorfulcultures.co.uk\/pl\/rozwiazania-szkoleniowe\/szkolenia-strategiczne\/","og_locale":"pl_PL","og_type":"article","og_title":"Strategy Trainings - the perfect choice for your company | Colorful Cultures","og_description":"As the competition on the sales side requires continuous management, the strategy trainings offered by Colorful Cultures are the perfect choice for your you","og_url":"https:\/\/colorfulcultures.co.uk\/pl\/rozwiazania-szkoleniowe\/szkolenia-strategiczne\/","og_site_name":"Colorful Cultures PL","article_modified_time":"2017-04-30T09:39:14+00:00","twitter_card":"summary_large_image","twitter_misc":{"Szacowany czas czytania":"5 minut"},"schema":{"@context":"https:\/\/schema.org","@graph":[{"@type":"WebPage","@id":"https:\/\/colorfulcultures.co.uk\/pl\/rozwiazania-szkoleniowe\/szkolenia-strategiczne\/","url":"https:\/\/colorfulcultures.co.uk\/pl\/rozwiazania-szkoleniowe\/szkolenia-strategiczne\/","name":"Strategy Trainings - the perfect choice for your company | Colorful Cultures","isPartOf":{"@id":"https:\/\/colorfulcultures.co.uk\/pl\/#website"},"primaryImageOfPage":{"@id":"https:\/\/colorfulcultures.co.uk\/pl\/rozwiazania-szkoleniowe\/szkolenia-strategiczne\/#primaryimage"},"image":{"@id":"https:\/\/colorfulcultures.co.uk\/pl\/rozwiazania-szkoleniowe\/szkolenia-strategiczne\/#primaryimage"},"thumbnailUrl":"","datePublished":"2015-10-09T16:17:48+00:00","dateModified":"2017-04-30T09:39:14+00:00","description":"As the competition on the sales side requires continuous management, the strategy trainings offered by Colorful Cultures are the perfect choice for your you","breadcrumb":{"@id":"https:\/\/colorfulcultures.co.uk\/pl\/rozwiazania-szkoleniowe\/szkolenia-strategiczne\/#breadcrumb"},"inLanguage":"pl-PL","potentialAction":[{"@type":"ReadAction","target":["https:\/\/colorfulcultures.co.uk\/pl\/rozwiazania-szkoleniowe\/szkolenia-strategiczne\/"]}]},{"@type":"ImageObject","inLanguage":"pl-PL","@id":"https:\/\/colorfulcultures.co.uk\/pl\/rozwiazania-szkoleniowe\/szkolenia-strategiczne\/#primaryimage","url":"","contentUrl":""},{"@type":"BreadcrumbList","@id":"https:\/\/colorfulcultures.co.uk\/pl\/rozwiazania-szkoleniowe\/szkolenia-strategiczne\/#breadcrumb","itemListElement":[{"@type":"ListItem","position":1,"name":"Home","item":"https:\/\/colorfulcultures.co.uk\/pl\/"},{"@type":"ListItem","position":2,"name":"Solutions","item":"https:\/\/colorfulcultures.co.uk\/pl\/rozwiazania-szkoleniowe\/"},{"@type":"ListItem","position":3,"name":"Szkolenia strategiczne"}]},{"@type":"WebSite","@id":"https:\/\/colorfulcultures.co.uk\/pl\/#website","url":"https:\/\/colorfulcultures.co.uk\/pl\/","name":"Colorful Cultures PL","description":"","potentialAction":[{"@type":"SearchAction","target":{"@type":"EntryPoint","urlTemplate":"https:\/\/colorfulcultures.co.uk\/pl\/?s={search_term_string}"},"query-input":{"@type":"PropertyValueSpecification","valueRequired":true,"valueName":"search_term_string"}}],"inLanguage":"pl-PL"}]}},"_links":{"self":[{"href":"https:\/\/colorfulcultures.co.uk\/pl\/wp-json\/wp\/v2\/pages\/122","targetHints":{"allow":["GET"]}}],"collection":[{"href":"https:\/\/colorfulcultures.co.uk\/pl\/wp-json\/wp\/v2\/pages"}],"about":[{"href":"https:\/\/colorfulcultures.co.uk\/pl\/wp-json\/wp\/v2\/types\/page"}],"author":[{"embeddable":true,"href":"https:\/\/colorfulcultures.co.uk\/pl\/wp-json\/wp\/v2\/users\/1"}],"replies":[{"embeddable":true,"href":"https:\/\/colorfulcultures.co.uk\/pl\/wp-json\/wp\/v2\/comments?post=122"}],"version-history":[{"count":4,"href":"https:\/\/colorfulcultures.co.uk\/pl\/wp-json\/wp\/v2\/pages\/122\/revisions"}],"predecessor-version":[{"id":71498,"href":"https:\/\/colorfulcultures.co.uk\/pl\/wp-json\/wp\/v2\/pages\/122\/revisions\/71498"}],"up":[{"embeddable":true,"href":"https:\/\/colorfulcultures.co.uk\/pl\/wp-json\/wp\/v2\/pages\/73"}],"wp:featuredmedia":[{"embeddable":true,"href":"https:\/\/colorfulcultures.co.uk\/pl\/wp-json\/"}],"wp:attachment":[{"href":"https:\/\/colorfulcultures.co.uk\/pl\/wp-json\/wp\/v2\/media?parent=122"}],"curies":[{"name":"wp","href":"https:\/\/api.w.org\/{rel}","templated":true}]}}