{"id":71,"date":"2015-10-07T17:14:28","date_gmt":"2015-10-07T17:14:28","guid":{"rendered":"http:\/\/broker.commercegurus.com\/?page_id=71"},"modified":"2017-05-08T23:14:18","modified_gmt":"2017-05-08T20:14:18","slug":"la-nostra-squadra","status":"publish","type":"page","link":"https:\/\/colorfulcultures.co.uk\/it\/la-nostra-squadra\/","title":{"rendered":"La nostra squadra"},"content":{"rendered":"<div class=\"wpb-content-wrapper\"><p>[vc_row type=&#8221;full_page_width_inner_container&#8221; padding_top=&#8221;&#8221; padding_bottom=&#8221;&#8221; css=&#8221;.vc_custom_1451763469780{padding-top: 60px !important;padding-bottom: 20px !important;}&#8221; el_class=&#8221;overflow-visible&#8221;][vc_column width=&#8221;1\/6&#8243;][\/vc_column][vc_column width=&#8221;2\/3&#8243;][vc_custom_heading text=&#8221;SQUADRA&#8221; font_container=&#8221;tag:p|font_size:40px|text_align:center|color:%23333333|line_height:50px&#8221; use_theme_fonts=&#8221;yes&#8221; css=&#8221;.vc_custom_1492975367849{margin-bottom: 25px !important;padding-top: 20px !important;}&#8221; el_class=&#8221;lighter-weight&#8221;][vc_column_text]<\/p>\n<p style=\"text-align: center;\"><span style=\"color: #999999;\">\u00a0 &#8220;L&#8217;impegno individuale per uno sforzo di gruppo: \u00e8 ci\u00f2 che rende un lavoro di squadra, un lavoro aziendale, un lavoro di societ\u00e0, un lavoro di civilt\u00e0&#8221;<\/span><\/p>\n<p style=\"text-align: center;\"><span style=\"color: #999999;\">Vince Lombardi<\/span><\/p>\n<p>[\/vc_column_text][\/vc_column][vc_column width=&#8221;1\/6&#8243;][\/vc_column][\/vc_row][vc_row type=&#8221;container&#8221; padding_top=&#8221;&#8221; padding_bottom=&#8221;&#8221; css=&#8221;.vc_custom_1451764030930{margin-bottom: 30px !important;}&#8221;][vc_column width=&#8221;1\/6&#8243;][\/vc_column][vc_column width=&#8221;2\/3&#8243;][vc_single_image image=&#8221;71053&#8243; img_size=&#8221;full&#8221; alignment=&#8221;center&#8221; css=&#8221;.vc_custom_1486906295505{margin-bottom: 35px !important;}&#8221;][vc_column_text]<\/p>\n<h3 style=\"text-align: center;\">La bellezza del mondo \u00e8 nella diversit\u00e0 della sua gente<\/h3>\n<p>[\/vc_column_text][\/vc_column][vc_column width=&#8221;1\/6&#8243;][\/vc_column][\/vc_row][vc_row type=&#8221;full_page_width&#8221; padding_top=&#8221;&#8221; padding_bottom=&#8221;&#8221; css=&#8221;.vc_custom_1451763825349{margin-bottom: 35px !important;}&#8221;][vc_column css=&#8221;.vc_custom_1451763808886{padding-right: 0px !important;padding-left: 0px !important;}&#8221;][vc_separator color=&#8221;#eeeeee&#8221; type=&#8221;normal&#8221; thickness=&#8221;1&#8243; up=&#8221;&#8221; down=&#8221;&#8221;][\/vc_column][\/vc_row][vc_row type=&#8221;full_page_width_inner_container&#8221; padding_top=&#8221;&#8221; padding_bottom=&#8221;&#8221; css=&#8221;.vc_custom_1451775079464{margin-bottom: 35px !important;}&#8221;][vc_column width=&#8221;1\/3&#8243; el_class=&#8221;testimonial&#8221; css=&#8221;.vc_custom_1446055807956{margin-bottom: 35px !important;}&#8221;][vc_row_inner css=&#8221;.vc_custom_1451763991326{margin-right: 0px !important;margin-left: 0px !important;padding-top: 30px !important;padding-right: 15px !important;padding-left: 15px !important;background-color: #ffffff !important;}&#8221;][vc_column_inner css=&#8221;.vc_custom_1451774643723{padding-top: 10px !important;}&#8221;][vc_single_image image=&#8221;71123&#8243; img_size=&#8221;130&#215;130&#8243; alignment=&#8221;center&#8221; style=&#8221;vc_box_circle_2&#8243; css_animation=&#8221;top-to-bottom&#8221; css=&#8221;.vc_custom_1486930404145{margin-bottom: 25px !important;}&#8221;][vc_column_text css_animation=&#8221;bottom-to-top&#8221; css=&#8221;.vc_custom_1487100098342{margin-bottom: 0px !important;}&#8221;]<\/p>\n<h4 style=\"margin-top: 0px; margin-bottom: 3px; text-align: center;\">FATEMA ABBAS<\/h4>\n<h6 style=\"margin-top: 0px; margin-bottom: 10px; text-align: center;\"><span style=\"color: #999999;\">\u00a0<\/span><\/h6>\n<p>[\/vc_column_text][\/vc_column_inner][\/vc_row_inner][vc_row_inner css=&#8221;.vc_custom_1451763991326{margin-right: 0px !important;margin-left: 0px !important;padding-top: 30px !important;padding-right: 15px !important;padding-left: 15px !important;background-color: #ffffff !important;}&#8221;][vc_column_inner css=&#8221;.vc_custom_1451774643723{padding-top: 10px !important;}&#8221;][vc_single_image image=&#8221;71115&#8243; img_size=&#8221;130&#215;130&#8243; alignment=&#8221;center&#8221; style=&#8221;vc_box_circle_2&#8243; css_animation=&#8221;top-to-bottom&#8221; css=&#8221;.vc_custom_1486929607713{margin-bottom: 25px !important;}&#8221;][vc_column_text css_animation=&#8221;bottom-to-top&#8221; css=&#8221;.vc_custom_1487100275080{margin-bottom: 0px !important;}&#8221;]<\/p>\n<h4 style=\"margin-top: 0px; margin-bottom: 3px; text-align: center;\">JOANNA BAGINSKA<\/h4>\n<h6 style=\"margin-top: 0px; margin-bottom: 10px; text-align: center;\"><span style=\"color: #999999;\">\u00a0<\/span><\/h6>\n<p>[\/vc_column_text][\/vc_column_inner][\/vc_row_inner][vc_row_inner css=&#8221;.vc_custom_1451763991326{margin-right: 0px !important;margin-left: 0px !important;padding-top: 30px !important;padding-right: 15px !important;padding-left: 15px !important;background-color: #ffffff !important;}&#8221;][vc_column_inner css=&#8221;.vc_custom_1451774643723{padding-top: 10px !important;}&#8221;][vc_single_image image=&#8221;71205&#8243; img_size=&#8221;130&#215;130&#8243; alignment=&#8221;center&#8221; style=&#8221;vc_box_circle_2&#8243; css_animation=&#8221;top-to-bottom&#8221; css=&#8221;.vc_custom_1487100248311{margin-bottom: 25px !important;}&#8221;][vc_column_text css_animation=&#8221;bottom-to-top&#8221; css=&#8221;.vc_custom_1487100266827{margin-bottom: 0px !important;}&#8221;]<\/p>\n<h4 style=\"margin-top: 0px; margin-bottom: 3px; text-align: center;\">EVALDAS\u00a0KAZIULIS<\/h4>\n<p>[\/vc_column_text][\/vc_column_inner][\/vc_row_inner][\/vc_column][vc_column width=&#8221;1\/3&#8243; el_class=&#8221;testimonial&#8221; css=&#8221;.vc_custom_1446055815577{margin-bottom: 35px !important;}&#8221;][vc_row_inner css=&#8221;.vc_custom_1451763991326{margin-right: 0px !important;margin-left: 0px !important;padding-top: 30px !important;padding-right: 15px !important;padding-left: 15px !important;background-color: #ffffff !important;}&#8221;][vc_column_inner css=&#8221;.vc_custom_1451774643723{padding-top: 10px !important;}&#8221;][vc_single_image image=&#8221;71112&#8243; img_size=&#8221;130&#215;130&#8243; alignment=&#8221;center&#8221; style=&#8221;vc_box_circle_2&#8243; css_animation=&#8221;top-to-bottom&#8221; css=&#8221;.vc_custom_1486924190368{margin-bottom: 25px !important;}&#8221;][vc_column_text css_animation=&#8221;bottom-to-top&#8221; css=&#8221;.vc_custom_1487100107738{margin-bottom: 0px !important;}&#8221;]<\/p>\n<h4 style=\"margin-top: 0px; margin-bottom: 3px; text-align: center;\">PATRICK OURIAGHLI<\/h4>\n<h6 style=\"margin-top: 0px; margin-bottom: 10px; text-align: center;\"><span style=\"color: #999999;\">\u00a0<\/span><\/h6>\n<p>[\/vc_column_text][\/vc_column_inner][\/vc_row_inner][vc_row_inner css=&#8221;.vc_custom_1451763991326{margin-right: 0px !important;margin-left: 0px !important;padding-top: 30px !important;padding-right: 15px !important;padding-left: 15px !important;background-color: #ffffff !important;}&#8221;][vc_column_inner css=&#8221;.vc_custom_1451774643723{padding-top: 10px !important;}&#8221;][vc_single_image image=&#8221;71392&#8243; img_size=&#8221;130&#215;130&#8243; alignment=&#8221;center&#8221; style=&#8221;vc_box_circle_2&#8243; css_animation=&#8221;top-to-bottom&#8221; css=&#8221;.vc_custom_1491419097257{margin-bottom: 25px !important;}&#8221;][vc_column_text css_animation=&#8221;bottom-to-top&#8221; css=&#8221;.vc_custom_1491419174983{margin-bottom: 0px !important;}&#8221;]<\/p>\n<h4 style=\"margin-top: 0px; margin-bottom: 3px; text-align: center;\">IVANINA ZAHARIEVA<\/h4>\n<p>[\/vc_column_text][\/vc_column_inner][\/vc_row_inner][vc_row_inner css=&#8221;.vc_custom_1451764003392{margin-right: 0px !important;margin-left: 0px !important;padding-top: 30px !important;padding-right: 15px !important;padding-left: 15px !important;background-color: #ffffff !important;}&#8221;][vc_column_inner css=&#8221;.vc_custom_1451774655715{padding-top: 10px !important;}&#8221;][vc_single_image image=&#8221;71082&#8243; img_size=&#8221;130&#215;130&#8243; alignment=&#8221;center&#8221; style=&#8221;vc_box_circle_2&#8243; css_animation=&#8221;top-to-bottom&#8221; css=&#8221;.vc_custom_1486916131518{margin-bottom: 25px !important;}&#8221;][vc_column_text css_animation=&#8221;bottom-to-top&#8221; css=&#8221;.vc_custom_1487100132427{margin-bottom: 0px !important;}&#8221;]<\/p>\n<h4 style=\"margin-top: 0px; margin-bottom: 3px; text-align: center;\">IULIAN IONITA<\/h4>\n<h6 style=\"margin-top: 0px; margin-bottom: 10px; text-align: center;\"><span style=\"color: #999999;\">\u00a0<\/span><\/h6>\n<p>[\/vc_column_text][\/vc_column_inner][\/vc_row_inner][\/vc_column][vc_column width=&#8221;1\/3&#8243;][vc_row_inner css=&#8221;.vc_custom_1451763991326{margin-right: 0px !important;margin-left: 0px !important;padding-top: 30px !important;padding-right: 15px !important;padding-left: 15px !important;background-color: #ffffff !important;}&#8221;][vc_column_inner css=&#8221;.vc_custom_1451774643723{padding-top: 10px !important;}&#8221;][vc_single_image image=&#8221;71047&#8243; img_size=&#8221;130&#215;130&#8243; alignment=&#8221;center&#8221; style=&#8221;vc_box_circle_2&#8243; css_animation=&#8221;top-to-bottom&#8221; css=&#8221;.vc_custom_1486905721165{margin-bottom: 25px !important;}&#8221;][vc_column_text css_animation=&#8221;bottom-to-top&#8221; css=&#8221;.vc_custom_1487100116099{margin-bottom: 0px !important;}&#8221;]<\/p>\n<h4 style=\"margin-top: 0px; margin-bottom: 3px; text-align: center;\">DAN BRUMA<\/h4>\n<h6 style=\"margin-top: 0px; margin-bottom: 10px; text-align: center;\"><span style=\"color: #999999;\">\u00a0<\/span><\/h6>\n<p>[\/vc_column_text][\/vc_column_inner][\/vc_row_inner][vc_row_inner css=&#8221;.vc_custom_1451763991326{margin-right: 0px !important;margin-left: 0px !important;padding-top: 30px !important;padding-right: 15px !important;padding-left: 15px !important;background-color: #ffffff !important;}&#8221;][vc_column_inner css=&#8221;.vc_custom_1451774643723{padding-top: 10px !important;}&#8221;][vc_single_image image=&#8221;71174&#8243; img_size=&#8221;130&#215;130&#8243; alignment=&#8221;center&#8221; style=&#8221;vc_box_circle_2&#8243; css_animation=&#8221;top-to-bottom&#8221; css=&#8221;.vc_custom_1487012891091{margin-bottom: 25px !important;}&#8221;][vc_column_text css_animation=&#8221;bottom-to-top&#8221; css=&#8221;.vc_custom_1487100124774{margin-bottom: 0px !important;}&#8221;]<\/p>\n<h4 style=\"margin-top: 0px; margin-bottom: 3px; text-align: center;\">JOHN BAX<\/h4>\n<h6 style=\"margin-top: 0px; margin-bottom: 10px; text-align: center;\"><span style=\"color: #999999;\">\u00a0<\/span><\/h6>\n<p>[\/vc_column_text][\/vc_column_inner][\/vc_row_inner][\/vc_column][\/vc_row][vc_row type=&#8221;full_page_width_inner_container&#8221; padding_top=&#8221;&#8221; padding_bottom=&#8221;&#8221; css=&#8221;.vc_custom_1451764073278{margin-bottom: 0px !important;padding-top: 30px !important;padding-bottom: 30px !important;background-color: #f5f5f5 !important;}&#8221; el_class=&#8221;overflow-visible&#8221;][vc_column width=&#8221;1\/6&#8243;][\/vc_column][vc_column width=&#8221;2\/3&#8243;][vc_column_text]<\/p>\n<h3 id=\"tw-target-text\" class=\"tw-data-text tw-ta tw-text-small\" dir=\"ltr\" style=\"text-align: center;\" data-placeholder=\"Traducere\"><span lang=\"it\">Diventa una delle tante aziende che scelgono Colourful Cultures<\/span><\/h3>\n<p id=\"tw-target-text\" class=\"tw-data-text tw-ta tw-text-small\" dir=\"ltr\" style=\"text-align: center;\" data-placeholder=\"Traducere\"><span lang=\"it\">Il nostro servizio sar\u00e0 sempre quello di sviluppare leader e squadre per raggiungere il loro potenziale e superare le lotte quando si lavora attraverso le culture.<\/span><\/p>\n<p style=\"text-align: center;\"><a class=\"more-link large\" href=\"https:\/\/colorfulcultures.co.uk\/get-a-quote\/\">Richiedi un preventivo<\/a><\/p>\n<p>[\/vc_column_text][\/vc_column][vc_column width=&#8221;1\/6&#8243;][\/vc_column][\/vc_row]<\/p>\n<\/div>","protected":false},"excerpt":{"rendered":"<p>[vc_row type=&#8221;full_page_width_inner_container&#8221; padding_top=&#8221;&#8221; padding_bottom=&#8221;&#8221; css=&#8221;.vc_custom_1451763469780{padding-top: 60px !important;padding-bottom: 20px !important;}&#8221; el_class=&#8221;overflow-visible&#8221;][vc_column width=&#8221;1\/6&#8243;][\/vc_column][vc_column width=&#8221;2\/3&#8243;][vc_custom_heading text=&#8221;SQUADRA&#8221; font_container=&#8221;tag:p|font_size:40px|text_align:center|color:%23333333|line_height:50px&#8221; use_theme_fonts=&#8221;yes&#8221; css=&#8221;.vc_custom_1492975367849{margin-bottom: 25px !important;padding-top: 20px !important;}&#8221; el_class=&#8221;lighter-weight&#8221;][vc_column_text] \u00a0 &#8220;L&#8217;impegno individuale per uno sforzo di gruppo: \u00e8 ci\u00f2 che rende un lavoro di squadra, un lavoro aziendale, un lavoro di societ\u00e0, un lavoro di civilt\u00e0&#8221; Vince Lombardi [\/vc_column_text][\/vc_column][vc_column width=&#8221;1\/6&#8243;][\/vc_column][\/vc_row][vc_row type=&#8221;container&#8221; padding_top=&#8221;&#8221; padding_bottom=&#8221;&#8221; [&hellip;]<\/p>\n","protected":false},"author":1,"featured_media":70802,"parent":0,"menu_order":0,"comment_status":"closed","ping_status":"closed","template":"page-full-width.php","meta":{"_acf_changed":false,"footnotes":""},"class_list":["post-71","page","type-page","status-publish","has-post-thumbnail","hentry"],"acf":[],"yoast_head":"<!-- This site is optimized with the Yoast SEO plugin v25.6 - https:\/\/yoast.com\/wordpress\/plugins\/seo\/ -->\n<title>Team work - we are the team at colorfulcultures.co.uk<\/title>\n<meta name=\"description\" content=\"&quot;Individual commitment to a group effort-that is what makes a team work, a company work, a society work, a civilization work&quot;\" \/>\n<meta name=\"robots\" content=\"index, follow, max-snippet:-1, max-image-preview:large, max-video-preview:-1\" \/>\n<link rel=\"canonical\" href=\"https:\/\/colorfulcultures.co.uk\/it\/la-nostra-squadra\/\" \/>\n<meta property=\"og:locale\" content=\"it_IT\" \/>\n<meta property=\"og:type\" content=\"article\" \/>\n<meta property=\"og:title\" content=\"Team work - we are the team at colorfulcultures.co.uk\" \/>\n<meta property=\"og:description\" content=\"&quot;Individual commitment to a group effort-that is what makes a team work, a company work, a society work, a civilization work&quot;\" \/>\n<meta property=\"og:url\" content=\"https:\/\/colorfulcultures.co.uk\/it\/la-nostra-squadra\/\" \/>\n<meta property=\"og:site_name\" content=\"Colorfulcultures.it\" \/>\n<meta property=\"article:modified_time\" content=\"2017-05-08T20:14:18+00:00\" \/>\n<meta name=\"twitter:card\" content=\"summary_large_image\" \/>\n<meta name=\"twitter:label1\" content=\"Tempo di lettura stimato\" \/>\n\t<meta name=\"twitter:data1\" content=\"5 minuti\" \/>\n<script type=\"application\/ld+json\" class=\"yoast-schema-graph\">{\"@context\":\"https:\/\/schema.org\",\"@graph\":[{\"@type\":\"WebPage\",\"@id\":\"https:\/\/colorfulcultures.co.uk\/it\/la-nostra-squadra\/\",\"url\":\"https:\/\/colorfulcultures.co.uk\/it\/la-nostra-squadra\/\",\"name\":\"Team work - we are the team at colorfulcultures.co.uk\",\"isPartOf\":{\"@id\":\"https:\/\/colorfulcultures.co.uk\/it\/#website\"},\"primaryImageOfPage\":{\"@id\":\"https:\/\/colorfulcultures.co.uk\/it\/la-nostra-squadra\/#primaryimage\"},\"image\":{\"@id\":\"https:\/\/colorfulcultures.co.uk\/it\/la-nostra-squadra\/#primaryimage\"},\"thumbnailUrl\":\"\",\"datePublished\":\"2015-10-07T17:14:28+00:00\",\"dateModified\":\"2017-05-08T20:14:18+00:00\",\"description\":\"\\\"Individual commitment to a group effort-that is what makes a team work, a company work, a society work, a civilization work\\\"\",\"breadcrumb\":{\"@id\":\"https:\/\/colorfulcultures.co.uk\/it\/la-nostra-squadra\/#breadcrumb\"},\"inLanguage\":\"it-IT\",\"potentialAction\":[{\"@type\":\"ReadAction\",\"target\":[\"https:\/\/colorfulcultures.co.uk\/it\/la-nostra-squadra\/\"]}]},{\"@type\":\"ImageObject\",\"inLanguage\":\"it-IT\",\"@id\":\"https:\/\/colorfulcultures.co.uk\/it\/la-nostra-squadra\/#primaryimage\",\"url\":\"\",\"contentUrl\":\"\"},{\"@type\":\"BreadcrumbList\",\"@id\":\"https:\/\/colorfulcultures.co.uk\/it\/la-nostra-squadra\/#breadcrumb\",\"itemListElement\":[{\"@type\":\"ListItem\",\"position\":1,\"name\":\"Home\",\"item\":\"https:\/\/colorfulcultures.co.uk\/it\/\"},{\"@type\":\"ListItem\",\"position\":2,\"name\":\"La nostra squadra\"}]},{\"@type\":\"WebSite\",\"@id\":\"https:\/\/colorfulcultures.co.uk\/it\/#website\",\"url\":\"https:\/\/colorfulcultures.co.uk\/it\/\",\"name\":\"Colorfulcultures.it\",\"description\":\"Colorful cultures, training solutions, cross cultural communication\",\"potentialAction\":[{\"@type\":\"SearchAction\",\"target\":{\"@type\":\"EntryPoint\",\"urlTemplate\":\"https:\/\/colorfulcultures.co.uk\/it\/?s={search_term_string}\"},\"query-input\":{\"@type\":\"PropertyValueSpecification\",\"valueRequired\":true,\"valueName\":\"search_term_string\"}}],\"inLanguage\":\"it-IT\"}]}<\/script>\n<!-- \/ Yoast SEO plugin. -->","yoast_head_json":{"title":"Team work - we are the team at colorfulcultures.co.uk","description":"\"Individual commitment to a group effort-that is what makes a team work, a company work, a society work, a civilization work\"","robots":{"index":"index","follow":"follow","max-snippet":"max-snippet:-1","max-image-preview":"max-image-preview:large","max-video-preview":"max-video-preview:-1"},"canonical":"https:\/\/colorfulcultures.co.uk\/it\/la-nostra-squadra\/","og_locale":"it_IT","og_type":"article","og_title":"Team work - we are the team at colorfulcultures.co.uk","og_description":"\"Individual commitment to a group effort-that is what makes a team work, a company work, a society work, a civilization work\"","og_url":"https:\/\/colorfulcultures.co.uk\/it\/la-nostra-squadra\/","og_site_name":"Colorfulcultures.it","article_modified_time":"2017-05-08T20:14:18+00:00","twitter_card":"summary_large_image","twitter_misc":{"Tempo di lettura stimato":"5 minuti"},"schema":{"@context":"https:\/\/schema.org","@graph":[{"@type":"WebPage","@id":"https:\/\/colorfulcultures.co.uk\/it\/la-nostra-squadra\/","url":"https:\/\/colorfulcultures.co.uk\/it\/la-nostra-squadra\/","name":"Team work - we are the team at colorfulcultures.co.uk","isPartOf":{"@id":"https:\/\/colorfulcultures.co.uk\/it\/#website"},"primaryImageOfPage":{"@id":"https:\/\/colorfulcultures.co.uk\/it\/la-nostra-squadra\/#primaryimage"},"image":{"@id":"https:\/\/colorfulcultures.co.uk\/it\/la-nostra-squadra\/#primaryimage"},"thumbnailUrl":"","datePublished":"2015-10-07T17:14:28+00:00","dateModified":"2017-05-08T20:14:18+00:00","description":"\"Individual commitment to a group effort-that is what makes a team work, a company work, a society work, a civilization work\"","breadcrumb":{"@id":"https:\/\/colorfulcultures.co.uk\/it\/la-nostra-squadra\/#breadcrumb"},"inLanguage":"it-IT","potentialAction":[{"@type":"ReadAction","target":["https:\/\/colorfulcultures.co.uk\/it\/la-nostra-squadra\/"]}]},{"@type":"ImageObject","inLanguage":"it-IT","@id":"https:\/\/colorfulcultures.co.uk\/it\/la-nostra-squadra\/#primaryimage","url":"","contentUrl":""},{"@type":"BreadcrumbList","@id":"https:\/\/colorfulcultures.co.uk\/it\/la-nostra-squadra\/#breadcrumb","itemListElement":[{"@type":"ListItem","position":1,"name":"Home","item":"https:\/\/colorfulcultures.co.uk\/it\/"},{"@type":"ListItem","position":2,"name":"La nostra squadra"}]},{"@type":"WebSite","@id":"https:\/\/colorfulcultures.co.uk\/it\/#website","url":"https:\/\/colorfulcultures.co.uk\/it\/","name":"Colorfulcultures.it","description":"Colorful cultures, training solutions, cross cultural communication","potentialAction":[{"@type":"SearchAction","target":{"@type":"EntryPoint","urlTemplate":"https:\/\/colorfulcultures.co.uk\/it\/?s={search_term_string}"},"query-input":{"@type":"PropertyValueSpecification","valueRequired":true,"valueName":"search_term_string"}}],"inLanguage":"it-IT"}]}},"_links":{"self":[{"href":"https:\/\/colorfulcultures.co.uk\/it\/wp-json\/wp\/v2\/pages\/71","targetHints":{"allow":["GET"]}}],"collection":[{"href":"https:\/\/colorfulcultures.co.uk\/it\/wp-json\/wp\/v2\/pages"}],"about":[{"href":"https:\/\/colorfulcultures.co.uk\/it\/wp-json\/wp\/v2\/types\/page"}],"author":[{"embeddable":true,"href":"https:\/\/colorfulcultures.co.uk\/it\/wp-json\/wp\/v2\/users\/1"}],"replies":[{"embeddable":true,"href":"https:\/\/colorfulcultures.co.uk\/it\/wp-json\/wp\/v2\/comments?post=71"}],"version-history":[{"count":4,"href":"https:\/\/colorfulcultures.co.uk\/it\/wp-json\/wp\/v2\/pages\/71\/revisions"}],"predecessor-version":[{"id":71418,"href":"https:\/\/colorfulcultures.co.uk\/it\/wp-json\/wp\/v2\/pages\/71\/revisions\/71418"}],"wp:featuredmedia":[{"embeddable":true,"href":"https:\/\/colorfulcultures.co.uk\/it\/wp-json\/"}],"wp:attachment":[{"href":"https:\/\/colorfulcultures.co.uk\/it\/wp-json\/wp\/v2\/media?parent=71"}],"curies":[{"name":"wp","href":"https:\/\/api.w.org\/{rel}","templated":true}]}}