{"id":69,"date":"2015-10-07T17:11:55","date_gmt":"2015-10-07T17:11:55","guid":{"rendered":"http:\/\/broker.commercegurus.com\/?page_id=69"},"modified":"2017-04-23T22:20:02","modified_gmt":"2017-04-23T19:20:02","slug":"about","status":"publish","type":"page","link":"https:\/\/colorfulcultures.co.uk\/it\/about\/","title":{"rendered":"Chi siamo"},"content":{"rendered":"<div class=\"wpb-content-wrapper\"><p>[vc_row type=&#8221;container&#8221; padding_top=&#8221;&#8221; padding_bottom=&#8221;&#8221; css=&#8221;.vc_custom_1451761032806{padding-top: 50px !important;}&#8221;][vc_column width=&#8221;1\/2&#8243; css=&#8221;.vc_custom_1449147431196{margin-bottom: 35px !important;}&#8221;][vc_column_text css=&#8221;.vc_custom_1491418435447{padding-right: 10px !important;}&#8221;]<\/p>\n<h4><strong>Abbiamo cominciato con un\u2019idea semplice<\/strong><\/h4>\n<p>La collaborazione trans-culturale supera i modelli e dati statistici. \u00c8 una realit\u00e0 complessa e il medio di business ha bisogno di creare la opportunit\u00e0 di trovare e ritenere abilita eccezionali in qualsiasi posto nel mondo.<\/p>\n<p>Noi siamo una compagnia d\u2019istruzione e formazione professionale dedicata a questo obiettivo utilizzando modelli e dati di ricerca provati sostenuta d\u2019esperienze dalla vita reale.<\/p>\n<p>Interessato da un workshop per estendere il tuo nuovo progetto in India?<\/p>\n<p>Hai bisogno specifico riguardando il processo di ricerca e selezione del personale per la tua squadra di IT \/BPO?<\/p>\n<p>Sei aperto a scoprire il modo di lavoro polacco?<\/p>\n<p>Stai preparando una importante presentazione di vendita in Italia?<\/p>\n<p>Allora noi siamo il team da contattare.<\/p>\n<h4><strong>Dichiarazione di Visione<\/strong><\/h4>\n<p>Un medio di business dove la gente insegna e si sviluppa reciprocamente senza riguardo al posto di origine geografico o culturale. Rafforziamo aziende di svilupparsi seguente il potenziale umano al di l\u00e0 del confine.<\/p>\n<p>Il nostro servizio sar\u00e0 sempre d\u2019ingrandire i capintesta e i team da raggiungere il loro potenziale e superare le imprese difficile quando lavorando attraverso culture diversi.<\/p>\n<h4><strong>Missione<\/strong><\/h4>\n<p>Di rendere le aziende con le abilit\u00e0 di adattarsi al medio trans-culturale mentre rafforzando il potenziale dei loro dipendenti per attenere i loro obiettivi.[\/vc_column_text][\/vc_column][vc_column width=&#8221;1\/2&#8243; css=&#8221;.vc_custom_1451760818909{padding-top: 14px !important;}&#8221;][vc_single_image image=&#8221;71071&#8243; img_size=&#8221;full&#8221; title=&#8221;Cross-cultural communication&#8221;][vc_row_inner css=&#8221;.vc_custom_1449574756848{margin-bottom: 0px !important;}&#8221;][vc_column_inner width=&#8221;1\/2&#8243;][vc_single_image image=&#8221;71073&#8243; img_size=&#8221;full&#8221;][\/vc_column_inner][vc_column_inner width=&#8221;1\/2&#8243; css=&#8221;.vc_custom_1449574764907{margin-bottom: 35px !important;}&#8221;][vc_single_image image=&#8221;71072&#8243; img_size=&#8221;full&#8221;][\/vc_column_inner][\/vc_row_inner][\/vc_column][\/vc_row][vc_row type=&#8221;full_page_width_inner_container&#8221; padding_top=&#8221;&#8221; padding_bottom=&#8221;&#8221; css=&#8221;.vc_custom_1451760849278{margin-bottom: 0px !important;padding-top: 20px !important;padding-bottom: 20px !important;background-color: #fdc900 !important;}&#8221;][vc_column width=&#8221;1\/6&#8243;][\/vc_column][vc_column width=&#8221;2\/3&#8243;][vc_column_text]<\/p>\n<h3 style=\"text-align: center;\">Di rendere le aziende con le abilit\u00e0 di adattarsi al medio trans-culturale mentre rafforzando il potenziale dei loro dipendenti per attenere i loro obiettivi<\/h3>\n<p>[\/vc_column_text][\/vc_column][vc_column width=&#8221;1\/6&#8243;][\/vc_column][\/vc_row][vc_row type=&#8221;full_page_width_inner_container&#8221; padding_top=&#8221;&#8221; padding_bottom=&#8221;&#8221; css=&#8221;.vc_custom_1451775961000{padding-top: 40px !important;padding-bottom: 20px !important;background-image: url(http:\/\/factory.commercegurus.com\/wp-content\/uploads\/2015\/10\/building_roof_bg.jpg?id=70835) !important;background-position: center !important;background-repeat: no-repeat !important;background-size: cover !important;}&#8221;][vc_column css=&#8221;.vc_custom_1445098522820{margin-bottom: 35px !important;}&#8221;][vc_row_inner css=&#8221;.vc_custom_1451761217059{margin-bottom: -5px !important;}&#8221;][vc_column_inner css=&#8221;.vc_custom_1451761129434{margin-bottom: 0px !important;}&#8221;][vc_column_text]<\/p>\n<h3 style=\"text-align: center;\"><span style=\"color: #ffffff;\">Membri<\/span><\/h3>\n<p>[\/vc_column_text][\/vc_column_inner][\/vc_row_inner][vc_row_inner][vc_column_inner width=&#8221;1\/4&#8243; css=&#8221;.vc_custom_1451775570510{margin-bottom: 0px !important;}&#8221;][vc_column_text css=&#8221;.vc_custom_1486931520248{margin-bottom: 20px !important;}&#8221;]<\/p>\n<h4><span style=\"color: #ffffff;\">FATIMA ABBAS<\/span><\/h4>\n<h6 style=\"margin-top: -10px; margin-bottom: 12px;\"><\/h6>\n<p>[\/vc_column_text][\/vc_column_inner][vc_column_inner width=&#8221;1\/4&#8243; css=&#8221;.vc_custom_1451775579815{margin-bottom: 0px !important;}&#8221;][vc_column_text css=&#8221;.vc_custom_1486931584665{margin-bottom: 20px !important;}&#8221;]<\/p>\n<h4><span style=\"color: #ffffff;\">PATRICK OURIAGHLI<\/span><\/h4>\n<h6 style=\"margin-top: -10px; margin-bottom: 12px;\"><\/h6>\n<p>[\/vc_column_text][\/vc_column_inner][vc_column_inner width=&#8221;1\/4&#8243; css=&#8221;.vc_custom_1451775587297{margin-bottom: 0px !important;}&#8221;][vc_column_text css=&#8221;.vc_custom_1486931711945{margin-bottom: 20px !important;}&#8221;]<\/p>\n<h4><span style=\"color: #ffffff;\">JOANNA \u00a0BAGINSKA<\/span><\/h4>\n<h6 style=\"margin-top: -10px; margin-bottom: 12px;\"><\/h6>\n<p>[\/vc_column_text][\/vc_column_inner][vc_column_inner width=&#8221;1\/4&#8243; css=&#8221;.vc_custom_1451775595000{margin-bottom: 0px !important;}&#8221;][vc_column_text css=&#8221;.vc_custom_1486931728190{margin-bottom: 20px !important;}&#8221;]<\/p>\n<h4><span style=\"color: #ffffff;\">DAN BRUMA<\/span><\/h4>\n<h6 style=\"margin-top: -10px; margin-bottom: 12px;\"><\/h6>\n<p>[\/vc_column_text][\/vc_column_inner][\/vc_row_inner][vc_row_inner][vc_column_inner width=&#8221;1\/4&#8243; css=&#8221;.vc_custom_1451775824854{margin-bottom: 0px !important;}&#8221;][vc_column_text css=&#8221;.vc_custom_1486931746272{margin-bottom: 20px !important;}&#8221;]<\/p>\n<h4><span style=\"color: #ffffff;\">IULIAN IONITA<\/span><\/h4>\n<h6 style=\"margin-top: -10px; margin-bottom: 12px;\"><\/h6>\n<p>[\/vc_column_text][\/vc_column_inner][vc_column_inner width=&#8221;1\/4&#8243;][vc_column_text]<\/p>\n<h4><span style=\"color: #ffffff;\">JOHN BAX<\/span><\/h4>\n<p>[\/vc_column_text][\/vc_column_inner][vc_column_inner width=&#8221;1\/4&#8243;][vc_column_text]<\/p>\n<h4><span style=\"color: #ffffff;\">EVALDAS\u00a0KAZIULIS<\/span><\/h4>\n<p>[\/vc_column_text][\/vc_column_inner][vc_column_inner width=&#8221;1\/4&#8243;][vc_column_text]<\/p>\n<h4 style=\"text-align: left;\"><span style=\"color: #ffffff;\">IVANINA ZAHARIEVA<\/span><\/h4>\n<p>[\/vc_column_text][\/vc_column_inner][\/vc_row_inner][\/vc_column][\/vc_row]<\/p>\n<\/div>","protected":false},"excerpt":{"rendered":"<p>[vc_row type=&#8221;container&#8221; padding_top=&#8221;&#8221; padding_bottom=&#8221;&#8221; css=&#8221;.vc_custom_1451761032806{padding-top: 50px !important;}&#8221;][vc_column width=&#8221;1\/2&#8243; css=&#8221;.vc_custom_1449147431196{margin-bottom: 35px !important;}&#8221;][vc_column_text css=&#8221;.vc_custom_1491418435447{padding-right: 10px !important;}&#8221;] Abbiamo cominciato con un\u2019idea semplice La collaborazione trans-culturale supera i modelli e dati statistici. \u00c8 una realit\u00e0 complessa e il medio di business ha bisogno di creare la opportunit\u00e0 di trovare e ritenere abilita eccezionali in qualsiasi posto nel mondo. Noi [&hellip;]<\/p>\n","protected":false},"author":1,"featured_media":70780,"parent":0,"menu_order":0,"comment_status":"closed","ping_status":"closed","template":"page-full-width.php","meta":{"_acf_changed":false,"footnotes":""},"class_list":["post-69","page","type-page","status-publish","has-post-thumbnail","hentry"],"acf":[],"yoast_head":"<!-- This site is optimized with the Yoast SEO plugin v25.6 - https:\/\/yoast.com\/wordpress\/plugins\/seo\/ -->\n<title>Cross-cultural collaboration at ColorfulCulutures.co.uk<\/title>\n<meta name=\"description\" content=\"Cross-cultural collaboration goes beyond models and statistics.\" \/>\n<meta name=\"robots\" content=\"index, follow, max-snippet:-1, max-image-preview:large, max-video-preview:-1\" \/>\n<link rel=\"canonical\" href=\"https:\/\/colorfulcultures.co.uk\/it\/about\/\" \/>\n<meta property=\"og:locale\" content=\"it_IT\" \/>\n<meta property=\"og:type\" content=\"article\" \/>\n<meta property=\"og:title\" content=\"Cross-cultural collaboration at ColorfulCulutures.co.uk\" \/>\n<meta property=\"og:description\" content=\"Cross-cultural collaboration goes beyond models and statistics.\" \/>\n<meta property=\"og:url\" content=\"https:\/\/colorfulcultures.co.uk\/it\/about\/\" \/>\n<meta property=\"og:site_name\" content=\"Colorfulcultures.it\" \/>\n<meta property=\"article:modified_time\" content=\"2017-04-23T19:20:02+00:00\" \/>\n<meta name=\"twitter:card\" content=\"summary_large_image\" \/>\n<meta name=\"twitter:label1\" content=\"Tempo di lettura stimato\" \/>\n\t<meta name=\"twitter:data1\" content=\"3 minuti\" \/>\n<script type=\"application\/ld+json\" class=\"yoast-schema-graph\">{\"@context\":\"https:\/\/schema.org\",\"@graph\":[{\"@type\":\"WebPage\",\"@id\":\"https:\/\/colorfulcultures.co.uk\/it\/about\/\",\"url\":\"https:\/\/colorfulcultures.co.uk\/it\/about\/\",\"name\":\"Cross-cultural collaboration at ColorfulCulutures.co.uk\",\"isPartOf\":{\"@id\":\"https:\/\/colorfulcultures.co.uk\/it\/#website\"},\"primaryImageOfPage\":{\"@id\":\"https:\/\/colorfulcultures.co.uk\/it\/about\/#primaryimage\"},\"image\":{\"@id\":\"https:\/\/colorfulcultures.co.uk\/it\/about\/#primaryimage\"},\"thumbnailUrl\":\"\",\"datePublished\":\"2015-10-07T17:11:55+00:00\",\"dateModified\":\"2017-04-23T19:20:02+00:00\",\"description\":\"Cross-cultural collaboration goes beyond models and statistics.\",\"breadcrumb\":{\"@id\":\"https:\/\/colorfulcultures.co.uk\/it\/about\/#breadcrumb\"},\"inLanguage\":\"it-IT\",\"potentialAction\":[{\"@type\":\"ReadAction\",\"target\":[\"https:\/\/colorfulcultures.co.uk\/it\/about\/\"]}]},{\"@type\":\"ImageObject\",\"inLanguage\":\"it-IT\",\"@id\":\"https:\/\/colorfulcultures.co.uk\/it\/about\/#primaryimage\",\"url\":\"\",\"contentUrl\":\"\"},{\"@type\":\"BreadcrumbList\",\"@id\":\"https:\/\/colorfulcultures.co.uk\/it\/about\/#breadcrumb\",\"itemListElement\":[{\"@type\":\"ListItem\",\"position\":1,\"name\":\"Home\",\"item\":\"https:\/\/colorfulcultures.co.uk\/it\/\"},{\"@type\":\"ListItem\",\"position\":2,\"name\":\"Chi siamo\"}]},{\"@type\":\"WebSite\",\"@id\":\"https:\/\/colorfulcultures.co.uk\/it\/#website\",\"url\":\"https:\/\/colorfulcultures.co.uk\/it\/\",\"name\":\"Colorfulcultures.it\",\"description\":\"Colorful cultures, training solutions, cross cultural communication\",\"potentialAction\":[{\"@type\":\"SearchAction\",\"target\":{\"@type\":\"EntryPoint\",\"urlTemplate\":\"https:\/\/colorfulcultures.co.uk\/it\/?s={search_term_string}\"},\"query-input\":{\"@type\":\"PropertyValueSpecification\",\"valueRequired\":true,\"valueName\":\"search_term_string\"}}],\"inLanguage\":\"it-IT\"}]}<\/script>\n<!-- \/ Yoast SEO plugin. -->","yoast_head_json":{"title":"Cross-cultural collaboration at ColorfulCulutures.co.uk","description":"Cross-cultural collaboration goes beyond models and statistics.","robots":{"index":"index","follow":"follow","max-snippet":"max-snippet:-1","max-image-preview":"max-image-preview:large","max-video-preview":"max-video-preview:-1"},"canonical":"https:\/\/colorfulcultures.co.uk\/it\/about\/","og_locale":"it_IT","og_type":"article","og_title":"Cross-cultural collaboration at ColorfulCulutures.co.uk","og_description":"Cross-cultural collaboration goes beyond models and statistics.","og_url":"https:\/\/colorfulcultures.co.uk\/it\/about\/","og_site_name":"Colorfulcultures.it","article_modified_time":"2017-04-23T19:20:02+00:00","twitter_card":"summary_large_image","twitter_misc":{"Tempo di lettura stimato":"3 minuti"},"schema":{"@context":"https:\/\/schema.org","@graph":[{"@type":"WebPage","@id":"https:\/\/colorfulcultures.co.uk\/it\/about\/","url":"https:\/\/colorfulcultures.co.uk\/it\/about\/","name":"Cross-cultural collaboration at ColorfulCulutures.co.uk","isPartOf":{"@id":"https:\/\/colorfulcultures.co.uk\/it\/#website"},"primaryImageOfPage":{"@id":"https:\/\/colorfulcultures.co.uk\/it\/about\/#primaryimage"},"image":{"@id":"https:\/\/colorfulcultures.co.uk\/it\/about\/#primaryimage"},"thumbnailUrl":"","datePublished":"2015-10-07T17:11:55+00:00","dateModified":"2017-04-23T19:20:02+00:00","description":"Cross-cultural collaboration goes beyond models and statistics.","breadcrumb":{"@id":"https:\/\/colorfulcultures.co.uk\/it\/about\/#breadcrumb"},"inLanguage":"it-IT","potentialAction":[{"@type":"ReadAction","target":["https:\/\/colorfulcultures.co.uk\/it\/about\/"]}]},{"@type":"ImageObject","inLanguage":"it-IT","@id":"https:\/\/colorfulcultures.co.uk\/it\/about\/#primaryimage","url":"","contentUrl":""},{"@type":"BreadcrumbList","@id":"https:\/\/colorfulcultures.co.uk\/it\/about\/#breadcrumb","itemListElement":[{"@type":"ListItem","position":1,"name":"Home","item":"https:\/\/colorfulcultures.co.uk\/it\/"},{"@type":"ListItem","position":2,"name":"Chi siamo"}]},{"@type":"WebSite","@id":"https:\/\/colorfulcultures.co.uk\/it\/#website","url":"https:\/\/colorfulcultures.co.uk\/it\/","name":"Colorfulcultures.it","description":"Colorful cultures, training solutions, cross cultural communication","potentialAction":[{"@type":"SearchAction","target":{"@type":"EntryPoint","urlTemplate":"https:\/\/colorfulcultures.co.uk\/it\/?s={search_term_string}"},"query-input":{"@type":"PropertyValueSpecification","valueRequired":true,"valueName":"search_term_string"}}],"inLanguage":"it-IT"}]}},"_links":{"self":[{"href":"https:\/\/colorfulcultures.co.uk\/it\/wp-json\/wp\/v2\/pages\/69","targetHints":{"allow":["GET"]}}],"collection":[{"href":"https:\/\/colorfulcultures.co.uk\/it\/wp-json\/wp\/v2\/pages"}],"about":[{"href":"https:\/\/colorfulcultures.co.uk\/it\/wp-json\/wp\/v2\/types\/page"}],"author":[{"embeddable":true,"href":"https:\/\/colorfulcultures.co.uk\/it\/wp-json\/wp\/v2\/users\/1"}],"replies":[{"embeddable":true,"href":"https:\/\/colorfulcultures.co.uk\/it\/wp-json\/wp\/v2\/comments?post=69"}],"version-history":[{"count":8,"href":"https:\/\/colorfulcultures.co.uk\/it\/wp-json\/wp\/v2\/pages\/69\/revisions"}],"predecessor-version":[{"id":71417,"href":"https:\/\/colorfulcultures.co.uk\/it\/wp-json\/wp\/v2\/pages\/69\/revisions\/71417"}],"wp:featuredmedia":[{"embeddable":true,"href":"https:\/\/colorfulcultures.co.uk\/it\/wp-json\/"}],"wp:attachment":[{"href":"https:\/\/colorfulcultures.co.uk\/it\/wp-json\/wp\/v2\/media?parent=69"}],"curies":[{"name":"wp","href":"https:\/\/api.w.org\/{rel}","templated":true}]}}