{"id":147,"date":"2015-10-09T17:51:30","date_gmt":"2015-10-09T17:51:30","guid":{"rendered":"http:\/\/broker.commercegurus.com\/?page_id=147"},"modified":"2017-04-30T13:38:44","modified_gmt":"2017-04-30T10:38:44","slug":"colorful-cultures","status":"publish","type":"page","link":"https:\/\/colorfulcultures.co.uk\/it\/soluzioni-di-formazione\/colorful-cultures\/","title":{"rendered":"Colorful cultures"},"content":{"rendered":"<div class=\"wpb-content-wrapper\"><p>[vc_row type=&#8221;container&#8221; padding_top=&#8221;&#8221; padding_bottom=&#8221;&#8221; css=&#8221;.vc_custom_1449576470084{margin-bottom: 0px !important;}&#8221;][vc_column width=&#8221;1\/2&#8243;][vc_column_text]<\/p>\n<p style=\"text-align: left;\">Capire che abbiamo differenze \u00e8 il primo passo per risolvere il mistero della comunicazione interculturale.<\/p>\n<p id=\"tw-target-text\" class=\"tw-data-text tw-ta tw-text-small\" dir=\"ltr\" data-placeholder=\"Traducere\"><span lang=\"it\">Mentre ci conosciamo con queste differenze possiamo &#8220;cambiare il nostro atteggiamento&#8221;, essere &#8220;consapevoli&#8221; nella comunicazione con gli altri, ottenere con successo il nostro messaggio e fare affari.<\/span><\/p>\n<p id=\"tw-target-text\" class=\"tw-data-text tw-ta tw-text-small\" dir=\"ltr\" data-placeholder=\"Traducere\"><span lang=\"it\">&#8220;Gli esseri umani sono attirati tra loro dalla loro natura comune, ma le abitudini e costumi li tengono separati&#8221;. &#8211; Confucio<\/span><\/p>\n<p>[\/vc_column_text][\/vc_column][vc_column width=&#8221;1\/2&#8243;][vc_single_image image=&#8221;71056&#8243; img_size=&#8221;medium&#8221; add_caption=&#8221;yes&#8221; onclick=&#8221;link_image&#8221;][\/vc_column][\/vc_row][vc_row type=&#8221;container&#8221; padding_top=&#8221;&#8221; padding_bottom=&#8221;&#8221; css=&#8221;.vc_custom_1444503683289{margin-bottom: 0px !important;}&#8221;][vc_column][vc_separator color=&#8221;#e2e2e2&#8243; type=&#8221;normal&#8221; thickness=&#8221;1&#8243; up=&#8221;&#8221; down=&#8221;&#8221; el_class=&#8221;dotted&#8221;][\/vc_column][\/vc_row][vc_row type=&#8221;container&#8221; padding_top=&#8221;&#8221; padding_bottom=&#8221;&#8221; css=&#8221;.vc_custom_1449063285344{margin-bottom: 50px !important;}&#8221;][vc_column][\/vc_column][\/vc_row][vc_row type=&#8221;container&#8221;][vc_column][\/vc_column][\/vc_row][vc_row type=&#8221;container&#8221;][vc_column][\/vc_column][\/vc_row][vc_row type=&#8221;container&#8221;][vc_column][vc_tta_tour][vc_tta_section title=&#8221;CROSS CULTURE&#8221; tab_id=&#8221;1487715557393-ae1ed389-d618&#8243;][vc_column_text]<b><img loading=\"lazy\" decoding=\"async\" width=\"80\" height=\"300\" class=\"size-medium wp-image-71267 alignright\" src=\"https:\/\/colorfulcultures.it\/wp-content\/uploads\/sites\/2\/2015\/10\/1-80x300.jpg\" alt=\"\" \/><\/b><\/p>\n<p>Oltre alla distanza e alla lingua, comunicare in modo efficiente attraverso le culture, significa anche adattare il tuo messaggio a un pubblico molto diverso, molte volte con valori molto diversi o addirittura opposti di quello a cui sei abituato.<\/p>\n<p id=\"tw-target-text\" class=\"tw-data-text tw-ta tw-text-small\" dir=\"ltr\" data-placeholder=\"Translation\"><span lang=\"it\">Questo pu\u00f2 essere difficile e anche un compito scoraggiante in molte organizzazioni, una delle cause principali \u00e8 l&#8217;ipotesi che la cultura della societ\u00e0 sia la stessa\u00a0non importa il luogo dell&#8217;ufficio o le preferenze personali dei dipendenti. Mentre questo pu\u00f2 essere vero fino a un livello, la comunicazione ha caratteristiche che vanno oltre il comportamento aziendale regolato &#8211; \u00e8 profondamente radicato con le persone.<\/span><\/p>\n<p>\u00c8 per questo che, preparandosi a individuare e utilizzare le differenze culturali nella comunicazione, diventa una delle migliori competenze dei dirigenti e dei dipendenti delle aziende internazionali.<\/p>\n<p id=\"tw-target-text\" class=\"tw-data-text tw-ta tw-text-small\" dir=\"ltr\" data-placeholder=\"Translation\"><span lang=\"it\">Il training\u00a0copre tutte le conoscenze di base per essere preparati per affrontare l&#8217;ambiente interculturale in modo efficace.<\/span><\/p>\n<p>Quello che otterrai:<\/p>\n<ul>\n<li>\n<p id=\"tw-target-text\" class=\"tw-data-text tw-ta tw-text-small\" dir=\"ltr\" data-placeholder=\"Translation\"><span lang=\"it\">Le principali differenze culturali nella comunicazione<\/span><\/p>\n<\/li>\n<li>\n<p id=\"tw-target-text\" class=\"tw-data-text tw-ta tw-text-small\" dir=\"ltr\" data-placeholder=\"Translation\"><span lang=\"it\">Come adattare lo stesso messaggio a tre zone culturali principali: Europa, Asia, America<\/span><\/p>\n<\/li>\n<li>\n<p id=\"tw-target-text\" class=\"tw-data-text tw-ta tw-text-small\" dir=\"ltr\" data-placeholder=\"Translation\"><span lang=\"it\">Esplorare gli ostacoli della comunicazione e come gestirli<\/span><\/p>\n<\/li>\n<\/ul>\n<p>[\/vc_column_text][\/vc_tta_section][vc_tta_section title=&#8221;Colorful Culture INDIA&#8221; tab_id=&#8221;1487714421065-1deb2a33-cf21&#8243;][vc_column_text]<b><img loading=\"lazy\" decoding=\"async\" class=\" wp-image-71058 alignright\" src=\"https:\/\/colorfulcultures.it\/wp-content\/uploads\/sites\/2\/2015\/10\/india-81x300.jpg\" alt=\"\" width=\"75\" height=\"278\" srcset=\"https:\/\/colorfulcultures.co.uk\/it\/wp-content\/uploads\/sites\/2\/2015\/10\/india-81x300.jpg 81w, https:\/\/colorfulcultures.co.uk\/it\/wp-content\/uploads\/sites\/2\/2015\/10\/india.jpg 161w\" sizes=\"auto, (max-width: 75px) 100vw, 75px\" \/><\/b><\/p>\n<p id=\"tw-target-text\" class=\"tw-data-text tw-ta tw-text-small\" dir=\"ltr\" data-placeholder=\"Translation\"><span lang=\"it\">Nel bel mezzo di questo notevole progresso economico, le tradizioni culturali dell&#8217;India continuano ad esercitare una forte influenza su quasi tutti gli aspetti dell&#8217;interazione umana, inclusi gli affari.<\/span><\/p>\n<p id=\"tw-target-text\" class=\"tw-data-text tw-ta tw-text-small\" dir=\"ltr\" data-placeholder=\"Translation\"><span lang=\"it\">L&#8217;India \u00e8 un&#8217;associazione di culture e questa diversit\u00e0 culturale offre all&#8217;India la capacit\u00e0 di adattarsi, adottare e competere nelle arene mondiali di business.<\/span><\/p>\n<p id=\"tw-target-text\" class=\"tw-data-text tw-ta tw-text-small\" dir=\"ltr\" data-placeholder=\"Translation\"><span lang=\"it\">Questo programma \u00e8 l&#8217;occasione per introdurre e comprendere i valori culturali dell&#8217;India e come questi influenzano le relazioni di business.<\/span><\/p>\n<p id=\"tw-target-text\" class=\"tw-data-text tw-ta tw-text-medium\" dir=\"ltr\" data-placeholder=\"Translation\"><span lang=\"it\">Quello che otterrai:<\/span><\/p>\n<ul style=\"text-align: left;\">\n<li>\n<p id=\"tw-target-text\" class=\"tw-data-text tw-ta tw-text-medium\" dir=\"ltr\" data-placeholder=\"Translation\"><span lang=\"it\">Capire i livelli della Cultura<\/span><\/p>\n<\/li>\n<li>\n<p id=\"tw-target-text\" class=\"tw-data-text tw-ta tw-text-medium\" dir=\"ltr\" data-placeholder=\"Translation\">Capire l&#8217;impatto della cultura nel business<\/p>\n<\/li>\n<li>\n<p id=\"tw-target-text\" class=\"tw-data-text tw-ta tw-text-medium\" dir=\"ltr\" data-placeholder=\"Translation\">Comunicare meglio con i colleghi dell&#8217;India e lasciare da parte stereotipi e generalizzazioni<\/p>\n<\/li>\n<li>\n<p id=\"tw-target-text\" class=\"tw-data-text tw-ta tw-text-medium\" dir=\"ltr\" data-placeholder=\"Translation\">Segui\u00a0Do\u2019s e\u00a0Don\u2019ts<\/p>\n<\/li>\n<\/ul>\n<p>[\/vc_column_text][\/vc_tta_section][vc_tta_section title=&#8221;Colorful Culture UK&#8221; tab_id=&#8221;1487714421129-afed9fd9-4ffe&#8221;][vc_column_text]<b><img loading=\"lazy\" decoding=\"async\" width=\"80\" height=\"300\" class=\"size-medium wp-image-71063 alignright\" src=\"https:\/\/colorfulcultures.it\/wp-content\/uploads\/sites\/2\/2015\/10\/big-21-80x300.jpg\" alt=\"\" srcset=\"https:\/\/colorfulcultures.co.uk\/it\/wp-content\/uploads\/sites\/2\/2015\/10\/big-21-80x300.jpg 80w, https:\/\/colorfulcultures.co.uk\/it\/wp-content\/uploads\/sites\/2\/2015\/10\/big-21.jpg 160w\" sizes=\"auto, (max-width: 80px) 100vw, 80px\" \/><\/b><\/p>\n<p id=\"tw-target-text\" class=\"tw-data-text tw-ta tw-text-small\" dir=\"ltr\" data-placeholder=\"Translation\"><span lang=\"it\">Oggi, pi\u00f9 che mai, il successo in business richiede una consapevolezza interculturale e una efficace capacit\u00e0 di comunicazione culturale. Lavorare, incontrare, trattare, intrattenere, negoziare e corrispondere con colleghi o clienti di diverse culture pu\u00f2 essere un campo minato. Un errato movimento o un errore nella comprensione di base potrebbero rovinare o ritardare mesi di lavoro. Il modulo ci aiuta a comprendere e apprezzare le differenze interculturali e promuove una comunicazione pi\u00f9 chiara.<\/span><\/p>\n<p id=\"tw-target-text\" class=\"tw-data-text tw-ta tw-text-medium\" dir=\"ltr\" data-placeholder=\"Translation\"><span lang=\"it\">Quello che otterrai:<\/span><\/p>\n<ul>\n<li>\n<p id=\"tw-target-text\" class=\"tw-data-text tw-ta tw-text-small\" dir=\"ltr\" data-placeholder=\"Translation\"><span lang=\"it\">Rilasciare barriere, costruire fiducia e rafforzare i rapporti, aprire orizzonti e ottenere risultati tangibili in termini di successo in business.<\/span><\/p>\n<\/li>\n<li>\n<p id=\"tw-target-text\" class=\"tw-data-text tw-ta tw-text-small\" dir=\"ltr\" data-placeholder=\"Translation\"><span lang=\"it\">Legare\u00a0le differenze culturali tra U.K e altri paesi europei<\/span><\/p>\n<\/li>\n<li>\n<p id=\"tw-target-text\" class=\"tw-data-text tw-ta tw-text-medium\" dir=\"ltr\" data-placeholder=\"Translation\"><span lang=\"it\">Capire la storia, lo stile di vita dell&#8217;U.K.<\/span><\/p>\n<\/li>\n<li>\n<p id=\"tw-target-text\" class=\"tw-data-text tw-ta tw-text-small\" dir=\"ltr\" data-placeholder=\"Translation\"><span lang=\"it\">Comprendere il &#8220;Do&#8217;s and Don&#8217;ts&#8221; seguito nella struttura sociale britannica.<\/span><\/p>\n<\/li>\n<li>Costruire la fiducia per relazionarsi con i clienti.<\/li>\n<li>\n<p id=\"tw-target-text\" class=\"tw-data-text tw-ta tw-text-medium\" dir=\"ltr\" data-placeholder=\"Translation\"><span lang=\"it\">Costruire un rapporto.<\/span><\/p>\n<\/li>\n<\/ul>\n<p>[\/vc_column_text][\/vc_tta_section][vc_tta_section title=&#8221;Colorful Culture ITALIA&#8221; tab_id=&#8221;1493546832865-279789f7-f50f&#8221;][vc_column_text]<b><img loading=\"lazy\" decoding=\"async\" class=\"wp-image-71492 size-medium alignright\" src=\"https:\/\/colorfulcultures.it\/wp-content\/uploads\/sites\/2\/2015\/10\/italy-80x300.jpg\" alt=\"\" width=\"80\" height=\"300\" srcset=\"https:\/\/colorfulcultures.co.uk\/it\/wp-content\/uploads\/sites\/2\/2015\/10\/italy-80x300.jpg 80w, https:\/\/colorfulcultures.co.uk\/it\/wp-content\/uploads\/sites\/2\/2015\/10\/italy.jpg 160w\" sizes=\"auto, (max-width: 80px) 100vw, 80px\" \/><\/b><\/p>\n<p>Il contributo dell&#8217;Italia alla Cultura \u00e8 stato grande durante i secoli lasciando un&#8217;impronta straordinaria e potente. Il mix perfetto della cultura italiana \u00e8 speziato con arte, stile, buon gusto e opportunit\u00e0 di business.<\/p>\n<p id=\"tw-target-text\" class=\"tw-data-text tw-ta tw-text-small\" dir=\"ltr\" data-placeholder=\"Traducere\"><span lang=\"it\">Quando si parla dell&#8217;Italia, \u00e8 molto importante la capacit\u00e0 di utilizzare il linguaggio ei gesti giusti nella comunicazione interpersonale. I gesti delle mani ei contatti personali sono una caratteristica delle conversazioni italiane. Anche le prime impressioni sono molto importanti\u00a0e una buona immagine \u00e8 importante per gli italiani.<\/span><\/p>\n<p id=\"tw-target-text\" class=\"tw-data-text tw-ta tw-text-small\" dir=\"ltr\" data-placeholder=\"Traducere\"><span lang=\"it\">Questo programma \u00e8 l&#8217;occasione per introdurre e comprendere i valori culturali dell&#8217;Italia e come influenzano le relazioni di business. La formazione culturale trasversale \u00e8 cruciale per l&#8217;espansione globale di qualsiasi attivit\u00e0. Se desideri esplorare e lavorare con l&#8217;Italia, questo \u00e8 il programma giusto per te.<\/span><\/p>\n<p id=\"tw-target-text\" class=\"tw-data-text tw-ta tw-text-medium\" dir=\"ltr\" data-placeholder=\"Translation\"><span lang=\"it\">Quello che otterrai:<\/span><\/p>\n<ul>\n<li>\n<p id=\"tw-target-text\" class=\"tw-data-text tw-ta tw-text-small\" dir=\"ltr\" data-placeholder=\"Traducere\"><span lang=\"it\">Etichetta di business\u00a0in Italia <\/span><\/p>\n<\/li>\n<li>\n<p id=\"tw-target-text\" class=\"tw-data-text tw-ta tw-text-small\" dir=\"ltr\" data-placeholder=\"Traducere\"><span lang=\"it\">Pratiche di lavoro<\/span><\/p>\n<\/li>\n<li>\n<p id=\"tw-target-text\" class=\"tw-data-text tw-ta tw-text-small\" dir=\"ltr\" data-placeholder=\"Traducere\"><span lang=\"it\">Capire gli elementi che formano la cultura italiana <\/span><\/p>\n<\/li>\n<li>\n<p id=\"tw-target-text\" class=\"tw-data-text tw-ta tw-text-small\" dir=\"ltr\" data-placeholder=\"Traducere\"><span lang=\"it\">Preconcetti e stereotipi dell&#8217;Italia <\/span><\/p>\n<\/li>\n<li>\n<p id=\"tw-target-text\" class=\"tw-data-text tw-ta tw-text-small\" dir=\"ltr\" data-placeholder=\"Traducere\"><span lang=\"it\">Atteggiamenti e valori nella cultura imprenditoriale italiana<\/span><\/p>\n<\/li>\n<\/ul>\n<p>[\/vc_column_text][\/vc_tta_section][vc_tta_section title=&#8221;Colorful Culture INDONESIA&#8221; tab_id=&#8221;1493548418393-186cad74-b775&#8243;][vc_column_text]<b><img loading=\"lazy\" decoding=\"async\" class=\"wp-image-71494 size-medium alignright\" src=\"https:\/\/colorfulcultures.it\/wp-content\/uploads\/sites\/2\/2015\/10\/Indonesia-80x300.jpg\" alt=\"\" width=\"80\" height=\"300\" srcset=\"https:\/\/colorfulcultures.co.uk\/it\/wp-content\/uploads\/sites\/2\/2015\/10\/Indonesia-80x300.jpg 80w, https:\/\/colorfulcultures.co.uk\/it\/wp-content\/uploads\/sites\/2\/2015\/10\/Indonesia.jpg 160w\" sizes=\"auto, (max-width: 80px) 100vw, 80px\" \/><\/b><\/p>\n<p id=\"tw-target-text\" class=\"tw-data-text tw-ta tw-text-small\" dir=\"ltr\" data-placeholder=\"Traducere\"><span lang=\"it\">Quando si parla dell&#8217;Indonesia, la principale differenza culturale \u00e8 l&#8217;alta comunicazione di contesto. Ci\u00f2 significa che siano conosciuti un gran numero di informazioni \u00a0sulle persone con cui si interagisce e si esercita. A causa dell&#8217;importanza della cultura sulle relazioni a lungo termine e l&#8217;interdipendenza, si assuma una comprensione condivisa tra i membri di un gruppo indonesiano<\/span><\/p>\n<p id=\"tw-target-text\" class=\"tw-data-text tw-ta tw-text-small\" dir=\"ltr\" data-placeholder=\"Traducere\"><span lang=\"it\">Questo programma \u00e8 l&#8217;occasione per introdurre e capire le forme di comunicazione e il loro impatto nel business.<\/span><\/p>\n<p id=\"tw-target-text\" class=\"tw-data-text tw-ta tw-text-medium\" dir=\"ltr\" data-placeholder=\"Translation\"><span lang=\"it\">Quello che otterrai:<\/span><\/p>\n<ul>\n<li>\n<p id=\"tw-target-text\" class=\"tw-data-text tw-ta tw-text-small\" dir=\"ltr\" data-placeholder=\"Traducere\"><span lang=\"it\">Capire &#8220;fare e non fare&#8221; nella vita quotidiana<\/span><\/p>\n<\/li>\n<li>\n<p id=\"tw-target-text\" class=\"tw-data-text tw-ta tw-text-small\" dir=\"ltr\" data-placeholder=\"Traducere\"><span lang=\"it\">Capire i valori fondamentali e le implicazioni per le imprese<\/span><\/p>\n<\/li>\n<li>\n<p id=\"tw-target-text\" class=\"tw-data-text tw-ta tw-text-small\" dir=\"ltr\" data-placeholder=\"Traducere\"><span lang=\"it\">Costruire e mantenere credibilit\u00e0<\/span><\/p>\n<\/li>\n<li>\n<p id=\"tw-target-text\" class=\"tw-data-text tw-ta tw-text-small\" dir=\"ltr\" data-placeholder=\"Traducere\"><span lang=\"it\"> Seguire il protocollo aziendale e le specificit\u00e0 dell&#8217;ambiente commerciale locale <\/span><\/p>\n<\/li>\n<li>\n<p id=\"tw-target-text\" class=\"tw-data-text tw-ta tw-text-small\" dir=\"ltr\" data-placeholder=\"Traducere\"><span lang=\"it\">Formattare le tue abilit\u00e0 aziendali (gestire le persone, rapporti con i clienti) secondo i requisiti locali<\/span><\/p>\n<\/li>\n<\/ul>\n<p>[\/vc_column_text][\/vc_tta_section][\/vc_tta_tour][\/vc_column][\/vc_row]<\/p>\n<\/div>","protected":false},"excerpt":{"rendered":"<p>[vc_row type=&#8221;container&#8221; padding_top=&#8221;&#8221; padding_bottom=&#8221;&#8221; css=&#8221;.vc_custom_1449576470084{margin-bottom: 0px !important;}&#8221;][vc_column width=&#8221;1\/2&#8243;][vc_column_text] Capire che abbiamo differenze \u00e8 il primo passo per risolvere il mistero della comunicazione interculturale. Mentre ci conosciamo con queste differenze possiamo &#8220;cambiare il nostro atteggiamento&#8221;, essere &#8220;consapevoli&#8221; nella comunicazione con gli altri, ottenere con successo il nostro messaggio e fare affari. &#8220;Gli esseri umani sono attirati [&hellip;]<\/p>\n","protected":false},"author":1,"featured_media":70778,"parent":73,"menu_order":1,"comment_status":"closed","ping_status":"closed","template":"","meta":{"_acf_changed":false,"footnotes":""},"class_list":["post-147","page","type-page","status-publish","has-post-thumbnail","hentry"],"acf":[],"yoast_head":"<!-- This site is optimized with the Yoast SEO plugin v25.6 - https:\/\/yoast.com\/wordpress\/plugins\/seo\/ -->\n<title>Colorful cultures - Colorfulcultures.it<\/title>\n<meta name=\"description\" content=\"Besides distance and language, communicated efficiently across cultures also means adapting your message to a very different audience\" \/>\n<meta name=\"robots\" content=\"index, follow, max-snippet:-1, max-image-preview:large, max-video-preview:-1\" \/>\n<link rel=\"canonical\" href=\"https:\/\/colorfulcultures.co.uk\/it\/soluzioni-di-formazione\/colorful-cultures\/\" \/>\n<meta property=\"og:locale\" content=\"it_IT\" \/>\n<meta property=\"og:type\" content=\"article\" \/>\n<meta property=\"og:title\" content=\"Colorful cultures - Colorfulcultures.it\" \/>\n<meta property=\"og:description\" content=\"Besides distance and language, communicated efficiently across cultures also means adapting your message to a very different audience\" \/>\n<meta property=\"og:url\" content=\"https:\/\/colorfulcultures.co.uk\/it\/soluzioni-di-formazione\/colorful-cultures\/\" \/>\n<meta property=\"og:site_name\" content=\"Colorfulcultures.it\" \/>\n<meta property=\"article:modified_time\" content=\"2017-04-30T10:38:44+00:00\" \/>\n<meta name=\"twitter:card\" content=\"summary_large_image\" \/>\n<meta name=\"twitter:label1\" content=\"Tempo di lettura stimato\" \/>\n\t<meta name=\"twitter:data1\" content=\"5 minuti\" \/>\n<script type=\"application\/ld+json\" class=\"yoast-schema-graph\">{\"@context\":\"https:\/\/schema.org\",\"@graph\":[{\"@type\":\"WebPage\",\"@id\":\"https:\/\/colorfulcultures.co.uk\/it\/soluzioni-di-formazione\/colorful-cultures\/\",\"url\":\"https:\/\/colorfulcultures.co.uk\/it\/soluzioni-di-formazione\/colorful-cultures\/\",\"name\":\"Colorful cultures - Colorfulcultures.it\",\"isPartOf\":{\"@id\":\"https:\/\/colorfulcultures.co.uk\/it\/#website\"},\"primaryImageOfPage\":{\"@id\":\"https:\/\/colorfulcultures.co.uk\/it\/soluzioni-di-formazione\/colorful-cultures\/#primaryimage\"},\"image\":{\"@id\":\"https:\/\/colorfulcultures.co.uk\/it\/soluzioni-di-formazione\/colorful-cultures\/#primaryimage\"},\"thumbnailUrl\":\"\",\"datePublished\":\"2015-10-09T17:51:30+00:00\",\"dateModified\":\"2017-04-30T10:38:44+00:00\",\"description\":\"Besides distance and language, communicated efficiently across cultures also means adapting your message to a very different audience\",\"breadcrumb\":{\"@id\":\"https:\/\/colorfulcultures.co.uk\/it\/soluzioni-di-formazione\/colorful-cultures\/#breadcrumb\"},\"inLanguage\":\"it-IT\",\"potentialAction\":[{\"@type\":\"ReadAction\",\"target\":[\"https:\/\/colorfulcultures.co.uk\/it\/soluzioni-di-formazione\/colorful-cultures\/\"]}]},{\"@type\":\"ImageObject\",\"inLanguage\":\"it-IT\",\"@id\":\"https:\/\/colorfulcultures.co.uk\/it\/soluzioni-di-formazione\/colorful-cultures\/#primaryimage\",\"url\":\"\",\"contentUrl\":\"\"},{\"@type\":\"BreadcrumbList\",\"@id\":\"https:\/\/colorfulcultures.co.uk\/it\/soluzioni-di-formazione\/colorful-cultures\/#breadcrumb\",\"itemListElement\":[{\"@type\":\"ListItem\",\"position\":1,\"name\":\"Home\",\"item\":\"https:\/\/colorfulcultures.co.uk\/it\/\"},{\"@type\":\"ListItem\",\"position\":2,\"name\":\"Solutions\",\"item\":\"https:\/\/colorfulcultures.co.uk\/it\/soluzioni-di-formazione\/\"},{\"@type\":\"ListItem\",\"position\":3,\"name\":\"Colorful cultures\"}]},{\"@type\":\"WebSite\",\"@id\":\"https:\/\/colorfulcultures.co.uk\/it\/#website\",\"url\":\"https:\/\/colorfulcultures.co.uk\/it\/\",\"name\":\"Colorfulcultures.it\",\"description\":\"Colorful cultures, training solutions, cross cultural communication\",\"potentialAction\":[{\"@type\":\"SearchAction\",\"target\":{\"@type\":\"EntryPoint\",\"urlTemplate\":\"https:\/\/colorfulcultures.co.uk\/it\/?s={search_term_string}\"},\"query-input\":{\"@type\":\"PropertyValueSpecification\",\"valueRequired\":true,\"valueName\":\"search_term_string\"}}],\"inLanguage\":\"it-IT\"}]}<\/script>\n<!-- \/ Yoast SEO plugin. -->","yoast_head_json":{"title":"Colorful cultures - Colorfulcultures.it","description":"Besides distance and language, communicated efficiently across cultures also means adapting your message to a very different audience","robots":{"index":"index","follow":"follow","max-snippet":"max-snippet:-1","max-image-preview":"max-image-preview:large","max-video-preview":"max-video-preview:-1"},"canonical":"https:\/\/colorfulcultures.co.uk\/it\/soluzioni-di-formazione\/colorful-cultures\/","og_locale":"it_IT","og_type":"article","og_title":"Colorful cultures - Colorfulcultures.it","og_description":"Besides distance and language, communicated efficiently across cultures also means adapting your message to a very different audience","og_url":"https:\/\/colorfulcultures.co.uk\/it\/soluzioni-di-formazione\/colorful-cultures\/","og_site_name":"Colorfulcultures.it","article_modified_time":"2017-04-30T10:38:44+00:00","twitter_card":"summary_large_image","twitter_misc":{"Tempo di lettura stimato":"5 minuti"},"schema":{"@context":"https:\/\/schema.org","@graph":[{"@type":"WebPage","@id":"https:\/\/colorfulcultures.co.uk\/it\/soluzioni-di-formazione\/colorful-cultures\/","url":"https:\/\/colorfulcultures.co.uk\/it\/soluzioni-di-formazione\/colorful-cultures\/","name":"Colorful cultures - Colorfulcultures.it","isPartOf":{"@id":"https:\/\/colorfulcultures.co.uk\/it\/#website"},"primaryImageOfPage":{"@id":"https:\/\/colorfulcultures.co.uk\/it\/soluzioni-di-formazione\/colorful-cultures\/#primaryimage"},"image":{"@id":"https:\/\/colorfulcultures.co.uk\/it\/soluzioni-di-formazione\/colorful-cultures\/#primaryimage"},"thumbnailUrl":"","datePublished":"2015-10-09T17:51:30+00:00","dateModified":"2017-04-30T10:38:44+00:00","description":"Besides distance and language, communicated efficiently across cultures also means adapting your message to a very different audience","breadcrumb":{"@id":"https:\/\/colorfulcultures.co.uk\/it\/soluzioni-di-formazione\/colorful-cultures\/#breadcrumb"},"inLanguage":"it-IT","potentialAction":[{"@type":"ReadAction","target":["https:\/\/colorfulcultures.co.uk\/it\/soluzioni-di-formazione\/colorful-cultures\/"]}]},{"@type":"ImageObject","inLanguage":"it-IT","@id":"https:\/\/colorfulcultures.co.uk\/it\/soluzioni-di-formazione\/colorful-cultures\/#primaryimage","url":"","contentUrl":""},{"@type":"BreadcrumbList","@id":"https:\/\/colorfulcultures.co.uk\/it\/soluzioni-di-formazione\/colorful-cultures\/#breadcrumb","itemListElement":[{"@type":"ListItem","position":1,"name":"Home","item":"https:\/\/colorfulcultures.co.uk\/it\/"},{"@type":"ListItem","position":2,"name":"Solutions","item":"https:\/\/colorfulcultures.co.uk\/it\/soluzioni-di-formazione\/"},{"@type":"ListItem","position":3,"name":"Colorful cultures"}]},{"@type":"WebSite","@id":"https:\/\/colorfulcultures.co.uk\/it\/#website","url":"https:\/\/colorfulcultures.co.uk\/it\/","name":"Colorfulcultures.it","description":"Colorful cultures, training solutions, cross cultural communication","potentialAction":[{"@type":"SearchAction","target":{"@type":"EntryPoint","urlTemplate":"https:\/\/colorfulcultures.co.uk\/it\/?s={search_term_string}"},"query-input":{"@type":"PropertyValueSpecification","valueRequired":true,"valueName":"search_term_string"}}],"inLanguage":"it-IT"}]}},"_links":{"self":[{"href":"https:\/\/colorfulcultures.co.uk\/it\/wp-json\/wp\/v2\/pages\/147","targetHints":{"allow":["GET"]}}],"collection":[{"href":"https:\/\/colorfulcultures.co.uk\/it\/wp-json\/wp\/v2\/pages"}],"about":[{"href":"https:\/\/colorfulcultures.co.uk\/it\/wp-json\/wp\/v2\/types\/page"}],"author":[{"embeddable":true,"href":"https:\/\/colorfulcultures.co.uk\/it\/wp-json\/wp\/v2\/users\/1"}],"replies":[{"embeddable":true,"href":"https:\/\/colorfulcultures.co.uk\/it\/wp-json\/wp\/v2\/comments?post=147"}],"version-history":[{"count":9,"href":"https:\/\/colorfulcultures.co.uk\/it\/wp-json\/wp\/v2\/pages\/147\/revisions"}],"predecessor-version":[{"id":71495,"href":"https:\/\/colorfulcultures.co.uk\/it\/wp-json\/wp\/v2\/pages\/147\/revisions\/71495"}],"up":[{"embeddable":true,"href":"https:\/\/colorfulcultures.co.uk\/it\/wp-json\/wp\/v2\/pages\/73"}],"wp:featuredmedia":[{"embeddable":true,"href":"https:\/\/colorfulcultures.co.uk\/it\/wp-json\/"}],"wp:attachment":[{"href":"https:\/\/colorfulcultures.co.uk\/it\/wp-json\/wp\/v2\/media?parent=147"}],"curies":[{"name":"wp","href":"https:\/\/api.w.org\/{rel}","templated":true}]}}