{"id":141,"date":"2015-10-09T17:24:05","date_gmt":"2015-10-09T17:24:05","guid":{"rendered":"http:\/\/broker.commercegurus.com\/?page_id=141"},"modified":"2017-04-29T15:36:05","modified_gmt":"2017-04-29T12:36:05","slug":"reclutamento-selezione","status":"publish","type":"page","link":"https:\/\/colorfulcultures.co.uk\/it\/soluzioni-di-formazione\/reclutamento-selezione\/","title":{"rendered":"Reclutamento &#038; Selezione"},"content":{"rendered":"<div class=\"wpb-content-wrapper\"><p>[vc_row type=&#8221;container&#8221; padding_top=&#8221;&#8221; padding_bottom=&#8221;&#8221; css=&#8221;.vc_custom_1449062960012{margin-bottom: 20px !important;}&#8221;][vc_column width=&#8221;1\/2&#8243;][vc_column_text]<\/p>\n<p id=\"tw-target-text\" class=\"tw-data-text tw-ta tw-text-small\" dir=\"ltr\" data-placeholder=\"Traducere\"><span lang=\"it\">Reclutamento e selezione &#8211; la complessit\u00e0 aumentata dell&#8217;ambiente di lavoro richiede decisioni strategiche. Quindi il ruolo del leader \u00e8 stato spostato negli ultimi anni in quanto non sono pi\u00f9 in grado di controllare tutte le complesse procedure da soli. Al giorno d&#8217;oggi, i leader di successo stanno scegliendo di muovere saggi sulla scacchiera. Come hanno bisogno di partner,non possono pi\u00f9 delegare il reclutamento delle persone chiave con cui condivideranno l&#8217;attivit\u00e0.<\/span><\/p>\n<p>[\/vc_column_text][\/vc_column][vc_column width=&#8221;1\/2&#8243;][vc_single_image image=&#8221;71182&#8243; img_size=&#8221;full&#8221; add_caption=&#8221;yes&#8221; onclick=&#8221;link_image&#8221;][\/vc_column][\/vc_row][vc_row type=&#8221;container&#8221; padding_top=&#8221;&#8221; padding_bottom=&#8221;&#8221; css=&#8221;.vc_custom_1444504142602{margin-bottom: 0px !important;}&#8221;][vc_column][vc_separator color=&#8221;#e2e2e2&#8243; type=&#8221;normal&#8221; thickness=&#8221;1&#8243; up=&#8221;&#8221; down=&#8221;&#8221; el_class=&#8221;dotted&#8221;][\/vc_column][\/vc_row][vc_row type=&#8221;container&#8221; padding_top=&#8221;&#8221; padding_bottom=&#8221;&#8221;][vc_column][vc_column_text][\/vc_column_text][\/vc_column][\/vc_row][vc_row type=&#8221;container&#8221;][vc_column][vc_tta_tour][vc_tta_section title=&#8221;RECLUTAMENTO&#8221; tab_id=&#8221;1487877553242-7718c5c2-1ba6&#8243;][vc_column_text]In un ambiente competitivo, un leader deve scegliere due percorsi: Poich\u00e9 il mercato del lavoro diventa sempre pi\u00f9 competitivo per i professionisti talentati, il leader deve essere sicuro di creare l&#8217;ambiente colorato, perch\u00e9 i dipendenti possono soddisfare i loro bisogni come la crescita personale, un equilibrio tra lavoro e vita e un ambiente di lavoro apprezzato.<\/p>\n<p id=\"tw-target-text\" class=\"tw-data-text tw-ta tw-text-small\" dir=\"ltr\" data-placeholder=\"Traducere\"><span lang=\"it\">La concorrenza sul lato vendite richiede ruoli principali nella caccia\u00a0dei talenti, dal leader e una sostituzione pi\u00f9 intelligente e pi\u00f9 veloce dei\u00a0impiegati, per il ruolo da colorare, eseguire e coltivare dal futuro dipendente.<\/span><\/p>\n<p id=\"tw-target-text\" class=\"tw-data-text tw-ta tw-text-small\" dir=\"ltr\" data-placeholder=\"Traducere\"><span lang=\"it\">Questi due percorsi sono certamente legati: Idealmente i leader creano un set win-win, allineando i desideri personali con obiettivi organizzativi. Ma, come in una squadra di calcio vincente, le persone che hanno ruoli diversi devono esprimere il comportamento necessario per le competenze richieste, prima di essere fieri\u00a0di prestazioni elevate, contributi o ricompense del loro successo comune.<\/span><\/p>\n<p>Indipendentemente dalle specificit\u00e0 del settore, le crisi locali, i pool di candidati, le barriere culturali ei profili difficili mettono a rischio il processo di reclutamento. Questo \u00e8 il momento in cui puoi passare da un approccio classico ma invasivo, basato su comportamenti comprovati &#8211; ad uno pi\u00f9 diplomatico e pi\u00f9 soffice\u00a0utilizzando Intervista Proiettiva o Intervista a Basket &#8211; o addirittura utilizzare un test psicometrico per un livello di previsione pi\u00f9 elevato.<\/p>\n<p id=\"tw-target-text\" class=\"tw-data-text tw-ta tw-text-small\" dir=\"ltr\" data-placeholder=\"Traducere\"><span lang=\"it\">Per tutti i profili razionali, come la maggior parte delle persone che lavorano in IT e in contabilita\u00a0sono o amabili come dipendenti del servizio clienti, la strategia dovrebbe essere diversa. Quindi, mantenilo semplice e bello!<\/span><\/p>\n<p id=\"tw-target-text\" class=\"tw-data-text tw-ta tw-text-medium\" dir=\"ltr\" data-placeholder=\"Traducere\"><span lang=\"it\">Quello che otterrai:<\/span><\/p>\n<ul>\n<li>\n<p id=\"tw-target-text\" class=\"tw-data-text tw-ta tw-text-medium\" dir=\"ltr\" data-placeholder=\"Traducere\"><span lang=\"it\">Strutturare l&#8217;approccio di interviste<\/span><\/p>\n<\/li>\n<li>\n<p id=\"tw-target-text\" class=\"tw-data-text tw-ta tw-text-medium\" dir=\"ltr\" data-placeholder=\"Traducere\"><span lang=\"it\">Tecniche di intervista efficaci<\/span><\/p>\n<\/li>\n<li>\n<p id=\"tw-target-text\" class=\"tw-data-text tw-ta tw-text-small\" dir=\"ltr\" data-placeholder=\"Traducere\"><span lang=\"it\">Strumenti per raggiungere una maggiore prevedibilit\u00e0 nei processi di\u00a0selezione<\/span><\/p>\n<\/li>\n<li>\n<p id=\"tw-target-text\" class=\"tw-data-text tw-ta tw-text-medium\" dir=\"ltr\" data-placeholder=\"Traducere\"><span lang=\"it\">Profilare le persone<\/span><\/p>\n<\/li>\n<li>\n<p id=\"tw-target-text\" class=\"tw-data-text tw-ta tw-text-medium\" dir=\"ltr\" data-placeholder=\"Traducere\"><span lang=\"it\">Fare la giusta decisione di selezione<\/span><\/p>\n<\/li>\n<\/ul>\n<p>[\/vc_column_text][\/vc_tta_section][vc_tta_section title=&#8221;COMPETENZA BASATA SU INTERVISTA&#8221; tab_id=&#8221;1487877553292-ce3f1ccb-26af&#8221;][vc_column_text]<\/p>\n<p id=\"tw-target-text\" class=\"tw-data-text tw-ta tw-text-small\" dir=\"ltr\" data-placeholder=\"Traducere\"><span lang=\"it\">Le competenze svolgono un ruolo fondamentale nel sostenere le prestazioni buone o superiori al\u00a0posto di lavoro. Per scegliere il candidato giusto \u00e8 essenziale valutare le competenze che l&#8217;individuo possiede. &#8220;La chiave per scoprire come qualcuno si esibir\u00e0 in un lavoro \u00e8 raccogliere e analizzare esempi di come ha fatto in situazioni simili in passato&#8221;. Questi possono essere ulteriormente abbinati ai livelli previsti per un ruolo di lavoro specificato, aiutando cos\u00ec L&#8217;Intervistatore per prendere una decisione di selezione obiettiva.<\/span><\/p>\n<p id=\"tw-target-text\" class=\"tw-data-text tw-ta tw-text-medium\" dir=\"ltr\" data-placeholder=\"Traducere\"><span lang=\"it\">Quello che otterrai:<\/span><\/p>\n<ul>\n<li>\n<p id=\"tw-target-text\" class=\"tw-data-text tw-ta tw-text-small\" dir=\"ltr\" data-placeholder=\"Traducere\"><span lang=\"it\">Preparati efficacemente per un&#8217;intervista strutturata<\/span><\/p>\n<\/li>\n<li>\n<p id=\"tw-target-text\" class=\"tw-data-text tw-ta tw-text-small\" dir=\"ltr\" data-placeholder=\"Traducere\"><span lang=\"it\">Definire domande appropriate e utilizzare tecniche di intervista efficaci<\/span><\/p>\n<\/li>\n<li>\n<p id=\"tw-target-text\" class=\"tw-data-text tw-ta tw-text-small\" dir=\"ltr\" data-placeholder=\"Traducere\"><span lang=\"it\">Ottenere l&#8217;interesse del candidato e le informazioni pertinenti su di lui<\/span><\/p>\n<\/li>\n<li>\n<p id=\"tw-target-text\" class=\"tw-data-text tw-ta tw-text-medium\" dir=\"ltr\" data-placeholder=\"Traducere\"><span lang=\"it\">Valuta le risposte ricevute<\/span><\/p>\n<\/li>\n<li>\n<p id=\"tw-target-text\" class=\"tw-data-text tw-ta tw-text-small\" dir=\"ltr\" data-placeholder=\"Traducere\"><span lang=\"it\">Valutare obiettivo l&#8217;idoneit\u00e0 dei candidati per qualsiasi posizione<\/span><\/p>\n<\/li>\n<li>\n<p id=\"tw-target-text\" class=\"tw-data-text tw-ta tw-text-medium\" dir=\"ltr\" data-placeholder=\"Traducere\"><span lang=\"it\">Vendere il job\u00a0al candidato e al candidato al PM<\/span><\/p>\n<\/li>\n<li>\n<p id=\"tw-target-text\" class=\"tw-data-text tw-ta tw-text-medium\" dir=\"ltr\" data-placeholder=\"Traducere\"><span lang=\"it\">Noleggiare le persone giuste per il lavoro giusto<\/span><\/p>\n<\/li>\n<\/ul>\n<p>[\/vc_column_text][\/vc_tta_section][\/vc_tta_tour][\/vc_column][\/vc_row][vc_row type=&#8221;container&#8221; padding_top=&#8221;&#8221; padding_bottom=&#8221;&#8221; css=&#8221;.vc_custom_1449062969962{margin-bottom: 50px !important;}&#8221;][vc_column][vc_tta_tabs][vc_tta_section title=&#8221;METODOLOGIA&#8221; tab_id=&#8221;1487015076536-13fe4e40-5a2c&#8221;][vc_column_text]<\/p>\n<ul>\n<li>film<\/li>\n<li>discussioni di gruppo<\/li>\n<li>interpretazione, profilatura<\/li>\n<li>esercizi di presentazione<\/li>\n<\/ul>\n<p>[\/vc_column_text][\/vc_tta_section][vc_tta_section title=&#8221;DURATA&#8221; tab_id=&#8221;1487015076585-7b9a87b4-e728&#8243;][vc_column_text]8 \u00a0ore[\/vc_column_text][\/vc_tta_section][vc_tta_section title=&#8221;PUBBLICO TARGET&#8221; tab_id=&#8221;1487015161546-cae88626-796c&#8221;][vc_column_text]<\/p>\n<ul>\n<li>Lead Associate<\/li>\n<li>Analyst, Managers<\/li>\n<\/ul>\n<p>[\/vc_column_text][\/vc_tta_section][vc_tta_section title=&#8221;DIMENSIONE DEL LOTTO&#8221; tab_id=&#8221;1487015195273-8b34e9f4-b163&#8243;][vc_column_text]<\/p>\n<ul>\n<li>Min &#8211; 8<\/li>\n<li>Max &#8211; 16<\/li>\n<\/ul>\n<p>[\/vc_column_text][\/vc_tta_section][\/vc_tta_tabs][\/vc_column][\/vc_row]<\/p>\n<\/div>","protected":false},"excerpt":{"rendered":"<p>[vc_row type=&#8221;container&#8221; padding_top=&#8221;&#8221; padding_bottom=&#8221;&#8221; css=&#8221;.vc_custom_1449062960012{margin-bottom: 20px !important;}&#8221;][vc_column width=&#8221;1\/2&#8243;][vc_column_text] Reclutamento e selezione &#8211; la complessit\u00e0 aumentata dell&#8217;ambiente di lavoro richiede decisioni strategiche. Quindi il ruolo del leader \u00e8 stato spostato negli ultimi anni in quanto non sono pi\u00f9 in grado di controllare tutte le complesse procedure da soli. Al giorno d&#8217;oggi, i leader di successo stanno [&hellip;]<\/p>\n","protected":false},"author":1,"featured_media":70700,"parent":73,"menu_order":3,"comment_status":"closed","ping_status":"closed","template":"","meta":{"_acf_changed":false,"footnotes":""},"class_list":["post-141","page","type-page","status-publish","has-post-thumbnail","hentry"],"acf":[],"yoast_head":"<!-- This site is optimized with the Yoast SEO plugin v25.6 - https:\/\/yoast.com\/wordpress\/plugins\/seo\/ -->\n<title>Reclutamento &amp; Selezione - Colorfulcultures.it<\/title>\n<meta name=\"description\" content=\"Recruitment &amp; Selection - the increasing complexity of the work environment requires strategic decisions.\" \/>\n<meta name=\"robots\" content=\"index, follow, max-snippet:-1, max-image-preview:large, max-video-preview:-1\" \/>\n<link rel=\"canonical\" href=\"https:\/\/colorfulcultures.co.uk\/it\/soluzioni-di-formazione\/reclutamento-selezione\/\" \/>\n<meta property=\"og:locale\" content=\"it_IT\" \/>\n<meta property=\"og:type\" content=\"article\" \/>\n<meta property=\"og:title\" content=\"Reclutamento &amp; Selezione - Colorfulcultures.it\" \/>\n<meta property=\"og:description\" content=\"Recruitment &amp; Selection - the increasing complexity of the work environment requires strategic decisions.\" \/>\n<meta property=\"og:url\" content=\"https:\/\/colorfulcultures.co.uk\/it\/soluzioni-di-formazione\/reclutamento-selezione\/\" \/>\n<meta property=\"og:site_name\" content=\"Colorfulcultures.it\" \/>\n<meta property=\"article:modified_time\" content=\"2017-04-29T12:36:05+00:00\" \/>\n<meta name=\"twitter:card\" content=\"summary_large_image\" \/>\n<meta name=\"twitter:label1\" content=\"Tempo di lettura stimato\" \/>\n\t<meta name=\"twitter:data1\" content=\"4 minuti\" \/>\n<script type=\"application\/ld+json\" class=\"yoast-schema-graph\">{\"@context\":\"https:\/\/schema.org\",\"@graph\":[{\"@type\":\"WebPage\",\"@id\":\"https:\/\/colorfulcultures.co.uk\/it\/soluzioni-di-formazione\/reclutamento-selezione\/\",\"url\":\"https:\/\/colorfulcultures.co.uk\/it\/soluzioni-di-formazione\/reclutamento-selezione\/\",\"name\":\"Reclutamento & Selezione - Colorfulcultures.it\",\"isPartOf\":{\"@id\":\"https:\/\/colorfulcultures.co.uk\/it\/#website\"},\"primaryImageOfPage\":{\"@id\":\"https:\/\/colorfulcultures.co.uk\/it\/soluzioni-di-formazione\/reclutamento-selezione\/#primaryimage\"},\"image\":{\"@id\":\"https:\/\/colorfulcultures.co.uk\/it\/soluzioni-di-formazione\/reclutamento-selezione\/#primaryimage\"},\"thumbnailUrl\":\"\",\"datePublished\":\"2015-10-09T17:24:05+00:00\",\"dateModified\":\"2017-04-29T12:36:05+00:00\",\"description\":\"Recruitment & Selection - the increasing complexity of the work environment requires strategic decisions.\",\"breadcrumb\":{\"@id\":\"https:\/\/colorfulcultures.co.uk\/it\/soluzioni-di-formazione\/reclutamento-selezione\/#breadcrumb\"},\"inLanguage\":\"it-IT\",\"potentialAction\":[{\"@type\":\"ReadAction\",\"target\":[\"https:\/\/colorfulcultures.co.uk\/it\/soluzioni-di-formazione\/reclutamento-selezione\/\"]}]},{\"@type\":\"ImageObject\",\"inLanguage\":\"it-IT\",\"@id\":\"https:\/\/colorfulcultures.co.uk\/it\/soluzioni-di-formazione\/reclutamento-selezione\/#primaryimage\",\"url\":\"\",\"contentUrl\":\"\"},{\"@type\":\"BreadcrumbList\",\"@id\":\"https:\/\/colorfulcultures.co.uk\/it\/soluzioni-di-formazione\/reclutamento-selezione\/#breadcrumb\",\"itemListElement\":[{\"@type\":\"ListItem\",\"position\":1,\"name\":\"Home\",\"item\":\"https:\/\/colorfulcultures.co.uk\/it\/\"},{\"@type\":\"ListItem\",\"position\":2,\"name\":\"Solutions\",\"item\":\"https:\/\/colorfulcultures.co.uk\/it\/soluzioni-di-formazione\/\"},{\"@type\":\"ListItem\",\"position\":3,\"name\":\"Reclutamento &#038; Selezione\"}]},{\"@type\":\"WebSite\",\"@id\":\"https:\/\/colorfulcultures.co.uk\/it\/#website\",\"url\":\"https:\/\/colorfulcultures.co.uk\/it\/\",\"name\":\"Colorfulcultures.it\",\"description\":\"Colorful cultures, training solutions, cross cultural communication\",\"potentialAction\":[{\"@type\":\"SearchAction\",\"target\":{\"@type\":\"EntryPoint\",\"urlTemplate\":\"https:\/\/colorfulcultures.co.uk\/it\/?s={search_term_string}\"},\"query-input\":{\"@type\":\"PropertyValueSpecification\",\"valueRequired\":true,\"valueName\":\"search_term_string\"}}],\"inLanguage\":\"it-IT\"}]}<\/script>\n<!-- \/ Yoast SEO plugin. -->","yoast_head_json":{"title":"Reclutamento & Selezione - Colorfulcultures.it","description":"Recruitment & Selection - the increasing complexity of the work environment requires strategic decisions.","robots":{"index":"index","follow":"follow","max-snippet":"max-snippet:-1","max-image-preview":"max-image-preview:large","max-video-preview":"max-video-preview:-1"},"canonical":"https:\/\/colorfulcultures.co.uk\/it\/soluzioni-di-formazione\/reclutamento-selezione\/","og_locale":"it_IT","og_type":"article","og_title":"Reclutamento & Selezione - Colorfulcultures.it","og_description":"Recruitment & Selection - the increasing complexity of the work environment requires strategic decisions.","og_url":"https:\/\/colorfulcultures.co.uk\/it\/soluzioni-di-formazione\/reclutamento-selezione\/","og_site_name":"Colorfulcultures.it","article_modified_time":"2017-04-29T12:36:05+00:00","twitter_card":"summary_large_image","twitter_misc":{"Tempo di lettura stimato":"4 minuti"},"schema":{"@context":"https:\/\/schema.org","@graph":[{"@type":"WebPage","@id":"https:\/\/colorfulcultures.co.uk\/it\/soluzioni-di-formazione\/reclutamento-selezione\/","url":"https:\/\/colorfulcultures.co.uk\/it\/soluzioni-di-formazione\/reclutamento-selezione\/","name":"Reclutamento & Selezione - Colorfulcultures.it","isPartOf":{"@id":"https:\/\/colorfulcultures.co.uk\/it\/#website"},"primaryImageOfPage":{"@id":"https:\/\/colorfulcultures.co.uk\/it\/soluzioni-di-formazione\/reclutamento-selezione\/#primaryimage"},"image":{"@id":"https:\/\/colorfulcultures.co.uk\/it\/soluzioni-di-formazione\/reclutamento-selezione\/#primaryimage"},"thumbnailUrl":"","datePublished":"2015-10-09T17:24:05+00:00","dateModified":"2017-04-29T12:36:05+00:00","description":"Recruitment & Selection - the increasing complexity of the work environment requires strategic decisions.","breadcrumb":{"@id":"https:\/\/colorfulcultures.co.uk\/it\/soluzioni-di-formazione\/reclutamento-selezione\/#breadcrumb"},"inLanguage":"it-IT","potentialAction":[{"@type":"ReadAction","target":["https:\/\/colorfulcultures.co.uk\/it\/soluzioni-di-formazione\/reclutamento-selezione\/"]}]},{"@type":"ImageObject","inLanguage":"it-IT","@id":"https:\/\/colorfulcultures.co.uk\/it\/soluzioni-di-formazione\/reclutamento-selezione\/#primaryimage","url":"","contentUrl":""},{"@type":"BreadcrumbList","@id":"https:\/\/colorfulcultures.co.uk\/it\/soluzioni-di-formazione\/reclutamento-selezione\/#breadcrumb","itemListElement":[{"@type":"ListItem","position":1,"name":"Home","item":"https:\/\/colorfulcultures.co.uk\/it\/"},{"@type":"ListItem","position":2,"name":"Solutions","item":"https:\/\/colorfulcultures.co.uk\/it\/soluzioni-di-formazione\/"},{"@type":"ListItem","position":3,"name":"Reclutamento &#038; Selezione"}]},{"@type":"WebSite","@id":"https:\/\/colorfulcultures.co.uk\/it\/#website","url":"https:\/\/colorfulcultures.co.uk\/it\/","name":"Colorfulcultures.it","description":"Colorful cultures, training solutions, cross cultural communication","potentialAction":[{"@type":"SearchAction","target":{"@type":"EntryPoint","urlTemplate":"https:\/\/colorfulcultures.co.uk\/it\/?s={search_term_string}"},"query-input":{"@type":"PropertyValueSpecification","valueRequired":true,"valueName":"search_term_string"}}],"inLanguage":"it-IT"}]}},"_links":{"self":[{"href":"https:\/\/colorfulcultures.co.uk\/it\/wp-json\/wp\/v2\/pages\/141","targetHints":{"allow":["GET"]}}],"collection":[{"href":"https:\/\/colorfulcultures.co.uk\/it\/wp-json\/wp\/v2\/pages"}],"about":[{"href":"https:\/\/colorfulcultures.co.uk\/it\/wp-json\/wp\/v2\/types\/page"}],"author":[{"embeddable":true,"href":"https:\/\/colorfulcultures.co.uk\/it\/wp-json\/wp\/v2\/users\/1"}],"replies":[{"embeddable":true,"href":"https:\/\/colorfulcultures.co.uk\/it\/wp-json\/wp\/v2\/comments?post=141"}],"version-history":[{"count":6,"href":"https:\/\/colorfulcultures.co.uk\/it\/wp-json\/wp\/v2\/pages\/141\/revisions"}],"predecessor-version":[{"id":71474,"href":"https:\/\/colorfulcultures.co.uk\/it\/wp-json\/wp\/v2\/pages\/141\/revisions\/71474"}],"up":[{"embeddable":true,"href":"https:\/\/colorfulcultures.co.uk\/it\/wp-json\/wp\/v2\/pages\/73"}],"wp:featuredmedia":[{"embeddable":true,"href":"https:\/\/colorfulcultures.co.uk\/it\/wp-json\/"}],"wp:attachment":[{"href":"https:\/\/colorfulcultures.co.uk\/it\/wp-json\/wp\/v2\/media?parent=141"}],"curies":[{"name":"wp","href":"https:\/\/api.w.org\/{rel}","templated":true}]}}