{"id":69,"date":"2015-10-07T17:11:55","date_gmt":"2015-10-07T17:11:55","guid":{"rendered":"http:\/\/broker.commercegurus.com\/?page_id=69"},"modified":"2017-03-27T22:03:44","modified_gmt":"2017-03-27T20:03:44","slug":"about","status":"publish","type":"page","link":"https:\/\/colorfulcultures.co.uk\/fr\/about\/","title":{"rendered":"Qui sommes-nous"},"content":{"rendered":"<div class=\"wpb-content-wrapper\"><p>[vc_row type=\u00a0\u00bbcontainer\u00a0\u00bb padding_top=\u00a0\u00bb\u00a0\u00bb padding_bottom=\u00a0\u00bb\u00a0\u00bb css=\u00a0\u00bb.vc_custom_1451761032806{padding-top: 50px !important;}\u00a0\u00bb][vc_column width=\u00a0\u00bb1\/2&Prime; css=\u00a0\u00bb.vc_custom_1449147431196{margin-bottom: 35px !important;}\u00a0\u00bb][vc_column_text css=\u00a0\u00bb.vc_custom_1490482090438{padding-right: 10px !important;}\u00a0\u00bb]<\/p>\n<h3>Nous avons commenc\u00e9 par une simple id\u00e9e.<\/h3>\n<p>La collaboration interculturelle va au-del\u00e0 des mod\u00e8les et des statistiques. C\u2019est une r\u00e9alit\u00e9 complexe et l\u2019environnement commercial a besoin de se lever avec l\u2019opportunit\u00e9 de trouver et de retenir de grands talents partout dans le monde.<\/p>\n<p>Nous sommes une compagnie de formation internationale d\u00e9di\u00e9e \u00e0 cet objectif en utilisant tant des mod\u00e8les \u00e9prouv\u00e9s, que des donn\u00e9es de recherche, doubl\u00e9s par une exp\u00e9rience r\u00e9elle solide. Vous \u00eates int\u00e9ress\u00e9 par un atelier culturel pour \u00e9tendre votre nouveau projet en Inde? Vous avez besoin de certains conseils sur la mani\u00e8re de recruter votre \u00e9quipe IT\/BPO en Roumanie? Vous souhaitez comprendre le style de travail polonais? Vous pr\u00e9parez un discours de vente de haut niveau en Italie? Alors, vous devez nous appeler.<\/p>\n<h3>\u00c9nonc\u00e9 de vision<\/h3>\n<p>Un environnement commercial o\u00f9 les gens apprennent et deviennent des formateurs aupr\u00e8s de leurs pairs, quelle que soit leur localisation g\u00e9ographique ou leur culture. Nous renfor\u00e7ons les entreprises pour \u00e9voluer suivant le potentiel humain au-del\u00e0 de toutes fronti\u00e8res. Notre service sera toujours de d\u00e9velopper des dirigeants et des \u00e9quipes pour qu\u2019ils atteignent leur potentiel et qu\u2019ils d\u00e9passent des obstacles lorsqu\u2019ils travaillent \u00e0 travers plusieurs cultures.<\/p>\n<h3>Mission<\/h3>\n<p>Fournir aux entreprises l\u2019habilit\u00e9 de s\u2019adapter \u00e0 un environnement interculturel, en renfor\u00e7ant le potentiel de leurs employ\u00e9s pour atteindre leurs objectifs.<\/p>\n<p>[\/vc_column_text][\/vc_column][vc_column width=\u00a0\u00bb1\/2&Prime; css=\u00a0\u00bb.vc_custom_1451760818909{padding-top: 14px !important;}\u00a0\u00bb][vc_single_image image=\u00a0\u00bb71071&Prime; img_size=\u00a0\u00bbfull\u00a0\u00bb title=\u00a0\u00bbCross-cultural communication\u00a0\u00bb][vc_row_inner css=\u00a0\u00bb.vc_custom_1449574756848{margin-bottom: 0px !important;}\u00a0\u00bb][vc_column_inner width=\u00a0\u00bb1\/2&Prime;][vc_single_image image=\u00a0\u00bb71073&Prime; img_size=\u00a0\u00bbfull\u00a0\u00bb][\/vc_column_inner][vc_column_inner width=\u00a0\u00bb1\/2&Prime; css=\u00a0\u00bb.vc_custom_1449574764907{margin-bottom: 35px !important;}\u00a0\u00bb][vc_single_image image=\u00a0\u00bb71072&Prime; img_size=\u00a0\u00bbfull\u00a0\u00bb][\/vc_column_inner][\/vc_row_inner][\/vc_column][\/vc_row][vc_row type=\u00a0\u00bbfull_page_width_inner_container\u00a0\u00bb padding_top=\u00a0\u00bb\u00a0\u00bb padding_bottom=\u00a0\u00bb\u00a0\u00bb css=\u00a0\u00bb.vc_custom_1451760849278{margin-bottom: 0px !important;padding-top: 20px !important;padding-bottom: 20px !important;background-color: #fdc900 !important;}\u00a0\u00bb][vc_column width=\u00a0\u00bb1\/6&Prime;][\/vc_column][vc_column width=\u00a0\u00bb2\/3&Prime;][vc_column_text]<\/p>\n<h3 style=\"text-align: center;\">To provide businesses with the ability to adapt to cross-cultural environment while strengthening their people\u2019s potential to reach their goals<\/h3>\n<p>[\/vc_column_text][\/vc_column][vc_column width=\u00a0\u00bb1\/6&Prime;][\/vc_column][\/vc_row][vc_row type=\u00a0\u00bbfull_page_width_inner_container\u00a0\u00bb padding_top=\u00a0\u00bb\u00a0\u00bb padding_bottom=\u00a0\u00bb\u00a0\u00bb css=\u00a0\u00bb.vc_custom_1451775961000{padding-top: 40px !important;padding-bottom: 20px !important;background-image: url(http:\/\/factory.commercegurus.com\/wp-content\/uploads\/2015\/10\/building_roof_bg.jpg?id=70835) !important;background-position: center !important;background-repeat: no-repeat !important;background-size: cover !important;}\u00a0\u00bb][vc_column css=\u00a0\u00bb.vc_custom_1445098522820{margin-bottom: 35px !important;}\u00a0\u00bb][vc_row_inner css=\u00a0\u00bb.vc_custom_1451761217059{margin-bottom: -5px !important;}\u00a0\u00bb][vc_column_inner css=\u00a0\u00bb.vc_custom_1451761129434{margin-bottom: 0px !important;}\u00a0\u00bb][vc_column_text]<\/p>\n<h3 style=\"text-align: center;\"><span style=\"color: #ffffff;\">Members<\/span><\/h3>\n<p>[\/vc_column_text][\/vc_column_inner][\/vc_row_inner][vc_row_inner][vc_column_inner width=\u00a0\u00bb1\/4&Prime; css=\u00a0\u00bb.vc_custom_1451775570510{margin-bottom: 0px !important;}\u00a0\u00bb][vc_column_text css=\u00a0\u00bb.vc_custom_1486931520248{margin-bottom: 20px !important;}\u00a0\u00bb]<\/p>\n<h4><span style=\"color: #ffffff;\">FATIMA ABBAS<\/span><\/h4>\n<h6 style=\"margin-top: -10px; margin-bottom: 12px;\"><\/h6>\n<p>[\/vc_column_text][\/vc_column_inner][vc_column_inner width=\u00a0\u00bb1\/4&Prime; css=\u00a0\u00bb.vc_custom_1451775579815{margin-bottom: 0px !important;}\u00a0\u00bb][vc_column_text css=\u00a0\u00bb.vc_custom_1486931584665{margin-bottom: 20px !important;}\u00a0\u00bb]<\/p>\n<h4><span style=\"color: #ffffff;\">PATRICK OURIAGHLI<\/span><\/h4>\n<h6 style=\"margin-top: -10px; margin-bottom: 12px;\"><\/h6>\n<p>[\/vc_column_text][\/vc_column_inner][vc_column_inner width=\u00a0\u00bb1\/4&Prime; css=\u00a0\u00bb.vc_custom_1451775587297{margin-bottom: 0px !important;}\u00a0\u00bb][vc_column_text css=\u00a0\u00bb.vc_custom_1486931711945{margin-bottom: 20px !important;}\u00a0\u00bb]<\/p>\n<h4><span style=\"color: #ffffff;\">JOANNA \u00a0BAGINSKA<\/span><\/h4>\n<h6 style=\"margin-top: -10px; margin-bottom: 12px;\"><\/h6>\n<p>[\/vc_column_text][\/vc_column_inner][vc_column_inner width=\u00a0\u00bb1\/4&Prime; css=\u00a0\u00bb.vc_custom_1451775595000{margin-bottom: 0px !important;}\u00a0\u00bb][vc_column_text css=\u00a0\u00bb.vc_custom_1486931728190{margin-bottom: 20px !important;}\u00a0\u00bb]<\/p>\n<h4><span style=\"color: #ffffff;\">DAN BRUMA<\/span><\/h4>\n<h6 style=\"margin-top: -10px; margin-bottom: 12px;\"><\/h6>\n<p>[\/vc_column_text][\/vc_column_inner][\/vc_row_inner][vc_row_inner][vc_column_inner width=\u00a0\u00bb1\/4&Prime; css=\u00a0\u00bb.vc_custom_1451775824854{margin-bottom: 0px !important;}\u00a0\u00bb][vc_column_text css=\u00a0\u00bb.vc_custom_1486931746272{margin-bottom: 20px !important;}\u00a0\u00bb]<\/p>\n<h4><span style=\"color: #ffffff;\">IULIAN IONITA<\/span><\/h4>\n<h6 style=\"margin-top: -10px; margin-bottom: 12px;\"><\/h6>\n<p>[\/vc_column_text][\/vc_column_inner][vc_column_inner width=\u00a0\u00bb1\/4&Prime;][vc_column_text]<\/p>\n<h4><span style=\"color: #ffffff;\">JOHN BAX<\/span><\/h4>\n<p>[\/vc_column_text][\/vc_column_inner][vc_column_inner width=\u00a0\u00bb1\/4&Prime;][vc_column_text]<\/p>\n<h4><span style=\"color: #ffffff;\">EVALDAS\u00a0KAZIULIS<\/span><\/h4>\n<p>[\/vc_column_text][\/vc_column_inner][vc_column_inner width=\u00a0\u00bb1\/4&Prime;][vc_column_text]<\/p>\n<h4><span style=\"color: #ffffff;\">IVANINA ZAHARIEVA<\/span><\/h4>\n<p>[\/vc_column_text][\/vc_column_inner][\/vc_row_inner][\/vc_column][\/vc_row]<\/p>\n<\/div>","protected":false},"excerpt":{"rendered":"<p>[vc_row type=\u00a0\u00bbcontainer\u00a0\u00bb padding_top=\u00a0\u00bb\u00a0\u00bb padding_bottom=\u00a0\u00bb\u00a0\u00bb css=\u00a0\u00bb.vc_custom_1451761032806{padding-top: 50px !important;}\u00a0\u00bb][vc_column width=\u00a0\u00bb1\/2&Prime; css=\u00a0\u00bb.vc_custom_1449147431196{margin-bottom: 35px !important;}\u00a0\u00bb][vc_column_text css=\u00a0\u00bb.vc_custom_1490482090438{padding-right: 10px !important;}\u00a0\u00bb] Nous avons commenc\u00e9 par une simple id\u00e9e. La collaboration interculturelle va au-del\u00e0 des mod\u00e8les et des statistiques. C\u2019est une r\u00e9alit\u00e9 complexe et l\u2019environnement commercial a besoin de se lever avec l\u2019opportunit\u00e9 de trouver et de retenir de grands talents partout dans [&hellip;]<\/p>\n","protected":false},"author":1,"featured_media":70780,"parent":0,"menu_order":0,"comment_status":"closed","ping_status":"closed","template":"page-full-width.php","meta":{"_acf_changed":false,"footnotes":""},"class_list":["post-69","page","type-page","status-publish","has-post-thumbnail","hentry"],"acf":[],"yoast_head":"<!-- This site is optimized with the Yoast SEO plugin v25.6 - https:\/\/yoast.com\/wordpress\/plugins\/seo\/ -->\n<title>Cross-cultural collaboration at ColorfulCulutures.co.uk<\/title>\n<meta name=\"description\" content=\"Cross-cultural collaboration goes beyond models and statistics.\" \/>\n<meta name=\"robots\" content=\"index, follow, max-snippet:-1, max-image-preview:large, max-video-preview:-1\" \/>\n<link rel=\"canonical\" href=\"https:\/\/colorfulcultures.co.uk\/fr\/about\/\" \/>\n<meta property=\"og:locale\" content=\"fr_FR\" \/>\n<meta property=\"og:type\" content=\"article\" \/>\n<meta property=\"og:title\" content=\"Cross-cultural collaboration at ColorfulCulutures.co.uk\" \/>\n<meta property=\"og:description\" content=\"Cross-cultural collaboration goes beyond models and statistics.\" \/>\n<meta property=\"og:url\" content=\"https:\/\/colorfulcultures.co.uk\/fr\/about\/\" \/>\n<meta property=\"og:site_name\" content=\"Colorful Cultures Fr\" \/>\n<meta property=\"article:modified_time\" content=\"2017-03-27T20:03:44+00:00\" \/>\n<meta name=\"twitter:card\" content=\"summary_large_image\" \/>\n<meta name=\"twitter:label1\" content=\"Dur\u00e9e de lecture estim\u00e9e\" \/>\n\t<meta name=\"twitter:data1\" content=\"4 minutes\" \/>\n<script type=\"application\/ld+json\" class=\"yoast-schema-graph\">{\"@context\":\"https:\/\/schema.org\",\"@graph\":[{\"@type\":\"WebPage\",\"@id\":\"https:\/\/colorfulcultures.co.uk\/fr\/about\/\",\"url\":\"https:\/\/colorfulcultures.co.uk\/fr\/about\/\",\"name\":\"Cross-cultural collaboration at ColorfulCulutures.co.uk\",\"isPartOf\":{\"@id\":\"https:\/\/colorfulcultures.co.uk\/fr\/#website\"},\"primaryImageOfPage\":{\"@id\":\"https:\/\/colorfulcultures.co.uk\/fr\/about\/#primaryimage\"},\"image\":{\"@id\":\"https:\/\/colorfulcultures.co.uk\/fr\/about\/#primaryimage\"},\"thumbnailUrl\":\"\",\"datePublished\":\"2015-10-07T17:11:55+00:00\",\"dateModified\":\"2017-03-27T20:03:44+00:00\",\"description\":\"Cross-cultural collaboration goes beyond models and statistics.\",\"breadcrumb\":{\"@id\":\"https:\/\/colorfulcultures.co.uk\/fr\/about\/#breadcrumb\"},\"inLanguage\":\"fr-FR\",\"potentialAction\":[{\"@type\":\"ReadAction\",\"target\":[\"https:\/\/colorfulcultures.co.uk\/fr\/about\/\"]}]},{\"@type\":\"ImageObject\",\"inLanguage\":\"fr-FR\",\"@id\":\"https:\/\/colorfulcultures.co.uk\/fr\/about\/#primaryimage\",\"url\":\"\",\"contentUrl\":\"\"},{\"@type\":\"BreadcrumbList\",\"@id\":\"https:\/\/colorfulcultures.co.uk\/fr\/about\/#breadcrumb\",\"itemListElement\":[{\"@type\":\"ListItem\",\"position\":1,\"name\":\"Home\",\"item\":\"https:\/\/colorfulcultures.co.uk\/fr\/\"},{\"@type\":\"ListItem\",\"position\":2,\"name\":\"Qui sommes-nous\"}]},{\"@type\":\"WebSite\",\"@id\":\"https:\/\/colorfulcultures.co.uk\/fr\/#website\",\"url\":\"https:\/\/colorfulcultures.co.uk\/fr\/\",\"name\":\"Colorful Cultures Fr\",\"description\":\"\",\"potentialAction\":[{\"@type\":\"SearchAction\",\"target\":{\"@type\":\"EntryPoint\",\"urlTemplate\":\"https:\/\/colorfulcultures.co.uk\/fr\/?s={search_term_string}\"},\"query-input\":{\"@type\":\"PropertyValueSpecification\",\"valueRequired\":true,\"valueName\":\"search_term_string\"}}],\"inLanguage\":\"fr-FR\"}]}<\/script>\n<!-- \/ Yoast SEO plugin. -->","yoast_head_json":{"title":"Cross-cultural collaboration at ColorfulCulutures.co.uk","description":"Cross-cultural collaboration goes beyond models and statistics.","robots":{"index":"index","follow":"follow","max-snippet":"max-snippet:-1","max-image-preview":"max-image-preview:large","max-video-preview":"max-video-preview:-1"},"canonical":"https:\/\/colorfulcultures.co.uk\/fr\/about\/","og_locale":"fr_FR","og_type":"article","og_title":"Cross-cultural collaboration at ColorfulCulutures.co.uk","og_description":"Cross-cultural collaboration goes beyond models and statistics.","og_url":"https:\/\/colorfulcultures.co.uk\/fr\/about\/","og_site_name":"Colorful Cultures Fr","article_modified_time":"2017-03-27T20:03:44+00:00","twitter_card":"summary_large_image","twitter_misc":{"Dur\u00e9e de lecture estim\u00e9e":"4 minutes"},"schema":{"@context":"https:\/\/schema.org","@graph":[{"@type":"WebPage","@id":"https:\/\/colorfulcultures.co.uk\/fr\/about\/","url":"https:\/\/colorfulcultures.co.uk\/fr\/about\/","name":"Cross-cultural collaboration at ColorfulCulutures.co.uk","isPartOf":{"@id":"https:\/\/colorfulcultures.co.uk\/fr\/#website"},"primaryImageOfPage":{"@id":"https:\/\/colorfulcultures.co.uk\/fr\/about\/#primaryimage"},"image":{"@id":"https:\/\/colorfulcultures.co.uk\/fr\/about\/#primaryimage"},"thumbnailUrl":"","datePublished":"2015-10-07T17:11:55+00:00","dateModified":"2017-03-27T20:03:44+00:00","description":"Cross-cultural collaboration goes beyond models and statistics.","breadcrumb":{"@id":"https:\/\/colorfulcultures.co.uk\/fr\/about\/#breadcrumb"},"inLanguage":"fr-FR","potentialAction":[{"@type":"ReadAction","target":["https:\/\/colorfulcultures.co.uk\/fr\/about\/"]}]},{"@type":"ImageObject","inLanguage":"fr-FR","@id":"https:\/\/colorfulcultures.co.uk\/fr\/about\/#primaryimage","url":"","contentUrl":""},{"@type":"BreadcrumbList","@id":"https:\/\/colorfulcultures.co.uk\/fr\/about\/#breadcrumb","itemListElement":[{"@type":"ListItem","position":1,"name":"Home","item":"https:\/\/colorfulcultures.co.uk\/fr\/"},{"@type":"ListItem","position":2,"name":"Qui sommes-nous"}]},{"@type":"WebSite","@id":"https:\/\/colorfulcultures.co.uk\/fr\/#website","url":"https:\/\/colorfulcultures.co.uk\/fr\/","name":"Colorful Cultures Fr","description":"","potentialAction":[{"@type":"SearchAction","target":{"@type":"EntryPoint","urlTemplate":"https:\/\/colorfulcultures.co.uk\/fr\/?s={search_term_string}"},"query-input":{"@type":"PropertyValueSpecification","valueRequired":true,"valueName":"search_term_string"}}],"inLanguage":"fr-FR"}]}},"_links":{"self":[{"href":"https:\/\/colorfulcultures.co.uk\/fr\/wp-json\/wp\/v2\/pages\/69","targetHints":{"allow":["GET"]}}],"collection":[{"href":"https:\/\/colorfulcultures.co.uk\/fr\/wp-json\/wp\/v2\/pages"}],"about":[{"href":"https:\/\/colorfulcultures.co.uk\/fr\/wp-json\/wp\/v2\/types\/page"}],"author":[{"embeddable":true,"href":"https:\/\/colorfulcultures.co.uk\/fr\/wp-json\/wp\/v2\/users\/1"}],"replies":[{"embeddable":true,"href":"https:\/\/colorfulcultures.co.uk\/fr\/wp-json\/wp\/v2\/comments?post=69"}],"version-history":[{"count":3,"href":"https:\/\/colorfulcultures.co.uk\/fr\/wp-json\/wp\/v2\/pages\/69\/revisions"}],"predecessor-version":[{"id":71461,"href":"https:\/\/colorfulcultures.co.uk\/fr\/wp-json\/wp\/v2\/pages\/69\/revisions\/71461"}],"wp:featuredmedia":[{"embeddable":true,"href":"https:\/\/colorfulcultures.co.uk\/fr\/wp-json\/"}],"wp:attachment":[{"href":"https:\/\/colorfulcultures.co.uk\/fr\/wp-json\/wp\/v2\/media?parent=69"}],"curies":[{"name":"wp","href":"https:\/\/api.w.org\/{rel}","templated":true}]}}