{"id":67,"date":"2015-10-07T17:11:24","date_gmt":"2015-10-07T17:11:24","guid":{"rendered":"http:\/\/broker.commercegurus.com\/?page_id=67"},"modified":"2017-04-28T23:26:03","modified_gmt":"2017-04-28T21:26:03","slug":"contact","status":"publish","type":"page","link":"https:\/\/colorfulcultures.co.uk\/fr\/contact\/","title":{"rendered":"Contact"},"content":{"rendered":"<div class=\"wpb-content-wrapper\"><p>[vc_row type=\u00a0\u00bbcontainer\u00a0\u00bb padding_top=\u00a0\u00bb\u00a0\u00bb padding_bottom=\u00a0\u00bb\u00a0\u00bb css=\u00a0\u00bb.vc_custom_1451776271409{margin-top: 50px !important;margin-bottom: 20px !important;}\u00a0\u00bb][vc_column width=\u00a0\u00bb1\/3&Prime;][vc_column_text css=\u00a0\u00bb.vc_custom_1493414739494{margin-bottom: 0px !important;padding-top: 15px !important;padding-right: 20px !important;padding-bottom: 15px !important;padding-left: 20px !important;background-color: #edbd03 !important;}\u00a0\u00bb]<span style=\"color: #000000;\"><i class=\"ion-social-twitter\"><\/i> \u00a0\u00a0<strong>Linkedin<\/strong><\/span>[\/vc_column_text][vc_column_text css=\u00a0\u00bb.vc_custom_1493414763037{padding-top: 18px !important;padding-right: 20px !important;padding-bottom: 25px !important;padding-left: 20px !important;background-color: #fdc900 !important;}\u00a0\u00bb]Question rapide? Envoyez un message su Linkedin\u00a0et nous allons vous r\u00e9pondre tout de suite. Linkedin\u00a0est aussi un excellent moyen de se mettre au courant avec les sorties de nouveaux produits de Colorful Cultures.<\/p>\n<p><a href=\"#\"><strong><span style=\"color: #000000;\">@Colorful Cultures<\/span><\/strong><\/a>[\/vc_column_text][\/vc_column][vc_column width=\u00a0\u00bb1\/3&Prime;][vc_column_text css=\u00a0\u00bb.vc_custom_1490482216912{margin-bottom: 0px !important;padding-top: 15px !important;padding-right: 20px !important;padding-bottom: 15px !important;padding-left: 20px !important;background-color: #edbd03 !important;}\u00a0\u00bb]<span style=\"color: #000000;\"><strong>\u00a0 \u00a0Envoyez un e-mail<\/strong><\/span>[\/vc_column_text][vc_column_text css=\u00a0\u00bb.vc_custom_1493414656386{padding-top: 18px !important;padding-right: 20px !important;padding-bottom: 25px !important;padding-left: 20px !important;background-color: #fdc900 !important;}\u00a0\u00bb]Pour toute question concernant ce que nous offrons aux clients ou aux entreprises, vous pouvez toujours nous envoyer un e-mail directement ou \u00e0 travers le formulaire ci-dessous. Nous r\u00e9pondrons en 24 heures.<\/p>\n<p><strong><span style=\"color: #000000;\"><a style=\"color: #000000;\" href=\"#\">contact@colorfulcultures.co.uk<\/a><\/span><\/strong>[\/vc_column_text][\/vc_column][vc_column width=\u00a0\u00bb1\/3&Prime;][vc_column_text css=\u00a0\u00bb.vc_custom_1490482253303{margin-bottom: 0px !important;padding-top: 15px !important;padding-right: 20px !important;padding-bottom: 15px !important;padding-left: 20px !important;background-color: #edbd03 !important;}\u00a0\u00bb]<span style=\"color: #000000;\">\u00a0\u00a0<\/span><strong>Appelez-nous<\/strong>[\/vc_column_text][vc_column_text css=\u00a0\u00bb.vc_custom_1490482289804{padding-top: 18px !important;padding-right: 20px !important;padding-bottom: 25px !important;padding-left: 20px !important;background-color: #fdc900 !important;}\u00a0\u00bb]Nous sommes disponibles au t\u00e9l\u00e9phone \u00e0 partir de 9AM jusqu&rsquo;\u00e0\u00a0 5.30 PM (GMT) de Lundi \u00e0 Vendredi durant les heures ouvrables, s\u2019il est plus facile \u00e0 parler sur le projet que vous avez en t\u00eate.<\/p>\n<p><strong><span style=\"color: #000000;\">07376862837<\/span><\/strong>[\/vc_column_text][\/vc_column][\/vc_row][vc_row type=\u00a0\u00bbcontainer\u00a0\u00bb padding_top=\u00a0\u00bb\u00a0\u00bb padding_bottom=\u00a0\u00bb\u00a0\u00bb css=\u00a0\u00bb.vc_custom_1448451830391{margin-bottom: 15px !important;}\u00a0\u00bb][vc_column][vc_separator color=\u00a0\u00bb#eeeeee\u00a0\u00bb type=\u00a0\u00bbnormal\u00a0\u00bb thickness=\u00a0\u00bb1&Prime; up=\u00a0\u00bb\u00a0\u00bb down=\u00a0\u00bb\u00a0\u00bb style=\u00a0\u00bb\u00a0\u00bb el_width=\u00a0\u00bb\u00a0\u00bb][\/vc_column][\/vc_row][vc_row type=\u00a0\u00bbcontainer\u00a0\u00bb padding_top=\u00a0\u00bb\u00a0\u00bb padding_bottom=\u00a0\u00bb\u00a0\u00bb css=\u00a0\u00bb.vc_custom_1451759375078{margin-bottom: 20px !important;}\u00a0\u00bb][vc_column width=\u00a0\u00bb1\/6&Prime;][\/vc_column][vc_column width=\u00a0\u00bb2\/3&Prime;][vc_column_text]<\/p>\n<h3 style=\"text-align: center;\">Prendre contact<\/h3>\n<p style=\"text-align: center;\">Si vous avez des questions sur les services que nous fournissons, utilisez seulement le formulaire ci-dessous. Nous essayons et nous r\u00e9pondons \u00e0 toutes les questions et \u00e0 tous les commentaires 24 heures.<\/p>\n<p>[\/vc_column_text][\/vc_column][vc_column width=\u00a0\u00bb1\/6&Prime;][\/vc_column][\/vc_row][vc_row type=\u00a0\u00bbcontainer\u00a0\u00bb padding_top=\u00a0\u00bb\u00a0\u00bb padding_bottom=\u00a0\u00bb\u00a0\u00bb css=\u00a0\u00bb.vc_custom_1448452133315{margin-bottom: 0px !important;}\u00a0\u00bb][vc_column css=\u00a0\u00bb.vc_custom_1445110591475{margin-bottom: 35px !important;padding-right: 25px !important;}\u00a0\u00bb]\n<div class=\"wpcf7 no-js\" id=\"wpcf7-f70622-o1\" lang=\"en-US\" dir=\"ltr\" data-wpcf7-id=\"70622\">\n<div class=\"screen-reader-response\"><p role=\"status\" aria-live=\"polite\" aria-atomic=\"true\"><\/p> <ul><\/ul><\/div>\n<form action=\"\/fr\/wp-json\/wp\/v2\/pages\/67#wpcf7-f70622-o1\" method=\"post\" class=\"wpcf7-form init\" aria-label=\"Contact form\" novalidate=\"novalidate\" data-status=\"init\">\n<fieldset class=\"hidden-fields-container\"><input type=\"hidden\" name=\"_wpcf7\" value=\"70622\" \/><input type=\"hidden\" name=\"_wpcf7_version\" value=\"6.1\" \/><input type=\"hidden\" name=\"_wpcf7_locale\" value=\"en_US\" \/><input type=\"hidden\" name=\"_wpcf7_unit_tag\" value=\"wpcf7-f70622-o1\" \/><input type=\"hidden\" name=\"_wpcf7_container_post\" value=\"0\" \/><input type=\"hidden\" name=\"_wpcf7_posted_data_hash\" value=\"\" \/>\n<\/fieldset>\n<div class=\"row\">\n\t<div class=\"col-lg-6 col-md-6\">\n\t\t<p>Votre nom (obligatoire)\n\t\t<\/p>\n\t\t<p><span class=\"wpcf7-form-control-wrap\" data-name=\"your-name\"><input size=\"40\" maxlength=\"400\" class=\"wpcf7-form-control wpcf7-text wpcf7-validates-as-required\" aria-required=\"true\" aria-invalid=\"false\" value=\"\" type=\"text\" name=\"your-name\" \/><\/span>\n\t\t<\/p>\n\t\t<p>Votre e-mail (obligatoire)\n\t\t<\/p>\n\t\t<p><span class=\"wpcf7-form-control-wrap\" data-name=\"your-email\"><input size=\"40\" maxlength=\"400\" class=\"wpcf7-form-control wpcf7-email wpcf7-validates-as-required wpcf7-text wpcf7-validates-as-email\" aria-required=\"true\" aria-invalid=\"false\" value=\"\" type=\"email\" name=\"your-email\" \/><\/span>\n\t\t<\/p>\n\t\t<p>Votre num\u00e9ro de t\u00e9l\u00e9phone\n\t\t<\/p>\n\t\t<p><span class=\"wpcf7-form-control-wrap\" data-name=\"your-phone\"><input size=\"40\" maxlength=\"400\" class=\"wpcf7-form-control wpcf7-tel wpcf7-text wpcf7-validates-as-tel\" aria-invalid=\"false\" value=\"\" type=\"tel\" name=\"your-phone\" \/><\/span>\n\t\t<\/p>\n\t\t<p>Raison sociale\n\t\t<\/p>\n\t\t<p><span class=\"wpcf7-form-control-wrap\" data-name=\"company-name\"><input size=\"40\" maxlength=\"400\" class=\"wpcf7-form-control wpcf7-text\" aria-invalid=\"false\" value=\"\" type=\"text\" name=\"company-name\" \/><\/span>\n\t\t<\/p>\n\t<\/div>\n\t<div class=\"col-lg-6 col-md-6\">\n\t\t<p>Subject <span class=\"hint\">Sujet Indiquez votre sujet d\u2019int\u00e9r\u00eat<\/span>\n\t\t<\/p>\n\t\t<p><span class=\"wpcf7-form-control-wrap\" data-name=\"your-subject\"><input size=\"40\" maxlength=\"400\" class=\"wpcf7-form-control wpcf7-text\" aria-invalid=\"false\" value=\"\" type=\"text\" name=\"your-subject\" \/><\/span>\n\t\t<\/p>\n\t\t<p>Votre message\n\t\t<\/p>\n\t\t<p><span class=\"wpcf7-form-control-wrap\" data-name=\"your-message\"><textarea cols=\"40\" rows=\"10\" maxlength=\"2000\" class=\"wpcf7-form-control wpcf7-textarea\" aria-invalid=\"false\" name=\"your-message\"><\/textarea><\/span>\n\t\t<\/p>\n\t<\/div>\n<\/div>\n<p><input class=\"wpcf7-form-control wpcf7-submit has-spinner\" type=\"submit\" value=\"Soumettre\" \/>\n<\/p><div class=\"wpcf7-response-output\" aria-hidden=\"true\"><\/div>\n<\/form>\n<\/div>\n[\/vc_column][\/vc_row]<\/p>\n<\/div>","protected":false},"excerpt":{"rendered":"<p>[vc_row type=\u00a0\u00bbcontainer\u00a0\u00bb padding_top=\u00a0\u00bb\u00a0\u00bb padding_bottom=\u00a0\u00bb\u00a0\u00bb css=\u00a0\u00bb.vc_custom_1451776271409{margin-top: 50px !important;margin-bottom: 20px !important;}\u00a0\u00bb][vc_column width=\u00a0\u00bb1\/3&Prime;][vc_column_text css=\u00a0\u00bb.vc_custom_1493414739494{margin-bottom: 0px !important;padding-top: 15px !important;padding-right: 20px !important;padding-bottom: 15px !important;padding-left: 20px !important;background-color: #edbd03 !important;}\u00a0\u00bb] \u00a0\u00a0Linkedin[\/vc_column_text][vc_column_text css=\u00a0\u00bb.vc_custom_1493414763037{padding-top: 18px !important;padding-right: 20px !important;padding-bottom: 25px !important;padding-left: 20px !important;background-color: #fdc900 !important;}\u00a0\u00bb]Question rapide? Envoyez un message su Linkedin\u00a0et nous allons vous r\u00e9pondre tout de suite. Linkedin\u00a0est aussi un excellent moyen de se [&hellip;]<\/p>\n","protected":false},"author":1,"featured_media":70782,"parent":0,"menu_order":0,"comment_status":"closed","ping_status":"closed","template":"page-full-width.php","meta":{"_acf_changed":false,"footnotes":""},"class_list":["post-67","page","type-page","status-publish","has-post-thumbnail","hentry"],"acf":[],"yoast_head":"<!-- This site is optimized with the Yoast SEO plugin v25.6 - https:\/\/yoast.com\/wordpress\/plugins\/seo\/ -->\n<title>Contact - Colorful Cultures Fr<\/title>\n<meta name=\"robots\" content=\"index, follow, max-snippet:-1, max-image-preview:large, max-video-preview:-1\" \/>\n<link rel=\"canonical\" href=\"https:\/\/colorfulcultures.co.uk\/fr\/contact\/\" \/>\n<meta property=\"og:locale\" content=\"fr_FR\" \/>\n<meta property=\"og:type\" content=\"article\" \/>\n<meta property=\"og:title\" content=\"Contact - Colorful Cultures Fr\" \/>\n<meta property=\"og:description\" content=\"[vc_row type=\u00a0\u00bbcontainer\u00a0\u00bb padding_top=\u00a0\u00bb\u00a0\u00bb padding_bottom=\u00a0\u00bb\u00a0\u00bb css=\u00a0\u00bb.vc_custom_1451776271409{margin-top: 50px !important;margin-bottom: 20px !important;}\u00a0\u00bb][vc_column width=\u00a0\u00bb1\/3&Prime;][vc_column_text css=\u00a0\u00bb.vc_custom_1493414739494{margin-bottom: 0px !important;padding-top: 15px !important;padding-right: 20px !important;padding-bottom: 15px !important;padding-left: 20px !important;background-color: #edbd03 !important;}\u00a0\u00bb] \u00a0\u00a0Linkedin[\/vc_column_text][vc_column_text css=\u00a0\u00bb.vc_custom_1493414763037{padding-top: 18px !important;padding-right: 20px !important;padding-bottom: 25px !important;padding-left: 20px !important;background-color: #fdc900 !important;}\u00a0\u00bb]Question rapide? Envoyez un message su Linkedin\u00a0et nous allons vous r\u00e9pondre tout de suite. Linkedin\u00a0est aussi un excellent moyen de se [&hellip;]\" \/>\n<meta property=\"og:url\" content=\"https:\/\/colorfulcultures.co.uk\/fr\/contact\/\" \/>\n<meta property=\"og:site_name\" content=\"Colorful Cultures Fr\" \/>\n<meta property=\"article:modified_time\" content=\"2017-04-28T21:26:03+00:00\" \/>\n<meta name=\"twitter:card\" content=\"summary_large_image\" \/>\n<meta name=\"twitter:label1\" content=\"Dur\u00e9e de lecture estim\u00e9e\" \/>\n\t<meta name=\"twitter:data1\" content=\"2 minutes\" \/>\n<script type=\"application\/ld+json\" class=\"yoast-schema-graph\">{\"@context\":\"https:\/\/schema.org\",\"@graph\":[{\"@type\":\"WebPage\",\"@id\":\"https:\/\/colorfulcultures.co.uk\/fr\/contact\/\",\"url\":\"https:\/\/colorfulcultures.co.uk\/fr\/contact\/\",\"name\":\"Contact - Colorful Cultures Fr\",\"isPartOf\":{\"@id\":\"https:\/\/colorfulcultures.co.uk\/fr\/#website\"},\"primaryImageOfPage\":{\"@id\":\"https:\/\/colorfulcultures.co.uk\/fr\/contact\/#primaryimage\"},\"image\":{\"@id\":\"https:\/\/colorfulcultures.co.uk\/fr\/contact\/#primaryimage\"},\"thumbnailUrl\":\"\",\"datePublished\":\"2015-10-07T17:11:24+00:00\",\"dateModified\":\"2017-04-28T21:26:03+00:00\",\"breadcrumb\":{\"@id\":\"https:\/\/colorfulcultures.co.uk\/fr\/contact\/#breadcrumb\"},\"inLanguage\":\"fr-FR\",\"potentialAction\":[{\"@type\":\"ReadAction\",\"target\":[\"https:\/\/colorfulcultures.co.uk\/fr\/contact\/\"]}]},{\"@type\":\"ImageObject\",\"inLanguage\":\"fr-FR\",\"@id\":\"https:\/\/colorfulcultures.co.uk\/fr\/contact\/#primaryimage\",\"url\":\"\",\"contentUrl\":\"\"},{\"@type\":\"BreadcrumbList\",\"@id\":\"https:\/\/colorfulcultures.co.uk\/fr\/contact\/#breadcrumb\",\"itemListElement\":[{\"@type\":\"ListItem\",\"position\":1,\"name\":\"Home\",\"item\":\"https:\/\/colorfulcultures.co.uk\/fr\/\"},{\"@type\":\"ListItem\",\"position\":2,\"name\":\"Contact\"}]},{\"@type\":\"WebSite\",\"@id\":\"https:\/\/colorfulcultures.co.uk\/fr\/#website\",\"url\":\"https:\/\/colorfulcultures.co.uk\/fr\/\",\"name\":\"Colorful Cultures Fr\",\"description\":\"\",\"potentialAction\":[{\"@type\":\"SearchAction\",\"target\":{\"@type\":\"EntryPoint\",\"urlTemplate\":\"https:\/\/colorfulcultures.co.uk\/fr\/?s={search_term_string}\"},\"query-input\":{\"@type\":\"PropertyValueSpecification\",\"valueRequired\":true,\"valueName\":\"search_term_string\"}}],\"inLanguage\":\"fr-FR\"}]}<\/script>\n<!-- \/ Yoast SEO plugin. -->","yoast_head_json":{"title":"Contact - Colorful Cultures Fr","robots":{"index":"index","follow":"follow","max-snippet":"max-snippet:-1","max-image-preview":"max-image-preview:large","max-video-preview":"max-video-preview:-1"},"canonical":"https:\/\/colorfulcultures.co.uk\/fr\/contact\/","og_locale":"fr_FR","og_type":"article","og_title":"Contact - Colorful Cultures Fr","og_description":"[vc_row type=\u00a0\u00bbcontainer\u00a0\u00bb padding_top=\u00a0\u00bb\u00a0\u00bb padding_bottom=\u00a0\u00bb\u00a0\u00bb css=\u00a0\u00bb.vc_custom_1451776271409{margin-top: 50px !important;margin-bottom: 20px !important;}\u00a0\u00bb][vc_column width=\u00a0\u00bb1\/3&Prime;][vc_column_text css=\u00a0\u00bb.vc_custom_1493414739494{margin-bottom: 0px !important;padding-top: 15px !important;padding-right: 20px !important;padding-bottom: 15px !important;padding-left: 20px !important;background-color: #edbd03 !important;}\u00a0\u00bb] \u00a0\u00a0Linkedin[\/vc_column_text][vc_column_text css=\u00a0\u00bb.vc_custom_1493414763037{padding-top: 18px !important;padding-right: 20px !important;padding-bottom: 25px !important;padding-left: 20px !important;background-color: #fdc900 !important;}\u00a0\u00bb]Question rapide? Envoyez un message su Linkedin\u00a0et nous allons vous r\u00e9pondre tout de suite. Linkedin\u00a0est aussi un excellent moyen de se [&hellip;]","og_url":"https:\/\/colorfulcultures.co.uk\/fr\/contact\/","og_site_name":"Colorful Cultures Fr","article_modified_time":"2017-04-28T21:26:03+00:00","twitter_card":"summary_large_image","twitter_misc":{"Dur\u00e9e de lecture estim\u00e9e":"2 minutes"},"schema":{"@context":"https:\/\/schema.org","@graph":[{"@type":"WebPage","@id":"https:\/\/colorfulcultures.co.uk\/fr\/contact\/","url":"https:\/\/colorfulcultures.co.uk\/fr\/contact\/","name":"Contact - Colorful Cultures Fr","isPartOf":{"@id":"https:\/\/colorfulcultures.co.uk\/fr\/#website"},"primaryImageOfPage":{"@id":"https:\/\/colorfulcultures.co.uk\/fr\/contact\/#primaryimage"},"image":{"@id":"https:\/\/colorfulcultures.co.uk\/fr\/contact\/#primaryimage"},"thumbnailUrl":"","datePublished":"2015-10-07T17:11:24+00:00","dateModified":"2017-04-28T21:26:03+00:00","breadcrumb":{"@id":"https:\/\/colorfulcultures.co.uk\/fr\/contact\/#breadcrumb"},"inLanguage":"fr-FR","potentialAction":[{"@type":"ReadAction","target":["https:\/\/colorfulcultures.co.uk\/fr\/contact\/"]}]},{"@type":"ImageObject","inLanguage":"fr-FR","@id":"https:\/\/colorfulcultures.co.uk\/fr\/contact\/#primaryimage","url":"","contentUrl":""},{"@type":"BreadcrumbList","@id":"https:\/\/colorfulcultures.co.uk\/fr\/contact\/#breadcrumb","itemListElement":[{"@type":"ListItem","position":1,"name":"Home","item":"https:\/\/colorfulcultures.co.uk\/fr\/"},{"@type":"ListItem","position":2,"name":"Contact"}]},{"@type":"WebSite","@id":"https:\/\/colorfulcultures.co.uk\/fr\/#website","url":"https:\/\/colorfulcultures.co.uk\/fr\/","name":"Colorful Cultures Fr","description":"","potentialAction":[{"@type":"SearchAction","target":{"@type":"EntryPoint","urlTemplate":"https:\/\/colorfulcultures.co.uk\/fr\/?s={search_term_string}"},"query-input":{"@type":"PropertyValueSpecification","valueRequired":true,"valueName":"search_term_string"}}],"inLanguage":"fr-FR"}]}},"_links":{"self":[{"href":"https:\/\/colorfulcultures.co.uk\/fr\/wp-json\/wp\/v2\/pages\/67","targetHints":{"allow":["GET"]}}],"collection":[{"href":"https:\/\/colorfulcultures.co.uk\/fr\/wp-json\/wp\/v2\/pages"}],"about":[{"href":"https:\/\/colorfulcultures.co.uk\/fr\/wp-json\/wp\/v2\/types\/page"}],"author":[{"embeddable":true,"href":"https:\/\/colorfulcultures.co.uk\/fr\/wp-json\/wp\/v2\/users\/1"}],"replies":[{"embeddable":true,"href":"https:\/\/colorfulcultures.co.uk\/fr\/wp-json\/wp\/v2\/comments?post=67"}],"version-history":[{"count":3,"href":"https:\/\/colorfulcultures.co.uk\/fr\/wp-json\/wp\/v2\/pages\/67\/revisions"}],"predecessor-version":[{"id":71493,"href":"https:\/\/colorfulcultures.co.uk\/fr\/wp-json\/wp\/v2\/pages\/67\/revisions\/71493"}],"wp:featuredmedia":[{"embeddable":true,"href":"https:\/\/colorfulcultures.co.uk\/fr\/wp-json\/"}],"wp:attachment":[{"href":"https:\/\/colorfulcultures.co.uk\/fr\/wp-json\/wp\/v2\/media?parent=67"}],"curies":[{"name":"wp","href":"https:\/\/api.w.org\/{rel}","templated":true}]}}