{"id":147,"date":"2015-10-09T17:51:30","date_gmt":"2015-10-09T17:51:30","guid":{"rendered":"http:\/\/broker.commercegurus.com\/?page_id=147"},"modified":"2017-04-30T12:42:50","modified_gmt":"2017-04-30T10:42:50","slug":"colorful-cultures","status":"publish","type":"page","link":"https:\/\/colorfulcultures.co.uk\/fr\/solutions-de-formation\/colorful-cultures\/","title":{"rendered":"Colorful Cultures"},"content":{"rendered":"<div class=\"wpb-content-wrapper\"><p>[vc_row type=\u00a0\u00bbcontainer\u00a0\u00bb padding_top=\u00a0\u00bb\u00a0\u00bb padding_bottom=\u00a0\u00bb\u00a0\u00bb css=\u00a0\u00bb.vc_custom_1449576470084{margin-bottom: 0px !important;}\u00a0\u00bb][vc_column width=\u00a0\u00bb1\/2&Prime;][vc_column_text]Pourquoi Colorful Cultures?<\/p>\n<p>Comprendre qu\u2019il y a des diff\u00e9rences entre nous est le premier pas pour r\u00e9soudre le myst\u00e8re de la communication interculturelle.<\/p>\n<p>Lorsque nous nous familiarisons avec ces diff\u00e9rences culturelles, nous pouvons \u201cchanger d\u2019attitude\u201d, \u00eatre \u201cconscients\u201d durant la communication avec les autres, transmettre nos messages avec succ\u00e8s et prendre des d\u00e9cisions op\u00e9rationnelles:<\/p>\n<p>\u201cLes \u00eatres humains sont attir\u00e9s les uns des autres par leur nature Commune, mais leurs m\u0153urs et coutumes les s\u00e9parent.\u201d\u2013Confucius[\/vc_column_text][\/vc_column][vc_column width=\u00a0\u00bb1\/2&Prime;][vc_single_image image=\u00a0\u00bb71056&Prime; img_size=\u00a0\u00bbmedium\u00a0\u00bb add_caption=\u00a0\u00bbyes\u00a0\u00bb onclick=\u00a0\u00bblink_image\u00a0\u00bb][\/vc_column][\/vc_row][vc_row type=\u00a0\u00bbcontainer\u00a0\u00bb padding_top=\u00a0\u00bb\u00a0\u00bb padding_bottom=\u00a0\u00bb\u00a0\u00bb css=\u00a0\u00bb.vc_custom_1444503683289{margin-bottom: 0px !important;}\u00a0\u00bb][vc_column][vc_separator color=\u00a0\u00bb#e2e2e2&Prime; type=\u00a0\u00bbnormal\u00a0\u00bb thickness=\u00a0\u00bb1&Prime; up=\u00a0\u00bb\u00a0\u00bb down=\u00a0\u00bb\u00a0\u00bb el_class=\u00a0\u00bbdotted\u00a0\u00bb][\/vc_column][\/vc_row][vc_row type=\u00a0\u00bbcontainer\u00a0\u00bb padding_top=\u00a0\u00bb\u00a0\u00bb padding_bottom=\u00a0\u00bb\u00a0\u00bb css=\u00a0\u00bb.vc_custom_1449063285344{margin-bottom: 50px !important;}\u00a0\u00bb][vc_column][\/vc_column][\/vc_row][vc_row type=\u00a0\u00bbcontainer\u00a0\u00bb][vc_column][\/vc_column][\/vc_row][vc_row type=\u00a0\u00bbcontainer\u00a0\u00bb][vc_column][\/vc_column][\/vc_row][vc_row type=\u00a0\u00bbcontainer\u00a0\u00bb][vc_column][vc_tta_tour][vc_tta_section title=\u00a0\u00bbCommunication interculturelle\u00a0\u00bb tab_id=\u00a0\u00bb1487715557393-ae1ed389-d618&Prime;][vc_column_text]<b><img loading=\"lazy\" decoding=\"async\" width=\"80\" height=\"300\" class=\"size-medium wp-image-71267 alignright\" src=\"https:\/\/colorfulcultures.co.uk\/fr\/wp-content\/uploads\/sites\/5\/2015\/10\/1-80x300.jpg\" alt=\"\" \/><\/b><\/p>\n<p>Outre la distance et la langue, communiquer efficacement d\u2019une culture \u00e0 une autre signifie \u00e9galement adapter votre message \u00e0 un auditoire tr\u00e8s diff\u00e9rent, ayant tr\u00e8s souvent des valeurs tr\u00e8s diff\u00e9rentes ou m\u00eame oppos\u00e9es \u00e0 celles avec lesquelles vous \u00eates habitu\u00e9s.<\/p>\n<p>Cela peut \u00eatre difficile et m\u00eame un d\u00e9fi consid\u00e9rable dans de nombreuses organisations, une des causes principales \u00e9tant la supposition qu\u2019il n\u2019y a qu\u2019une seule culture de l\u2019entreprise, sans tenir compte de la localisation du si\u00e8ge ou qu\u2019elles sont les pr\u00e9f\u00e9rences des employ\u00e9s. Bien que cela soit vraie jusqu\u2019\u00e0 certain point, la communication a des nuances et des caract\u00e9ristiques qui vont au-del\u00e0 du comportement r\u00e9gulier des entreprises \u2013 elle est profond\u00e9ment enracin\u00e9e dans les gens.<\/p>\n<p>C\u2019est pour cela que la formation dans le rep\u00e9rage et l\u2019utilisation des diff\u00e9rences culturelles dans la communication devient une des plus importantes comp\u00e9tences des gestionnaires et des employ\u00e9s r\u00e9guliers dans les entreprises internationaux.<\/p>\n<p>La formation couvre toutes les connaissances essentielles qui doivent \u00eatre pr\u00e9par\u00e9es pour faire face avec succ\u00e8s \u00e0 l\u2019environnement interculturel.<\/p>\n<p>Ce que vous allez atteindre:<\/p>\n<ul>\n<li>Les principales diff\u00e9rences culturelles pour aborder la communication<\/li>\n<li>Comment adapter le m\u00eame message \u00e0 3 zones culturelles principales: l\u2019Europe, l\u2019Asie, l\u2019Am\u00e9rique<\/li>\n<li>Explorer les obstacles de la communication et comment les g\u00e9rer<\/li>\n<\/ul>\n<p>[\/vc_column_text][\/vc_tta_section][vc_tta_section title=\u00a0\u00bbColorful Cultures Inde\u00a0\u00bb tab_id=\u00a0\u00bb1487714421065-1deb2a33-cf21&Prime;][vc_column_text]<b><img loading=\"lazy\" decoding=\"async\" class=\" wp-image-71058 alignright\" src=\"https:\/\/colorfulcultures.co.uk\/fr\/wp-content\/uploads\/sites\/5\/2015\/10\/india-81x300.jpg\" alt=\"\" width=\"75\" height=\"278\" srcset=\"https:\/\/colorfulcultures.co.uk\/fr\/wp-content\/uploads\/sites\/5\/2015\/10\/india-81x300.jpg 81w, https:\/\/colorfulcultures.co.uk\/fr\/wp-content\/uploads\/sites\/5\/2015\/10\/india.jpg 161w\" sizes=\"auto, (max-width: 75px) 100vw, 75px\" \/><\/b><\/p>\n<p>Au milieu de ce progr\u00e8s \u00e9conomique remarquable, les traditions culturelles de l\u2019Inde continue encore d\u2019exercer une influence forte sur presque tous les aspects d\u2019interaction humaine, y compris commerciale.<\/p>\n<p>L\u2019Inde est un m\u00e9lange des cultures et cette diversit\u00e9 culturelle permet \u00e0 l\u2019Inde de s\u2019adapter, d\u2019adopter et d\u2019\u00eatre concurrentielle sur les ar\u00e8nes du commerce mondial.<\/p>\n<p>Ce programme est l\u2019opportunit\u00e9 d\u2019introduire et de comprendre les valeurs culturelles de l\u2019Inde et la mani\u00e8re dont celles-ci influencent les relations commerciales.<\/p>\n<p>Ce que vous allez atteindre:<\/p>\n<ul>\n<li>Comprendre les niveaux de la Culture<\/li>\n<li>Comprendre l\u2019impact de la Culture sur les entreprises<\/li>\n<li>Avoir de meilleurs rapports avec les coll\u00e8gues de l\u2019Inde et renoncer aux st\u00e9r\u00e9otypes et aux g\u00e9n\u00e9ralisations.<\/li>\n<li>Suivre les indications \u201c\u00c0 faire et \u00c0 ne pas faire\u201d<\/li>\n<\/ul>\n<p>[\/vc_column_text][\/vc_tta_section][vc_tta_section title=\u00a0\u00bbColorful Cultures Royaume-Uni\u00a0\u00bb tab_id=\u00a0\u00bb1487714421129-afed9fd9-4ffe\u00a0\u00bb][vc_column_text]<b><img loading=\"lazy\" decoding=\"async\" width=\"80\" height=\"300\" class=\"size-medium wp-image-71063 alignright\" src=\"https:\/\/colorfulcultures.co.uk\/fr\/wp-content\/uploads\/sites\/5\/2015\/10\/big-21-80x300.jpg\" alt=\"\" srcset=\"https:\/\/colorfulcultures.co.uk\/fr\/wp-content\/uploads\/sites\/5\/2015\/10\/big-21-80x300.jpg 80w, https:\/\/colorfulcultures.co.uk\/fr\/wp-content\/uploads\/sites\/5\/2015\/10\/big-21.jpg 160w\" sizes=\"auto, (max-width: 80px) 100vw, 80px\" \/><\/b><\/p>\n<p>\u00c0 pr\u00e9sent, plus que jamais le succ\u00e8s commercial exige une conscience interculturelle et une communication interculturelle efficace. Travailler, se rencontrer, traiter, accueillir, n\u00e9gocier et communiquer avec des coll\u00e8gues ou des clients des diff\u00e9rentes cultures peut \u00eatre un terrain min\u00e9. Un faux mouvement ou une erreur de compr\u00e9hension \u00e9l\u00e9mentaire peut d\u00e9truire ou tarder des mois de travail. Le module nous aide \u00e0 comprendre et \u00e0 appr\u00e9cier les diff\u00e9rences interculturelles et il promut une communication plus claire.<\/p>\n<p>Ce que vous allez atteindre:<\/p>\n<ul>\n<li>Faire tomber des barri\u00e8res, b\u00e2tir la confiance et renforcer des relations, ouvrir des horizons et donner des r\u00e9sultats concrets en mati\u00e8re de succ\u00e8s commercial.<\/li>\n<li>Cr\u00e9er un pont entre les diff\u00e9rences culturelles du Royaume-Uni et d\u2019autres pays europ\u00e9ens.<\/li>\n<li>Comprendre l\u2019histoire, le mani\u00e9risme et le mode de vie du Royaume-Uni.<\/li>\n<li>Comprendre les indications \u201c\u00c0 faire et \u00c0 ne pas faire\u201d suivies dans la structure sociale de la Grande Bretagne.<\/li>\n<li>B\u00e2tir de la confiance pour communiquer avec les clients.<\/li>\n<li>Consolider des rapports.<\/li>\n<\/ul>\n<p>[\/vc_column_text][\/vc_tta_section][vc_tta_section title=\u00a0\u00bbColorful Cultures Indon\u00e9sie\u00a0\u00bb tab_id=\u00a0\u00bb1488907894001-81d6699b-4ab0&Prime;][vc_column_text]<img loading=\"lazy\" decoding=\"async\" width=\"80\" height=\"300\" class=\"alignnone size-medium wp-image-71494 alignright\" src=\"https:\/\/colorfulcultures.co.uk\/fr\/wp-content\/uploads\/sites\/5\/2015\/10\/Indonesia-80x300.jpg\" alt=\"\" srcset=\"https:\/\/colorfulcultures.co.uk\/fr\/wp-content\/uploads\/sites\/5\/2015\/10\/Indonesia-80x300.jpg 80w, https:\/\/colorfulcultures.co.uk\/fr\/wp-content\/uploads\/sites\/5\/2015\/10\/Indonesia.jpg 160w\" sizes=\"auto, (max-width: 80px) 100vw, 80px\" \/>Lorsqu\u2019on parle de l\u2019Indon\u00e9sie, la principale diff\u00e9rence culturelle est la communication \u00e0 contexte fort. Cela signifie qu\u2019une bonne part des informations contextuelles est connue par des gens avec qui on interagit et on traite des affaires. \u00c9tant donn\u00e9 que la culture met l\u2019accent sur les relations durables et sur l\u2019interd\u00e9pendance, on a besoin d\u2019une compr\u00e9hension commune entre les membres d\u2019un groupe Indon\u00e9sien.<\/p>\n<p>Ce programme est l\u2019opportunit\u00e9 pour introduire et comprendre les mod\u00e8les de communication et leur impact sur les entreprises,<\/p>\n<p>Ce que vous allez atteindre:<\/p>\n<ul>\n<li>Comprendre les indications \u201c\u00c0 faire et \u00c0 ne pas faire\u201d dans la vie quotidienne.<\/li>\n<li>Comprendre les valeurs fondamentales et les cons\u00e9quences pour l\u2019entreprise.<\/li>\n<li>B\u00e2tir et maintenir la cr\u00e9dibilit\u00e9.<\/li>\n<li>Suivre le protocole d\u2019affaire et les particularit\u00e9s de l\u2019environnement commercial local.<\/li>\n<li>D\u00e9terminer vos comp\u00e9tences commerciales (gestion des ressources humaines, relations clients) conform\u00e9ment aux exigences locales.<\/li>\n<\/ul>\n<p>[\/vc_column_text][\/vc_tta_section][\/vc_tta_tour][\/vc_column][\/vc_row]<\/p>\n<\/div>","protected":false},"excerpt":{"rendered":"<p>[vc_row type=\u00a0\u00bbcontainer\u00a0\u00bb padding_top=\u00a0\u00bb\u00a0\u00bb padding_bottom=\u00a0\u00bb\u00a0\u00bb css=\u00a0\u00bb.vc_custom_1449576470084{margin-bottom: 0px !important;}\u00a0\u00bb][vc_column width=\u00a0\u00bb1\/2&Prime;][vc_column_text]Pourquoi Colorful Cultures? Comprendre qu\u2019il y a des diff\u00e9rences entre nous est le premier pas pour r\u00e9soudre le myst\u00e8re de la communication interculturelle. Lorsque nous nous familiarisons avec ces diff\u00e9rences culturelles, nous pouvons \u201cchanger d\u2019attitude\u201d, \u00eatre \u201cconscients\u201d durant la communication avec les autres, transmettre nos messages avec succ\u00e8s [&hellip;]<\/p>\n","protected":false},"author":1,"featured_media":70778,"parent":73,"menu_order":1,"comment_status":"closed","ping_status":"closed","template":"","meta":{"_acf_changed":false,"footnotes":""},"class_list":["post-147","page","type-page","status-publish","has-post-thumbnail","hentry"],"acf":[],"yoast_head":"<!-- This site is optimized with the Yoast SEO plugin v25.6 - https:\/\/yoast.com\/wordpress\/plugins\/seo\/ -->\n<title>Colorful Cultures - Colorful Cultures Fr<\/title>\n<meta name=\"description\" content=\"Besides distance and language, communicated efficiently across cultures also means adapting your message to a very different audience\" \/>\n<meta name=\"robots\" content=\"index, follow, max-snippet:-1, max-image-preview:large, max-video-preview:-1\" \/>\n<link rel=\"canonical\" href=\"https:\/\/colorfulcultures.co.uk\/fr\/solutions-de-formation\/colorful-cultures\/\" \/>\n<meta property=\"og:locale\" content=\"fr_FR\" \/>\n<meta property=\"og:type\" content=\"article\" \/>\n<meta property=\"og:title\" content=\"Colorful Cultures - Colorful Cultures Fr\" \/>\n<meta property=\"og:description\" content=\"Besides distance and language, communicated efficiently across cultures also means adapting your message to a very different audience\" \/>\n<meta property=\"og:url\" content=\"https:\/\/colorfulcultures.co.uk\/fr\/solutions-de-formation\/colorful-cultures\/\" \/>\n<meta property=\"og:site_name\" content=\"Colorful Cultures Fr\" \/>\n<meta property=\"article:modified_time\" content=\"2017-04-30T10:42:50+00:00\" \/>\n<meta name=\"twitter:card\" content=\"summary_large_image\" \/>\n<meta name=\"twitter:label1\" content=\"Dur\u00e9e de lecture estim\u00e9e\" \/>\n\t<meta name=\"twitter:data1\" content=\"5 minutes\" \/>\n<script type=\"application\/ld+json\" class=\"yoast-schema-graph\">{\"@context\":\"https:\/\/schema.org\",\"@graph\":[{\"@type\":\"WebPage\",\"@id\":\"https:\/\/colorfulcultures.co.uk\/fr\/solutions-de-formation\/colorful-cultures\/\",\"url\":\"https:\/\/colorfulcultures.co.uk\/fr\/solutions-de-formation\/colorful-cultures\/\",\"name\":\"Colorful Cultures - Colorful Cultures Fr\",\"isPartOf\":{\"@id\":\"https:\/\/colorfulcultures.co.uk\/fr\/#website\"},\"primaryImageOfPage\":{\"@id\":\"https:\/\/colorfulcultures.co.uk\/fr\/solutions-de-formation\/colorful-cultures\/#primaryimage\"},\"image\":{\"@id\":\"https:\/\/colorfulcultures.co.uk\/fr\/solutions-de-formation\/colorful-cultures\/#primaryimage\"},\"thumbnailUrl\":\"\",\"datePublished\":\"2015-10-09T17:51:30+00:00\",\"dateModified\":\"2017-04-30T10:42:50+00:00\",\"description\":\"Besides distance and language, communicated efficiently across cultures also means adapting your message to a very different audience\",\"breadcrumb\":{\"@id\":\"https:\/\/colorfulcultures.co.uk\/fr\/solutions-de-formation\/colorful-cultures\/#breadcrumb\"},\"inLanguage\":\"fr-FR\",\"potentialAction\":[{\"@type\":\"ReadAction\",\"target\":[\"https:\/\/colorfulcultures.co.uk\/fr\/solutions-de-formation\/colorful-cultures\/\"]}]},{\"@type\":\"ImageObject\",\"inLanguage\":\"fr-FR\",\"@id\":\"https:\/\/colorfulcultures.co.uk\/fr\/solutions-de-formation\/colorful-cultures\/#primaryimage\",\"url\":\"\",\"contentUrl\":\"\"},{\"@type\":\"BreadcrumbList\",\"@id\":\"https:\/\/colorfulcultures.co.uk\/fr\/solutions-de-formation\/colorful-cultures\/#breadcrumb\",\"itemListElement\":[{\"@type\":\"ListItem\",\"position\":1,\"name\":\"Home\",\"item\":\"https:\/\/colorfulcultures.co.uk\/fr\/\"},{\"@type\":\"ListItem\",\"position\":2,\"name\":\"Solutions\",\"item\":\"https:\/\/colorfulcultures.co.uk\/fr\/solutions-de-formation\/\"},{\"@type\":\"ListItem\",\"position\":3,\"name\":\"Colorful Cultures\"}]},{\"@type\":\"WebSite\",\"@id\":\"https:\/\/colorfulcultures.co.uk\/fr\/#website\",\"url\":\"https:\/\/colorfulcultures.co.uk\/fr\/\",\"name\":\"Colorful Cultures Fr\",\"description\":\"\",\"potentialAction\":[{\"@type\":\"SearchAction\",\"target\":{\"@type\":\"EntryPoint\",\"urlTemplate\":\"https:\/\/colorfulcultures.co.uk\/fr\/?s={search_term_string}\"},\"query-input\":{\"@type\":\"PropertyValueSpecification\",\"valueRequired\":true,\"valueName\":\"search_term_string\"}}],\"inLanguage\":\"fr-FR\"}]}<\/script>\n<!-- \/ Yoast SEO plugin. -->","yoast_head_json":{"title":"Colorful Cultures - Colorful Cultures Fr","description":"Besides distance and language, communicated efficiently across cultures also means adapting your message to a very different audience","robots":{"index":"index","follow":"follow","max-snippet":"max-snippet:-1","max-image-preview":"max-image-preview:large","max-video-preview":"max-video-preview:-1"},"canonical":"https:\/\/colorfulcultures.co.uk\/fr\/solutions-de-formation\/colorful-cultures\/","og_locale":"fr_FR","og_type":"article","og_title":"Colorful Cultures - Colorful Cultures Fr","og_description":"Besides distance and language, communicated efficiently across cultures also means adapting your message to a very different audience","og_url":"https:\/\/colorfulcultures.co.uk\/fr\/solutions-de-formation\/colorful-cultures\/","og_site_name":"Colorful Cultures Fr","article_modified_time":"2017-04-30T10:42:50+00:00","twitter_card":"summary_large_image","twitter_misc":{"Dur\u00e9e de lecture estim\u00e9e":"5 minutes"},"schema":{"@context":"https:\/\/schema.org","@graph":[{"@type":"WebPage","@id":"https:\/\/colorfulcultures.co.uk\/fr\/solutions-de-formation\/colorful-cultures\/","url":"https:\/\/colorfulcultures.co.uk\/fr\/solutions-de-formation\/colorful-cultures\/","name":"Colorful Cultures - Colorful Cultures Fr","isPartOf":{"@id":"https:\/\/colorfulcultures.co.uk\/fr\/#website"},"primaryImageOfPage":{"@id":"https:\/\/colorfulcultures.co.uk\/fr\/solutions-de-formation\/colorful-cultures\/#primaryimage"},"image":{"@id":"https:\/\/colorfulcultures.co.uk\/fr\/solutions-de-formation\/colorful-cultures\/#primaryimage"},"thumbnailUrl":"","datePublished":"2015-10-09T17:51:30+00:00","dateModified":"2017-04-30T10:42:50+00:00","description":"Besides distance and language, communicated efficiently across cultures also means adapting your message to a very different audience","breadcrumb":{"@id":"https:\/\/colorfulcultures.co.uk\/fr\/solutions-de-formation\/colorful-cultures\/#breadcrumb"},"inLanguage":"fr-FR","potentialAction":[{"@type":"ReadAction","target":["https:\/\/colorfulcultures.co.uk\/fr\/solutions-de-formation\/colorful-cultures\/"]}]},{"@type":"ImageObject","inLanguage":"fr-FR","@id":"https:\/\/colorfulcultures.co.uk\/fr\/solutions-de-formation\/colorful-cultures\/#primaryimage","url":"","contentUrl":""},{"@type":"BreadcrumbList","@id":"https:\/\/colorfulcultures.co.uk\/fr\/solutions-de-formation\/colorful-cultures\/#breadcrumb","itemListElement":[{"@type":"ListItem","position":1,"name":"Home","item":"https:\/\/colorfulcultures.co.uk\/fr\/"},{"@type":"ListItem","position":2,"name":"Solutions","item":"https:\/\/colorfulcultures.co.uk\/fr\/solutions-de-formation\/"},{"@type":"ListItem","position":3,"name":"Colorful Cultures"}]},{"@type":"WebSite","@id":"https:\/\/colorfulcultures.co.uk\/fr\/#website","url":"https:\/\/colorfulcultures.co.uk\/fr\/","name":"Colorful Cultures Fr","description":"","potentialAction":[{"@type":"SearchAction","target":{"@type":"EntryPoint","urlTemplate":"https:\/\/colorfulcultures.co.uk\/fr\/?s={search_term_string}"},"query-input":{"@type":"PropertyValueSpecification","valueRequired":true,"valueName":"search_term_string"}}],"inLanguage":"fr-FR"}]}},"_links":{"self":[{"href":"https:\/\/colorfulcultures.co.uk\/fr\/wp-json\/wp\/v2\/pages\/147","targetHints":{"allow":["GET"]}}],"collection":[{"href":"https:\/\/colorfulcultures.co.uk\/fr\/wp-json\/wp\/v2\/pages"}],"about":[{"href":"https:\/\/colorfulcultures.co.uk\/fr\/wp-json\/wp\/v2\/types\/page"}],"author":[{"embeddable":true,"href":"https:\/\/colorfulcultures.co.uk\/fr\/wp-json\/wp\/v2\/users\/1"}],"replies":[{"embeddable":true,"href":"https:\/\/colorfulcultures.co.uk\/fr\/wp-json\/wp\/v2\/comments?post=147"}],"version-history":[{"count":3,"href":"https:\/\/colorfulcultures.co.uk\/fr\/wp-json\/wp\/v2\/pages\/147\/revisions"}],"predecessor-version":[{"id":71495,"href":"https:\/\/colorfulcultures.co.uk\/fr\/wp-json\/wp\/v2\/pages\/147\/revisions\/71495"}],"up":[{"embeddable":true,"href":"https:\/\/colorfulcultures.co.uk\/fr\/wp-json\/wp\/v2\/pages\/73"}],"wp:featuredmedia":[{"embeddable":true,"href":"https:\/\/colorfulcultures.co.uk\/fr\/wp-json\/"}],"wp:attachment":[{"href":"https:\/\/colorfulcultures.co.uk\/fr\/wp-json\/wp\/v2\/media?parent=147"}],"curies":[{"name":"wp","href":"https:\/\/api.w.org\/{rel}","templated":true}]}}