{"id":141,"date":"2015-10-09T17:24:05","date_gmt":"2015-10-09T17:24:05","guid":{"rendered":"http:\/\/broker.commercegurus.com\/?page_id=141"},"modified":"2017-04-24T22:18:52","modified_gmt":"2017-04-24T20:18:52","slug":"recrutement-et-selection","status":"publish","type":"page","link":"https:\/\/colorfulcultures.co.uk\/fr\/solutions-de-formation\/recrutement-et-selection\/","title":{"rendered":"Recrutement et S\u00e9lection"},"content":{"rendered":"<div class=\"wpb-content-wrapper\"><p>[vc_row type=\u00a0\u00bbcontainer\u00a0\u00bb padding_top=\u00a0\u00bb\u00a0\u00bb padding_bottom=\u00a0\u00bb\u00a0\u00bb css=\u00a0\u00bb.vc_custom_1449062960012{margin-bottom: 20px !important;}\u00a0\u00bb][vc_column width=\u00a0\u00bb1\/2&Prime;][vc_column_text]<\/p>\n<p class=\"yiv3693370814MsoNormal\">Recrutement et S\u00e9lection &#8211; la complexit\u00e9 grandissante de l\u2019environnement professionnel impose des d\u00e9cisions strat\u00e9giques. C\u2019est pour cela que le r\u00f4le du dirigeant s\u2019est modifi\u00e9 dans les derni\u00e8res ann\u00e9es, \u00e9tant donn\u00e9 qu\u2019ils ne peuvent plus contr\u00f4ler toutes les proc\u00e9dures complexes de leurs propres efforts. De nos jours, les dirigeants qui ont du succ\u00e8s choisissent \u00e0 faire des mouvements sages sur l\u2019\u00e9chiquier. \u00c9tant donn\u00e9 qu\u2019ils ont besoin des partenaires; ils ne peuvent plus recruter les gens cl\u00e9 avec qui ils vont partager l\u2019affaire.<\/p>\n<p>[\/vc_column_text][\/vc_column][vc_column width=\u00a0\u00bb1\/2&Prime;][vc_single_image image=\u00a0\u00bb71182&Prime; img_size=\u00a0\u00bbfull\u00a0\u00bb add_caption=\u00a0\u00bbyes\u00a0\u00bb onclick=\u00a0\u00bblink_image\u00a0\u00bb][\/vc_column][\/vc_row][vc_row type=\u00a0\u00bbcontainer\u00a0\u00bb padding_top=\u00a0\u00bb\u00a0\u00bb padding_bottom=\u00a0\u00bb\u00a0\u00bb css=\u00a0\u00bb.vc_custom_1444504142602{margin-bottom: 0px !important;}\u00a0\u00bb][vc_column][vc_separator color=\u00a0\u00bb#e2e2e2&Prime; type=\u00a0\u00bbnormal\u00a0\u00bb thickness=\u00a0\u00bb1&Prime; up=\u00a0\u00bb\u00a0\u00bb down=\u00a0\u00bb\u00a0\u00bb el_class=\u00a0\u00bbdotted\u00a0\u00bb][\/vc_column][\/vc_row][vc_row type=\u00a0\u00bbcontainer\u00a0\u00bb padding_top=\u00a0\u00bb\u00a0\u00bb padding_bottom=\u00a0\u00bb\u00a0\u00bb][vc_column][vc_column_text][\/vc_column_text][\/vc_column][\/vc_row][vc_row type=\u00a0\u00bbcontainer\u00a0\u00bb][vc_column][vc_tta_tour][vc_tta_section title=\u00a0\u00bbRecrutement\u00a0\u00bb tab_id=\u00a0\u00bb1487877553242-7718c5c2-1ba6&Prime;][vc_column_text]Un dirigeant doit choisir deux directions dans un environnement comp\u00e9titif:<\/p>\n<p>Lorsque le march\u00e9 du travail est de plus en plus comp\u00e9titif pour les professionnels talentueux, le dirigeant a besoin d\u2019\u00eatre sure qu\u2019il cr\u00e9e un environnement color\u00e9, pour que les employ\u00e9s satisfassent des besoins comme le d\u00e9veloppement personnel, une balance entre travail et vie et un environnement professionnel appr\u00e9ciatif.<\/p>\n<p>En mati\u00e8re de ventes, la comp\u00e9tition exige des r\u00f4les cl\u00e9 de chasseurs de t\u00eate du dirigeant et un remplacement plus intelligent et plus rapide des gens, pour que le r\u00f4le soit color\u00e9, r\u00e9alis\u00e9 et d\u00e9velopp\u00e9 par le future employ\u00e9.<\/p>\n<p>Ces deux directions sont s\u00fbrement li\u00e9es: Id\u00e9alement les dirigeants cr\u00e9ent une relation gagnante-gagnante, en harmonisant les objectifs personnels avec ceux professionnels. Mais, comme dans une \u00e9quipe de football gagnante, les gens qui ont des r\u00f4les diff\u00e9rents devraient exprimer le comportement n\u00e9cessaire pour les comp\u00e9tences requises avant d\u2019\u00eatre fiers de l\u2019haute performance, de la contribution ou des r\u00e9mun\u00e9rations de leur succ\u00e8s commun.<\/p>\n<p>Ind\u00e9pendamment des sp\u00e9cificit\u00e9s de l\u2019industrie, les crises locales, le bassin de candidats, les profils difficiles vont mettre \u00e0 risque votre processus de recrutement. C\u2019est le moment quand vous pouvez passer d\u2019une entrevue classique mais invasive, bas\u00e9e sur des comportements d\u00e9montr\u00e9s \u2013 \u00e0 une qui est plus diplomatique et simplifi\u00e9e en utilisant l\u2019Entrevue projective ou\u00a0l\u2019Approche du panier \u2013 ou m\u00eame utiliser un teste psychom\u00e9trique pour un d\u00e9gr\u00e9e plus \u00e9lev\u00e9 de pr\u00e9diction.<\/p>\n<p>&nbsp;<\/p>\n<p>Pour tous les profils rationnels, comme la plupart des sp\u00e9cialistes IT et comptables, ou amiables comme ceux des employ\u00e9s du service client, la strat\u00e9gie devrait \u00eatre diff\u00e9rente. Gardez-le donc simple et beau!<\/p>\n<p>Ce que vous allez atteindre:<\/p>\n<ul>\n<li>Organiser votre approche d\u2019entrevue<\/li>\n<li>Des techniques efficaces d\u2019entrevue<\/li>\n<li>Tools for achieving higher predictability in recruitment processes<\/li>\n<li>Faire la caract\u00e9risation des gens<\/li>\n<li>Prendre les d\u00e9cisions de s\u00e9lection correctes.<\/li>\n<\/ul>\n<p>[\/vc_column_text][\/vc_tta_section][vc_tta_section title=\u00a0\u00bbEntrevue bas\u00e9 sur les comp\u00e9tences\u00a0\u00bb tab_id=\u00a0\u00bb1487877553292-ce3f1ccb-26af\u00a0\u00bb][vc_column_text]Les comp\u00e9tences jouent un r\u00f4le cl\u00e9 dans le soutien d\u2019une performance bonne ou sup\u00e9rieure du travail. Pour s\u00e9lectionner le bon candidat il est essentiel d\u2019\u00e9valuer les comp\u00e9tences de l\u2019individu. \u00ab\u00a0La cl\u00e9 pour d\u00e9terminer la fa\u00e7on dont une personne va effectuer un travail est celle de collecter et d\u2019analyser des exemples de la mani\u00e8re dans laquelle la personne a agit dans des situations similaires dans le pass\u00e9\u00a0\u00bb. Ceux-ci peuvent \u00eatre compar\u00e9s avec les niveaux pr\u00e9vus pour une fonction donn\u00e9e, en aidant ainsi l\u2019Interviewer \u00e0 prendre une d\u00e9cision de s\u00e9lection objective.<\/p>\n<p>Ce que vous allez atteindre:<\/p>\n<ul>\n<li>Vous pr\u00e9parer effectivement pour une entrevue structur\u00e9e<\/li>\n<li>Formuler des questions ad\u00e9quates et utiliser des techniques efficaces d\u2019entrevue<\/li>\n<li>Trouver les int\u00e9r\u00eats du candidat et des informations pertinentes sur celui-ci<\/li>\n<li>\u00c9valuer les r\u00e9ponses re\u00e7ues<\/li>\n<li>\u00c9valuer de mani\u00e8re objective l\u2019aptitude d\u2019un candidat pour n\u2019importe quelle fonction.<\/li>\n<li>Vendre le poste au candidat et le candidat au PM<\/li>\n<li>Recruter des personnes comp\u00e9tentes pour le poste appropri\u00e9<\/li>\n<\/ul>\n<p>[\/vc_column_text][\/vc_tta_section][\/vc_tta_tour][\/vc_column][\/vc_row][vc_row type=\u00a0\u00bbcontainer\u00a0\u00bb padding_top=\u00a0\u00bb\u00a0\u00bb padding_bottom=\u00a0\u00bb\u00a0\u00bb css=\u00a0\u00bb.vc_custom_1449062969962{margin-bottom: 50px !important;}\u00a0\u00bb][vc_column][vc_tta_tabs][vc_tta_section title=\u00a0\u00bbM\u00c9THODOLOGIE\u00a0\u00bb tab_id=\u00a0\u00bb1487015076536-13fe4e40-5a2c\u00a0\u00bb][vc_column_text]<\/p>\n<ul>\n<li>Films, discussions de groupe<\/li>\n<li>lecture<\/li>\n<li>profilage<\/li>\n<li>exercices de pr\u00e9sentation<\/li>\n<\/ul>\n<p>[\/vc_column_text][\/vc_tta_section][vc_tta_section title=\u00a0\u00bbDUR\u00c9E\u00a0\u00bb tab_id=\u00a0\u00bb1487015076585-7b9a87b4-e728&Prime;][vc_column_text]8\u00a0 hours[\/vc_column_text][\/vc_tta_section][vc_tta_section title=\u00a0\u00bbAUDITOIRE CIBLE\u00a0\u00bb tab_id=\u00a0\u00bb1487015161546-cae88626-796c\u00a0\u00bb][vc_column_text]<\/p>\n<ul>\n<li>Lead Associate<\/li>\n<li>Analyst, Managers<\/li>\n<\/ul>\n<p>[\/vc_column_text][\/vc_tta_section][vc_tta_section title=\u00a0\u00bbDIMENSION DU LOT\u00a0\u00bb tab_id=\u00a0\u00bb1487015195273-8b34e9f4-b163&Prime;][vc_column_text]<\/p>\n<ul>\n<li>Min &#8211; 8<\/li>\n<li>Max &#8211; 16<\/li>\n<\/ul>\n<p>[\/vc_column_text][\/vc_tta_section][\/vc_tta_tabs][\/vc_column][\/vc_row]<\/p>\n<\/div>","protected":false},"excerpt":{"rendered":"<p>[vc_row type=\u00a0\u00bbcontainer\u00a0\u00bb padding_top=\u00a0\u00bb\u00a0\u00bb padding_bottom=\u00a0\u00bb\u00a0\u00bb css=\u00a0\u00bb.vc_custom_1449062960012{margin-bottom: 20px !important;}\u00a0\u00bb][vc_column width=\u00a0\u00bb1\/2&Prime;][vc_column_text] Recrutement et S\u00e9lection &#8211; la complexit\u00e9 grandissante de l\u2019environnement professionnel impose des d\u00e9cisions strat\u00e9giques. C\u2019est pour cela que le r\u00f4le du dirigeant s\u2019est modifi\u00e9 dans les derni\u00e8res ann\u00e9es, \u00e9tant donn\u00e9 qu\u2019ils ne peuvent plus contr\u00f4ler toutes les proc\u00e9dures complexes de leurs propres efforts. De nos jours, les [&hellip;]<\/p>\n","protected":false},"author":1,"featured_media":70700,"parent":73,"menu_order":3,"comment_status":"closed","ping_status":"closed","template":"","meta":{"_acf_changed":false,"footnotes":""},"class_list":["post-141","page","type-page","status-publish","has-post-thumbnail","hentry"],"acf":[],"yoast_head":"<!-- This site is optimized with the Yoast SEO plugin v25.6 - https:\/\/yoast.com\/wordpress\/plugins\/seo\/ -->\n<title>Recrutement et S\u00e9lection - Colorful Cultures Fr<\/title>\n<meta name=\"description\" content=\"Recruitment &amp; Selection - the increasing complexity of the work environment requires strategic decisions.\" \/>\n<meta name=\"robots\" content=\"index, follow, max-snippet:-1, max-image-preview:large, max-video-preview:-1\" \/>\n<link rel=\"canonical\" href=\"https:\/\/colorfulcultures.co.uk\/fr\/solutions-de-formation\/recrutement-et-selection\/\" \/>\n<meta property=\"og:locale\" content=\"fr_FR\" \/>\n<meta property=\"og:type\" content=\"article\" \/>\n<meta property=\"og:title\" content=\"Recrutement et S\u00e9lection - Colorful Cultures Fr\" \/>\n<meta property=\"og:description\" content=\"Recruitment &amp; Selection - the increasing complexity of the work environment requires strategic decisions.\" \/>\n<meta property=\"og:url\" content=\"https:\/\/colorfulcultures.co.uk\/fr\/solutions-de-formation\/recrutement-et-selection\/\" \/>\n<meta property=\"og:site_name\" content=\"Colorful Cultures Fr\" \/>\n<meta property=\"article:modified_time\" content=\"2017-04-24T20:18:52+00:00\" \/>\n<meta name=\"twitter:card\" content=\"summary_large_image\" \/>\n<meta name=\"twitter:label1\" content=\"Dur\u00e9e de lecture estim\u00e9e\" \/>\n\t<meta name=\"twitter:data1\" content=\"5 minutes\" \/>\n<script type=\"application\/ld+json\" class=\"yoast-schema-graph\">{\"@context\":\"https:\/\/schema.org\",\"@graph\":[{\"@type\":\"WebPage\",\"@id\":\"https:\/\/colorfulcultures.co.uk\/fr\/solutions-de-formation\/recrutement-et-selection\/\",\"url\":\"https:\/\/colorfulcultures.co.uk\/fr\/solutions-de-formation\/recrutement-et-selection\/\",\"name\":\"Recrutement et S\u00e9lection - Colorful Cultures Fr\",\"isPartOf\":{\"@id\":\"https:\/\/colorfulcultures.co.uk\/fr\/#website\"},\"primaryImageOfPage\":{\"@id\":\"https:\/\/colorfulcultures.co.uk\/fr\/solutions-de-formation\/recrutement-et-selection\/#primaryimage\"},\"image\":{\"@id\":\"https:\/\/colorfulcultures.co.uk\/fr\/solutions-de-formation\/recrutement-et-selection\/#primaryimage\"},\"thumbnailUrl\":\"\",\"datePublished\":\"2015-10-09T17:24:05+00:00\",\"dateModified\":\"2017-04-24T20:18:52+00:00\",\"description\":\"Recruitment & Selection - the increasing complexity of the work environment requires strategic decisions.\",\"breadcrumb\":{\"@id\":\"https:\/\/colorfulcultures.co.uk\/fr\/solutions-de-formation\/recrutement-et-selection\/#breadcrumb\"},\"inLanguage\":\"fr-FR\",\"potentialAction\":[{\"@type\":\"ReadAction\",\"target\":[\"https:\/\/colorfulcultures.co.uk\/fr\/solutions-de-formation\/recrutement-et-selection\/\"]}]},{\"@type\":\"ImageObject\",\"inLanguage\":\"fr-FR\",\"@id\":\"https:\/\/colorfulcultures.co.uk\/fr\/solutions-de-formation\/recrutement-et-selection\/#primaryimage\",\"url\":\"\",\"contentUrl\":\"\"},{\"@type\":\"BreadcrumbList\",\"@id\":\"https:\/\/colorfulcultures.co.uk\/fr\/solutions-de-formation\/recrutement-et-selection\/#breadcrumb\",\"itemListElement\":[{\"@type\":\"ListItem\",\"position\":1,\"name\":\"Home\",\"item\":\"https:\/\/colorfulcultures.co.uk\/fr\/\"},{\"@type\":\"ListItem\",\"position\":2,\"name\":\"Solutions\",\"item\":\"https:\/\/colorfulcultures.co.uk\/fr\/solutions-de-formation\/\"},{\"@type\":\"ListItem\",\"position\":3,\"name\":\"Recrutement et S\u00e9lection\"}]},{\"@type\":\"WebSite\",\"@id\":\"https:\/\/colorfulcultures.co.uk\/fr\/#website\",\"url\":\"https:\/\/colorfulcultures.co.uk\/fr\/\",\"name\":\"Colorful Cultures Fr\",\"description\":\"\",\"potentialAction\":[{\"@type\":\"SearchAction\",\"target\":{\"@type\":\"EntryPoint\",\"urlTemplate\":\"https:\/\/colorfulcultures.co.uk\/fr\/?s={search_term_string}\"},\"query-input\":{\"@type\":\"PropertyValueSpecification\",\"valueRequired\":true,\"valueName\":\"search_term_string\"}}],\"inLanguage\":\"fr-FR\"}]}<\/script>\n<!-- \/ Yoast SEO plugin. -->","yoast_head_json":{"title":"Recrutement et S\u00e9lection - Colorful Cultures Fr","description":"Recruitment & Selection - the increasing complexity of the work environment requires strategic decisions.","robots":{"index":"index","follow":"follow","max-snippet":"max-snippet:-1","max-image-preview":"max-image-preview:large","max-video-preview":"max-video-preview:-1"},"canonical":"https:\/\/colorfulcultures.co.uk\/fr\/solutions-de-formation\/recrutement-et-selection\/","og_locale":"fr_FR","og_type":"article","og_title":"Recrutement et S\u00e9lection - Colorful Cultures Fr","og_description":"Recruitment & Selection - the increasing complexity of the work environment requires strategic decisions.","og_url":"https:\/\/colorfulcultures.co.uk\/fr\/solutions-de-formation\/recrutement-et-selection\/","og_site_name":"Colorful Cultures Fr","article_modified_time":"2017-04-24T20:18:52+00:00","twitter_card":"summary_large_image","twitter_misc":{"Dur\u00e9e de lecture estim\u00e9e":"5 minutes"},"schema":{"@context":"https:\/\/schema.org","@graph":[{"@type":"WebPage","@id":"https:\/\/colorfulcultures.co.uk\/fr\/solutions-de-formation\/recrutement-et-selection\/","url":"https:\/\/colorfulcultures.co.uk\/fr\/solutions-de-formation\/recrutement-et-selection\/","name":"Recrutement et S\u00e9lection - Colorful Cultures Fr","isPartOf":{"@id":"https:\/\/colorfulcultures.co.uk\/fr\/#website"},"primaryImageOfPage":{"@id":"https:\/\/colorfulcultures.co.uk\/fr\/solutions-de-formation\/recrutement-et-selection\/#primaryimage"},"image":{"@id":"https:\/\/colorfulcultures.co.uk\/fr\/solutions-de-formation\/recrutement-et-selection\/#primaryimage"},"thumbnailUrl":"","datePublished":"2015-10-09T17:24:05+00:00","dateModified":"2017-04-24T20:18:52+00:00","description":"Recruitment & Selection - the increasing complexity of the work environment requires strategic decisions.","breadcrumb":{"@id":"https:\/\/colorfulcultures.co.uk\/fr\/solutions-de-formation\/recrutement-et-selection\/#breadcrumb"},"inLanguage":"fr-FR","potentialAction":[{"@type":"ReadAction","target":["https:\/\/colorfulcultures.co.uk\/fr\/solutions-de-formation\/recrutement-et-selection\/"]}]},{"@type":"ImageObject","inLanguage":"fr-FR","@id":"https:\/\/colorfulcultures.co.uk\/fr\/solutions-de-formation\/recrutement-et-selection\/#primaryimage","url":"","contentUrl":""},{"@type":"BreadcrumbList","@id":"https:\/\/colorfulcultures.co.uk\/fr\/solutions-de-formation\/recrutement-et-selection\/#breadcrumb","itemListElement":[{"@type":"ListItem","position":1,"name":"Home","item":"https:\/\/colorfulcultures.co.uk\/fr\/"},{"@type":"ListItem","position":2,"name":"Solutions","item":"https:\/\/colorfulcultures.co.uk\/fr\/solutions-de-formation\/"},{"@type":"ListItem","position":3,"name":"Recrutement et S\u00e9lection"}]},{"@type":"WebSite","@id":"https:\/\/colorfulcultures.co.uk\/fr\/#website","url":"https:\/\/colorfulcultures.co.uk\/fr\/","name":"Colorful Cultures Fr","description":"","potentialAction":[{"@type":"SearchAction","target":{"@type":"EntryPoint","urlTemplate":"https:\/\/colorfulcultures.co.uk\/fr\/?s={search_term_string}"},"query-input":{"@type":"PropertyValueSpecification","valueRequired":true,"valueName":"search_term_string"}}],"inLanguage":"fr-FR"}]}},"_links":{"self":[{"href":"https:\/\/colorfulcultures.co.uk\/fr\/wp-json\/wp\/v2\/pages\/141","targetHints":{"allow":["GET"]}}],"collection":[{"href":"https:\/\/colorfulcultures.co.uk\/fr\/wp-json\/wp\/v2\/pages"}],"about":[{"href":"https:\/\/colorfulcultures.co.uk\/fr\/wp-json\/wp\/v2\/types\/page"}],"author":[{"embeddable":true,"href":"https:\/\/colorfulcultures.co.uk\/fr\/wp-json\/wp\/v2\/users\/1"}],"replies":[{"embeddable":true,"href":"https:\/\/colorfulcultures.co.uk\/fr\/wp-json\/wp\/v2\/comments?post=141"}],"version-history":[{"count":4,"href":"https:\/\/colorfulcultures.co.uk\/fr\/wp-json\/wp\/v2\/pages\/141\/revisions"}],"predecessor-version":[{"id":71446,"href":"https:\/\/colorfulcultures.co.uk\/fr\/wp-json\/wp\/v2\/pages\/141\/revisions\/71446"}],"up":[{"embeddable":true,"href":"https:\/\/colorfulcultures.co.uk\/fr\/wp-json\/wp\/v2\/pages\/73"}],"wp:featuredmedia":[{"embeddable":true,"href":"https:\/\/colorfulcultures.co.uk\/fr\/wp-json\/"}],"wp:attachment":[{"href":"https:\/\/colorfulcultures.co.uk\/fr\/wp-json\/wp\/v2\/media?parent=141"}],"curies":[{"name":"wp","href":"https:\/\/api.w.org\/{rel}","templated":true}]}}