{"id":130,"date":"2015-10-09T16:46:20","date_gmt":"2015-10-09T16:46:20","guid":{"rendered":"http:\/\/broker.commercegurus.com\/?page_id=130"},"modified":"2017-04-28T23:01:19","modified_gmt":"2017-04-28T21:01:19","slug":"programme-de-decouverte","status":"publish","type":"page","link":"https:\/\/colorfulcultures.co.uk\/fr\/solutions-de-formation\/programme-de-decouverte\/","title":{"rendered":"Programme de d\u00e9couverte"},"content":{"rendered":"<div class=\"wpb-content-wrapper\"><p>[vc_row type=\u00a0\u00bbcontainer\u00a0\u00bb padding_top=\u00a0\u00bb\u00a0\u00bb padding_bottom=\u00a0\u00bb\u00a0\u00bb css=\u00a0\u00bb.vc_custom_1449060063467{margin-bottom: 20px !important;}\u00a0\u00bb][vc_column width=\u00a0\u00bb1\/2&Prime;][vc_column_text]Le programme de d\u00e9couverte est un programme d\u00e9di\u00e9 \u00e0 la mani\u00e8re de g\u00e9rer l\u2019entier cycle de vie des employ\u00e9s autour du monde avec une attention particuli\u00e8re aux diff\u00e9rences culturelles.<br \/>\nC\u2019est le seul programme dont vous avez besoin pour r\u00e9ussir quand vous sous-traitez des projets, quand vous ouvrez des bureaux ou quand vous surmontez des obstacles regardant vos employ\u00e9s \u00e9trangers.[\/vc_column_text][\/vc_column][vc_column width=\u00a0\u00bb1\/2&Prime; css=\u00a0\u00bb.vc_custom_1449059997398{margin-bottom: 35px !important;}\u00a0\u00bb][vc_single_image image=\u00a0\u00bb71284&Prime; img_size=\u00a0\u00bbfull\u00a0\u00bb add_caption=\u00a0\u00bbyes\u00a0\u00bb onclick=\u00a0\u00bblink_image\u00a0\u00bb][\/vc_column][\/vc_row][vc_row type=\u00a0\u00bbcontainer\u00a0\u00bb padding_top=\u00a0\u00bb\u00a0\u00bb padding_bottom=\u00a0\u00bb\u00a0\u00bb css=\u00a0\u00bb.vc_custom_1449060013623{margin-bottom: 0px !important;}\u00a0\u00bb][vc_column][vc_separator color=\u00a0\u00bb#e2e2e2&Prime; type=\u00a0\u00bbnormal\u00a0\u00bb thickness=\u00a0\u00bb1&Prime; up=\u00a0\u00bb\u00a0\u00bb down=\u00a0\u00bb\u00a0\u00bb el_class=\u00a0\u00bbdotted\u00a0\u00bb][\/vc_column][\/vc_row][vc_row type=\u00a0\u00bbcontainer\u00a0\u00bb padding_top=\u00a0\u00bb\u00a0\u00bb padding_bottom=\u00a0\u00bb\u00a0\u00bb][vc_column][vc_column_text]Le programme dans un paquet complet pour certaines industries:<\/p>\n<ul>\n<li>Production<\/li>\n<li>BPO<\/li>\n<li>IT<\/li>\n<\/ul>\n<p>[\/vc_column_text][\/vc_column][\/vc_row][vc_row type=\u00a0\u00bbcontainer\u00a0\u00bb][vc_column][\/vc_column][\/vc_row][vc_row type=\u00a0\u00bbcontainer\u00a0\u00bb][vc_column][vc_tta_tabs][vc_tta_section title=\u00a0\u00bbPRODUCTION\u00a0\u00bb tab_id=\u00a0\u00bb1487883067825-b1cd8b28-415c\u00a0\u00bb][vc_column_text]<strong>Modules:<\/strong><\/p>\n<ol>\n<li><strong>Recrutement et s\u00e9lection<\/strong> \u2013 un avis profond sur la mani\u00e8re d\u2019adapter votre strat\u00e9gie de recrutement aux certains march\u00e9s en mettant l\u2019accent sur la mani\u00e8re de r\u00e9aliser une recherche, de conduire les entrevues et d\u2019engager les bons candidats.<\/li>\n<li><strong>Int\u00e9gration<\/strong> \u2013 quelles sont les attentes sp\u00e9cifiques des employ\u00e9s en diff\u00e9rentes cultures et quels sont les moteurs pour une int\u00e9gration r\u00e9ussie en \u00e9quipes.<\/li>\n<li><strong>R\u00e9visions de la performance<\/strong> \u2013 comment transmettre un retour d\u2019informations et obtenir l\u2019accord concernant les objectifs commerciaux.<\/li>\n<li><strong>Styles de direction<\/strong> \u2013 un avis des styles pr\u00e9f\u00e9r\u00e9s de direction en plusieurs cultures pour vous aider \u00e0 comprendre les b\u00e9n\u00e9fices, les risques et les diff\u00e9rences entre les \u00e9quipes de direction internationales.<\/li>\n<\/ol>\n<p>[\/vc_column_text][\/vc_tta_section][vc_tta_section title=\u00a0\u00bbBPO\u00a0\u00bb tab_id=\u00a0\u00bb1487883048933-c9742e6a-8afd\u00a0\u00bb][vc_column_text]<strong>Modules:<\/strong><\/p>\n<ol>\n<li><strong>Recrutement et s\u00e9lection<\/strong> \u2013 un avis profond sur la mani\u00e8re d\u2019adapter votre strat\u00e9gie de recrutement aux certains march\u00e9s en mettant l\u2019accent sur la mani\u00e8re de r\u00e9aliser une recherche, de conduire les entrevues et d\u2019engager les bons candidats.<\/li>\n<li><strong>Int\u00e9gration<\/strong> \u2013 quelles sont les attentes sp\u00e9cifiques des employ\u00e9s en diff\u00e9rentes cultures et quels sont les moteurs pour une int\u00e9gration r\u00e9ussie en \u00e9quipes.<\/li>\n<li><strong>R\u00e9visions de la performance<\/strong> \u2013 comment transmettre un retour d\u2019informations et obtenir l\u2019accord concernant les objectifs commerciaux.<\/li>\n<li><strong>Styles de direction<\/strong> \u2013 un avis des styles pr\u00e9f\u00e9r\u00e9s de direction en plusieurs cultures pour vous aider \u00e0 comprendre les b\u00e9n\u00e9fices, les risques et les diff\u00e9rences entre les \u00e9quipes de direction internationales.<\/li>\n<\/ol>\n<p>[\/vc_column_text][\/vc_tta_section][vc_tta_section title=\u00a0\u00bbIT\u00a0\u00bb tab_id=\u00a0\u00bb1487883048984-8011b22e-d31a\u00a0\u00bb][vc_column_text]<strong>Modules:<\/strong><\/p>\n<ol>\n<li><strong>Recrutement et s\u00e9lection<\/strong> \u2013 un avis profond sur la mani\u00e8re d\u2019adapter votre strat\u00e9gie de recrutement aux certains march\u00e9s en mettant l\u2019accent sur la mani\u00e8re de r\u00e9aliser une recherche, de conduire les entrevues et d\u2019engager les bons candidats.<\/li>\n<li><strong>Int\u00e9gration<\/strong> \u2013 quelles sont les attentes sp\u00e9cifiques des employ\u00e9s en diff\u00e9rentes cultures et quels sont les moteurs pour une int\u00e9gration r\u00e9ussie en \u00e9quipes.<\/li>\n<li><strong>R\u00e9visions de la performance<\/strong> \u2013 comment transmettre un retour d\u2019informations et obtenir l\u2019accord concernant les objectifs commerciaux.<\/li>\n<li><strong>Styles de direction<\/strong> \u2013 un avis des styles pr\u00e9f\u00e9r\u00e9s de direction en plusieurs cultures pour vous aider \u00e0 comprendre les b\u00e9n\u00e9fices, les risques et les diff\u00e9rences entre les \u00e9quipes de direction internationales.<\/li>\n<\/ol>\n<p>[\/vc_column_text][\/vc_tta_section][\/vc_tta_tabs][\/vc_column][\/vc_row]<\/p>\n<\/div>","protected":false},"excerpt":{"rendered":"<p>[vc_row type=\u00a0\u00bbcontainer\u00a0\u00bb padding_top=\u00a0\u00bb\u00a0\u00bb padding_bottom=\u00a0\u00bb\u00a0\u00bb css=\u00a0\u00bb.vc_custom_1449060063467{margin-bottom: 20px !important;}\u00a0\u00bb][vc_column width=\u00a0\u00bb1\/2&Prime;][vc_column_text]Le programme de d\u00e9couverte est un programme d\u00e9di\u00e9 \u00e0 la mani\u00e8re de g\u00e9rer l\u2019entier cycle de vie des employ\u00e9s autour du monde avec une attention particuli\u00e8re aux diff\u00e9rences culturelles. C\u2019est le seul programme dont vous avez besoin pour r\u00e9ussir quand vous sous-traitez des projets, quand vous ouvrez des [&hellip;]<\/p>\n","protected":false},"author":1,"featured_media":70708,"parent":73,"menu_order":5,"comment_status":"closed","ping_status":"closed","template":"","meta":{"_acf_changed":false,"footnotes":""},"class_list":["post-130","page","type-page","status-publish","has-post-thumbnail","hentry"],"acf":[],"yoast_head":"<!-- This site is optimized with the Yoast SEO plugin v25.6 - https:\/\/yoast.com\/wordpress\/plugins\/seo\/ -->\n<title>Programme de d\u00e9couverte - Colorful Cultures Fr<\/title>\n<meta name=\"description\" content=\"Discovery Program is a program dedicated on how to manage the whole employee lifecycle across the globe with specific focus on cultural differences.\" \/>\n<meta name=\"robots\" content=\"index, follow, max-snippet:-1, max-image-preview:large, max-video-preview:-1\" \/>\n<link rel=\"canonical\" href=\"https:\/\/colorfulcultures.co.uk\/fr\/solutions-de-formation\/programme-de-decouverte\/\" \/>\n<meta property=\"og:locale\" content=\"fr_FR\" \/>\n<meta property=\"og:type\" content=\"article\" \/>\n<meta property=\"og:title\" content=\"Programme de d\u00e9couverte - Colorful Cultures Fr\" \/>\n<meta property=\"og:description\" content=\"Discovery Program is a program dedicated on how to manage the whole employee lifecycle across the globe with specific focus on cultural differences.\" \/>\n<meta property=\"og:url\" content=\"https:\/\/colorfulcultures.co.uk\/fr\/solutions-de-formation\/programme-de-decouverte\/\" \/>\n<meta property=\"og:site_name\" content=\"Colorful Cultures Fr\" \/>\n<meta property=\"article:modified_time\" content=\"2017-04-28T21:01:19+00:00\" \/>\n<meta name=\"twitter:card\" content=\"summary_large_image\" \/>\n<meta name=\"twitter:label1\" content=\"Dur\u00e9e de lecture estim\u00e9e\" \/>\n\t<meta name=\"twitter:data1\" content=\"3 minutes\" \/>\n<script type=\"application\/ld+json\" class=\"yoast-schema-graph\">{\"@context\":\"https:\/\/schema.org\",\"@graph\":[{\"@type\":\"WebPage\",\"@id\":\"https:\/\/colorfulcultures.co.uk\/fr\/solutions-de-formation\/programme-de-decouverte\/\",\"url\":\"https:\/\/colorfulcultures.co.uk\/fr\/solutions-de-formation\/programme-de-decouverte\/\",\"name\":\"Programme de d\u00e9couverte - Colorful Cultures Fr\",\"isPartOf\":{\"@id\":\"https:\/\/colorfulcultures.co.uk\/fr\/#website\"},\"primaryImageOfPage\":{\"@id\":\"https:\/\/colorfulcultures.co.uk\/fr\/solutions-de-formation\/programme-de-decouverte\/#primaryimage\"},\"image\":{\"@id\":\"https:\/\/colorfulcultures.co.uk\/fr\/solutions-de-formation\/programme-de-decouverte\/#primaryimage\"},\"thumbnailUrl\":\"\",\"datePublished\":\"2015-10-09T16:46:20+00:00\",\"dateModified\":\"2017-04-28T21:01:19+00:00\",\"description\":\"Discovery Program is a program dedicated on how to manage the whole employee lifecycle across the globe with specific focus on cultural differences.\",\"breadcrumb\":{\"@id\":\"https:\/\/colorfulcultures.co.uk\/fr\/solutions-de-formation\/programme-de-decouverte\/#breadcrumb\"},\"inLanguage\":\"fr-FR\",\"potentialAction\":[{\"@type\":\"ReadAction\",\"target\":[\"https:\/\/colorfulcultures.co.uk\/fr\/solutions-de-formation\/programme-de-decouverte\/\"]}]},{\"@type\":\"ImageObject\",\"inLanguage\":\"fr-FR\",\"@id\":\"https:\/\/colorfulcultures.co.uk\/fr\/solutions-de-formation\/programme-de-decouverte\/#primaryimage\",\"url\":\"\",\"contentUrl\":\"\"},{\"@type\":\"BreadcrumbList\",\"@id\":\"https:\/\/colorfulcultures.co.uk\/fr\/solutions-de-formation\/programme-de-decouverte\/#breadcrumb\",\"itemListElement\":[{\"@type\":\"ListItem\",\"position\":1,\"name\":\"Home\",\"item\":\"https:\/\/colorfulcultures.co.uk\/fr\/\"},{\"@type\":\"ListItem\",\"position\":2,\"name\":\"Solutions\",\"item\":\"https:\/\/colorfulcultures.co.uk\/fr\/solutions-de-formation\/\"},{\"@type\":\"ListItem\",\"position\":3,\"name\":\"Programme de d\u00e9couverte\"}]},{\"@type\":\"WebSite\",\"@id\":\"https:\/\/colorfulcultures.co.uk\/fr\/#website\",\"url\":\"https:\/\/colorfulcultures.co.uk\/fr\/\",\"name\":\"Colorful Cultures Fr\",\"description\":\"\",\"potentialAction\":[{\"@type\":\"SearchAction\",\"target\":{\"@type\":\"EntryPoint\",\"urlTemplate\":\"https:\/\/colorfulcultures.co.uk\/fr\/?s={search_term_string}\"},\"query-input\":{\"@type\":\"PropertyValueSpecification\",\"valueRequired\":true,\"valueName\":\"search_term_string\"}}],\"inLanguage\":\"fr-FR\"}]}<\/script>\n<!-- \/ Yoast SEO plugin. -->","yoast_head_json":{"title":"Programme de d\u00e9couverte - Colorful Cultures Fr","description":"Discovery Program is a program dedicated on how to manage the whole employee lifecycle across the globe with specific focus on cultural differences.","robots":{"index":"index","follow":"follow","max-snippet":"max-snippet:-1","max-image-preview":"max-image-preview:large","max-video-preview":"max-video-preview:-1"},"canonical":"https:\/\/colorfulcultures.co.uk\/fr\/solutions-de-formation\/programme-de-decouverte\/","og_locale":"fr_FR","og_type":"article","og_title":"Programme de d\u00e9couverte - Colorful Cultures Fr","og_description":"Discovery Program is a program dedicated on how to manage the whole employee lifecycle across the globe with specific focus on cultural differences.","og_url":"https:\/\/colorfulcultures.co.uk\/fr\/solutions-de-formation\/programme-de-decouverte\/","og_site_name":"Colorful Cultures Fr","article_modified_time":"2017-04-28T21:01:19+00:00","twitter_card":"summary_large_image","twitter_misc":{"Dur\u00e9e de lecture estim\u00e9e":"3 minutes"},"schema":{"@context":"https:\/\/schema.org","@graph":[{"@type":"WebPage","@id":"https:\/\/colorfulcultures.co.uk\/fr\/solutions-de-formation\/programme-de-decouverte\/","url":"https:\/\/colorfulcultures.co.uk\/fr\/solutions-de-formation\/programme-de-decouverte\/","name":"Programme de d\u00e9couverte - Colorful Cultures Fr","isPartOf":{"@id":"https:\/\/colorfulcultures.co.uk\/fr\/#website"},"primaryImageOfPage":{"@id":"https:\/\/colorfulcultures.co.uk\/fr\/solutions-de-formation\/programme-de-decouverte\/#primaryimage"},"image":{"@id":"https:\/\/colorfulcultures.co.uk\/fr\/solutions-de-formation\/programme-de-decouverte\/#primaryimage"},"thumbnailUrl":"","datePublished":"2015-10-09T16:46:20+00:00","dateModified":"2017-04-28T21:01:19+00:00","description":"Discovery Program is a program dedicated on how to manage the whole employee lifecycle across the globe with specific focus on cultural differences.","breadcrumb":{"@id":"https:\/\/colorfulcultures.co.uk\/fr\/solutions-de-formation\/programme-de-decouverte\/#breadcrumb"},"inLanguage":"fr-FR","potentialAction":[{"@type":"ReadAction","target":["https:\/\/colorfulcultures.co.uk\/fr\/solutions-de-formation\/programme-de-decouverte\/"]}]},{"@type":"ImageObject","inLanguage":"fr-FR","@id":"https:\/\/colorfulcultures.co.uk\/fr\/solutions-de-formation\/programme-de-decouverte\/#primaryimage","url":"","contentUrl":""},{"@type":"BreadcrumbList","@id":"https:\/\/colorfulcultures.co.uk\/fr\/solutions-de-formation\/programme-de-decouverte\/#breadcrumb","itemListElement":[{"@type":"ListItem","position":1,"name":"Home","item":"https:\/\/colorfulcultures.co.uk\/fr\/"},{"@type":"ListItem","position":2,"name":"Solutions","item":"https:\/\/colorfulcultures.co.uk\/fr\/solutions-de-formation\/"},{"@type":"ListItem","position":3,"name":"Programme de d\u00e9couverte"}]},{"@type":"WebSite","@id":"https:\/\/colorfulcultures.co.uk\/fr\/#website","url":"https:\/\/colorfulcultures.co.uk\/fr\/","name":"Colorful Cultures Fr","description":"","potentialAction":[{"@type":"SearchAction","target":{"@type":"EntryPoint","urlTemplate":"https:\/\/colorfulcultures.co.uk\/fr\/?s={search_term_string}"},"query-input":{"@type":"PropertyValueSpecification","valueRequired":true,"valueName":"search_term_string"}}],"inLanguage":"fr-FR"}]}},"_links":{"self":[{"href":"https:\/\/colorfulcultures.co.uk\/fr\/wp-json\/wp\/v2\/pages\/130","targetHints":{"allow":["GET"]}}],"collection":[{"href":"https:\/\/colorfulcultures.co.uk\/fr\/wp-json\/wp\/v2\/pages"}],"about":[{"href":"https:\/\/colorfulcultures.co.uk\/fr\/wp-json\/wp\/v2\/types\/page"}],"author":[{"embeddable":true,"href":"https:\/\/colorfulcultures.co.uk\/fr\/wp-json\/wp\/v2\/users\/1"}],"replies":[{"embeddable":true,"href":"https:\/\/colorfulcultures.co.uk\/fr\/wp-json\/wp\/v2\/comments?post=130"}],"version-history":[{"count":2,"href":"https:\/\/colorfulcultures.co.uk\/fr\/wp-json\/wp\/v2\/pages\/130\/revisions"}],"predecessor-version":[{"id":71444,"href":"https:\/\/colorfulcultures.co.uk\/fr\/wp-json\/wp\/v2\/pages\/130\/revisions\/71444"}],"up":[{"embeddable":true,"href":"https:\/\/colorfulcultures.co.uk\/fr\/wp-json\/wp\/v2\/pages\/73"}],"wp:featuredmedia":[{"embeddable":true,"href":"https:\/\/colorfulcultures.co.uk\/fr\/wp-json\/"}],"wp:attachment":[{"href":"https:\/\/colorfulcultures.co.uk\/fr\/wp-json\/wp\/v2\/media?parent=130"}],"curies":[{"name":"wp","href":"https:\/\/api.w.org\/{rel}","templated":true}]}}