{"id":82,"date":"2015-10-08T09:31:05","date_gmt":"2015-10-08T09:31:05","guid":{"rendered":"http:\/\/broker.commercegurus.com\/?page_id=82"},"modified":"2017-04-29T10:28:05","modified_gmt":"2017-04-29T08:28:05","slug":"viajes-de-desarrollo-para-lideres","status":"publish","type":"page","link":"https:\/\/colorfulcultures.co.uk\/es\/solutions\/viajes-de-desarrollo-para-lideres\/","title":{"rendered":"Viajes de desarrollo para l\u00edderes"},"content":{"rendered":"<div class=\"wpb-content-wrapper\"><p>[vc_row type=\u00bbcontainer\u00bb padding_top=\u00bb\u00bb padding_bottom=\u00bb\u00bb css=\u00bb.vc_custom_1449060205291{margin-bottom: 20px !important;}\u00bb][vc_column width=\u00bb1\/2&#8243;][vc_column_text]La nueva relaci\u00f3n de asociaci\u00f3n entre l\u00edderes y empleados requiere la capacidad de apoyar, entrenar y animar a los empleados. El liderazgo efectivo est\u00e1 dirigido a especificar con precisi\u00f3n qu\u00e9 comportamiento de liderazgo es m\u00e1s adecuado bajo ciertas condiciones y por lo tanto conducir\u00e1 a los mejores resultados. Por lo tanto, independientemente del enfoque de conducta o contingencia es crucial para analizar la situaci\u00f3n en la que se encuentra, y luego utilizar la estrategia m\u00e1s adecuada. Ayuda a construir relaciones, desarrollando la competencia y la autosuficiencia en otros, alcanzando un mayor nivel de compromiso, por lo que funciona en beneficio del l\u00edder, el empleado y la organizaci\u00f3n por igual[\/vc_column_text][\/vc_column][vc_column width=\u00bb1\/2&#8243;][vc_single_image image=\u00bb71189&#8243; img_size=\u00bbfull\u00bb add_caption=\u00bbyes\u00bb onclick=\u00bblink_image\u00bb][\/vc_column][\/vc_row][vc_row type=\u00bbcontainer\u00bb padding_top=\u00bb\u00bb padding_bottom=\u00bb\u00bb css=\u00bb.vc_custom_1449060130251{margin-bottom: 0px !important;}\u00bb][vc_column][vc_separator color=\u00bb#e2e2e2&#8243; type=\u00bbnormal\u00bb thickness=\u00bb1&#8243; up=\u00bb\u00bb down=\u00bb\u00bb el_class=\u00bbdotted\u00bb][\/vc_column][\/vc_row][vc_row type=\u00bbcontainer\u00bb padding_top=\u00bb\u00bb padding_bottom=\u00bb\u00bb][vc_column][vc_column_text]El desarrollo del liderazgo es un \u00e1rea clave para mantener una ventaja competitiva en todo el mundo sin importar su industria o modelo de negocio.<\/p>\n<p>Dado que la adaptabilidad cultural juega un papel clave en el desarrollo de esas habilidades l\u00edderes, hemos elaborado un programa f\u00e1cil de seguir, pero incre\u00edblemente eficiente, dedicado a los l\u00edderes de equipos o proyectos mundiales. Este programa es altamente adaptable a la necesidad de los asistentes a mercados\/culturas espec\u00edficas.<\/p>\n<ol>\n<li>Conciencia intercultural &#8211; eval\u00fae sus puntos fuertes y ciegos al cambiar a la gesti\u00f3n global<\/li>\n<li>Negocios como siempre en todo el mundo &#8211; las caracter\u00edsticas de la cultura empresarial y los comportamientos en los mercados de su inter\u00e9s<\/li>\n<li>L\u00edderes en equipos globales &#8211; habilidades de liderazgo para administrar un entorno global<\/li>\n<\/ol>\n<p>[\/vc_column_text][\/vc_column][\/vc_row][vc_row type=\u00bbcontainer\u00bb padding_top=\u00bb\u00bb padding_bottom=\u00bb\u00bb css=\u00bb.vc_custom_1449060148994{margin-bottom: 50px !important;}\u00bb][vc_column][vc_tta_tabs style=\u00bbflat\u00bb active_section=\u00bb1&#8243;][vc_tta_section title=\u00bbMETHODOLOG\u00cdA\u00bb tab_id=\u00bb1444300654474-2bfb86dc-fd3a\u00bb][vc_column_text]<\/p>\n<ul>\n<li>Pel\u00edculas<\/li>\n<li>discusi\u00f3n grupal<\/li>\n<li>lectura<\/li>\n<li>perfiles<\/li>\n<li>ejercicios de presentaci\u00f3n<\/li>\n<\/ul>\n<p>[\/vc_column_text][\/vc_tta_section][vc_tta_section title=\u00bbDURACI\u00d3N\u00bb tab_id=\u00bb1444300654691-e081e086-5ad3&#8243;][vc_column_text]8\u00a0 hours[\/vc_column_text][\/vc_tta_section][vc_tta_section title=\u00bbP\u00daBLICO OBJETIVO\u00bb tab_id=\u00bb1444301268806-6cabfa0f-2e9d\u00bb][vc_column_text]<\/p>\n<ul>\n<li>Managers who want to become highly effective leaders by learning how to adapt different leadership styles to different situations.<\/li>\n<\/ul>\n<p>[\/vc_column_text][\/vc_tta_section][vc_tta_section title=\u00bbTAMA\u00d1O DEL LOTE\u00bb tab_id=\u00bb1487016182251-32c3bd09-59f6&#8243;][vc_column_text]<\/p>\n<ul>\n<li>Min &#8211; 8<\/li>\n<li>Max &#8211; 16<\/li>\n<\/ul>\n<p>[\/vc_column_text][\/vc_tta_section][\/vc_tta_tabs][\/vc_column][\/vc_row]<\/p>\n<\/div>","protected":false},"excerpt":{"rendered":"<p>[vc_row type=\u00bbcontainer\u00bb padding_top=\u00bb\u00bb padding_bottom=\u00bb\u00bb css=\u00bb.vc_custom_1449060205291{margin-bottom: 20px !important;}\u00bb][vc_column width=\u00bb1\/2&#8243;][vc_column_text]La nueva relaci\u00f3n de asociaci\u00f3n entre l\u00edderes y empleados requiere la capacidad de apoyar, entrenar y animar a los empleados. El liderazgo efectivo est\u00e1 dirigido a especificar con precisi\u00f3n qu\u00e9 comportamiento de liderazgo es m\u00e1s adecuado bajo ciertas condiciones y por lo tanto conducir\u00e1 a los mejores resultados. [&hellip;]<\/p>\n","protected":false},"author":1,"featured_media":70714,"parent":73,"menu_order":5,"comment_status":"closed","ping_status":"closed","template":"","meta":{"_acf_changed":false,"footnotes":""},"class_list":["post-82","page","type-page","status-publish","has-post-thumbnail","hentry"],"acf":[],"yoast_head":"<!-- This site is optimized with the Yoast SEO plugin v25.6 - https:\/\/yoast.com\/wordpress\/plugins\/seo\/ -->\n<title>Viajes de desarrollo para l\u00edderes - Colorful Cultures Es<\/title>\n<meta name=\"description\" content=\"The new partnership relationship between leaders and employees requires the ability to support, coach and to cheer employees on.\" \/>\n<meta name=\"robots\" content=\"index, follow, max-snippet:-1, max-image-preview:large, max-video-preview:-1\" \/>\n<link rel=\"canonical\" href=\"https:\/\/colorfulcultures.co.uk\/es\/solutions\/viajes-de-desarrollo-para-lideres\/\" \/>\n<meta property=\"og:locale\" content=\"es_ES\" \/>\n<meta property=\"og:type\" content=\"article\" \/>\n<meta property=\"og:title\" content=\"Viajes de desarrollo para l\u00edderes - Colorful Cultures Es\" \/>\n<meta property=\"og:description\" content=\"The new partnership relationship between leaders and employees requires the ability to support, coach and to cheer employees on.\" \/>\n<meta property=\"og:url\" content=\"https:\/\/colorfulcultures.co.uk\/es\/solutions\/viajes-de-desarrollo-para-lideres\/\" \/>\n<meta property=\"og:site_name\" content=\"Colorful Cultures Es\" \/>\n<meta property=\"article:modified_time\" content=\"2017-04-29T08:28:05+00:00\" \/>\n<meta name=\"twitter:card\" content=\"summary_large_image\" \/>\n<meta name=\"twitter:label1\" content=\"Tiempo de lectura\" \/>\n\t<meta name=\"twitter:data1\" content=\"3 minutos\" \/>\n<script type=\"application\/ld+json\" class=\"yoast-schema-graph\">{\"@context\":\"https:\/\/schema.org\",\"@graph\":[{\"@type\":\"WebPage\",\"@id\":\"https:\/\/colorfulcultures.co.uk\/es\/solutions\/viajes-de-desarrollo-para-lideres\/\",\"url\":\"https:\/\/colorfulcultures.co.uk\/es\/solutions\/viajes-de-desarrollo-para-lideres\/\",\"name\":\"Viajes de desarrollo para l\u00edderes - Colorful Cultures Es\",\"isPartOf\":{\"@id\":\"https:\/\/colorfulcultures.co.uk\/es\/#website\"},\"primaryImageOfPage\":{\"@id\":\"https:\/\/colorfulcultures.co.uk\/es\/solutions\/viajes-de-desarrollo-para-lideres\/#primaryimage\"},\"image\":{\"@id\":\"https:\/\/colorfulcultures.co.uk\/es\/solutions\/viajes-de-desarrollo-para-lideres\/#primaryimage\"},\"thumbnailUrl\":\"\",\"datePublished\":\"2015-10-08T09:31:05+00:00\",\"dateModified\":\"2017-04-29T08:28:05+00:00\",\"description\":\"The new partnership relationship between leaders and employees requires the ability to support, coach and to cheer employees on.\",\"breadcrumb\":{\"@id\":\"https:\/\/colorfulcultures.co.uk\/es\/solutions\/viajes-de-desarrollo-para-lideres\/#breadcrumb\"},\"inLanguage\":\"es\",\"potentialAction\":[{\"@type\":\"ReadAction\",\"target\":[\"https:\/\/colorfulcultures.co.uk\/es\/solutions\/viajes-de-desarrollo-para-lideres\/\"]}]},{\"@type\":\"ImageObject\",\"inLanguage\":\"es\",\"@id\":\"https:\/\/colorfulcultures.co.uk\/es\/solutions\/viajes-de-desarrollo-para-lideres\/#primaryimage\",\"url\":\"\",\"contentUrl\":\"\"},{\"@type\":\"BreadcrumbList\",\"@id\":\"https:\/\/colorfulcultures.co.uk\/es\/solutions\/viajes-de-desarrollo-para-lideres\/#breadcrumb\",\"itemListElement\":[{\"@type\":\"ListItem\",\"position\":1,\"name\":\"Home\",\"item\":\"https:\/\/colorfulcultures.co.uk\/es\/\"},{\"@type\":\"ListItem\",\"position\":2,\"name\":\"Solutions\",\"item\":\"https:\/\/colorfulcultures.co.uk\/es\/solutions\/\"},{\"@type\":\"ListItem\",\"position\":3,\"name\":\"Viajes de desarrollo para l\u00edderes\"}]},{\"@type\":\"WebSite\",\"@id\":\"https:\/\/colorfulcultures.co.uk\/es\/#website\",\"url\":\"https:\/\/colorfulcultures.co.uk\/es\/\",\"name\":\"Colorful Cultures Es\",\"description\":\"Colorful cultures, training solutions, cross cultural communication\",\"potentialAction\":[{\"@type\":\"SearchAction\",\"target\":{\"@type\":\"EntryPoint\",\"urlTemplate\":\"https:\/\/colorfulcultures.co.uk\/es\/?s={search_term_string}\"},\"query-input\":{\"@type\":\"PropertyValueSpecification\",\"valueRequired\":true,\"valueName\":\"search_term_string\"}}],\"inLanguage\":\"es\"}]}<\/script>\n<!-- \/ Yoast SEO plugin. -->","yoast_head_json":{"title":"Viajes de desarrollo para l\u00edderes - Colorful Cultures Es","description":"The new partnership relationship between leaders and employees requires the ability to support, coach and to cheer employees on.","robots":{"index":"index","follow":"follow","max-snippet":"max-snippet:-1","max-image-preview":"max-image-preview:large","max-video-preview":"max-video-preview:-1"},"canonical":"https:\/\/colorfulcultures.co.uk\/es\/solutions\/viajes-de-desarrollo-para-lideres\/","og_locale":"es_ES","og_type":"article","og_title":"Viajes de desarrollo para l\u00edderes - Colorful Cultures Es","og_description":"The new partnership relationship between leaders and employees requires the ability to support, coach and to cheer employees on.","og_url":"https:\/\/colorfulcultures.co.uk\/es\/solutions\/viajes-de-desarrollo-para-lideres\/","og_site_name":"Colorful Cultures Es","article_modified_time":"2017-04-29T08:28:05+00:00","twitter_card":"summary_large_image","twitter_misc":{"Tiempo de lectura":"3 minutos"},"schema":{"@context":"https:\/\/schema.org","@graph":[{"@type":"WebPage","@id":"https:\/\/colorfulcultures.co.uk\/es\/solutions\/viajes-de-desarrollo-para-lideres\/","url":"https:\/\/colorfulcultures.co.uk\/es\/solutions\/viajes-de-desarrollo-para-lideres\/","name":"Viajes de desarrollo para l\u00edderes - Colorful Cultures Es","isPartOf":{"@id":"https:\/\/colorfulcultures.co.uk\/es\/#website"},"primaryImageOfPage":{"@id":"https:\/\/colorfulcultures.co.uk\/es\/solutions\/viajes-de-desarrollo-para-lideres\/#primaryimage"},"image":{"@id":"https:\/\/colorfulcultures.co.uk\/es\/solutions\/viajes-de-desarrollo-para-lideres\/#primaryimage"},"thumbnailUrl":"","datePublished":"2015-10-08T09:31:05+00:00","dateModified":"2017-04-29T08:28:05+00:00","description":"The new partnership relationship between leaders and employees requires the ability to support, coach and to cheer employees on.","breadcrumb":{"@id":"https:\/\/colorfulcultures.co.uk\/es\/solutions\/viajes-de-desarrollo-para-lideres\/#breadcrumb"},"inLanguage":"es","potentialAction":[{"@type":"ReadAction","target":["https:\/\/colorfulcultures.co.uk\/es\/solutions\/viajes-de-desarrollo-para-lideres\/"]}]},{"@type":"ImageObject","inLanguage":"es","@id":"https:\/\/colorfulcultures.co.uk\/es\/solutions\/viajes-de-desarrollo-para-lideres\/#primaryimage","url":"","contentUrl":""},{"@type":"BreadcrumbList","@id":"https:\/\/colorfulcultures.co.uk\/es\/solutions\/viajes-de-desarrollo-para-lideres\/#breadcrumb","itemListElement":[{"@type":"ListItem","position":1,"name":"Home","item":"https:\/\/colorfulcultures.co.uk\/es\/"},{"@type":"ListItem","position":2,"name":"Solutions","item":"https:\/\/colorfulcultures.co.uk\/es\/solutions\/"},{"@type":"ListItem","position":3,"name":"Viajes de desarrollo para l\u00edderes"}]},{"@type":"WebSite","@id":"https:\/\/colorfulcultures.co.uk\/es\/#website","url":"https:\/\/colorfulcultures.co.uk\/es\/","name":"Colorful Cultures Es","description":"Colorful cultures, training solutions, cross cultural communication","potentialAction":[{"@type":"SearchAction","target":{"@type":"EntryPoint","urlTemplate":"https:\/\/colorfulcultures.co.uk\/es\/?s={search_term_string}"},"query-input":{"@type":"PropertyValueSpecification","valueRequired":true,"valueName":"search_term_string"}}],"inLanguage":"es"}]}},"_links":{"self":[{"href":"https:\/\/colorfulcultures.co.uk\/es\/wp-json\/wp\/v2\/pages\/82","targetHints":{"allow":["GET"]}}],"collection":[{"href":"https:\/\/colorfulcultures.co.uk\/es\/wp-json\/wp\/v2\/pages"}],"about":[{"href":"https:\/\/colorfulcultures.co.uk\/es\/wp-json\/wp\/v2\/types\/page"}],"author":[{"embeddable":true,"href":"https:\/\/colorfulcultures.co.uk\/es\/wp-json\/wp\/v2\/users\/1"}],"replies":[{"embeddable":true,"href":"https:\/\/colorfulcultures.co.uk\/es\/wp-json\/wp\/v2\/comments?post=82"}],"version-history":[{"count":2,"href":"https:\/\/colorfulcultures.co.uk\/es\/wp-json\/wp\/v2\/pages\/82\/revisions"}],"predecessor-version":[{"id":71434,"href":"https:\/\/colorfulcultures.co.uk\/es\/wp-json\/wp\/v2\/pages\/82\/revisions\/71434"}],"up":[{"embeddable":true,"href":"https:\/\/colorfulcultures.co.uk\/es\/wp-json\/wp\/v2\/pages\/73"}],"wp:featuredmedia":[{"embeddable":true,"href":"https:\/\/colorfulcultures.co.uk\/es\/wp-json\/"}],"wp:attachment":[{"href":"https:\/\/colorfulcultures.co.uk\/es\/wp-json\/wp\/v2\/media?parent=82"}],"curies":[{"name":"wp","href":"https:\/\/api.w.org\/{rel}","templated":true}]}}