{"id":71,"date":"2015-10-07T17:14:28","date_gmt":"2015-10-07T17:14:28","guid":{"rendered":"http:\/\/broker.commercegurus.com\/?page_id=71"},"modified":"2017-04-05T21:14:55","modified_gmt":"2017-04-05T19:14:55","slug":"team-work","status":"publish","type":"page","link":"https:\/\/colorfulcultures.co.uk\/es\/team-work\/","title":{"rendered":"Nuestro EQUIPO"},"content":{"rendered":"<div class=\"wpb-content-wrapper\"><p>[vc_row type=\u00bbfull_page_width_inner_container\u00bb padding_top=\u00bb\u00bb padding_bottom=\u00bb\u00bb css=\u00bb.vc_custom_1451763469780{padding-top: 60px !important;padding-bottom: 20px !important;}\u00bb el_class=\u00bboverflow-visible\u00bb][vc_column width=\u00bb1\/6&#8243;][\/vc_column][vc_column width=\u00bb2\/3&#8243;][vc_custom_heading text=\u00bbEQUIPO\u00bb font_container=\u00bbtag:p|font_size:40px|text_align:center|color:%23333333|line_height:50px\u00bb use_theme_fonts=\u00bbyes\u00bb css=\u00bb.vc_custom_1491334313048{margin-bottom: 25px !important;padding-top: 20px !important;}\u00bb el_class=\u00bblighter-weight\u00bb][vc_column_text]<\/p>\n<p style=\"text-align: center;\"><span style=\"color: #999999;\">\u00a0 \u201cCompromiso individual con un esfuerzo grupal: eso es lo que hace que un equipo trabaje, que una empresa trabaje, que una sociedad funcione, que una civilizaci\u00f3n funcione\u201c<\/span><\/p>\n<p style=\"text-align: center;\"><span style=\"color: #999999;\">Vince Lombardi<\/span><\/p>\n<p>[\/vc_column_text][\/vc_column][vc_column width=\u00bb1\/6&#8243;][\/vc_column][\/vc_row][vc_row type=\u00bbcontainer\u00bb padding_top=\u00bb\u00bb padding_bottom=\u00bb\u00bb css=\u00bb.vc_custom_1451764030930{margin-bottom: 30px !important;}\u00bb][vc_column width=\u00bb1\/6&#8243;][\/vc_column][vc_column width=\u00bb2\/3&#8243;][vc_single_image image=\u00bb71053&#8243; img_size=\u00bbfull\u00bb alignment=\u00bbcenter\u00bb css=\u00bb.vc_custom_1486906295505{margin-bottom: 35px !important;}\u00bb][vc_column_text]<\/p>\n<h3 style=\"text-align: center;\">La belleza del mundo radica en la diversidad de su gente<\/h3>\n<p>[\/vc_column_text][\/vc_column][vc_column width=\u00bb1\/6&#8243;][\/vc_column][\/vc_row][vc_row type=\u00bbfull_page_width\u00bb padding_top=\u00bb\u00bb padding_bottom=\u00bb\u00bb css=\u00bb.vc_custom_1451763825349{margin-bottom: 35px !important;}\u00bb][vc_column css=\u00bb.vc_custom_1451763808886{padding-right: 0px !important;padding-left: 0px !important;}\u00bb][vc_separator color=\u00bb#eeeeee\u00bb type=\u00bbnormal\u00bb thickness=\u00bb1&#8243; up=\u00bb\u00bb down=\u00bb\u00bb][\/vc_column][\/vc_row][vc_row type=\u00bbfull_page_width_inner_container\u00bb padding_top=\u00bb\u00bb padding_bottom=\u00bb\u00bb css=\u00bb.vc_custom_1451775079464{margin-bottom: 35px !important;}\u00bb][vc_column width=\u00bb1\/3&#8243; el_class=\u00bbtestimonial\u00bb css=\u00bb.vc_custom_1446055807956{margin-bottom: 35px !important;}\u00bb][vc_row_inner css=\u00bb.vc_custom_1451763991326{margin-right: 0px !important;margin-left: 0px !important;padding-top: 30px !important;padding-right: 15px !important;padding-left: 15px !important;background-color: #ffffff !important;}\u00bb][vc_column_inner css=\u00bb.vc_custom_1451774643723{padding-top: 10px !important;}\u00bb][vc_single_image image=\u00bb71123&#8243; img_size=\u00bb130&#215;130&#8243; alignment=\u00bbcenter\u00bb style=\u00bbvc_box_circle_2&#8243; css_animation=\u00bbtop-to-bottom\u00bb css=\u00bb.vc_custom_1486930404145{margin-bottom: 25px !important;}\u00bb][vc_column_text css_animation=\u00bbbottom-to-top\u00bb css=\u00bb.vc_custom_1487100098342{margin-bottom: 0px !important;}\u00bb]<\/p>\n<h4 style=\"margin-top: 0px; margin-bottom: 3px; text-align: center;\">FATEMA ABBAS<\/h4>\n<h6 style=\"margin-top: 0px; margin-bottom: 10px; text-align: center;\"><span style=\"color: #999999;\">\u00a0<\/span><\/h6>\n<p>[\/vc_column_text][\/vc_column_inner][\/vc_row_inner][vc_row_inner css=\u00bb.vc_custom_1451763991326{margin-right: 0px !important;margin-left: 0px !important;padding-top: 30px !important;padding-right: 15px !important;padding-left: 15px !important;background-color: #ffffff !important;}\u00bb][vc_column_inner css=\u00bb.vc_custom_1451774643723{padding-top: 10px !important;}\u00bb][vc_single_image image=\u00bb71115&#8243; img_size=\u00bb130&#215;130&#8243; alignment=\u00bbcenter\u00bb style=\u00bbvc_box_circle_2&#8243; css_animation=\u00bbtop-to-bottom\u00bb css=\u00bb.vc_custom_1486929607713{margin-bottom: 25px !important;}\u00bb][vc_column_text css_animation=\u00bbbottom-to-top\u00bb css=\u00bb.vc_custom_1487100275080{margin-bottom: 0px !important;}\u00bb]<\/p>\n<h4 style=\"margin-top: 0px; margin-bottom: 3px; text-align: center;\">JOANNA BAGINSKA<\/h4>\n<h6 style=\"margin-top: 0px; margin-bottom: 10px; text-align: center;\"><span style=\"color: #999999;\">\u00a0<\/span><\/h6>\n<p>[\/vc_column_text][\/vc_column_inner][\/vc_row_inner][vc_row_inner css=\u00bb.vc_custom_1451763991326{margin-right: 0px !important;margin-left: 0px !important;padding-top: 30px !important;padding-right: 15px !important;padding-left: 15px !important;background-color: #ffffff !important;}\u00bb][vc_column_inner css=\u00bb.vc_custom_1451774643723{padding-top: 10px !important;}\u00bb][vc_single_image image=\u00bb71205&#8243; img_size=\u00bb130&#215;130&#8243; alignment=\u00bbcenter\u00bb style=\u00bbvc_box_circle_2&#8243; css_animation=\u00bbtop-to-bottom\u00bb css=\u00bb.vc_custom_1487100248311{margin-bottom: 25px !important;}\u00bb][vc_column_text css_animation=\u00bbbottom-to-top\u00bb css=\u00bb.vc_custom_1487100266827{margin-bottom: 0px !important;}\u00bb]<\/p>\n<h4 style=\"margin-top: 0px; margin-bottom: 3px; text-align: center;\">EVALDAS\u00a0KAZIULIS<\/h4>\n<p>[\/vc_column_text][\/vc_column_inner][\/vc_row_inner][\/vc_column][vc_column width=\u00bb1\/3&#8243; el_class=\u00bbtestimonial\u00bb css=\u00bb.vc_custom_1446055815577{margin-bottom: 35px !important;}\u00bb][vc_row_inner css=\u00bb.vc_custom_1451763991326{margin-right: 0px !important;margin-left: 0px !important;padding-top: 30px !important;padding-right: 15px !important;padding-left: 15px !important;background-color: #ffffff !important;}\u00bb][vc_column_inner css=\u00bb.vc_custom_1451774643723{padding-top: 10px !important;}\u00bb][vc_single_image image=\u00bb71112&#8243; img_size=\u00bb130&#215;130&#8243; alignment=\u00bbcenter\u00bb style=\u00bbvc_box_circle_2&#8243; css_animation=\u00bbtop-to-bottom\u00bb css=\u00bb.vc_custom_1486924190368{margin-bottom: 25px !important;}\u00bb][vc_column_text css_animation=\u00bbbottom-to-top\u00bb css=\u00bb.vc_custom_1487100107738{margin-bottom: 0px !important;}\u00bb]<\/p>\n<h4 style=\"margin-top: 0px; margin-bottom: 3px; text-align: center;\">PATRICK OURIAGHLI<\/h4>\n<h6 style=\"margin-top: 0px; margin-bottom: 10px; text-align: center;\"><span style=\"color: #999999;\">\u00a0<\/span><\/h6>\n<p>[\/vc_column_text][\/vc_column_inner][\/vc_row_inner][vc_row_inner css=\u00bb.vc_custom_1451763991326{margin-right: 0px !important;margin-left: 0px !important;padding-top: 30px !important;padding-right: 15px !important;padding-left: 15px !important;background-color: #ffffff !important;}\u00bb][vc_column_inner css=\u00bb.vc_custom_1451774643723{padding-top: 10px !important;}\u00bb][vc_single_image image=\u00bb71453&#8243; img_size=\u00bb130&#215;130&#8243; alignment=\u00bbcenter\u00bb style=\u00bbvc_box_circle_2&#8243; css_animation=\u00bbtop-to-bottom\u00bb css=\u00bb.vc_custom_1491419660792{margin-bottom: 25px !important;}\u00bb][vc_column_text css_animation=\u00bbbottom-to-top\u00bb css=\u00bb.vc_custom_1491419694388{margin-bottom: 0px !important;}\u00bb]<\/p>\n<h4 style=\"margin-top: 0px; margin-bottom: 3px; text-align: center;\">IVANINA ZAHARIEVA<\/h4>\n<p>[\/vc_column_text][\/vc_column_inner][\/vc_row_inner][vc_row_inner css=\u00bb.vc_custom_1451764003392{margin-right: 0px !important;margin-left: 0px !important;padding-top: 30px !important;padding-right: 15px !important;padding-left: 15px !important;background-color: #ffffff !important;}\u00bb][vc_column_inner css=\u00bb.vc_custom_1451774655715{padding-top: 10px !important;}\u00bb][vc_single_image image=\u00bb71391&#8243; img_size=\u00bb130&#215;130&#8243; alignment=\u00bbcenter\u00bb style=\u00bbvc_box_circle_2&#8243; css_animation=\u00bbtop-to-bottom\u00bb css=\u00bb.vc_custom_1489784879212{margin-bottom: 25px !important;}\u00bb][vc_column_text css_animation=\u00bbbottom-to-top\u00bb css=\u00bb.vc_custom_1487100132427{margin-bottom: 0px !important;}\u00bb]<\/p>\n<h4 style=\"margin-top: 0px; margin-bottom: 3px; text-align: center;\">IULIAN IONITA<\/h4>\n<h6 style=\"margin-top: 0px; margin-bottom: 10px; text-align: center;\"><span style=\"color: #999999;\">\u00a0<\/span><\/h6>\n<p>[\/vc_column_text][\/vc_column_inner][\/vc_row_inner][\/vc_column][vc_column width=\u00bb1\/3&#8243;][vc_row_inner css=\u00bb.vc_custom_1451763991326{margin-right: 0px !important;margin-left: 0px !important;padding-top: 30px !important;padding-right: 15px !important;padding-left: 15px !important;background-color: #ffffff !important;}\u00bb][vc_column_inner css=\u00bb.vc_custom_1451774643723{padding-top: 10px !important;}\u00bb][vc_single_image image=\u00bb71047&#8243; img_size=\u00bb130&#215;130&#8243; alignment=\u00bbcenter\u00bb style=\u00bbvc_box_circle_2&#8243; css_animation=\u00bbtop-to-bottom\u00bb css=\u00bb.vc_custom_1486905721165{margin-bottom: 25px !important;}\u00bb][vc_column_text css_animation=\u00bbbottom-to-top\u00bb css=\u00bb.vc_custom_1487100116099{margin-bottom: 0px !important;}\u00bb]<\/p>\n<h4 style=\"margin-top: 0px; margin-bottom: 3px; text-align: center;\">DAN BRUMA<\/h4>\n<h6 style=\"margin-top: 0px; margin-bottom: 10px; text-align: center;\"><span style=\"color: #999999;\">\u00a0<\/span><\/h6>\n<p>[\/vc_column_text][\/vc_column_inner][\/vc_row_inner][vc_row_inner css=\u00bb.vc_custom_1451763991326{margin-right: 0px !important;margin-left: 0px !important;padding-top: 30px !important;padding-right: 15px !important;padding-left: 15px !important;background-color: #ffffff !important;}\u00bb][vc_column_inner css=\u00bb.vc_custom_1451774643723{padding-top: 10px !important;}\u00bb][vc_single_image image=\u00bb71174&#8243; img_size=\u00bb130&#215;130&#8243; alignment=\u00bbcenter\u00bb style=\u00bbvc_box_circle_2&#8243; css_animation=\u00bbtop-to-bottom\u00bb css=\u00bb.vc_custom_1487012891091{margin-bottom: 25px !important;}\u00bb][vc_column_text css_animation=\u00bbbottom-to-top\u00bb css=\u00bb.vc_custom_1487100124774{margin-bottom: 0px !important;}\u00bb]<\/p>\n<h4 style=\"margin-top: 0px; margin-bottom: 3px; text-align: center;\">JOHN BAX<\/h4>\n<h6 style=\"margin-top: 0px; margin-bottom: 10px; text-align: center;\"><span style=\"color: #999999;\">\u00a0<\/span><\/h6>\n<p>[\/vc_column_text][\/vc_column_inner][\/vc_row_inner][\/vc_column][\/vc_row][vc_row type=\u00bbfull_page_width_inner_container\u00bb padding_top=\u00bb\u00bb padding_bottom=\u00bb\u00bb css=\u00bb.vc_custom_1451764073278{margin-bottom: 0px !important;padding-top: 30px !important;padding-bottom: 30px !important;background-color: #f5f5f5 !important;}\u00bb el_class=\u00bboverflow-visible\u00bb][vc_column width=\u00bb1\/6&#8243;][\/vc_column][vc_column width=\u00bb2\/3&#8243;][vc_column_text]<\/p>\n<h3 style=\"text-align: center;\">Convi\u00e9rtete en una de las muchas empresas que eligen Culturas Coloridas<\/h3>\n<p style=\"text-align: center;\">Nuestro servicio siempre ser\u00e1 desarrollar l\u00edderes y equipos para alcanzar su potencial y superar las luchas cuando se trabaja a trav\u00e9s de las culturas.<\/p>\n<p style=\"text-align: center;\"><a href=\"https:\/\/colorfulcultures.co.uk\/get-a-quote\/\">Consigue una cotizaci\u00f3n<\/a><\/p>\n<p>[\/vc_column_text][\/vc_column][vc_column width=\u00bb1\/6&#8243;][\/vc_column][\/vc_row]<\/p>\n<\/div>","protected":false},"excerpt":{"rendered":"<p>[vc_row type=\u00bbfull_page_width_inner_container\u00bb padding_top=\u00bb\u00bb padding_bottom=\u00bb\u00bb css=\u00bb.vc_custom_1451763469780{padding-top: 60px !important;padding-bottom: 20px !important;}\u00bb el_class=\u00bboverflow-visible\u00bb][vc_column width=\u00bb1\/6&#8243;][\/vc_column][vc_column width=\u00bb2\/3&#8243;][vc_custom_heading text=\u00bbEQUIPO\u00bb font_container=\u00bbtag:p|font_size:40px|text_align:center|color:%23333333|line_height:50px\u00bb use_theme_fonts=\u00bbyes\u00bb css=\u00bb.vc_custom_1491334313048{margin-bottom: 25px !important;padding-top: 20px !important;}\u00bb el_class=\u00bblighter-weight\u00bb][vc_column_text] \u00a0 \u201cCompromiso individual con un esfuerzo grupal: eso es lo que hace que un equipo trabaje, que una empresa trabaje, que una sociedad funcione, que una civilizaci\u00f3n funcione\u201c Vince Lombardi [\/vc_column_text][\/vc_column][vc_column width=\u00bb1\/6&#8243;][\/vc_column][\/vc_row][vc_row type=\u00bbcontainer\u00bb padding_top=\u00bb\u00bb [&hellip;]<\/p>\n","protected":false},"author":1,"featured_media":70802,"parent":0,"menu_order":0,"comment_status":"closed","ping_status":"closed","template":"page-full-width.php","meta":{"_acf_changed":false,"footnotes":""},"class_list":["post-71","page","type-page","status-publish","has-post-thumbnail","hentry"],"acf":[],"yoast_head":"<!-- This site is optimized with the Yoast SEO plugin v25.6 - https:\/\/yoast.com\/wordpress\/plugins\/seo\/ -->\n<title>Team work - we are the team at colorfulcultures.co.uk<\/title>\n<meta name=\"description\" content=\"&quot;Individual commitment to a group effort-that is what makes a team work, a company work, a society work, a civilization work&quot;\" \/>\n<meta name=\"robots\" content=\"index, follow, max-snippet:-1, max-image-preview:large, max-video-preview:-1\" \/>\n<link rel=\"canonical\" href=\"https:\/\/colorfulcultures.co.uk\/es\/team-work\/\" \/>\n<meta property=\"og:locale\" content=\"es_ES\" \/>\n<meta property=\"og:type\" content=\"article\" \/>\n<meta property=\"og:title\" content=\"Team work - we are the team at colorfulcultures.co.uk\" \/>\n<meta property=\"og:description\" content=\"&quot;Individual commitment to a group effort-that is what makes a team work, a company work, a society work, a civilization work&quot;\" \/>\n<meta property=\"og:url\" content=\"https:\/\/colorfulcultures.co.uk\/es\/team-work\/\" \/>\n<meta property=\"og:site_name\" content=\"Colorful Cultures Es\" \/>\n<meta property=\"article:modified_time\" content=\"2017-04-05T19:14:55+00:00\" \/>\n<meta name=\"twitter:card\" content=\"summary_large_image\" \/>\n<meta name=\"twitter:label1\" content=\"Tiempo de lectura\" \/>\n\t<meta name=\"twitter:data1\" content=\"5 minutos\" \/>\n<script type=\"application\/ld+json\" class=\"yoast-schema-graph\">{\"@context\":\"https:\/\/schema.org\",\"@graph\":[{\"@type\":\"WebPage\",\"@id\":\"https:\/\/colorfulcultures.co.uk\/es\/team-work\/\",\"url\":\"https:\/\/colorfulcultures.co.uk\/es\/team-work\/\",\"name\":\"Team work - we are the team at colorfulcultures.co.uk\",\"isPartOf\":{\"@id\":\"https:\/\/colorfulcultures.co.uk\/es\/#website\"},\"primaryImageOfPage\":{\"@id\":\"https:\/\/colorfulcultures.co.uk\/es\/team-work\/#primaryimage\"},\"image\":{\"@id\":\"https:\/\/colorfulcultures.co.uk\/es\/team-work\/#primaryimage\"},\"thumbnailUrl\":\"\",\"datePublished\":\"2015-10-07T17:14:28+00:00\",\"dateModified\":\"2017-04-05T19:14:55+00:00\",\"description\":\"\\\"Individual commitment to a group effort-that is what makes a team work, a company work, a society work, a civilization work\\\"\",\"breadcrumb\":{\"@id\":\"https:\/\/colorfulcultures.co.uk\/es\/team-work\/#breadcrumb\"},\"inLanguage\":\"es\",\"potentialAction\":[{\"@type\":\"ReadAction\",\"target\":[\"https:\/\/colorfulcultures.co.uk\/es\/team-work\/\"]}]},{\"@type\":\"ImageObject\",\"inLanguage\":\"es\",\"@id\":\"https:\/\/colorfulcultures.co.uk\/es\/team-work\/#primaryimage\",\"url\":\"\",\"contentUrl\":\"\"},{\"@type\":\"BreadcrumbList\",\"@id\":\"https:\/\/colorfulcultures.co.uk\/es\/team-work\/#breadcrumb\",\"itemListElement\":[{\"@type\":\"ListItem\",\"position\":1,\"name\":\"Home\",\"item\":\"https:\/\/colorfulcultures.co.uk\/es\/\"},{\"@type\":\"ListItem\",\"position\":2,\"name\":\"Nuestro EQUIPO\"}]},{\"@type\":\"WebSite\",\"@id\":\"https:\/\/colorfulcultures.co.uk\/es\/#website\",\"url\":\"https:\/\/colorfulcultures.co.uk\/es\/\",\"name\":\"Colorful Cultures Es\",\"description\":\"Colorful cultures, training solutions, cross cultural communication\",\"potentialAction\":[{\"@type\":\"SearchAction\",\"target\":{\"@type\":\"EntryPoint\",\"urlTemplate\":\"https:\/\/colorfulcultures.co.uk\/es\/?s={search_term_string}\"},\"query-input\":{\"@type\":\"PropertyValueSpecification\",\"valueRequired\":true,\"valueName\":\"search_term_string\"}}],\"inLanguage\":\"es\"}]}<\/script>\n<!-- \/ Yoast SEO plugin. -->","yoast_head_json":{"title":"Team work - we are the team at colorfulcultures.co.uk","description":"\"Individual commitment to a group effort-that is what makes a team work, a company work, a society work, a civilization work\"","robots":{"index":"index","follow":"follow","max-snippet":"max-snippet:-1","max-image-preview":"max-image-preview:large","max-video-preview":"max-video-preview:-1"},"canonical":"https:\/\/colorfulcultures.co.uk\/es\/team-work\/","og_locale":"es_ES","og_type":"article","og_title":"Team work - we are the team at colorfulcultures.co.uk","og_description":"\"Individual commitment to a group effort-that is what makes a team work, a company work, a society work, a civilization work\"","og_url":"https:\/\/colorfulcultures.co.uk\/es\/team-work\/","og_site_name":"Colorful Cultures Es","article_modified_time":"2017-04-05T19:14:55+00:00","twitter_card":"summary_large_image","twitter_misc":{"Tiempo de lectura":"5 minutos"},"schema":{"@context":"https:\/\/schema.org","@graph":[{"@type":"WebPage","@id":"https:\/\/colorfulcultures.co.uk\/es\/team-work\/","url":"https:\/\/colorfulcultures.co.uk\/es\/team-work\/","name":"Team work - we are the team at colorfulcultures.co.uk","isPartOf":{"@id":"https:\/\/colorfulcultures.co.uk\/es\/#website"},"primaryImageOfPage":{"@id":"https:\/\/colorfulcultures.co.uk\/es\/team-work\/#primaryimage"},"image":{"@id":"https:\/\/colorfulcultures.co.uk\/es\/team-work\/#primaryimage"},"thumbnailUrl":"","datePublished":"2015-10-07T17:14:28+00:00","dateModified":"2017-04-05T19:14:55+00:00","description":"\"Individual commitment to a group effort-that is what makes a team work, a company work, a society work, a civilization work\"","breadcrumb":{"@id":"https:\/\/colorfulcultures.co.uk\/es\/team-work\/#breadcrumb"},"inLanguage":"es","potentialAction":[{"@type":"ReadAction","target":["https:\/\/colorfulcultures.co.uk\/es\/team-work\/"]}]},{"@type":"ImageObject","inLanguage":"es","@id":"https:\/\/colorfulcultures.co.uk\/es\/team-work\/#primaryimage","url":"","contentUrl":""},{"@type":"BreadcrumbList","@id":"https:\/\/colorfulcultures.co.uk\/es\/team-work\/#breadcrumb","itemListElement":[{"@type":"ListItem","position":1,"name":"Home","item":"https:\/\/colorfulcultures.co.uk\/es\/"},{"@type":"ListItem","position":2,"name":"Nuestro EQUIPO"}]},{"@type":"WebSite","@id":"https:\/\/colorfulcultures.co.uk\/es\/#website","url":"https:\/\/colorfulcultures.co.uk\/es\/","name":"Colorful Cultures Es","description":"Colorful cultures, training solutions, cross cultural communication","potentialAction":[{"@type":"SearchAction","target":{"@type":"EntryPoint","urlTemplate":"https:\/\/colorfulcultures.co.uk\/es\/?s={search_term_string}"},"query-input":{"@type":"PropertyValueSpecification","valueRequired":true,"valueName":"search_term_string"}}],"inLanguage":"es"}]}},"_links":{"self":[{"href":"https:\/\/colorfulcultures.co.uk\/es\/wp-json\/wp\/v2\/pages\/71","targetHints":{"allow":["GET"]}}],"collection":[{"href":"https:\/\/colorfulcultures.co.uk\/es\/wp-json\/wp\/v2\/pages"}],"about":[{"href":"https:\/\/colorfulcultures.co.uk\/es\/wp-json\/wp\/v2\/types\/page"}],"author":[{"embeddable":true,"href":"https:\/\/colorfulcultures.co.uk\/es\/wp-json\/wp\/v2\/users\/1"}],"replies":[{"embeddable":true,"href":"https:\/\/colorfulcultures.co.uk\/es\/wp-json\/wp\/v2\/comments?post=71"}],"version-history":[{"count":4,"href":"https:\/\/colorfulcultures.co.uk\/es\/wp-json\/wp\/v2\/pages\/71\/revisions"}],"predecessor-version":[{"id":71455,"href":"https:\/\/colorfulcultures.co.uk\/es\/wp-json\/wp\/v2\/pages\/71\/revisions\/71455"}],"wp:featuredmedia":[{"embeddable":true,"href":"https:\/\/colorfulcultures.co.uk\/es\/wp-json\/"}],"wp:attachment":[{"href":"https:\/\/colorfulcultures.co.uk\/es\/wp-json\/wp\/v2\/media?parent=71"}],"curies":[{"name":"wp","href":"https:\/\/api.w.org\/{rel}","templated":true}]}}