{"id":70470,"date":"2017-02-05T12:21:51","date_gmt":"2017-02-05T12:21:51","guid":{"rendered":"http:\/\/broker.commercegurus.com\/?page_id=5"},"modified":"2017-04-29T10:29:06","modified_gmt":"2017-04-29T08:29:06","slug":"home","status":"publish","type":"page","link":"https:\/\/colorfulcultures.co.uk\/es\/","title":{"rendered":"Inicio"},"content":{"rendered":"<div class=\"wpb-content-wrapper\"><p>[vc_row type=\u00bbfull_page_width\u00bb padding_top=\u00bb\u00bb padding_bottom=\u00bb\u00bb css=\u00bb.vc_custom_1451747024312{margin-bottom: 12px !important;}\u00bb][vc_column css=\u00bb.vc_custom_1451675335363{margin-bottom: -35px !important;padding-right: 0px !important;padding-left: 0px !important;}\u00bb][layerslider_vc id=\u00bb4&#8243;][\/vc_column][\/vc_row][vc_row type=\u00bbfull_page_width_inner_container\u00bb padding_top=\u00bb\u00bb padding_bottom=\u00bb\u00bb css=\u00bb.vc_custom_1451746825740{margin-bottom: 55px !important;padding-top: 15px !important;padding-bottom: 15px !important;background-color: #fdc900 !important;}\u00bb][vc_column width=\u00bb1\/6&#8243;][\/vc_column][vc_column width=\u00bb2\/3&#8243;][vc_column_text]<\/p>\n<h3 style=\"text-align: center;\">Fortalecemos a las empresas para que evolucionen siguiendo el potencial humano m\u00e1s all\u00e1 de cualquier frontera<\/h3>\n<p>[\/vc_column_text][\/vc_column][vc_column width=\u00bb1\/6&#8243;][\/vc_column][\/vc_row][vc_row type=\u00bbcontainer\u00bb padding_top=\u00bb\u00bb padding_bottom=\u00bb\u00bb css=\u00bb.vc_custom_1451746433787{margin-bottom: 15px !important;}\u00bb][vc_column width=\u00bb1\/3&#8243;][vc_single_image image=\u00bb71396&#8243; img_size=\u00bblarge\u00bb onclick=\u00bbcustom_link\u00bb link=\u00bbhttps:\/\/colorfulcultures.co.uk\/es\/solutions\/culturas-coloridas\/\u00bb el_class=\u00bbzoom\u00bb css=\u00bb.vc_custom_1493453034626{margin-bottom: -10px !important;}\u00bb][vc_column_text]<\/p>\n<h4 class=\"feature\"><a href=\"https:\/\/colorfulcultures.co.uk\/es\/solutions\/culturas-coloridas\/\">Culturas coloridas<\/a><\/h4>\n<p><span style=\"color: #999999;\">\u00a0<\/span>[\/vc_column_text][\/vc_column][vc_column width=\u00bb1\/3&#8243;][vc_single_image image=\u00bb71023&#8243; img_size=\u00bblarge\u00bb onclick=\u00bbcustom_link\u00bb link=\u00bbhttps:\/\/colorfulcultures.co.uk\/es\/solutions\/formacion-de-estrategia\/\u00bb el_class=\u00bbzoom\u00bb css=\u00bb.vc_custom_1493453626167{margin-bottom: -10px !important;}\u00bb][vc_column_text]<\/p>\n<h4 class=\"feature\"><a href=\"https:\/\/colorfulcultures.co.uk\/es\/solutions\/formacion-de-estrategia\/\">Formaci\u00f3n de estrategia<\/a><\/h4>\n<p><span style=\"color: #999999;\">\u00a0<\/span>[\/vc_column_text][\/vc_column][vc_column width=\u00bb1\/3&#8243;][vc_single_image image=\u00bb71106&#8243; img_size=\u00bblarge\u00bb onclick=\u00bbcustom_link\u00bb link=\u00bbhttps:\/\/colorfulcultures.co.uk\/es\/solutions\/reclutamiento-y-seleccion\/\u00bb el_class=\u00bbzoom\u00bb css=\u00bb.vc_custom_1493453876087{margin-bottom: -10px !important;}\u00bb][vc_column_text]<\/p>\n<h4 class=\"feature\"><a href=\"https:\/\/colorfulcultures.co.uk\/es\/solutions\/reclutamiento-y-seleccion\/\">Reclutamiento y selecci\u00f3n<\/a><\/h4>\n<p>[\/vc_column_text][\/vc_column][\/vc_row][vc_row type=\u00bbcontainer\u00bb padding_top=\u00bb\u00bb padding_bottom=\u00bb\u00bb css=\u00bb.vc_custom_1451746999255{margin-bottom: 35px !important;}\u00bb][vc_column width=\u00bb1\/3&#8243;][vc_single_image image=\u00bb71078&#8243; img_size=\u00bblarge\u00bb onclick=\u00bbcustom_link\u00bb link=\u00bbhttps:\/\/colorfulcultures.co.uk\/es\/solutions\/formacion-de-conducta\/\u00bb el_class=\u00bbzoom\u00bb css=\u00bb.vc_custom_1493454094984{margin-bottom: -10px !important;}\u00bb][vc_column_text]<\/p>\n<h4 class=\"feature\"><a href=\"https:\/\/colorfulcultures.co.uk\/es\/solutions\/formacion-de-conducta\/\">Formaci\u00f3n de conducta<\/a><\/h4>\n<p>[\/vc_column_text][\/vc_column][vc_column width=\u00bb1\/3&#8243;][vc_single_image image=\u00bb71027&#8243; img_size=\u00bblarge\u00bb onclick=\u00bbcustom_link\u00bb link=\u00bbhttps:\/\/colorfulcultures.co.uk\/es\/solutions\/viajes-de-desarrollo-para-lideres\/\u00bb el_class=\u00bbzoom\u00bb css=\u00bb.vc_custom_1493454547784{margin-bottom: -10px !important;}\u00bb][vc_column_text]<\/p>\n<h4 class=\"feature\"><a href=\"https:\/\/colorfulcultures.co.uk\/es\/solutions\/viajes-de-desarrollo-para-lideres\/\">Viaje de desarollo para l\u00edderes<\/a><\/h4>\n<p>[\/vc_column_text][\/vc_column][vc_column width=\u00bb1\/3&#8243;][vc_single_image image=\u00bb71304&#8243; img_size=\u00bblarge\u00bb onclick=\u00bbcustom_link\u00bb link=\u00bbhttps:\/\/colorfulcultures.co.uk\/es\/solutions\/programa-de-descubrimiento\/\u00bb el_class=\u00bbzoom\u00bb][vc_column_text]<\/p>\n<h4 class=\"feature\"><a href=\"https:\/\/colorfulcultures.co.uk\/es\/solutions\/programa-de-descubrimiento\/\">Programa de descubrimiento<\/a><\/h4>\n<p>[\/vc_column_text][\/vc_column][vc_column][\/vc_column][\/vc_row][vc_row type=\u00bbcontainer\u00bb padding_top=\u00bb\u00bb padding_bottom=\u00bb\u00bb css=\u00bb.vc_custom_1444833000148{margin-bottom: 15px !important;}\u00bb][vc_column][vc_separator color=\u00bb#eeeeee\u00bb type=\u00bbnormal\u00bb thickness=\u00bb1&#8243; up=\u00bb\u00bb down=\u00bb\u00bb][\/vc_column][\/vc_row][vc_row type=\u00bbcontainer\u00bb padding_top=\u00bb\u00bb padding_bottom=\u00bb\u00bb css=\u00bb.vc_custom_1451746323872{margin-bottom: 35px !important;padding-top: 30px !important;}\u00bb][vc_column width=\u00bb1\/3&#8243; css=\u00bb.vc_custom_1451773427166{margin-bottom: 0px !important;}\u00bb][vc_column_text css=\u00bb.vc_custom_1491327387865{margin-bottom: 0px !important;}\u00bb]<\/p>\n<h2 style=\"margin-top: 22px;\">Sobre<\/h2>\n<p>[\/vc_column_text][\/vc_column][vc_column width=\u00bb2\/3&#8243;][vc_column_text]<\/p>\n<h5>Ayudamos a las empresas mediante la creaci\u00f3n e implementaci\u00f3n de programas de aprendizaje y desarrollo alineados con sus objetivos y estrategia empresarial, a trav\u00e9s de un an\u00e1lisis integral, soluciones creativas, construyendo relaciones duraderas y mutuamente gratificantes.<\/h5>\n<h5>Trabajamos con nuestros socios para agilizar los programas que no s\u00f3lo cubren sus necesidades empresariales, sino que tambi\u00e9n lo entregan a tiempo &#8211; crucial para el \u00e9xito en un mercado altamente competitivo donde cada d\u00eda cuenta.<\/h5>\n<h5>Nuestro equipo ofrece las soluciones de aprendizaje transcultural m\u00e1s actualizadas. S\u00f3lo proporcionamos programas de aprendizaje mixtos o regulares impartidos por consultores transculturales con experiencia y confianza, que cumplen con nuestros exigentes est\u00e1ndares de capacitaci\u00f3n para la efectividad de su negocio.<\/h5>\n<p>[\/vc_column_text][\/vc_column][\/vc_row][vc_row type=\u00bbfull_page_width_inner_container\u00bb padding_top=\u00bb\u00bb padding_bottom=\u00bb\u00bb css=\u00bb.vc_custom_1451746382893{margin-bottom: 0px !important;padding-top: 15px !important;padding-bottom: 55px !important;background: #1a1a1a url(http:\/\/factory.commercegurus.com\/wp-content\/uploads\/2015\/10\/glass_bg.jpg?id=70876) !important;background-position: center !important;background-repeat: no-repeat !important;background-size: cover !important;}\u00bb][vc_column][vc_column_text css=\u00bb.vc_custom_1491327446619{margin-bottom: 25px !important;}\u00bb]<\/p>\n<h2 style=\"text-align: center;\"><span style=\"color: #ffffff;\">Culturas coloridas es sobre:<\/span><\/h2>\n<p>[\/vc_column_text][vc_separator color=\u00bb#3c3c3c\u00bb type=\u00bbnormal\u00bb thickness=\u00bb1&#8243; up=\u00bb\u00bb down=\u00bb\u00bb][vc_row_inner css=\u00bb.vc_custom_1451746355599{margin-bottom: -20px !important;padding-top: 40px !important;}\u00bb][vc_column_inner width=\u00bb1\/4&#8243; css=\u00bb.vc_custom_1449529391432{margin-bottom: 35px !important;}\u00bb][vc_single_image image=\u00bb71253&#8243; img_size=\u00bb300&#215;200&#8243; add_caption=\u00bbyes\u00bb alignment=\u00bbcenter\u00bb css_animation=\u00bbtop-to-bottom\u00bb css=\u00bb.vc_custom_1487711520058{margin-bottom: 0px !important;}\u00bb][vc_column_text css_animation=\u00bbbottom-to-top\u00bb]<\/p>\n<h5 style=\"text-align: center;\"><span style=\"color: #ffffff;\">TRANSCULTURAL\u00a0\u00a0 <\/span><\/h5>\n<p>[\/vc_column_text][\/vc_column_inner][vc_column_inner width=\u00bb1\/4&#8243; css=\u00bb.vc_custom_1449529401726{margin-bottom: 35px !important;}\u00bb][vc_single_image image=\u00bb71241&#8243; img_size=\u00bb300&#215;200&#8243; alignment=\u00bbcenter\u00bb css_animation=\u00bbtop-to-bottom\u00bb css=\u00bb.vc_custom_1487275987122{margin-bottom: 0px !important;}\u00bb][vc_column_text css_animation=\u00bbbottom-to-top\u00bb]<\/p>\n<h5 style=\"text-align: center;\"><span style=\"color: #ffffff;\">DIVERSIDAD<\/span><\/h5>\n<p>[\/vc_column_text][\/vc_column_inner][vc_column_inner width=\u00bb1\/4&#8243; css=\u00bb.vc_custom_1449529409953{margin-bottom: 35px !important;}\u00bb][vc_single_image image=\u00bb71238&#8243; img_size=\u00bb300&#215;200&#8243; alignment=\u00bbcenter\u00bb css_animation=\u00bbtop-to-bottom\u00bb css=\u00bb.vc_custom_1487275708150{margin-bottom: 0px !important;}\u00bb][vc_column_text css_animation=\u00bbbottom-to-top\u00bb]<\/p>\n<h5 style=\"text-align: center;\"><span style=\"color: #ffffff;\">IMPACTO DE NEGOCIO<\/span><\/h5>\n<p>[\/vc_column_text][\/vc_column_inner][vc_column_inner width=\u00bb1\/4&#8243; css=\u00bb.vc_custom_1449529426162{margin-bottom: 35px !important;}\u00bb][vc_single_image image=\u00bb71229&#8243; img_size=\u00bb300&#215;200&#8243; alignment=\u00bbcenter\u00bb css_animation=\u00bbtop-to-bottom\u00bb css=\u00bb.vc_custom_1487275717195{margin-bottom: 0px !important;}\u00bb][vc_column_text css_animation=\u00bbbottom-to-top\u00bb]<\/p>\n<h5 style=\"text-align: center;\"><span style=\"color: #ffffff;\">CONDUCTAS<\/span><\/h5>\n<p>[\/vc_column_text][\/vc_column_inner][\/vc_row_inner][\/vc_column][\/vc_row][vc_row type=\u00bbfull_page_width_inner_container\u00bb padding_top=\u00bb\u00bb padding_bottom=\u00bb\u00bb css=\u00bb.vc_custom_1451746825740{margin-bottom: 55px !important;padding-top: 15px !important;padding-bottom: 15px !important;background-color: #fdc900 !important;}\u00bb][vc_column width=\u00bb1\/6&#8243;][\/vc_column][vc_column width=\u00bb2\/3&#8243;][vc_column_text]<\/p>\n<h3 style=\"text-align: center;\">La cultura es tierra, la gente es semillas, el negocio es sol.<\/h3>\n<p>[\/vc_column_text][\/vc_column][vc_column width=\u00bb1\/6&#8243;][\/vc_column][\/vc_row][vc_row type=\u00bbcontainer\u00bb padding_top=\u00bb\u00bb padding_bottom=\u00bb\u00bb css=\u00bb.vc_custom_1451747651486{margin-bottom: 10px !important;}\u00bb][vc_column width=\u00bb1\/3&#8243; css=\u00bb.vc_custom_1451773457061{margin-bottom: 0px !important;}\u00bb][vc_column_text css=\u00bb.vc_custom_1491327139943{margin-bottom: 0px !important;}\u00bb]<\/p>\n<h2>Nuestro equipo<\/h2>\n<p>[\/vc_column_text][\/vc_column][vc_column width=\u00bb2\/3&#8243;][vc_row_inner css=\u00bb.vc_custom_1451747524926{padding-top: 25px !important;}\u00bb][vc_column_inner width=\u00bb1\/4&#8243;][vc_single_image image=\u00bb71123&#8243; img_size=\u00bb\u00bb css=\u00bb.vc_custom_1486931033163{margin-bottom: 20px !important;}\u00bb][vc_column_text]Fatema Abbas[\/vc_column_text][\/vc_column_inner][vc_column_inner width=\u00bb1\/4&#8243;][vc_single_image image=\u00bb71112&#8243; img_size=\u00bbfull\u00bb css=\u00bb.vc_custom_1486925776259{margin-bottom: 20px !important;}\u00bb][vc_column_text]<\/p>\n<p style=\"margin: 0px 0px 5px 0px;\"><span style=\"color: #333333;\">Patrick Ouriaghli<\/span><\/p>\n<p>[\/vc_column_text][\/vc_column_inner][vc_column_inner width=\u00bb1\/4&#8243;][vc_single_image image=\u00bb71115&#8243; img_size=\u00bbfull\u00bb css=\u00bb.vc_custom_1486925810110{margin-bottom: 20px !important;}\u00bb][vc_column_text]<\/p>\n<p style=\"margin: 0px 0px 2px 0px;\"><span style=\"color: #333333;\">Joanna Baginska<\/span><\/p>\n<p>[\/vc_column_text][\/vc_column_inner][vc_column_inner width=\u00bb1\/4&#8243;][vc_single_image image=\u00bb71174&#8243;][vc_column_text]John Bax[\/vc_column_text][\/vc_column_inner][vc_column_inner width=\u00bb1\/4&#8243;][vc_single_image image=\u00bb71047&#8243; img_size=\u00bb300&#215;200&#8243; add_caption=\u00bbyes\u00bb css=\u00bb.vc_custom_1486930493856{margin-bottom: 20px !important;}\u00bb][vc_column_text]<\/p>\n<p style=\"margin: 0px 0px 2px 0px;\"><span style=\"color: #333333;\">Dan Bruma<\/span><\/p>\n<p>[\/vc_column_text][\/vc_column_inner][vc_column_inner width=\u00bb1\/4&#8243;][vc_single_image image=\u00bb71391&#8243;][vc_column_text]Iulian Ionita[\/vc_column_text][\/vc_column_inner][vc_column_inner width=\u00bb1\/4&#8243;][vc_single_image image=\u00bb71205&#8243;][vc_column_text]Evaldas Kaziulis[\/vc_column_text][\/vc_column_inner][vc_column_inner width=\u00bb1\/4&#8243;][vc_single_image image=\u00bb71453&#8243;][vc_column_text]Ivanina Zaharieva[\/vc_column_text][\/vc_column_inner][\/vc_row_inner][\/vc_column][\/vc_row][vc_row type=\u00bbcontainer\u00bb padding_top=\u00bb\u00bb padding_bottom=\u00bb\u00bb css=\u00bb.vc_custom_1451746675472{margin-bottom: 30px !important;}\u00bb][vc_column width=\u00bb1\/3&#8243; css=\u00bb.vc_custom_1451773467212{margin-bottom: 0px !important;}\u00bb][vc_column_text css=\u00bb.vc_custom_1491327157827{margin-bottom: 0px !important;}\u00bb]<\/p>\n<h2>Contacto<\/h2>\n<p>[\/vc_column_text][\/vc_column][vc_column width=\u00bb2\/3&#8243;][vc_column_text]<\/p>\n<h5>Siempre estamos interesados en nuevos proyectos, grandes o peque\u00f1os. Por favor, no dude en ponerse en contacto con nosotros en relaci\u00f3n con su proyecto.<\/h5>\n<p>Si desea ponerse en contacto con nosotros acerca de cualquier problema, por favor llame al (+44) 07376862837 o env\u00edenos un correo electr\u00f3nico. Si desea presentar una propuesta para su consideraci\u00f3n, simplemente env\u00ede una cotizaci\u00f3n.<\/p>\n<h5><\/h5>\n<p>[\/vc_column_text][\/vc_column][\/vc_row][vc_row type=\u00bbcontainer\u00bb padding_top=\u00bb\u00bb padding_bottom=\u00bb\u00bb css=\u00bb.vc_custom_1451746732817{margin-right: 15px !important;margin-bottom: 65px !important;margin-left: 15px !important;border-top-width: 1px !important;border-right-width: 1px !important;border-bottom-width: 1px !important;border-left-width: 1px !important;padding-top: 20px !important;padding-bottom: 10px !important;border-left-color: #eeeeee !important;border-left-style: solid !important;border-right-color: #eeeeee !important;border-right-style: solid !important;border-top-color: #eeeeee !important;border-top-style: solid !important;border-bottom-color: #eeeeee !important;border-bottom-style: solid !important;}\u00bb][vc_column][vc_row_inner css=\u00bb.vc_custom_1449279899888{margin-bottom: 0px !important;}\u00bb][vc_column_inner][vc_column_text css=\u00bb.vc_custom_1491327341597{margin-bottom: 20px !important;}\u00bb]<\/p>\n<h4 style=\"text-align: center;\">Mant\u00e9ngase al d\u00eda &#8211; Reg\u00edstrese para recibir nuestro bolet\u00edn y s\u00edganos en las redes sociales; Su correo electr\u00f3nico<\/h4>\n<p>[\/vc_column_text][\/vc_column_inner][\/vc_row_inner][vc_row_inner css=\u00bb.vc_custom_1451746561576{margin-bottom: -10px !important;}\u00bb][vc_column_inner width=\u00bb1\/4&#8243;][\/vc_column_inner][vc_column_inner width=\u00bb2\/4&#8243;][vc_column_text]<script>(function() {\n\twindow.mc4wp = window.mc4wp || {\n\t\tlisteners: [],\n\t\tforms: {\n\t\t\ton: function(evt, cb) {\n\t\t\t\twindow.mc4wp.listeners.push(\n\t\t\t\t\t{\n\t\t\t\t\t\tevent   : evt,\n\t\t\t\t\t\tcallback: cb\n\t\t\t\t\t}\n\t\t\t\t);\n\t\t\t}\n\t\t}\n\t}\n})();\n<\/script><!-- Mailchimp for WordPress v4.10.6 - https:\/\/wordpress.org\/plugins\/mailchimp-for-wp\/ --><form id=\"mc4wp-form-1\" class=\"mc4wp-form mc4wp-form-70852\" method=\"post\" data-id=\"70852\" data-name=\"\" ><div class=\"mc4wp-form-fields\"><p>\n\t<label>Email address: <\/label>\n\t\n<\/p>\n\n<p>\n\t\n<\/p><\/div><label style=\"display: none !important;\">Deja vac\u00edo este campo si eres humano: <input type=\"text\" name=\"_mc4wp_honeypot\" value=\"\" tabindex=\"-1\" autocomplete=\"off\" \/><\/label><input type=\"hidden\" name=\"_mc4wp_timestamp\" value=\"1778055995\" \/><input type=\"hidden\" name=\"_mc4wp_form_id\" value=\"70852\" \/><input type=\"hidden\" name=\"_mc4wp_form_element_id\" value=\"mc4wp-form-1\" \/><div class=\"mc4wp-response\"><\/div><\/form><!-- \/ Mailchimp for WordPress Plugin -->[\/vc_column_text][\/vc_column_inner][vc_column_inner width=\u00bb1\/4&#8243;][\/vc_column_inner][\/vc_row_inner][vc_row_inner][vc_column_inner width=\u00bb1\/4&#8243;][\/vc_column_inner][vc_column_inner width=\u00bb2\/4&#8243;][vc_raw_html]JTNDaDMlMjBzdHlsZSUzRCUyMm1hcmdpbiUzQSUyMDBweCUzQiUyMHRleHQtYWxpZ24lM0ElMjBjZW50ZXIlM0IlMjIlM0UlMEElM0NhJTIwaHJlZiUzRCUyMiUyMyUyMiUzRSUzQ2klMjBjbGFzcyUzRCUyMmlvbi1zb2NpYWwtZmFjZWJvb2slMjIlM0UlM0MlMkZpJTNFJTNDJTJGYSUzRSUwQSUzQ2ElMjBocmVmJTNEJTIyJTIzJTIyJTNFJTNDaSUyMGNsYXNzJTNEJTIyaW9uLXNvY2lhbC10d2l0dGVyJTIyJTNFJTNDJTJGaSUzRSUzQyUyRmElM0UlMEElM0NhJTIwaHJlZiUzRCUyMiUyMyUyMiUzRSUzQ2klMjBjbGFzcyUzRCUyMmlvbi1zb2NpYWwtbGlua2VkaW4lMjIlM0UlM0MlMkZpJTNFJTNDJTJGYSUzRSUwQSUzQ2ElMjBocmVmJTNEJTIyJTIzJTIyJTNFJTNDaSUyMGNsYXNzJTNEJTIyaW9uLXNvY2lhbC1nb29nbGVwbHVzLW91dGxpbmUlMjIlM0UlM0MlMkZpJTNFJTNDJTJGYSUzRSUwQSUzQyUyRmgzJTNF[\/vc_raw_html][\/vc_column_inner][vc_column_inner width=\u00bb1\/4&#8243;][\/vc_column_inner][\/vc_row_inner][\/vc_column][\/vc_row]<\/p>\n<\/div>","protected":false},"excerpt":{"rendered":"<p>[vc_row type=\u00bbfull_page_width\u00bb padding_top=\u00bb\u00bb padding_bottom=\u00bb\u00bb css=\u00bb.vc_custom_1451747024312{margin-bottom: 12px !important;}\u00bb][vc_column css=\u00bb.vc_custom_1451675335363{margin-bottom: -35px !important;padding-right: 0px !important;padding-left: 0px !important;}\u00bb][layerslider_vc id=\u00bb4&#8243;][\/vc_column][\/vc_row][vc_row type=\u00bbfull_page_width_inner_container\u00bb padding_top=\u00bb\u00bb padding_bottom=\u00bb\u00bb css=\u00bb.vc_custom_1451746825740{margin-bottom: 55px !important;padding-top: 15px !important;padding-bottom: 15px !important;background-color: #fdc900 !important;}\u00bb][vc_column width=\u00bb1\/6&#8243;][\/vc_column][vc_column width=\u00bb2\/3&#8243;][vc_column_text] Fortalecemos a las empresas para que evolucionen siguiendo el potencial humano m\u00e1s all\u00e1 de cualquier frontera [\/vc_column_text][\/vc_column][vc_column width=\u00bb1\/6&#8243;][\/vc_column][\/vc_row][vc_row type=\u00bbcontainer\u00bb padding_top=\u00bb\u00bb padding_bottom=\u00bb\u00bb css=\u00bb.vc_custom_1451746433787{margin-bottom: 15px !important;}\u00bb][vc_column width=\u00bb1\/3&#8243;][vc_single_image image=\u00bb71396&#8243; [&hellip;]<\/p>\n","protected":false},"author":1,"featured_media":0,"parent":0,"menu_order":0,"comment_status":"closed","ping_status":"closed","template":"page-full-width.php","meta":{"_acf_changed":false,"footnotes":""},"class_list":["post-70470","page","type-page","status-publish","hentry"],"acf":[],"yoast_head":"<!-- This site is optimized with the Yoast SEO plugin v25.6 - https:\/\/yoast.com\/wordpress\/plugins\/seo\/ -->\n<title>Colorful Cultures | Leader provider of cross cultural communication<\/title>\n<meta name=\"description\" content=\"At Colorful Cultures, leader provider of cross cultural communication, we strengthen businesses to evolve following the human potential beyond any borders\" \/>\n<meta name=\"robots\" content=\"index, follow, max-snippet:-1, max-image-preview:large, max-video-preview:-1\" \/>\n<link rel=\"canonical\" href=\"https:\/\/colorfulcultures.co.uk\/es\/\" \/>\n<meta property=\"og:locale\" content=\"es_ES\" \/>\n<meta property=\"og:type\" content=\"article\" \/>\n<meta property=\"og:title\" content=\"Colorful Cultures | Leader provider of cross cultural communication\" \/>\n<meta property=\"og:description\" content=\"At Colorful Cultures, leader provider of cross cultural communication, we strengthen businesses to evolve following the human potential beyond any borders\" \/>\n<meta property=\"og:url\" content=\"https:\/\/colorfulcultures.co.uk\/es\/\" \/>\n<meta property=\"og:site_name\" content=\"Colorful Cultures Es\" \/>\n<meta property=\"article:modified_time\" content=\"2017-04-29T08:29:06+00:00\" \/>\n<meta name=\"twitter:card\" content=\"summary_large_image\" \/>\n<meta name=\"twitter:label1\" content=\"Tiempo de lectura\" \/>\n\t<meta name=\"twitter:data1\" content=\"8 minutos\" \/>\n<script type=\"application\/ld+json\" class=\"yoast-schema-graph\">{\"@context\":\"https:\/\/schema.org\",\"@graph\":[{\"@type\":\"WebPage\",\"@id\":\"https:\/\/colorfulcultures.co.uk\/es\/\",\"url\":\"https:\/\/colorfulcultures.co.uk\/es\/\",\"name\":\"Colorful Cultures | Leader provider of cross cultural communication\",\"isPartOf\":{\"@id\":\"https:\/\/colorfulcultures.co.uk\/es\/#website\"},\"datePublished\":\"2017-02-05T12:21:51+00:00\",\"dateModified\":\"2017-04-29T08:29:06+00:00\",\"description\":\"At Colorful Cultures, leader provider of cross cultural communication, we strengthen businesses to evolve following the human potential beyond any borders\",\"breadcrumb\":{\"@id\":\"https:\/\/colorfulcultures.co.uk\/es\/#breadcrumb\"},\"inLanguage\":\"es\",\"potentialAction\":[{\"@type\":\"ReadAction\",\"target\":[\"https:\/\/colorfulcultures.co.uk\/es\/\"]}]},{\"@type\":\"BreadcrumbList\",\"@id\":\"https:\/\/colorfulcultures.co.uk\/es\/#breadcrumb\",\"itemListElement\":[{\"@type\":\"ListItem\",\"position\":1,\"name\":\"Home\",\"item\":\"https:\/\/colorfulcultures.co.uk\/es\/\"},{\"@type\":\"ListItem\",\"position\":2,\"name\":\"colorful cultures\"}]},{\"@type\":\"WebSite\",\"@id\":\"https:\/\/colorfulcultures.co.uk\/es\/#website\",\"url\":\"https:\/\/colorfulcultures.co.uk\/es\/\",\"name\":\"Colorful Cultures Es\",\"description\":\"Colorful cultures, training solutions, cross cultural communication\",\"potentialAction\":[{\"@type\":\"SearchAction\",\"target\":{\"@type\":\"EntryPoint\",\"urlTemplate\":\"https:\/\/colorfulcultures.co.uk\/es\/?s={search_term_string}\"},\"query-input\":{\"@type\":\"PropertyValueSpecification\",\"valueRequired\":true,\"valueName\":\"search_term_string\"}}],\"inLanguage\":\"es\"}]}<\/script>\n<!-- \/ Yoast SEO plugin. -->","yoast_head_json":{"title":"Colorful Cultures | Leader provider of cross cultural communication","description":"At Colorful Cultures, leader provider of cross cultural communication, we strengthen businesses to evolve following the human potential beyond any borders","robots":{"index":"index","follow":"follow","max-snippet":"max-snippet:-1","max-image-preview":"max-image-preview:large","max-video-preview":"max-video-preview:-1"},"canonical":"https:\/\/colorfulcultures.co.uk\/es\/","og_locale":"es_ES","og_type":"article","og_title":"Colorful Cultures | Leader provider of cross cultural communication","og_description":"At Colorful Cultures, leader provider of cross cultural communication, we strengthen businesses to evolve following the human potential beyond any borders","og_url":"https:\/\/colorfulcultures.co.uk\/es\/","og_site_name":"Colorful Cultures Es","article_modified_time":"2017-04-29T08:29:06+00:00","twitter_card":"summary_large_image","twitter_misc":{"Tiempo de lectura":"8 minutos"},"schema":{"@context":"https:\/\/schema.org","@graph":[{"@type":"WebPage","@id":"https:\/\/colorfulcultures.co.uk\/es\/","url":"https:\/\/colorfulcultures.co.uk\/es\/","name":"Colorful Cultures | Leader provider of cross cultural communication","isPartOf":{"@id":"https:\/\/colorfulcultures.co.uk\/es\/#website"},"datePublished":"2017-02-05T12:21:51+00:00","dateModified":"2017-04-29T08:29:06+00:00","description":"At Colorful Cultures, leader provider of cross cultural communication, we strengthen businesses to evolve following the human potential beyond any borders","breadcrumb":{"@id":"https:\/\/colorfulcultures.co.uk\/es\/#breadcrumb"},"inLanguage":"es","potentialAction":[{"@type":"ReadAction","target":["https:\/\/colorfulcultures.co.uk\/es\/"]}]},{"@type":"BreadcrumbList","@id":"https:\/\/colorfulcultures.co.uk\/es\/#breadcrumb","itemListElement":[{"@type":"ListItem","position":1,"name":"Home","item":"https:\/\/colorfulcultures.co.uk\/es\/"},{"@type":"ListItem","position":2,"name":"colorful cultures"}]},{"@type":"WebSite","@id":"https:\/\/colorfulcultures.co.uk\/es\/#website","url":"https:\/\/colorfulcultures.co.uk\/es\/","name":"Colorful Cultures Es","description":"Colorful cultures, training solutions, cross cultural communication","potentialAction":[{"@type":"SearchAction","target":{"@type":"EntryPoint","urlTemplate":"https:\/\/colorfulcultures.co.uk\/es\/?s={search_term_string}"},"query-input":{"@type":"PropertyValueSpecification","valueRequired":true,"valueName":"search_term_string"}}],"inLanguage":"es"}]}},"_links":{"self":[{"href":"https:\/\/colorfulcultures.co.uk\/es\/wp-json\/wp\/v2\/pages\/70470","targetHints":{"allow":["GET"]}}],"collection":[{"href":"https:\/\/colorfulcultures.co.uk\/es\/wp-json\/wp\/v2\/pages"}],"about":[{"href":"https:\/\/colorfulcultures.co.uk\/es\/wp-json\/wp\/v2\/types\/page"}],"author":[{"embeddable":true,"href":"https:\/\/colorfulcultures.co.uk\/es\/wp-json\/wp\/v2\/users\/1"}],"replies":[{"embeddable":true,"href":"https:\/\/colorfulcultures.co.uk\/es\/wp-json\/wp\/v2\/comments?post=70470"}],"version-history":[{"count":14,"href":"https:\/\/colorfulcultures.co.uk\/es\/wp-json\/wp\/v2\/pages\/70470\/revisions"}],"predecessor-version":[{"id":71472,"href":"https:\/\/colorfulcultures.co.uk\/es\/wp-json\/wp\/v2\/pages\/70470\/revisions\/71472"}],"wp:attachment":[{"href":"https:\/\/colorfulcultures.co.uk\/es\/wp-json\/wp\/v2\/media?parent=70470"}],"curies":[{"name":"wp","href":"https:\/\/api.w.org\/{rel}","templated":true}]}}