{"id":69,"date":"2015-10-07T17:11:55","date_gmt":"2015-10-07T17:11:55","guid":{"rendered":"http:\/\/broker.commercegurus.com\/?page_id=69"},"modified":"2017-04-05T21:15:50","modified_gmt":"2017-04-05T19:15:50","slug":"about","status":"publish","type":"page","link":"https:\/\/colorfulcultures.co.uk\/es\/about\/","title":{"rendered":"Sobre nosotros"},"content":{"rendered":"<div class=\"wpb-content-wrapper\"><p>[vc_row type=\u00bbcontainer\u00bb padding_top=\u00bb\u00bb padding_bottom=\u00bb\u00bb css=\u00bb.vc_custom_1451761032806{padding-top: 50px !important;}\u00bb][vc_column width=\u00bb1\/2&#8243; css=\u00bb.vc_custom_1449147431196{margin-bottom: 35px !important;}\u00bb][vc_column_text css=\u00bb.vc_custom_1491334711709{padding-right: 10px !important;}\u00bb]<\/p>\n<h3 style=\"margin-top: 0px;\">Comenzamos con una idea simple.<\/h3>\n<p>La colaboraci\u00f3n transcultural va m\u00e1s all\u00e1 de los modelos y las estad\u00edsticas. Es una realidad compleja y el entorno de negocios necesita aumentar con la oportunidad de encontrar y retener gran talento en cualquier parte de la Tierra.<\/p>\n<p>Somos una empresa de formaci\u00f3n global dedicada a este objetivo, utilizando tanto modelos probados como datos de investigaci\u00f3n, mientras lo respaldamos con una s\u00f3lida experiencia en la vida real. \u00bfInteresado en un taller cultural para expandir su nuevo proyecto en la India? \u00bfNecesita asesoramiento espec\u00edfico sobre c\u00f3mo contratar a su equipo de IT \/ BPO en Rumania? \u00bfEst\u00e1 dispuesto a entender el estilo de trabajo polaco? \u00bfPreparaci\u00f3n de un puesto de venta de alta participaci\u00f3n en Italia? Entonces somos el equipo al que llamar.<\/p>\n<h3>Declaraci\u00f3n de la visi\u00f3n<\/h3>\n<p>Un entorno de negocios en el que la gente aprende y se desarrolla sin importar su ubicaci\u00f3n geogr\u00e1fica o cultura. Fortalecemos a las empresas a evolucionar siguiendo el potencial humano m\u00e1s all\u00e1 de cualquier frontera. Nuestro servicio siempre ser\u00e1 desarrollar l\u00edderes y equipos para alcanzar su potencial y superar las luchas cuando se trabaja a trav\u00e9s de las culturas.<\/p>\n<h3>Misi\u00f3n<\/h3>\n<p>Proporcionar a las empresas la capacidad de adaptarse al entorno intercultural y al mismo tiempo fortalecer el potencial de sus personas para alcanzar sus objetivos.[\/vc_column_text][\/vc_column][vc_column width=\u00bb1\/2&#8243; css=\u00bb.vc_custom_1451760818909{padding-top: 14px !important;}\u00bb][vc_single_image image=\u00bb71071&#8243; img_size=\u00bbfull\u00bb title=\u00bbCross-cultural communication\u00bb][vc_row_inner css=\u00bb.vc_custom_1449574756848{margin-bottom: 0px !important;}\u00bb][vc_column_inner width=\u00bb1\/2&#8243;][vc_single_image image=\u00bb71073&#8243; img_size=\u00bbfull\u00bb][\/vc_column_inner][vc_column_inner width=\u00bb1\/2&#8243; css=\u00bb.vc_custom_1449574764907{margin-bottom: 35px !important;}\u00bb][vc_single_image image=\u00bb71072&#8243; img_size=\u00bbfull\u00bb][\/vc_column_inner][\/vc_row_inner][\/vc_column][\/vc_row][vc_row type=\u00bbfull_page_width_inner_container\u00bb padding_top=\u00bb\u00bb padding_bottom=\u00bb\u00bb css=\u00bb.vc_custom_1451760849278{margin-bottom: 0px !important;padding-top: 20px !important;padding-bottom: 20px !important;background-color: #fdc900 !important;}\u00bb][vc_column width=\u00bb1\/6&#8243;][\/vc_column][vc_column width=\u00bb2\/3&#8243;][vc_column_text]<\/p>\n<h3 style=\"text-align: center;\">To provide businesses with the ability to adapt to cross-cultural environment while strengthening their people\u2019s potential to reach their goals<\/h3>\n<p>[\/vc_column_text][\/vc_column][vc_column width=\u00bb1\/6&#8243;][\/vc_column][\/vc_row][vc_row type=\u00bbfull_page_width_inner_container\u00bb padding_top=\u00bb\u00bb padding_bottom=\u00bb\u00bb css=\u00bb.vc_custom_1451775961000{padding-top: 40px !important;padding-bottom: 20px !important;background-image: url(http:\/\/factory.commercegurus.com\/wp-content\/uploads\/2015\/10\/building_roof_bg.jpg?id=70835) !important;background-position: center !important;background-repeat: no-repeat !important;background-size: cover !important;}\u00bb][vc_column css=\u00bb.vc_custom_1445098522820{margin-bottom: 35px !important;}\u00bb][vc_row_inner css=\u00bb.vc_custom_1451761217059{margin-bottom: -5px !important;}\u00bb][vc_column_inner css=\u00bb.vc_custom_1451761129434{margin-bottom: 0px !important;}\u00bb][vc_column_text]<\/p>\n<h3 style=\"text-align: center;\"><span style=\"color: #ffffff;\">Members<\/span><\/h3>\n<p>[\/vc_column_text][\/vc_column_inner][\/vc_row_inner][vc_row_inner][vc_column_inner width=\u00bb1\/4&#8243; css=\u00bb.vc_custom_1451775570510{margin-bottom: 0px !important;}\u00bb][vc_column_text css=\u00bb.vc_custom_1486931520248{margin-bottom: 20px !important;}\u00bb]<\/p>\n<h4><span style=\"color: #ffffff;\">FATIMA ABBAS<\/span><\/h4>\n<h6 style=\"margin-top: -10px; margin-bottom: 12px;\"><\/h6>\n<p>[\/vc_column_text][\/vc_column_inner][vc_column_inner width=\u00bb1\/4&#8243; css=\u00bb.vc_custom_1451775579815{margin-bottom: 0px !important;}\u00bb][vc_column_text css=\u00bb.vc_custom_1486931584665{margin-bottom: 20px !important;}\u00bb]<\/p>\n<h4><span style=\"color: #ffffff;\">PATRICK OURIAGHLI<\/span><\/h4>\n<h6 style=\"margin-top: -10px; margin-bottom: 12px;\"><\/h6>\n<p>[\/vc_column_text][\/vc_column_inner][vc_column_inner width=\u00bb1\/4&#8243; css=\u00bb.vc_custom_1451775587297{margin-bottom: 0px !important;}\u00bb][vc_column_text css=\u00bb.vc_custom_1486931711945{margin-bottom: 20px !important;}\u00bb]<\/p>\n<h4><span style=\"color: #ffffff;\">JOANNA \u00a0BAGINSKA<\/span><\/h4>\n<h6 style=\"margin-top: -10px; margin-bottom: 12px;\"><\/h6>\n<p>[\/vc_column_text][\/vc_column_inner][vc_column_inner width=\u00bb1\/4&#8243; css=\u00bb.vc_custom_1451775595000{margin-bottom: 0px !important;}\u00bb][vc_column_text css=\u00bb.vc_custom_1486931728190{margin-bottom: 20px !important;}\u00bb]<\/p>\n<h4><span style=\"color: #ffffff;\">DAN BRUMA<\/span><\/h4>\n<h6 style=\"margin-top: -10px; margin-bottom: 12px;\"><\/h6>\n<p>[\/vc_column_text][\/vc_column_inner][\/vc_row_inner][vc_row_inner][vc_column_inner width=\u00bb1\/4&#8243; css=\u00bb.vc_custom_1451775824854{margin-bottom: 0px !important;}\u00bb][vc_column_text css=\u00bb.vc_custom_1486931746272{margin-bottom: 20px !important;}\u00bb]<\/p>\n<h4><span style=\"color: #ffffff;\">IULIAN IONITA<\/span><\/h4>\n<h6 style=\"margin-top: -10px; margin-bottom: 12px;\"><\/h6>\n<p>[\/vc_column_text][\/vc_column_inner][vc_column_inner width=\u00bb1\/4&#8243;][vc_column_text]<\/p>\n<h4><span style=\"color: #ffffff;\">JOHN BAX<\/span><\/h4>\n<p>[\/vc_column_text][\/vc_column_inner][vc_column_inner width=\u00bb1\/4&#8243;][vc_column_text]<\/p>\n<h4><span style=\"color: #ffffff;\">EVALDAS\u00a0KAZIULIS<\/span><\/h4>\n<p>[\/vc_column_text][\/vc_column_inner][vc_column_inner width=\u00bb1\/4&#8243;][vc_column_text]<\/p>\n<h4><span style=\"color: #ffffff;\">IVANINA ZAHARIEVA<\/span><\/h4>\n<p>[\/vc_column_text][\/vc_column_inner][\/vc_row_inner][\/vc_column][\/vc_row]<\/p>\n<\/div>","protected":false},"excerpt":{"rendered":"<p>[vc_row type=\u00bbcontainer\u00bb padding_top=\u00bb\u00bb padding_bottom=\u00bb\u00bb css=\u00bb.vc_custom_1451761032806{padding-top: 50px !important;}\u00bb][vc_column width=\u00bb1\/2&#8243; css=\u00bb.vc_custom_1449147431196{margin-bottom: 35px !important;}\u00bb][vc_column_text css=\u00bb.vc_custom_1491334711709{padding-right: 10px !important;}\u00bb] Comenzamos con una idea simple. La colaboraci\u00f3n transcultural va m\u00e1s all\u00e1 de los modelos y las estad\u00edsticas. Es una realidad compleja y el entorno de negocios necesita aumentar con la oportunidad de encontrar y retener gran talento en cualquier parte de [&hellip;]<\/p>\n","protected":false},"author":1,"featured_media":70780,"parent":0,"menu_order":0,"comment_status":"closed","ping_status":"closed","template":"page-full-width.php","meta":{"_acf_changed":false,"footnotes":""},"class_list":["post-69","page","type-page","status-publish","has-post-thumbnail","hentry"],"acf":[],"yoast_head":"<!-- This site is optimized with the Yoast SEO plugin v25.6 - https:\/\/yoast.com\/wordpress\/plugins\/seo\/ -->\n<title>Cross-cultural collaboration at ColorfulCulutures.co.uk<\/title>\n<meta name=\"description\" content=\"Cross-cultural collaboration goes beyond models and statistics.\" \/>\n<meta name=\"robots\" content=\"index, follow, max-snippet:-1, max-image-preview:large, max-video-preview:-1\" \/>\n<link rel=\"canonical\" href=\"https:\/\/colorfulcultures.co.uk\/es\/about\/\" \/>\n<meta property=\"og:locale\" content=\"es_ES\" \/>\n<meta property=\"og:type\" content=\"article\" \/>\n<meta property=\"og:title\" content=\"Cross-cultural collaboration at ColorfulCulutures.co.uk\" \/>\n<meta property=\"og:description\" content=\"Cross-cultural collaboration goes beyond models and statistics.\" \/>\n<meta property=\"og:url\" content=\"https:\/\/colorfulcultures.co.uk\/es\/about\/\" \/>\n<meta property=\"og:site_name\" content=\"Colorful Cultures Es\" \/>\n<meta property=\"article:modified_time\" content=\"2017-04-05T19:15:50+00:00\" \/>\n<meta name=\"twitter:card\" content=\"summary_large_image\" \/>\n<meta name=\"twitter:label1\" content=\"Tiempo de lectura\" \/>\n\t<meta name=\"twitter:data1\" content=\"3 minutos\" \/>\n<script type=\"application\/ld+json\" class=\"yoast-schema-graph\">{\"@context\":\"https:\/\/schema.org\",\"@graph\":[{\"@type\":\"WebPage\",\"@id\":\"https:\/\/colorfulcultures.co.uk\/es\/about\/\",\"url\":\"https:\/\/colorfulcultures.co.uk\/es\/about\/\",\"name\":\"Cross-cultural collaboration at ColorfulCulutures.co.uk\",\"isPartOf\":{\"@id\":\"https:\/\/colorfulcultures.co.uk\/es\/#website\"},\"primaryImageOfPage\":{\"@id\":\"https:\/\/colorfulcultures.co.uk\/es\/about\/#primaryimage\"},\"image\":{\"@id\":\"https:\/\/colorfulcultures.co.uk\/es\/about\/#primaryimage\"},\"thumbnailUrl\":\"\",\"datePublished\":\"2015-10-07T17:11:55+00:00\",\"dateModified\":\"2017-04-05T19:15:50+00:00\",\"description\":\"Cross-cultural collaboration goes beyond models and statistics.\",\"breadcrumb\":{\"@id\":\"https:\/\/colorfulcultures.co.uk\/es\/about\/#breadcrumb\"},\"inLanguage\":\"es\",\"potentialAction\":[{\"@type\":\"ReadAction\",\"target\":[\"https:\/\/colorfulcultures.co.uk\/es\/about\/\"]}]},{\"@type\":\"ImageObject\",\"inLanguage\":\"es\",\"@id\":\"https:\/\/colorfulcultures.co.uk\/es\/about\/#primaryimage\",\"url\":\"\",\"contentUrl\":\"\"},{\"@type\":\"BreadcrumbList\",\"@id\":\"https:\/\/colorfulcultures.co.uk\/es\/about\/#breadcrumb\",\"itemListElement\":[{\"@type\":\"ListItem\",\"position\":1,\"name\":\"Home\",\"item\":\"https:\/\/colorfulcultures.co.uk\/es\/\"},{\"@type\":\"ListItem\",\"position\":2,\"name\":\"Sobre nosotros\"}]},{\"@type\":\"WebSite\",\"@id\":\"https:\/\/colorfulcultures.co.uk\/es\/#website\",\"url\":\"https:\/\/colorfulcultures.co.uk\/es\/\",\"name\":\"Colorful Cultures Es\",\"description\":\"Colorful cultures, training solutions, cross cultural communication\",\"potentialAction\":[{\"@type\":\"SearchAction\",\"target\":{\"@type\":\"EntryPoint\",\"urlTemplate\":\"https:\/\/colorfulcultures.co.uk\/es\/?s={search_term_string}\"},\"query-input\":{\"@type\":\"PropertyValueSpecification\",\"valueRequired\":true,\"valueName\":\"search_term_string\"}}],\"inLanguage\":\"es\"}]}<\/script>\n<!-- \/ Yoast SEO plugin. -->","yoast_head_json":{"title":"Cross-cultural collaboration at ColorfulCulutures.co.uk","description":"Cross-cultural collaboration goes beyond models and statistics.","robots":{"index":"index","follow":"follow","max-snippet":"max-snippet:-1","max-image-preview":"max-image-preview:large","max-video-preview":"max-video-preview:-1"},"canonical":"https:\/\/colorfulcultures.co.uk\/es\/about\/","og_locale":"es_ES","og_type":"article","og_title":"Cross-cultural collaboration at ColorfulCulutures.co.uk","og_description":"Cross-cultural collaboration goes beyond models and statistics.","og_url":"https:\/\/colorfulcultures.co.uk\/es\/about\/","og_site_name":"Colorful Cultures Es","article_modified_time":"2017-04-05T19:15:50+00:00","twitter_card":"summary_large_image","twitter_misc":{"Tiempo de lectura":"3 minutos"},"schema":{"@context":"https:\/\/schema.org","@graph":[{"@type":"WebPage","@id":"https:\/\/colorfulcultures.co.uk\/es\/about\/","url":"https:\/\/colorfulcultures.co.uk\/es\/about\/","name":"Cross-cultural collaboration at ColorfulCulutures.co.uk","isPartOf":{"@id":"https:\/\/colorfulcultures.co.uk\/es\/#website"},"primaryImageOfPage":{"@id":"https:\/\/colorfulcultures.co.uk\/es\/about\/#primaryimage"},"image":{"@id":"https:\/\/colorfulcultures.co.uk\/es\/about\/#primaryimage"},"thumbnailUrl":"","datePublished":"2015-10-07T17:11:55+00:00","dateModified":"2017-04-05T19:15:50+00:00","description":"Cross-cultural collaboration goes beyond models and statistics.","breadcrumb":{"@id":"https:\/\/colorfulcultures.co.uk\/es\/about\/#breadcrumb"},"inLanguage":"es","potentialAction":[{"@type":"ReadAction","target":["https:\/\/colorfulcultures.co.uk\/es\/about\/"]}]},{"@type":"ImageObject","inLanguage":"es","@id":"https:\/\/colorfulcultures.co.uk\/es\/about\/#primaryimage","url":"","contentUrl":""},{"@type":"BreadcrumbList","@id":"https:\/\/colorfulcultures.co.uk\/es\/about\/#breadcrumb","itemListElement":[{"@type":"ListItem","position":1,"name":"Home","item":"https:\/\/colorfulcultures.co.uk\/es\/"},{"@type":"ListItem","position":2,"name":"Sobre nosotros"}]},{"@type":"WebSite","@id":"https:\/\/colorfulcultures.co.uk\/es\/#website","url":"https:\/\/colorfulcultures.co.uk\/es\/","name":"Colorful Cultures Es","description":"Colorful cultures, training solutions, cross cultural communication","potentialAction":[{"@type":"SearchAction","target":{"@type":"EntryPoint","urlTemplate":"https:\/\/colorfulcultures.co.uk\/es\/?s={search_term_string}"},"query-input":{"@type":"PropertyValueSpecification","valueRequired":true,"valueName":"search_term_string"}}],"inLanguage":"es"}]}},"_links":{"self":[{"href":"https:\/\/colorfulcultures.co.uk\/es\/wp-json\/wp\/v2\/pages\/69","targetHints":{"allow":["GET"]}}],"collection":[{"href":"https:\/\/colorfulcultures.co.uk\/es\/wp-json\/wp\/v2\/pages"}],"about":[{"href":"https:\/\/colorfulcultures.co.uk\/es\/wp-json\/wp\/v2\/types\/page"}],"author":[{"embeddable":true,"href":"https:\/\/colorfulcultures.co.uk\/es\/wp-json\/wp\/v2\/users\/1"}],"replies":[{"embeddable":true,"href":"https:\/\/colorfulcultures.co.uk\/es\/wp-json\/wp\/v2\/comments?post=69"}],"version-history":[{"count":3,"href":"https:\/\/colorfulcultures.co.uk\/es\/wp-json\/wp\/v2\/pages\/69\/revisions"}],"predecessor-version":[{"id":71456,"href":"https:\/\/colorfulcultures.co.uk\/es\/wp-json\/wp\/v2\/pages\/69\/revisions\/71456"}],"wp:featuredmedia":[{"embeddable":true,"href":"https:\/\/colorfulcultures.co.uk\/es\/wp-json\/"}],"wp:attachment":[{"href":"https:\/\/colorfulcultures.co.uk\/es\/wp-json\/wp\/v2\/media?parent=69"}],"curies":[{"name":"wp","href":"https:\/\/api.w.org\/{rel}","templated":true}]}}