{"id":67,"date":"2015-10-07T17:11:24","date_gmt":"2015-10-07T17:11:24","guid":{"rendered":"http:\/\/broker.commercegurus.com\/?page_id=67"},"modified":"2017-04-04T21:42:18","modified_gmt":"2017-04-04T19:42:18","slug":"contact","status":"publish","type":"page","link":"https:\/\/colorfulcultures.co.uk\/es\/contact\/","title":{"rendered":"Contacto"},"content":{"rendered":"<div class=\"wpb-content-wrapper\"><p>[vc_row type=\u00bbcontainer\u00bb padding_top=\u00bb\u00bb padding_bottom=\u00bb\u00bb css=\u00bb.vc_custom_1451776271409{margin-top: 50px !important;margin-bottom: 20px !important;}\u00bb][vc_column width=\u00bb1\/3&#8243;][vc_column_text css=\u00bb.vc_custom_1448384414672{margin-bottom: 0px !important;padding-top: 15px !important;padding-right: 20px !important;padding-bottom: 15px !important;padding-left: 20px !important;background-color: #edbd03 !important;}\u00bb]<span style=\"color: #000000;\"><i class=\"ion-social-twitter\"><\/i> \u00a0 <strong>Twitter<\/strong><\/span>[\/vc_column_text][vc_column_text css=\u00bb.vc_custom_1491334859854{padding-top: 18px !important;padding-right: 20px !important;padding-bottom: 25px !important;padding-left: 20px !important;background-color: #fdc900 !important;}\u00bb]Pregunta r\u00e1pida? Env\u00edenos un Tweet y vamos a asegurarnos de volver a contactar con usted. Twitter tambi\u00e9n es una excelente manera de mantenerse al d\u00eda con las nuevas versiones de productos de Culturas Coloridas.<\/p>\n<p><strong><span style=\"color: #000000;\"><a style=\"color: #000000;\" href=\"#\">@commercegurus<\/a><\/span><\/strong>[\/vc_column_text][\/vc_column][vc_column width=\u00bb1\/3&#8243;][vc_column_text css=\u00bb.vc_custom_1491334885555{margin-bottom: 0px !important;padding-top: 15px !important;padding-right: 20px !important;padding-bottom: 15px !important;padding-left: 20px !important;background-color: #edbd03 !important;}\u00bb]<strong>Env\u00edanos un correo electr\u00f3nico<\/strong>[\/vc_column_text][vc_column_text css=\u00bb.vc_custom_1491334910948{padding-top: 18px !important;padding-right: 20px !important;padding-bottom: 25px !important;padding-left: 20px !important;background-color: #fdc900 !important;}\u00bb]Si tiene alguna pregunta sobre lo que ofrecemos a los consumidores o para los negocios, siempre puede enviarnos un correo electr\u00f3nico directamente o a trav\u00e9s del siguiente formulario. Contestaremos en el plazo de 24 horas.<\/p>\n<p><strong><span style=\"color: #000000;\"><a style=\"color: #000000;\" href=\"#\">hello@mysite.com<\/a><\/span><\/strong>[\/vc_column_text][\/vc_column][vc_column width=\u00bb1\/3&#8243;][vc_column_text css=\u00bb.vc_custom_1491334923653{margin-bottom: 0px !important;padding-top: 15px !important;padding-right: 20px !important;padding-bottom: 15px !important;padding-left: 20px !important;background-color: #edbd03 !important;}\u00bb]<span style=\"color: #000000;\"><i class=\"ion-ios-chatboxes-outline\" style=\"font-size: 24px;\"><\/i> \u00a0<\/span><strong>Ll\u00e1menos<\/strong>[\/vc_column_text][vc_column_text css=\u00bb.vc_custom_1491334936077{padding-top: 18px !important;padding-right: 20px !important;padding-bottom: 25px !important;padding-left: 20px !important;background-color: #fdc900 !important;}\u00bb]Estamos disponibles por tel\u00e9fono de 9 AM a 5.30PM (GMT) de lunes a viernes horas de oficina si es m\u00e1s f\u00e1cil hablar a trav\u00e9s del proyecto que usted tiene en mente.<\/p>\n<p><strong><span style=\"color: #000000;\">+44 567 890123<\/span><\/strong>[\/vc_column_text][\/vc_column][\/vc_row][vc_row type=\u00bbcontainer\u00bb padding_top=\u00bb\u00bb padding_bottom=\u00bb\u00bb css=\u00bb.vc_custom_1448451830391{margin-bottom: 15px !important;}\u00bb][vc_column][vc_separator color=\u00bb#eeeeee\u00bb type=\u00bbnormal\u00bb thickness=\u00bb1&#8243; up=\u00bb\u00bb down=\u00bb\u00bb style=\u00bb\u00bb el_width=\u00bb\u00bb][\/vc_column][\/vc_row][vc_row type=\u00bbcontainer\u00bb padding_top=\u00bb\u00bb padding_bottom=\u00bb\u00bb css=\u00bb.vc_custom_1451759375078{margin-bottom: 20px !important;}\u00bb][vc_column width=\u00bb1\/6&#8243;][\/vc_column][vc_column width=\u00bb2\/3&#8243;][vc_column_text]<\/p>\n<h3 style=\"text-align: center;\">Get in touch<\/h3>\n<p style=\"text-align: center;\">If you have any questions about the services we provide simply use the form below. We try and respond to all queries and comments within 24 hours.<\/p>\n<p>[\/vc_column_text][\/vc_column][vc_column width=\u00bb1\/6&#8243;][\/vc_column][\/vc_row][vc_row type=\u00bbcontainer\u00bb padding_top=\u00bb\u00bb padding_bottom=\u00bb\u00bb css=\u00bb.vc_custom_1448452133315{margin-bottom: 0px !important;}\u00bb][vc_column css=\u00bb.vc_custom_1445110591475{margin-bottom: 35px !important;padding-right: 25px !important;}\u00bb]\n<div class=\"wpcf7 no-js\" id=\"wpcf7-f70622-o1\" lang=\"en-US\" dir=\"ltr\" data-wpcf7-id=\"70622\">\n<div class=\"screen-reader-response\"><p role=\"status\" aria-live=\"polite\" aria-atomic=\"true\"><\/p> <ul><\/ul><\/div>\n<form action=\"\/es\/wp-json\/wp\/v2\/pages\/67#wpcf7-f70622-o1\" method=\"post\" class=\"wpcf7-form init\" aria-label=\"Contact form\" novalidate=\"novalidate\" data-status=\"init\">\n<fieldset class=\"hidden-fields-container\"><input type=\"hidden\" name=\"_wpcf7\" value=\"70622\" \/><input type=\"hidden\" name=\"_wpcf7_version\" value=\"6.1\" \/><input type=\"hidden\" name=\"_wpcf7_locale\" value=\"en_US\" \/><input type=\"hidden\" name=\"_wpcf7_unit_tag\" value=\"wpcf7-f70622-o1\" \/><input type=\"hidden\" name=\"_wpcf7_container_post\" value=\"0\" \/><input type=\"hidden\" name=\"_wpcf7_posted_data_hash\" value=\"\" \/>\n<\/fieldset>\n<div class=\"row\">\n\t<div class=\"col-lg-6 col-md-6\">\n\t\t<p>Your Name (required)\n\t\t<\/p>\n\t\t<p><span class=\"wpcf7-form-control-wrap\" data-name=\"your-name\"><input size=\"40\" maxlength=\"400\" class=\"wpcf7-form-control wpcf7-text wpcf7-validates-as-required\" aria-required=\"true\" aria-invalid=\"false\" value=\"\" type=\"text\" name=\"your-name\" \/><\/span>\n\t\t<\/p>\n\t\t<p>Your Email (required)\n\t\t<\/p>\n\t\t<p><span class=\"wpcf7-form-control-wrap\" data-name=\"your-email\"><input size=\"40\" maxlength=\"400\" class=\"wpcf7-form-control wpcf7-email wpcf7-validates-as-required wpcf7-text wpcf7-validates-as-email\" aria-required=\"true\" aria-invalid=\"false\" value=\"\" type=\"email\" name=\"your-email\" \/><\/span>\n\t\t<\/p>\n\t\t<p>Your Phone Number\n\t\t<\/p>\n\t\t<p><span class=\"wpcf7-form-control-wrap\" data-name=\"your-phone\"><input size=\"40\" maxlength=\"400\" class=\"wpcf7-form-control wpcf7-tel wpcf7-text wpcf7-validates-as-tel\" aria-invalid=\"false\" value=\"\" type=\"tel\" name=\"your-phone\" \/><\/span>\n\t\t<\/p>\n\t\t<p>Company Name\n\t\t<\/p>\n\t\t<p><span class=\"wpcf7-form-control-wrap\" data-name=\"company-name\"><input size=\"40\" maxlength=\"400\" class=\"wpcf7-form-control wpcf7-text\" aria-invalid=\"false\" value=\"\" type=\"text\" name=\"company-name\" \/><\/span>\n\t\t<\/p>\n\t<\/div>\n\t<div class=\"col-lg-6 col-md-6\">\n\t\t<p>Subject <span class=\"hint\">Let us know your topic of interest<\/span>\n\t\t<\/p>\n\t\t<p><span class=\"wpcf7-form-control-wrap\" data-name=\"your-subject\"><input size=\"40\" maxlength=\"400\" class=\"wpcf7-form-control wpcf7-text\" aria-invalid=\"false\" value=\"\" type=\"text\" name=\"your-subject\" \/><\/span>\n\t\t<\/p>\n\t\t<p>Your Message\n\t\t<\/p>\n\t\t<p><span class=\"wpcf7-form-control-wrap\" data-name=\"your-message\"><textarea cols=\"40\" rows=\"10\" maxlength=\"2000\" class=\"wpcf7-form-control wpcf7-textarea\" aria-invalid=\"false\" name=\"your-message\"><\/textarea><\/span>\n\t\t<\/p>\n\t<\/div>\n<\/div>\n<p><input class=\"wpcf7-form-control wpcf7-submit has-spinner\" type=\"submit\" value=\"Send\" \/>\n<\/p><div class=\"wpcf7-response-output\" aria-hidden=\"true\"><\/div>\n<\/form>\n<\/div>\n[\/vc_column][\/vc_row]<\/p>\n<\/div>","protected":false},"excerpt":{"rendered":"<p>[vc_row type=\u00bbcontainer\u00bb padding_top=\u00bb\u00bb padding_bottom=\u00bb\u00bb css=\u00bb.vc_custom_1451776271409{margin-top: 50px !important;margin-bottom: 20px !important;}\u00bb][vc_column width=\u00bb1\/3&#8243;][vc_column_text css=\u00bb.vc_custom_1448384414672{margin-bottom: 0px !important;padding-top: 15px !important;padding-right: 20px !important;padding-bottom: 15px !important;padding-left: 20px !important;background-color: #edbd03 !important;}\u00bb] \u00a0 Twitter[\/vc_column_text][vc_column_text css=\u00bb.vc_custom_1491334859854{padding-top: 18px !important;padding-right: 20px !important;padding-bottom: 25px !important;padding-left: 20px !important;background-color: #fdc900 !important;}\u00bb]Pregunta r\u00e1pida? Env\u00edenos un Tweet y vamos a asegurarnos de volver a contactar con usted. Twitter tambi\u00e9n es una excelente [&hellip;]<\/p>\n","protected":false},"author":1,"featured_media":70782,"parent":0,"menu_order":0,"comment_status":"closed","ping_status":"closed","template":"page-full-width.php","meta":{"_acf_changed":false,"footnotes":""},"class_list":["post-67","page","type-page","status-publish","has-post-thumbnail","hentry"],"acf":[],"yoast_head":"<!-- This site is optimized with the Yoast SEO plugin v25.6 - https:\/\/yoast.com\/wordpress\/plugins\/seo\/ -->\n<title>Contacto - Colorful Cultures Es<\/title>\n<meta name=\"robots\" content=\"index, follow, max-snippet:-1, max-image-preview:large, max-video-preview:-1\" \/>\n<link rel=\"canonical\" href=\"https:\/\/colorfulcultures.co.uk\/es\/contact\/\" \/>\n<meta property=\"og:locale\" content=\"es_ES\" \/>\n<meta property=\"og:type\" content=\"article\" \/>\n<meta property=\"og:title\" content=\"Contacto - Colorful Cultures Es\" \/>\n<meta property=\"og:description\" content=\"[vc_row type=\u00bbcontainer\u00bb padding_top=\u00bb\u00bb padding_bottom=\u00bb\u00bb css=\u00bb.vc_custom_1451776271409{margin-top: 50px !important;margin-bottom: 20px !important;}\u00bb][vc_column width=\u00bb1\/3&#8243;][vc_column_text css=\u00bb.vc_custom_1448384414672{margin-bottom: 0px !important;padding-top: 15px !important;padding-right: 20px !important;padding-bottom: 15px !important;padding-left: 20px !important;background-color: #edbd03 !important;}\u00bb] \u00a0 Twitter[\/vc_column_text][vc_column_text css=\u00bb.vc_custom_1491334859854{padding-top: 18px !important;padding-right: 20px !important;padding-bottom: 25px !important;padding-left: 20px !important;background-color: #fdc900 !important;}\u00bb]Pregunta r\u00e1pida? Env\u00edenos un Tweet y vamos a asegurarnos de volver a contactar con usted. Twitter tambi\u00e9n es una excelente [&hellip;]\" \/>\n<meta property=\"og:url\" content=\"https:\/\/colorfulcultures.co.uk\/es\/contact\/\" \/>\n<meta property=\"og:site_name\" content=\"Colorful Cultures Es\" \/>\n<meta property=\"article:modified_time\" content=\"2017-04-04T19:42:18+00:00\" \/>\n<meta name=\"twitter:card\" content=\"summary_large_image\" \/>\n<meta name=\"twitter:label1\" content=\"Tiempo de lectura\" \/>\n\t<meta name=\"twitter:data1\" content=\"2 minutos\" \/>\n<script type=\"application\/ld+json\" class=\"yoast-schema-graph\">{\"@context\":\"https:\/\/schema.org\",\"@graph\":[{\"@type\":\"WebPage\",\"@id\":\"https:\/\/colorfulcultures.co.uk\/es\/contact\/\",\"url\":\"https:\/\/colorfulcultures.co.uk\/es\/contact\/\",\"name\":\"Contacto - Colorful Cultures Es\",\"isPartOf\":{\"@id\":\"https:\/\/colorfulcultures.co.uk\/es\/#website\"},\"primaryImageOfPage\":{\"@id\":\"https:\/\/colorfulcultures.co.uk\/es\/contact\/#primaryimage\"},\"image\":{\"@id\":\"https:\/\/colorfulcultures.co.uk\/es\/contact\/#primaryimage\"},\"thumbnailUrl\":\"\",\"datePublished\":\"2015-10-07T17:11:24+00:00\",\"dateModified\":\"2017-04-04T19:42:18+00:00\",\"breadcrumb\":{\"@id\":\"https:\/\/colorfulcultures.co.uk\/es\/contact\/#breadcrumb\"},\"inLanguage\":\"es\",\"potentialAction\":[{\"@type\":\"ReadAction\",\"target\":[\"https:\/\/colorfulcultures.co.uk\/es\/contact\/\"]}]},{\"@type\":\"ImageObject\",\"inLanguage\":\"es\",\"@id\":\"https:\/\/colorfulcultures.co.uk\/es\/contact\/#primaryimage\",\"url\":\"\",\"contentUrl\":\"\"},{\"@type\":\"BreadcrumbList\",\"@id\":\"https:\/\/colorfulcultures.co.uk\/es\/contact\/#breadcrumb\",\"itemListElement\":[{\"@type\":\"ListItem\",\"position\":1,\"name\":\"Home\",\"item\":\"https:\/\/colorfulcultures.co.uk\/es\/\"},{\"@type\":\"ListItem\",\"position\":2,\"name\":\"Contacto\"}]},{\"@type\":\"WebSite\",\"@id\":\"https:\/\/colorfulcultures.co.uk\/es\/#website\",\"url\":\"https:\/\/colorfulcultures.co.uk\/es\/\",\"name\":\"Colorful Cultures Es\",\"description\":\"Colorful cultures, training solutions, cross cultural communication\",\"potentialAction\":[{\"@type\":\"SearchAction\",\"target\":{\"@type\":\"EntryPoint\",\"urlTemplate\":\"https:\/\/colorfulcultures.co.uk\/es\/?s={search_term_string}\"},\"query-input\":{\"@type\":\"PropertyValueSpecification\",\"valueRequired\":true,\"valueName\":\"search_term_string\"}}],\"inLanguage\":\"es\"}]}<\/script>\n<!-- \/ Yoast SEO plugin. -->","yoast_head_json":{"title":"Contacto - Colorful Cultures Es","robots":{"index":"index","follow":"follow","max-snippet":"max-snippet:-1","max-image-preview":"max-image-preview:large","max-video-preview":"max-video-preview:-1"},"canonical":"https:\/\/colorfulcultures.co.uk\/es\/contact\/","og_locale":"es_ES","og_type":"article","og_title":"Contacto - Colorful Cultures Es","og_description":"[vc_row type=\u00bbcontainer\u00bb padding_top=\u00bb\u00bb padding_bottom=\u00bb\u00bb css=\u00bb.vc_custom_1451776271409{margin-top: 50px !important;margin-bottom: 20px !important;}\u00bb][vc_column width=\u00bb1\/3&#8243;][vc_column_text css=\u00bb.vc_custom_1448384414672{margin-bottom: 0px !important;padding-top: 15px !important;padding-right: 20px !important;padding-bottom: 15px !important;padding-left: 20px !important;background-color: #edbd03 !important;}\u00bb] \u00a0 Twitter[\/vc_column_text][vc_column_text css=\u00bb.vc_custom_1491334859854{padding-top: 18px !important;padding-right: 20px !important;padding-bottom: 25px !important;padding-left: 20px !important;background-color: #fdc900 !important;}\u00bb]Pregunta r\u00e1pida? Env\u00edenos un Tweet y vamos a asegurarnos de volver a contactar con usted. Twitter tambi\u00e9n es una excelente [&hellip;]","og_url":"https:\/\/colorfulcultures.co.uk\/es\/contact\/","og_site_name":"Colorful Cultures Es","article_modified_time":"2017-04-04T19:42:18+00:00","twitter_card":"summary_large_image","twitter_misc":{"Tiempo de lectura":"2 minutos"},"schema":{"@context":"https:\/\/schema.org","@graph":[{"@type":"WebPage","@id":"https:\/\/colorfulcultures.co.uk\/es\/contact\/","url":"https:\/\/colorfulcultures.co.uk\/es\/contact\/","name":"Contacto - Colorful Cultures Es","isPartOf":{"@id":"https:\/\/colorfulcultures.co.uk\/es\/#website"},"primaryImageOfPage":{"@id":"https:\/\/colorfulcultures.co.uk\/es\/contact\/#primaryimage"},"image":{"@id":"https:\/\/colorfulcultures.co.uk\/es\/contact\/#primaryimage"},"thumbnailUrl":"","datePublished":"2015-10-07T17:11:24+00:00","dateModified":"2017-04-04T19:42:18+00:00","breadcrumb":{"@id":"https:\/\/colorfulcultures.co.uk\/es\/contact\/#breadcrumb"},"inLanguage":"es","potentialAction":[{"@type":"ReadAction","target":["https:\/\/colorfulcultures.co.uk\/es\/contact\/"]}]},{"@type":"ImageObject","inLanguage":"es","@id":"https:\/\/colorfulcultures.co.uk\/es\/contact\/#primaryimage","url":"","contentUrl":""},{"@type":"BreadcrumbList","@id":"https:\/\/colorfulcultures.co.uk\/es\/contact\/#breadcrumb","itemListElement":[{"@type":"ListItem","position":1,"name":"Home","item":"https:\/\/colorfulcultures.co.uk\/es\/"},{"@type":"ListItem","position":2,"name":"Contacto"}]},{"@type":"WebSite","@id":"https:\/\/colorfulcultures.co.uk\/es\/#website","url":"https:\/\/colorfulcultures.co.uk\/es\/","name":"Colorful Cultures Es","description":"Colorful cultures, training solutions, cross cultural communication","potentialAction":[{"@type":"SearchAction","target":{"@type":"EntryPoint","urlTemplate":"https:\/\/colorfulcultures.co.uk\/es\/?s={search_term_string}"},"query-input":{"@type":"PropertyValueSpecification","valueRequired":true,"valueName":"search_term_string"}}],"inLanguage":"es"}]}},"_links":{"self":[{"href":"https:\/\/colorfulcultures.co.uk\/es\/wp-json\/wp\/v2\/pages\/67","targetHints":{"allow":["GET"]}}],"collection":[{"href":"https:\/\/colorfulcultures.co.uk\/es\/wp-json\/wp\/v2\/pages"}],"about":[{"href":"https:\/\/colorfulcultures.co.uk\/es\/wp-json\/wp\/v2\/types\/page"}],"author":[{"embeddable":true,"href":"https:\/\/colorfulcultures.co.uk\/es\/wp-json\/wp\/v2\/users\/1"}],"replies":[{"embeddable":true,"href":"https:\/\/colorfulcultures.co.uk\/es\/wp-json\/wp\/v2\/comments?post=67"}],"version-history":[{"count":2,"href":"https:\/\/colorfulcultures.co.uk\/es\/wp-json\/wp\/v2\/pages\/67\/revisions"}],"predecessor-version":[{"id":71444,"href":"https:\/\/colorfulcultures.co.uk\/es\/wp-json\/wp\/v2\/pages\/67\/revisions\/71444"}],"wp:featuredmedia":[{"embeddable":true,"href":"https:\/\/colorfulcultures.co.uk\/es\/wp-json\/"}],"wp:attachment":[{"href":"https:\/\/colorfulcultures.co.uk\/es\/wp-json\/wp\/v2\/media?parent=67"}],"curies":[{"name":"wp","href":"https:\/\/api.w.org\/{rel}","templated":true}]}}