{"id":147,"date":"2015-10-09T17:51:30","date_gmt":"2015-10-09T17:51:30","guid":{"rendered":"http:\/\/broker.commercegurus.com\/?page_id=147"},"modified":"2017-04-30T12:41:38","modified_gmt":"2017-04-30T10:41:38","slug":"culturas-coloridas","status":"publish","type":"page","link":"https:\/\/colorfulcultures.co.uk\/es\/solutions\/culturas-coloridas\/","title":{"rendered":"Culturas coloridas"},"content":{"rendered":"<div class=\"wpb-content-wrapper\"><p>[vc_row type=\u00bbcontainer\u00bb padding_top=\u00bb\u00bb padding_bottom=\u00bb\u00bb css=\u00bb.vc_custom_1449576470084{margin-bottom: 0px !important;}\u00bb][vc_column width=\u00bb1\/2&#8243;][vc_column_text]\u00bfPor qu\u00e9 culturas coloridas?<\/p>\n<p>Comprender que tenemos diferencias es el primer paso para resolver el misterio de la comunicaci\u00f3n intercultural.<br \/>\nA medida que nos familiarizamos con estas diferencias culturales podemos \u00abcambiar nuestra propia actitud\u00bb, ser \u00abconscientes\u00bb de la comunicaci\u00f3n con los dem\u00e1s, conseguir transmitir nuestro mensaje y hacer negocios.<\/p>\n<p>\u00abLos seres humanos se acercan unos a otros por su naturaleza com\u00fan, pero los h\u00e1bitos y costumbres los mantienen separados\u00bb \u2013 Confucio[\/vc_column_text][\/vc_column][vc_column width=\u00bb1\/2&#8243;][vc_single_image image=\u00bb71056&#8243; img_size=\u00bbmedium\u00bb add_caption=\u00bbyes\u00bb onclick=\u00bblink_image\u00bb][\/vc_column][\/vc_row][vc_row type=\u00bbcontainer\u00bb padding_top=\u00bb\u00bb padding_bottom=\u00bb\u00bb css=\u00bb.vc_custom_1444503683289{margin-bottom: 0px !important;}\u00bb][vc_column][vc_separator color=\u00bb#e2e2e2&#8243; type=\u00bbnormal\u00bb thickness=\u00bb1&#8243; up=\u00bb\u00bb down=\u00bb\u00bb el_class=\u00bbdotted\u00bb][\/vc_column][\/vc_row][vc_row type=\u00bbcontainer\u00bb padding_top=\u00bb\u00bb padding_bottom=\u00bb\u00bb css=\u00bb.vc_custom_1449063285344{margin-bottom: 50px !important;}\u00bb][vc_column][\/vc_column][\/vc_row][vc_row type=\u00bbcontainer\u00bb][vc_column][\/vc_column][\/vc_row][vc_row type=\u00bbcontainer\u00bb][vc_column][\/vc_column][\/vc_row][vc_row type=\u00bbcontainer\u00bb][vc_column][vc_tta_tour][vc_tta_section title=\u00bbCOMUNICACI\u00d3N TRANSCULTURAL\u00bb tab_id=\u00bb1487715557393-ae1ed389-d618&#8243;][vc_column_text]<b><img decoding=\"async\" class=\"size-medium wp-image-71267 alignright\" src=\"https:\/\/colorfulcultures.co.uk\/es\/wp-content\/uploads\/sites\/3\/2015\/10\/1-80x300.jpg\" alt=\"\" \/><\/b><\/p>\n<p>Adem\u00e1s de la distancia y el lenguaje, comunicarse eficientemente a trav\u00e9s de las culturas tambi\u00e9n significa adaptar su mensaje a un p\u00fablico muy diferente, muchas veces con valores muy diferentes o incluso opuestos a los que uno est\u00e1 acostumbrado.<\/p>\n<p>Esto puede ser dif\u00edcil e incluso una tarea desalentadora en muchas organizaciones, una de las principales causas es la suposici\u00f3n de que la cultura de la empresa es la misma no importa el lugar de la oficina o las preferencias personales de los empleados. Si bien esto puede ser cierto hasta un nivel, la comunicaci\u00f3n tiene matices y caracter\u00edsticas que van m\u00e1s all\u00e1 del comportamiento corporativo regulado &#8211; est\u00e1 profundamente arraigada con la gente.<\/p>\n<p>Es por eso que obtener formaci\u00f3n para detectar y utilizar las diferencias culturales en la comunicaci\u00f3n se convierte en una de las mejores habilidades de los directivos y empleados regulares de las empresas internacionales.<\/p>\n<p>La formaci\u00f3n abarca todos los conocimientos b\u00e1sicos para estar preparado para afrontar el medio ambiente intercultural de una manera exitosa.<\/p>\n<p>Lo que obtendr\u00e1:<\/p>\n<ul>\n<li>Las principales diferencias culturales en el enfoque de la comunicaci\u00f3n<\/li>\n<li>C\u00f3mo adaptar el mismo mensaje a 3 zonas de cultura principales: Europa, Asia, Am\u00e9rica<\/li>\n<li>Explorar los obst\u00e1culos de la comunicaci\u00f3n y c\u00f3mo lidiar con ellos<\/li>\n<\/ul>\n<p>[\/vc_column_text][\/vc_tta_section][vc_tta_section title=\u00bbCULTURAS COLORIDAS \u2013 LA INDIA\u00bb tab_id=\u00bb1487714421065-1deb2a33-cf21&#8243;][vc_column_text]<b><img loading=\"lazy\" decoding=\"async\" class=\" wp-image-71058 alignright\" src=\"https:\/\/colorfulcultures.co.uk\/es\/wp-content\/uploads\/sites\/3\/2015\/10\/india-81x300.jpg\" alt=\"\" width=\"75\" height=\"278\" srcset=\"https:\/\/colorfulcultures.co.uk\/es\/wp-content\/uploads\/sites\/3\/2015\/10\/india-81x300.jpg 81w, https:\/\/colorfulcultures.co.uk\/es\/wp-content\/uploads\/sites\/3\/2015\/10\/india.jpg 161w\" sizes=\"auto, (max-width: 75px) 100vw, 75px\" \/><\/b><\/p>\n<p>En medio de este notable progreso econ\u00f3mico, las tradiciones culturales de la India contin\u00faan ejerciendo una fuerte influencia en casi todos los aspectos de la interacci\u00f3n humana, incluidos los negocios.<\/p>\n<p>India es una amalgama de culturas, y esta diversidad cultural da a la India su capacidad para adaptarse, adoptar y competir en los escenarios de negocios globales.<\/p>\n<p>Este programa es la oportunidad de introducir y comprender los valores culturales de la India y c\u00f3mo afectan las relaciones comerciales.<\/p>\n<p>Lo que obtendr\u00e1:<\/p>\n<ul>\n<li>Comprender los niveles de la Cultura<\/li>\n<li>Comprender el impacto de la cultura en los negocios<\/li>\n<li>Relacionarse mejor con colegas de la India y dejar de lado los estereotipos y generalizaciones<\/li>\n<li>Seguir lo que debe y lo que no se debe hacer<\/li>\n<\/ul>\n<p>[\/vc_column_text][\/vc_tta_section][vc_tta_section title=\u00bbCULTURAS COLORIDAS \u2013 REINO UNIDO\u00bb tab_id=\u00bb1487714421129-afed9fd9-4ffe\u00bb][vc_column_text]<b><img loading=\"lazy\" decoding=\"async\" width=\"80\" height=\"300\" class=\"size-medium wp-image-71063 alignright\" src=\"https:\/\/colorfulcultures.co.uk\/es\/wp-content\/uploads\/sites\/3\/2015\/10\/big-21-80x300.jpg\" alt=\"\" srcset=\"https:\/\/colorfulcultures.co.uk\/es\/wp-content\/uploads\/sites\/3\/2015\/10\/big-21-80x300.jpg 80w, https:\/\/colorfulcultures.co.uk\/es\/wp-content\/uploads\/sites\/3\/2015\/10\/big-21.jpg 160w\" sizes=\"auto, (max-width: 80px) 100vw, 80px\" \/><\/b><\/p>\n<p>Hoy en d\u00eda, m\u00e1s que nunca, el \u00e9xito de los negocios requiere una conciencia intercultural y habilidades de comunicaci\u00f3n intercultural eficaces. Trabajar, reunirse, tratar, entretener, negociar y corresponder con colegas o clientes de diferentes culturas puede ser un campo de minas. Un movimiento equivocado o un error en la comprensi\u00f3n b\u00e1sica podr\u00eda arruinar o retrasar meses de trabajo. El m\u00f3dulo nos ayuda a entender y apreciar las diferencias interculturales y promueve una comunicaci\u00f3n m\u00e1s clara.<\/p>\n<p>Lo que obtendr\u00e1:<\/p>\n<ul>\n<li>Romper barreras, construir confianza, y fortalecer relaciones, abrir horizontes y producir resultados tangibles en t\u00e9rminos de \u00e9xito empresarial.<\/li>\n<li>Hacer puente entre las diferencias culturales entre el Reino Unido y otros pa\u00edses europeos<\/li>\n<li>Entender la historia, los modales y el estilo de vida del Reino Unido<\/li>\n<li>Comprender lo \u00abhacer y no hacer\u00bb seguido en la estructura social de Gran Breta\u00f1a.<\/li>\n<li>Construir confianza para relacionarse con los clientes.<\/li>\n<li>Construir una buena relaci\u00f3n.<\/li>\n<\/ul>\n<p>[\/vc_column_text][\/vc_tta_section][vc_tta_section title=\u00bbCULTURAS COLORIDAS \u2013 INDONESIA\u00bb tab_id=\u00bb1488907894001-81d6699b-4ab0&#8243;][vc_column_text]<img loading=\"lazy\" decoding=\"async\" width=\"80\" height=\"300\" class=\"alignnone size-medium wp-image-71479 alignright\" src=\"https:\/\/colorfulcultures.co.uk\/es\/wp-content\/uploads\/sites\/3\/2015\/10\/Indonesia-80x300.jpg\" alt=\"\" srcset=\"https:\/\/colorfulcultures.co.uk\/es\/wp-content\/uploads\/sites\/3\/2015\/10\/Indonesia-80x300.jpg 80w, https:\/\/colorfulcultures.co.uk\/es\/wp-content\/uploads\/sites\/3\/2015\/10\/Indonesia.jpg 160w\" sizes=\"auto, (max-width: 80px) 100vw, 80px\" \/>Cuando se habla de Indonesia, la principal diferencia cultural es la alta comunicaci\u00f3n contextual. Esto significa que se conoce una gran cantidad de informaci\u00f3n de fondo sobre las personas con las que uno interact\u00faa y hace negocios. Debido al \u00e9nfasis de la cultura en las relaciones a largo plazo y la interdependencia, se asume un entendimiento compartido entre los miembros de un grupo indonesio.<\/p>\n<p>Este programa es la oportunidad para introducir y comprender los patrones de comunicaci\u00f3n y su impacto en los negocios.<\/p>\n<p>Lo que obtendr\u00e1:<\/p>\n<ul>\n<li>Comprender \u00abhacer y no hacer\u00bb en la vida cotidiana<\/li>\n<li>Comprender los valores fundamentales y las implicaciones para los negocios<\/li>\n<li>Construir y mantener credibilidad<\/li>\n<li>Seguir el protocolo de negocios y las particularidades del entorno empresarial local<\/li>\n<li id=\"yui_3_16_0_ym19_1_1488907583159_4449\" class=\"yiv0178448260MsoNormal\">Modelar sus habilidades de negocio (gerencia de la gente, relaciones del cliente) de acuerdo con los requisitos locales<\/li>\n<\/ul>\n<p>[\/vc_column_text][\/vc_tta_section][\/vc_tta_tour][\/vc_column][\/vc_row]<\/p>\n<\/div>","protected":false},"excerpt":{"rendered":"<p>[vc_row type=\u00bbcontainer\u00bb padding_top=\u00bb\u00bb padding_bottom=\u00bb\u00bb css=\u00bb.vc_custom_1449576470084{margin-bottom: 0px !important;}\u00bb][vc_column width=\u00bb1\/2&#8243;][vc_column_text]\u00bfPor qu\u00e9 culturas coloridas? Comprender que tenemos diferencias es el primer paso para resolver el misterio de la comunicaci\u00f3n intercultural. A medida que nos familiarizamos con estas diferencias culturales podemos \u00abcambiar nuestra propia actitud\u00bb, ser \u00abconscientes\u00bb de la comunicaci\u00f3n con los dem\u00e1s, conseguir transmitir nuestro mensaje y hacer [&hellip;]<\/p>\n","protected":false},"author":1,"featured_media":70778,"parent":73,"menu_order":1,"comment_status":"closed","ping_status":"closed","template":"","meta":{"_acf_changed":false,"footnotes":""},"class_list":["post-147","page","type-page","status-publish","has-post-thumbnail","hentry"],"acf":[],"yoast_head":"<!-- This site is optimized with the Yoast SEO plugin v25.6 - https:\/\/yoast.com\/wordpress\/plugins\/seo\/ -->\n<title>Culturas coloridas - Colorful Cultures Es<\/title>\n<meta name=\"description\" content=\"Besides distance and language, communicated efficiently across cultures also means adapting your message to a very different audience\" \/>\n<meta name=\"robots\" content=\"index, follow, max-snippet:-1, max-image-preview:large, max-video-preview:-1\" \/>\n<link rel=\"canonical\" href=\"https:\/\/colorfulcultures.co.uk\/es\/solutions\/culturas-coloridas\/\" \/>\n<meta property=\"og:locale\" content=\"es_ES\" \/>\n<meta property=\"og:type\" content=\"article\" \/>\n<meta property=\"og:title\" content=\"Culturas coloridas - Colorful Cultures Es\" \/>\n<meta property=\"og:description\" content=\"Besides distance and language, communicated efficiently across cultures also means adapting your message to a very different audience\" \/>\n<meta property=\"og:url\" content=\"https:\/\/colorfulcultures.co.uk\/es\/solutions\/culturas-coloridas\/\" \/>\n<meta property=\"og:site_name\" content=\"Colorful Cultures Es\" \/>\n<meta property=\"article:modified_time\" content=\"2017-04-30T10:41:38+00:00\" \/>\n<meta name=\"twitter:card\" content=\"summary_large_image\" \/>\n<meta name=\"twitter:label1\" content=\"Tiempo de lectura\" \/>\n\t<meta name=\"twitter:data1\" content=\"5 minutos\" \/>\n<script type=\"application\/ld+json\" class=\"yoast-schema-graph\">{\"@context\":\"https:\/\/schema.org\",\"@graph\":[{\"@type\":\"WebPage\",\"@id\":\"https:\/\/colorfulcultures.co.uk\/es\/solutions\/culturas-coloridas\/\",\"url\":\"https:\/\/colorfulcultures.co.uk\/es\/solutions\/culturas-coloridas\/\",\"name\":\"Culturas coloridas - Colorful Cultures Es\",\"isPartOf\":{\"@id\":\"https:\/\/colorfulcultures.co.uk\/es\/#website\"},\"primaryImageOfPage\":{\"@id\":\"https:\/\/colorfulcultures.co.uk\/es\/solutions\/culturas-coloridas\/#primaryimage\"},\"image\":{\"@id\":\"https:\/\/colorfulcultures.co.uk\/es\/solutions\/culturas-coloridas\/#primaryimage\"},\"thumbnailUrl\":\"\",\"datePublished\":\"2015-10-09T17:51:30+00:00\",\"dateModified\":\"2017-04-30T10:41:38+00:00\",\"description\":\"Besides distance and language, communicated efficiently across cultures also means adapting your message to a very different audience\",\"breadcrumb\":{\"@id\":\"https:\/\/colorfulcultures.co.uk\/es\/solutions\/culturas-coloridas\/#breadcrumb\"},\"inLanguage\":\"es\",\"potentialAction\":[{\"@type\":\"ReadAction\",\"target\":[\"https:\/\/colorfulcultures.co.uk\/es\/solutions\/culturas-coloridas\/\"]}]},{\"@type\":\"ImageObject\",\"inLanguage\":\"es\",\"@id\":\"https:\/\/colorfulcultures.co.uk\/es\/solutions\/culturas-coloridas\/#primaryimage\",\"url\":\"\",\"contentUrl\":\"\"},{\"@type\":\"BreadcrumbList\",\"@id\":\"https:\/\/colorfulcultures.co.uk\/es\/solutions\/culturas-coloridas\/#breadcrumb\",\"itemListElement\":[{\"@type\":\"ListItem\",\"position\":1,\"name\":\"Home\",\"item\":\"https:\/\/colorfulcultures.co.uk\/es\/\"},{\"@type\":\"ListItem\",\"position\":2,\"name\":\"Solutions\",\"item\":\"https:\/\/colorfulcultures.co.uk\/es\/solutions\/\"},{\"@type\":\"ListItem\",\"position\":3,\"name\":\"Culturas coloridas\"}]},{\"@type\":\"WebSite\",\"@id\":\"https:\/\/colorfulcultures.co.uk\/es\/#website\",\"url\":\"https:\/\/colorfulcultures.co.uk\/es\/\",\"name\":\"Colorful Cultures Es\",\"description\":\"Colorful cultures, training solutions, cross cultural communication\",\"potentialAction\":[{\"@type\":\"SearchAction\",\"target\":{\"@type\":\"EntryPoint\",\"urlTemplate\":\"https:\/\/colorfulcultures.co.uk\/es\/?s={search_term_string}\"},\"query-input\":{\"@type\":\"PropertyValueSpecification\",\"valueRequired\":true,\"valueName\":\"search_term_string\"}}],\"inLanguage\":\"es\"}]}<\/script>\n<!-- \/ Yoast SEO plugin. -->","yoast_head_json":{"title":"Culturas coloridas - Colorful Cultures Es","description":"Besides distance and language, communicated efficiently across cultures also means adapting your message to a very different audience","robots":{"index":"index","follow":"follow","max-snippet":"max-snippet:-1","max-image-preview":"max-image-preview:large","max-video-preview":"max-video-preview:-1"},"canonical":"https:\/\/colorfulcultures.co.uk\/es\/solutions\/culturas-coloridas\/","og_locale":"es_ES","og_type":"article","og_title":"Culturas coloridas - Colorful Cultures Es","og_description":"Besides distance and language, communicated efficiently across cultures also means adapting your message to a very different audience","og_url":"https:\/\/colorfulcultures.co.uk\/es\/solutions\/culturas-coloridas\/","og_site_name":"Colorful Cultures Es","article_modified_time":"2017-04-30T10:41:38+00:00","twitter_card":"summary_large_image","twitter_misc":{"Tiempo de lectura":"5 minutos"},"schema":{"@context":"https:\/\/schema.org","@graph":[{"@type":"WebPage","@id":"https:\/\/colorfulcultures.co.uk\/es\/solutions\/culturas-coloridas\/","url":"https:\/\/colorfulcultures.co.uk\/es\/solutions\/culturas-coloridas\/","name":"Culturas coloridas - Colorful Cultures Es","isPartOf":{"@id":"https:\/\/colorfulcultures.co.uk\/es\/#website"},"primaryImageOfPage":{"@id":"https:\/\/colorfulcultures.co.uk\/es\/solutions\/culturas-coloridas\/#primaryimage"},"image":{"@id":"https:\/\/colorfulcultures.co.uk\/es\/solutions\/culturas-coloridas\/#primaryimage"},"thumbnailUrl":"","datePublished":"2015-10-09T17:51:30+00:00","dateModified":"2017-04-30T10:41:38+00:00","description":"Besides distance and language, communicated efficiently across cultures also means adapting your message to a very different audience","breadcrumb":{"@id":"https:\/\/colorfulcultures.co.uk\/es\/solutions\/culturas-coloridas\/#breadcrumb"},"inLanguage":"es","potentialAction":[{"@type":"ReadAction","target":["https:\/\/colorfulcultures.co.uk\/es\/solutions\/culturas-coloridas\/"]}]},{"@type":"ImageObject","inLanguage":"es","@id":"https:\/\/colorfulcultures.co.uk\/es\/solutions\/culturas-coloridas\/#primaryimage","url":"","contentUrl":""},{"@type":"BreadcrumbList","@id":"https:\/\/colorfulcultures.co.uk\/es\/solutions\/culturas-coloridas\/#breadcrumb","itemListElement":[{"@type":"ListItem","position":1,"name":"Home","item":"https:\/\/colorfulcultures.co.uk\/es\/"},{"@type":"ListItem","position":2,"name":"Solutions","item":"https:\/\/colorfulcultures.co.uk\/es\/solutions\/"},{"@type":"ListItem","position":3,"name":"Culturas coloridas"}]},{"@type":"WebSite","@id":"https:\/\/colorfulcultures.co.uk\/es\/#website","url":"https:\/\/colorfulcultures.co.uk\/es\/","name":"Colorful Cultures Es","description":"Colorful cultures, training solutions, cross cultural communication","potentialAction":[{"@type":"SearchAction","target":{"@type":"EntryPoint","urlTemplate":"https:\/\/colorfulcultures.co.uk\/es\/?s={search_term_string}"},"query-input":{"@type":"PropertyValueSpecification","valueRequired":true,"valueName":"search_term_string"}}],"inLanguage":"es"}]}},"_links":{"self":[{"href":"https:\/\/colorfulcultures.co.uk\/es\/wp-json\/wp\/v2\/pages\/147","targetHints":{"allow":["GET"]}}],"collection":[{"href":"https:\/\/colorfulcultures.co.uk\/es\/wp-json\/wp\/v2\/pages"}],"about":[{"href":"https:\/\/colorfulcultures.co.uk\/es\/wp-json\/wp\/v2\/types\/page"}],"author":[{"embeddable":true,"href":"https:\/\/colorfulcultures.co.uk\/es\/wp-json\/wp\/v2\/users\/1"}],"replies":[{"embeddable":true,"href":"https:\/\/colorfulcultures.co.uk\/es\/wp-json\/wp\/v2\/comments?post=147"}],"version-history":[{"count":3,"href":"https:\/\/colorfulcultures.co.uk\/es\/wp-json\/wp\/v2\/pages\/147\/revisions"}],"predecessor-version":[{"id":71480,"href":"https:\/\/colorfulcultures.co.uk\/es\/wp-json\/wp\/v2\/pages\/147\/revisions\/71480"}],"up":[{"embeddable":true,"href":"https:\/\/colorfulcultures.co.uk\/es\/wp-json\/wp\/v2\/pages\/73"}],"wp:featuredmedia":[{"embeddable":true,"href":"https:\/\/colorfulcultures.co.uk\/es\/wp-json\/"}],"wp:attachment":[{"href":"https:\/\/colorfulcultures.co.uk\/es\/wp-json\/wp\/v2\/media?parent=147"}],"curies":[{"name":"wp","href":"https:\/\/api.w.org\/{rel}","templated":true}]}}