{"id":141,"date":"2015-10-09T17:24:05","date_gmt":"2015-10-09T17:24:05","guid":{"rendered":"http:\/\/broker.commercegurus.com\/?page_id=141"},"modified":"2017-04-29T10:16:54","modified_gmt":"2017-04-29T08:16:54","slug":"reclutamiento-y-seleccion","status":"publish","type":"page","link":"https:\/\/colorfulcultures.co.uk\/es\/solutions\/reclutamiento-y-seleccion\/","title":{"rendered":"Reclutamiento y selecci\u00f3n"},"content":{"rendered":"<div class=\"wpb-content-wrapper\"><p>[vc_row type=\u00bbcontainer\u00bb padding_top=\u00bb\u00bb padding_bottom=\u00bb\u00bb css=\u00bb.vc_custom_1449062960012{margin-bottom: 20px !important;}\u00bb][vc_column width=\u00bb1\/2&#8243;][vc_column_text]Reclutamiento y selecci\u00f3n \u2013 la creciente complejidad del entorno de trabajo requiere decisiones estrat\u00e9gicas. Por lo tanto, el papel del l\u00edder ha cambiado en los \u00faltimos a\u00f1os, ya que no son capaces de controlar todos los procedimientos complejos por su cuenta. Hoy en d\u00eda, los l\u00edderes exitosos est\u00e1n eligiendo para moverse sabio en el tablero de ajedrez. Como necesitan socios, ya no pueden delegar la contrataci\u00f3n de las personas clave con las que compartir\u00e1n el negocio.[\/vc_column_text][\/vc_column][vc_column width=\u00bb1\/2&#8243;][vc_single_image image=\u00bb71182&#8243; img_size=\u00bbfull\u00bb add_caption=\u00bbyes\u00bb onclick=\u00bblink_image\u00bb][\/vc_column][\/vc_row][vc_row type=\u00bbcontainer\u00bb padding_top=\u00bb\u00bb padding_bottom=\u00bb\u00bb css=\u00bb.vc_custom_1444504142602{margin-bottom: 0px !important;}\u00bb][vc_column][vc_separator color=\u00bb#e2e2e2&#8243; type=\u00bbnormal\u00bb thickness=\u00bb1&#8243; up=\u00bb\u00bb down=\u00bb\u00bb el_class=\u00bbdotted\u00bb][\/vc_column][\/vc_row][vc_row type=\u00bbcontainer\u00bb padding_top=\u00bb\u00bb padding_bottom=\u00bb\u00bb][vc_column][vc_column_text][\/vc_column_text][\/vc_column][\/vc_row][vc_row type=\u00bbcontainer\u00bb][vc_column][vc_tta_tour][vc_tta_section title=\u00bbRECLUTAMIENTO\u00bb tab_id=\u00bb1487877553242-7718c5c2-1ba6&#8243;][vc_column_text]En un entorno competitivo un l\u00edder tiene que elegir dos caminos:<\/p>\n<p>A medida que el mercado de trabajo se vuelve cada vez m\u00e1s competitivo para los profesionales con talento, el l\u00edder debe estar seguro de que crea el ambiente colorido, para que los empleados puedan satisfacer sus necesidades como el crecimiento personal, un equilibrio entre el trabajo y la vida y un ambiente de trabajo apreciativo.<\/p>\n<p>La competencia en el lado de las ventas requiere el papel clave de caza talentos del l\u00edder y un reemplazo m\u00e1s r\u00e1pido y m\u00e1s inteligente de la gente, para que el papel sea coloreado, realizado y cultivado por el futuro empleado.<\/p>\n<p>Estos dos caminos est\u00e1n ciertamente relacionados: Idealmente, los l\u00edderes crean una configuraci\u00f3n de beneficio mutuo, alineando las metas personales con las de la organizaci\u00f3n. Pero, al igual que en un equipo de f\u00fatbol ganador, las personas que tienen diferentes funciones deben expresar el comportamiento necesario para las competencias necesarias antes de estar orgullosos de alto rendimiento, contribuci\u00f3n o recompensas de su \u00e9xito com\u00fan.<\/p>\n<p>Independientemente de las especificidades de la industria, las crisis locales, el grupo de candidatos, las barreras culturales, los perfiles dif\u00edciles pondr\u00e1n en riesgo su proceso de reclutamiento. Este es el momento en que puedes cambiar de un enfoque cl\u00e1sico pero invasivo de la entrevista, basado en comportamientos probados &#8211; a uno m\u00e1s diplom\u00e1tico y m\u00e1s suave usando entrevista proyectiva o la entrevista con ejercicios de tareas simuladas &#8211; o incluso uso la prueba psicom\u00e9trica para un grado m\u00e1s alto de la predicci\u00f3n.<\/p>\n<p>Para cualquier perfil racional, como la mayor\u00eda de las personas de TI y contabilidad son, o amable como los empleados de servicio al cliente son, la estrategia debe ser diferente. \u00a1As\u00ed que mantenerlo simple y hermoso!<\/p>\n<p>Lo que obtendr\u00e1:<\/p>\n<ul>\n<li>Estructuraci\u00f3n de su enfoque de entrevistas<\/li>\n<li>T\u00e9cnicas eficaces de entrevistas<\/li>\n<li>Herramientas para lograr una mayor previsibilidad en los procesos de contrataci\u00f3n<\/li>\n<li>Perfilado de personas<\/li>\n<li>Adoptar la decisi\u00f3n de selecci\u00f3n correcta<\/li>\n<\/ul>\n<p>[\/vc_column_text][\/vc_tta_section][vc_tta_section title=\u00bb ENTREVISTA BASADA EN COMPETENCIAS\u00bb tab_id=\u00bb1487877553292-ce3f1ccb-26af\u00bb][vc_column_text]Las competencias juegan un papel clave en el apoyo a un desempe\u00f1o bueno o superior en el trabajo. Para seleccionar al candidato adecuado es esencial evaluar las competencias que posee el individuo. \u00abLa clave para averiguar c\u00f3mo alguien va a realizar en un trabajo es recoger y analizar ejemplos de c\u00f3mo \u00e9l \/ ella ha realizado en situaciones similares en el pasado\u00bb. Estos pueden ser m\u00e1s adecuados a los niveles esperados para un puesto de trabajo especificado, ayudando as\u00ed el entrevistador para tomar una decisi\u00f3n de selecci\u00f3n objetiva.<\/p>\n<p>Lo que obtendr\u00e1:<\/p>\n<ul>\n<li>Prepararse eficazmente para una entrevista estructurada<\/li>\n<li>Encuadre las preguntas apropiadas y utilice t\u00e9cnicas de entrevista eficaces<\/li>\n<li>Obtener el inter\u00e9s del candidato y la informaci\u00f3n pertinente sobre \u00e9l\/ella<\/li>\n<li>Evaluar las respuestas recibidas<\/li>\n<li>Evaluar objetivamente la idoneidad de los candidatos para cualquier posici\u00f3n<\/li>\n<li>Vender el trabajo al candidato y el candidato al PM<br \/>\nContratar a la gente adecuada para el trabajo adecuado<\/li>\n<\/ul>\n<p>[\/vc_column_text][\/vc_tta_section][\/vc_tta_tour][\/vc_column][\/vc_row][vc_row type=\u00bbcontainer\u00bb padding_top=\u00bb\u00bb padding_bottom=\u00bb\u00bb css=\u00bb.vc_custom_1449062969962{margin-bottom: 50px !important;}\u00bb][vc_column][vc_tta_tabs][vc_tta_section title=\u00bbMETHODOLOG\u00cdA\u00bb tab_id=\u00bb1487015076536-13fe4e40-5a2c\u00bb][vc_column_text]<\/p>\n<ul>\n<li>Pel\u00edculas<\/li>\n<li>discusi\u00f3n grupal<\/li>\n<li>lectura, perfiles<\/li>\n<li>ejercicios de presentaci\u00f3n<\/li>\n<\/ul>\n<p>[\/vc_column_text][\/vc_tta_section][vc_tta_section title=\u00bbDURACI\u00d3N\u00bb tab_id=\u00bb1487015076585-7b9a87b4-e728&#8243;][vc_column_text]8\u00a0 hours[\/vc_column_text][\/vc_tta_section][vc_tta_section title=\u00bbP\u00daBLICO OBJETIVO\u00bb tab_id=\u00bb1487015161546-cae88626-796c\u00bb][vc_column_text]<\/p>\n<ul>\n<li>Lead Associate<\/li>\n<li>Analyst, Managers<\/li>\n<\/ul>\n<p>[\/vc_column_text][\/vc_tta_section][vc_tta_section title=\u00bbTAMA\u00d1O DEL LOTE\u00bb tab_id=\u00bb1487015195273-8b34e9f4-b163&#8243;][vc_column_text]<\/p>\n<ul>\n<li>Min &#8211; 8<\/li>\n<li>Max &#8211; 16<\/li>\n<\/ul>\n<p>[\/vc_column_text][\/vc_tta_section][\/vc_tta_tabs][\/vc_column][\/vc_row]<\/p>\n<\/div>","protected":false},"excerpt":{"rendered":"<p>[vc_row type=\u00bbcontainer\u00bb padding_top=\u00bb\u00bb padding_bottom=\u00bb\u00bb css=\u00bb.vc_custom_1449062960012{margin-bottom: 20px !important;}\u00bb][vc_column width=\u00bb1\/2&#8243;][vc_column_text]Reclutamiento y selecci\u00f3n \u2013 la creciente complejidad del entorno de trabajo requiere decisiones estrat\u00e9gicas. Por lo tanto, el papel del l\u00edder ha cambiado en los \u00faltimos a\u00f1os, ya que no son capaces de controlar todos los procedimientos complejos por su cuenta. Hoy en d\u00eda, los l\u00edderes exitosos est\u00e1n [&hellip;]<\/p>\n","protected":false},"author":1,"featured_media":70700,"parent":73,"menu_order":3,"comment_status":"closed","ping_status":"closed","template":"","meta":{"_acf_changed":false,"footnotes":""},"class_list":["post-141","page","type-page","status-publish","has-post-thumbnail","hentry"],"acf":[],"yoast_head":"<!-- This site is optimized with the Yoast SEO plugin v25.6 - https:\/\/yoast.com\/wordpress\/plugins\/seo\/ -->\n<title>Reclutamiento y selecci\u00f3n - Colorful Cultures Es<\/title>\n<meta name=\"description\" content=\"Recruitment &amp; Selection - the increasing complexity of the work environment requires strategic decisions.\" \/>\n<meta name=\"robots\" content=\"index, follow, max-snippet:-1, max-image-preview:large, max-video-preview:-1\" \/>\n<link rel=\"canonical\" href=\"https:\/\/colorfulcultures.co.uk\/es\/solutions\/reclutamiento-y-seleccion\/\" \/>\n<meta property=\"og:locale\" content=\"es_ES\" \/>\n<meta property=\"og:type\" content=\"article\" \/>\n<meta property=\"og:title\" content=\"Reclutamiento y selecci\u00f3n - Colorful Cultures Es\" \/>\n<meta property=\"og:description\" content=\"Recruitment &amp; Selection - the increasing complexity of the work environment requires strategic decisions.\" \/>\n<meta property=\"og:url\" content=\"https:\/\/colorfulcultures.co.uk\/es\/solutions\/reclutamiento-y-seleccion\/\" \/>\n<meta property=\"og:site_name\" content=\"Colorful Cultures Es\" \/>\n<meta property=\"article:modified_time\" content=\"2017-04-29T08:16:54+00:00\" \/>\n<meta name=\"twitter:card\" content=\"summary_large_image\" \/>\n<meta name=\"twitter:label1\" content=\"Tiempo de lectura\" \/>\n\t<meta name=\"twitter:data1\" content=\"4 minutos\" \/>\n<script type=\"application\/ld+json\" class=\"yoast-schema-graph\">{\"@context\":\"https:\/\/schema.org\",\"@graph\":[{\"@type\":\"WebPage\",\"@id\":\"https:\/\/colorfulcultures.co.uk\/es\/solutions\/reclutamiento-y-seleccion\/\",\"url\":\"https:\/\/colorfulcultures.co.uk\/es\/solutions\/reclutamiento-y-seleccion\/\",\"name\":\"Reclutamiento y selecci\u00f3n - Colorful Cultures Es\",\"isPartOf\":{\"@id\":\"https:\/\/colorfulcultures.co.uk\/es\/#website\"},\"primaryImageOfPage\":{\"@id\":\"https:\/\/colorfulcultures.co.uk\/es\/solutions\/reclutamiento-y-seleccion\/#primaryimage\"},\"image\":{\"@id\":\"https:\/\/colorfulcultures.co.uk\/es\/solutions\/reclutamiento-y-seleccion\/#primaryimage\"},\"thumbnailUrl\":\"\",\"datePublished\":\"2015-10-09T17:24:05+00:00\",\"dateModified\":\"2017-04-29T08:16:54+00:00\",\"description\":\"Recruitment & Selection - the increasing complexity of the work environment requires strategic decisions.\",\"breadcrumb\":{\"@id\":\"https:\/\/colorfulcultures.co.uk\/es\/solutions\/reclutamiento-y-seleccion\/#breadcrumb\"},\"inLanguage\":\"es\",\"potentialAction\":[{\"@type\":\"ReadAction\",\"target\":[\"https:\/\/colorfulcultures.co.uk\/es\/solutions\/reclutamiento-y-seleccion\/\"]}]},{\"@type\":\"ImageObject\",\"inLanguage\":\"es\",\"@id\":\"https:\/\/colorfulcultures.co.uk\/es\/solutions\/reclutamiento-y-seleccion\/#primaryimage\",\"url\":\"\",\"contentUrl\":\"\"},{\"@type\":\"BreadcrumbList\",\"@id\":\"https:\/\/colorfulcultures.co.uk\/es\/solutions\/reclutamiento-y-seleccion\/#breadcrumb\",\"itemListElement\":[{\"@type\":\"ListItem\",\"position\":1,\"name\":\"Home\",\"item\":\"https:\/\/colorfulcultures.co.uk\/es\/\"},{\"@type\":\"ListItem\",\"position\":2,\"name\":\"Solutions\",\"item\":\"https:\/\/colorfulcultures.co.uk\/es\/solutions\/\"},{\"@type\":\"ListItem\",\"position\":3,\"name\":\"Reclutamiento y selecci\u00f3n\"}]},{\"@type\":\"WebSite\",\"@id\":\"https:\/\/colorfulcultures.co.uk\/es\/#website\",\"url\":\"https:\/\/colorfulcultures.co.uk\/es\/\",\"name\":\"Colorful Cultures Es\",\"description\":\"Colorful cultures, training solutions, cross cultural communication\",\"potentialAction\":[{\"@type\":\"SearchAction\",\"target\":{\"@type\":\"EntryPoint\",\"urlTemplate\":\"https:\/\/colorfulcultures.co.uk\/es\/?s={search_term_string}\"},\"query-input\":{\"@type\":\"PropertyValueSpecification\",\"valueRequired\":true,\"valueName\":\"search_term_string\"}}],\"inLanguage\":\"es\"}]}<\/script>\n<!-- \/ Yoast SEO plugin. -->","yoast_head_json":{"title":"Reclutamiento y selecci\u00f3n - Colorful Cultures Es","description":"Recruitment & Selection - the increasing complexity of the work environment requires strategic decisions.","robots":{"index":"index","follow":"follow","max-snippet":"max-snippet:-1","max-image-preview":"max-image-preview:large","max-video-preview":"max-video-preview:-1"},"canonical":"https:\/\/colorfulcultures.co.uk\/es\/solutions\/reclutamiento-y-seleccion\/","og_locale":"es_ES","og_type":"article","og_title":"Reclutamiento y selecci\u00f3n - Colorful Cultures Es","og_description":"Recruitment & Selection - the increasing complexity of the work environment requires strategic decisions.","og_url":"https:\/\/colorfulcultures.co.uk\/es\/solutions\/reclutamiento-y-seleccion\/","og_site_name":"Colorful Cultures Es","article_modified_time":"2017-04-29T08:16:54+00:00","twitter_card":"summary_large_image","twitter_misc":{"Tiempo de lectura":"4 minutos"},"schema":{"@context":"https:\/\/schema.org","@graph":[{"@type":"WebPage","@id":"https:\/\/colorfulcultures.co.uk\/es\/solutions\/reclutamiento-y-seleccion\/","url":"https:\/\/colorfulcultures.co.uk\/es\/solutions\/reclutamiento-y-seleccion\/","name":"Reclutamiento y selecci\u00f3n - Colorful Cultures Es","isPartOf":{"@id":"https:\/\/colorfulcultures.co.uk\/es\/#website"},"primaryImageOfPage":{"@id":"https:\/\/colorfulcultures.co.uk\/es\/solutions\/reclutamiento-y-seleccion\/#primaryimage"},"image":{"@id":"https:\/\/colorfulcultures.co.uk\/es\/solutions\/reclutamiento-y-seleccion\/#primaryimage"},"thumbnailUrl":"","datePublished":"2015-10-09T17:24:05+00:00","dateModified":"2017-04-29T08:16:54+00:00","description":"Recruitment & Selection - the increasing complexity of the work environment requires strategic decisions.","breadcrumb":{"@id":"https:\/\/colorfulcultures.co.uk\/es\/solutions\/reclutamiento-y-seleccion\/#breadcrumb"},"inLanguage":"es","potentialAction":[{"@type":"ReadAction","target":["https:\/\/colorfulcultures.co.uk\/es\/solutions\/reclutamiento-y-seleccion\/"]}]},{"@type":"ImageObject","inLanguage":"es","@id":"https:\/\/colorfulcultures.co.uk\/es\/solutions\/reclutamiento-y-seleccion\/#primaryimage","url":"","contentUrl":""},{"@type":"BreadcrumbList","@id":"https:\/\/colorfulcultures.co.uk\/es\/solutions\/reclutamiento-y-seleccion\/#breadcrumb","itemListElement":[{"@type":"ListItem","position":1,"name":"Home","item":"https:\/\/colorfulcultures.co.uk\/es\/"},{"@type":"ListItem","position":2,"name":"Solutions","item":"https:\/\/colorfulcultures.co.uk\/es\/solutions\/"},{"@type":"ListItem","position":3,"name":"Reclutamiento y selecci\u00f3n"}]},{"@type":"WebSite","@id":"https:\/\/colorfulcultures.co.uk\/es\/#website","url":"https:\/\/colorfulcultures.co.uk\/es\/","name":"Colorful Cultures Es","description":"Colorful cultures, training solutions, cross cultural communication","potentialAction":[{"@type":"SearchAction","target":{"@type":"EntryPoint","urlTemplate":"https:\/\/colorfulcultures.co.uk\/es\/?s={search_term_string}"},"query-input":{"@type":"PropertyValueSpecification","valueRequired":true,"valueName":"search_term_string"}}],"inLanguage":"es"}]}},"_links":{"self":[{"href":"https:\/\/colorfulcultures.co.uk\/es\/wp-json\/wp\/v2\/pages\/141","targetHints":{"allow":["GET"]}}],"collection":[{"href":"https:\/\/colorfulcultures.co.uk\/es\/wp-json\/wp\/v2\/pages"}],"about":[{"href":"https:\/\/colorfulcultures.co.uk\/es\/wp-json\/wp\/v2\/types\/page"}],"author":[{"embeddable":true,"href":"https:\/\/colorfulcultures.co.uk\/es\/wp-json\/wp\/v2\/users\/1"}],"replies":[{"embeddable":true,"href":"https:\/\/colorfulcultures.co.uk\/es\/wp-json\/wp\/v2\/comments?post=141"}],"version-history":[{"count":3,"href":"https:\/\/colorfulcultures.co.uk\/es\/wp-json\/wp\/v2\/pages\/141\/revisions"}],"predecessor-version":[{"id":71429,"href":"https:\/\/colorfulcultures.co.uk\/es\/wp-json\/wp\/v2\/pages\/141\/revisions\/71429"}],"up":[{"embeddable":true,"href":"https:\/\/colorfulcultures.co.uk\/es\/wp-json\/wp\/v2\/pages\/73"}],"wp:featuredmedia":[{"embeddable":true,"href":"https:\/\/colorfulcultures.co.uk\/es\/wp-json\/"}],"wp:attachment":[{"href":"https:\/\/colorfulcultures.co.uk\/es\/wp-json\/wp\/v2\/media?parent=141"}],"curies":[{"name":"wp","href":"https:\/\/api.w.org\/{rel}","templated":true}]}}