{"id":130,"date":"2015-10-09T16:46:20","date_gmt":"2015-10-09T16:46:20","guid":{"rendered":"http:\/\/broker.commercegurus.com\/?page_id=130"},"modified":"2017-04-29T10:23:06","modified_gmt":"2017-04-29T08:23:06","slug":"programa-de-descubrimiento","status":"publish","type":"page","link":"https:\/\/colorfulcultures.co.uk\/es\/solutions\/programa-de-descubrimiento\/","title":{"rendered":"Programa de descubrimiento"},"content":{"rendered":"<div class=\"wpb-content-wrapper\"><p>[vc_row type=\u00bbcontainer\u00bb padding_top=\u00bb\u00bb padding_bottom=\u00bb\u00bb css=\u00bb.vc_custom_1449060063467{margin-bottom: 20px !important;}\u00bb][vc_column width=\u00bb1\/2&#8243;][vc_column_text]El programa de descubrimiento es un programa dedicado a gestionar todo el ciclo de vida de los empleados en todo el mundo con un enfoque espec\u00edfico en las diferencias culturales.<br \/>\nEs el \u00fanico programa que necesitar\u00e1 para comenzar a tener \u00e9xito al externalizar proyectos, abrir oficinas o superar desaf\u00edos relacionados con sus empleados en el extranjero.[\/vc_column_text][\/vc_column][vc_column width=\u00bb1\/2&#8243; css=\u00bb.vc_custom_1449059997398{margin-bottom: 35px !important;}\u00bb][vc_single_image image=\u00bb71284&#8243; img_size=\u00bbfull\u00bb add_caption=\u00bbyes\u00bb onclick=\u00bblink_image\u00bb][\/vc_column][\/vc_row][vc_row type=\u00bbcontainer\u00bb padding_top=\u00bb\u00bb padding_bottom=\u00bb\u00bb css=\u00bb.vc_custom_1449060013623{margin-bottom: 0px !important;}\u00bb][vc_column][vc_separator color=\u00bb#e2e2e2&#8243; type=\u00bbnormal\u00bb thickness=\u00bb1&#8243; up=\u00bb\u00bb down=\u00bb\u00bb el_class=\u00bbdotted\u00bb][\/vc_column][\/vc_row][vc_row type=\u00bbcontainer\u00bb padding_top=\u00bb\u00bb padding_bottom=\u00bb\u00bb][vc_column][vc_column_text]El programa en un paquete todo en uno para industrias espec\u00edficas:<\/p>\n<ul>\n<li>Manufactura<\/li>\n<li>BPO<\/li>\n<li>IT<\/li>\n<\/ul>\n<p>[\/vc_column_text][\/vc_column][\/vc_row][vc_row type=\u00bbcontainer\u00bb][vc_column][\/vc_column][\/vc_row][vc_row type=\u00bbcontainer\u00bb][vc_column][vc_tta_tabs][vc_tta_section title=\u00bbMANUFACTURA\u00bb tab_id=\u00bb1487883067825-b1cd8b28-415c\u00bb][vc_column_text]M\u00f3dulos:<\/p>\n<ol>\n<li><strong>Reclutamiento y selecci\u00f3n<\/strong> &#8211; una visi\u00f3n profunda de c\u00f3mo adaptar su estrategia de reclutamiento a mercados espec\u00edficos con enfoque en c\u00f3mo hacer investigaci\u00f3n, conducir entrevistas ya bordo de los candidatos adecuados<\/li>\n<li><strong>Integraci\u00f3n<\/strong> &#8211; cu\u00e1les son las expectativas espec\u00edficas de los empleados en diferentes culturas y cu\u00e1les son los impulsores para una integraci\u00f3n exitosa en los equipos<\/li>\n<li><strong>Revisi\u00f3n del desempe\u00f1o<\/strong> &#8211; c\u00f3mo proporcionar feedback y obtener un acuerdo sobre los objetivos del negocio<\/li>\n<li><strong>Estilos de gesti\u00f3n<\/strong>: una vista de los estilos de gesti\u00f3n preferidos entre culturas para ayudarle a comprender los beneficios, los riesgos y las diferencias entre los equipos de gesti\u00f3n global.<\/li>\n<\/ol>\n<p>[\/vc_column_text][\/vc_tta_section][vc_tta_section title=\u00bbBPO\u00bb tab_id=\u00bb1487883048933-c9742e6a-8afd\u00bb][vc_column_text]M\u00f3dulos:<\/p>\n<ol>\n<li><strong>Reclutamiento y selecci\u00f3n<\/strong> &#8211; una visi\u00f3n profunda de c\u00f3mo adaptar su estrategia de reclutamiento a mercados espec\u00edficos con enfoque en c\u00f3mo hacer investigaci\u00f3n, conducir entrevistas ya bordo de los candidatos adecuados<\/li>\n<li><strong>Integraci\u00f3n<\/strong> &#8211; cu\u00e1les son las expectativas espec\u00edficas de los empleados en diferentes culturas y cu\u00e1les son los impulsores para una integraci\u00f3n exitosa en los equipos<\/li>\n<li><strong>Revisi\u00f3n del desempe\u00f1o<\/strong> &#8211; c\u00f3mo proporcionar feedback y obtener un acuerdo sobre los objetivos del negocio<\/li>\n<li><strong>Estilos de gesti\u00f3n<\/strong>: una vista de los estilos de gesti\u00f3n preferidos entre culturas para ayudarle a comprender los beneficios, los riesgos y las diferencias entre los equipos de gesti\u00f3n global.<\/li>\n<\/ol>\n<p>[\/vc_column_text][\/vc_tta_section][vc_tta_section title=\u00bbIT\u00bb tab_id=\u00bb1487883048984-8011b22e-d31a\u00bb][vc_column_text]M\u00f3dulos:<\/p>\n<ol>\n<li><strong>Reclutamiento y selecci\u00f3n<\/strong> &#8211; una visi\u00f3n profunda de c\u00f3mo adaptar su estrategia de reclutamiento a mercados espec\u00edficos con enfoque en c\u00f3mo hacer investigaci\u00f3n, conducir entrevistas ya bordo de los candidatos adecuados<\/li>\n<li><strong>Integraci\u00f3n<\/strong> &#8211; cu\u00e1les son las expectativas espec\u00edficas de los empleados en diferentes culturas y cu\u00e1les son los impulsores para una integraci\u00f3n exitosa en los equipos<\/li>\n<li><strong>Revisi\u00f3n del desempe\u00f1o<\/strong> &#8211; c\u00f3mo proporcionar feedback y obtener un acuerdo sobre los objetivos del negocio<\/li>\n<li><strong>Estilos de gesti\u00f3n<\/strong>: una vista de los estilos de gesti\u00f3n preferidos entre culturas para ayudarle a comprender los beneficios, los riesgos y las diferencias entre los equipos de gesti\u00f3n global.<\/li>\n<\/ol>\n<p>[\/vc_column_text][\/vc_tta_section][\/vc_tta_tabs][\/vc_column][\/vc_row]<\/p>\n<\/div>","protected":false},"excerpt":{"rendered":"<p>[vc_row type=\u00bbcontainer\u00bb padding_top=\u00bb\u00bb padding_bottom=\u00bb\u00bb css=\u00bb.vc_custom_1449060063467{margin-bottom: 20px !important;}\u00bb][vc_column width=\u00bb1\/2&#8243;][vc_column_text]El programa de descubrimiento es un programa dedicado a gestionar todo el ciclo de vida de los empleados en todo el mundo con un enfoque espec\u00edfico en las diferencias culturales. Es el \u00fanico programa que necesitar\u00e1 para comenzar a tener \u00e9xito al externalizar proyectos, abrir oficinas o superar [&hellip;]<\/p>\n","protected":false},"author":1,"featured_media":70708,"parent":73,"menu_order":5,"comment_status":"closed","ping_status":"closed","template":"","meta":{"_acf_changed":false,"footnotes":""},"class_list":["post-130","page","type-page","status-publish","has-post-thumbnail","hentry"],"acf":[],"yoast_head":"<!-- This site is optimized with the Yoast SEO plugin v25.6 - https:\/\/yoast.com\/wordpress\/plugins\/seo\/ -->\n<title>Programa de descubrimiento - Colorful Cultures Es<\/title>\n<meta name=\"description\" content=\"Discovery Program is a program dedicated on how to manage the whole employee lifecycle across the globe with specific focus on cultural differences.\" \/>\n<meta name=\"robots\" content=\"index, follow, max-snippet:-1, max-image-preview:large, max-video-preview:-1\" \/>\n<link rel=\"canonical\" href=\"https:\/\/colorfulcultures.co.uk\/es\/solutions\/programa-de-descubrimiento\/\" \/>\n<meta property=\"og:locale\" content=\"es_ES\" \/>\n<meta property=\"og:type\" content=\"article\" \/>\n<meta property=\"og:title\" content=\"Programa de descubrimiento - Colorful Cultures Es\" \/>\n<meta property=\"og:description\" content=\"Discovery Program is a program dedicated on how to manage the whole employee lifecycle across the globe with specific focus on cultural differences.\" \/>\n<meta property=\"og:url\" content=\"https:\/\/colorfulcultures.co.uk\/es\/solutions\/programa-de-descubrimiento\/\" \/>\n<meta property=\"og:site_name\" content=\"Colorful Cultures Es\" \/>\n<meta property=\"article:modified_time\" content=\"2017-04-29T08:23:06+00:00\" \/>\n<meta name=\"twitter:card\" content=\"summary_large_image\" \/>\n<meta name=\"twitter:label1\" content=\"Tiempo de lectura\" \/>\n\t<meta name=\"twitter:data1\" content=\"3 minutos\" \/>\n<script type=\"application\/ld+json\" class=\"yoast-schema-graph\">{\"@context\":\"https:\/\/schema.org\",\"@graph\":[{\"@type\":\"WebPage\",\"@id\":\"https:\/\/colorfulcultures.co.uk\/es\/solutions\/programa-de-descubrimiento\/\",\"url\":\"https:\/\/colorfulcultures.co.uk\/es\/solutions\/programa-de-descubrimiento\/\",\"name\":\"Programa de descubrimiento - Colorful Cultures Es\",\"isPartOf\":{\"@id\":\"https:\/\/colorfulcultures.co.uk\/es\/#website\"},\"primaryImageOfPage\":{\"@id\":\"https:\/\/colorfulcultures.co.uk\/es\/solutions\/programa-de-descubrimiento\/#primaryimage\"},\"image\":{\"@id\":\"https:\/\/colorfulcultures.co.uk\/es\/solutions\/programa-de-descubrimiento\/#primaryimage\"},\"thumbnailUrl\":\"\",\"datePublished\":\"2015-10-09T16:46:20+00:00\",\"dateModified\":\"2017-04-29T08:23:06+00:00\",\"description\":\"Discovery Program is a program dedicated on how to manage the whole employee lifecycle across the globe with specific focus on cultural differences.\",\"breadcrumb\":{\"@id\":\"https:\/\/colorfulcultures.co.uk\/es\/solutions\/programa-de-descubrimiento\/#breadcrumb\"},\"inLanguage\":\"es\",\"potentialAction\":[{\"@type\":\"ReadAction\",\"target\":[\"https:\/\/colorfulcultures.co.uk\/es\/solutions\/programa-de-descubrimiento\/\"]}]},{\"@type\":\"ImageObject\",\"inLanguage\":\"es\",\"@id\":\"https:\/\/colorfulcultures.co.uk\/es\/solutions\/programa-de-descubrimiento\/#primaryimage\",\"url\":\"\",\"contentUrl\":\"\"},{\"@type\":\"BreadcrumbList\",\"@id\":\"https:\/\/colorfulcultures.co.uk\/es\/solutions\/programa-de-descubrimiento\/#breadcrumb\",\"itemListElement\":[{\"@type\":\"ListItem\",\"position\":1,\"name\":\"Home\",\"item\":\"https:\/\/colorfulcultures.co.uk\/es\/\"},{\"@type\":\"ListItem\",\"position\":2,\"name\":\"Solutions\",\"item\":\"https:\/\/colorfulcultures.co.uk\/es\/solutions\/\"},{\"@type\":\"ListItem\",\"position\":3,\"name\":\"Programa de descubrimiento\"}]},{\"@type\":\"WebSite\",\"@id\":\"https:\/\/colorfulcultures.co.uk\/es\/#website\",\"url\":\"https:\/\/colorfulcultures.co.uk\/es\/\",\"name\":\"Colorful Cultures Es\",\"description\":\"Colorful cultures, training solutions, cross cultural communication\",\"potentialAction\":[{\"@type\":\"SearchAction\",\"target\":{\"@type\":\"EntryPoint\",\"urlTemplate\":\"https:\/\/colorfulcultures.co.uk\/es\/?s={search_term_string}\"},\"query-input\":{\"@type\":\"PropertyValueSpecification\",\"valueRequired\":true,\"valueName\":\"search_term_string\"}}],\"inLanguage\":\"es\"}]}<\/script>\n<!-- \/ Yoast SEO plugin. -->","yoast_head_json":{"title":"Programa de descubrimiento - Colorful Cultures Es","description":"Discovery Program is a program dedicated on how to manage the whole employee lifecycle across the globe with specific focus on cultural differences.","robots":{"index":"index","follow":"follow","max-snippet":"max-snippet:-1","max-image-preview":"max-image-preview:large","max-video-preview":"max-video-preview:-1"},"canonical":"https:\/\/colorfulcultures.co.uk\/es\/solutions\/programa-de-descubrimiento\/","og_locale":"es_ES","og_type":"article","og_title":"Programa de descubrimiento - Colorful Cultures Es","og_description":"Discovery Program is a program dedicated on how to manage the whole employee lifecycle across the globe with specific focus on cultural differences.","og_url":"https:\/\/colorfulcultures.co.uk\/es\/solutions\/programa-de-descubrimiento\/","og_site_name":"Colorful Cultures Es","article_modified_time":"2017-04-29T08:23:06+00:00","twitter_card":"summary_large_image","twitter_misc":{"Tiempo de lectura":"3 minutos"},"schema":{"@context":"https:\/\/schema.org","@graph":[{"@type":"WebPage","@id":"https:\/\/colorfulcultures.co.uk\/es\/solutions\/programa-de-descubrimiento\/","url":"https:\/\/colorfulcultures.co.uk\/es\/solutions\/programa-de-descubrimiento\/","name":"Programa de descubrimiento - Colorful Cultures Es","isPartOf":{"@id":"https:\/\/colorfulcultures.co.uk\/es\/#website"},"primaryImageOfPage":{"@id":"https:\/\/colorfulcultures.co.uk\/es\/solutions\/programa-de-descubrimiento\/#primaryimage"},"image":{"@id":"https:\/\/colorfulcultures.co.uk\/es\/solutions\/programa-de-descubrimiento\/#primaryimage"},"thumbnailUrl":"","datePublished":"2015-10-09T16:46:20+00:00","dateModified":"2017-04-29T08:23:06+00:00","description":"Discovery Program is a program dedicated on how to manage the whole employee lifecycle across the globe with specific focus on cultural differences.","breadcrumb":{"@id":"https:\/\/colorfulcultures.co.uk\/es\/solutions\/programa-de-descubrimiento\/#breadcrumb"},"inLanguage":"es","potentialAction":[{"@type":"ReadAction","target":["https:\/\/colorfulcultures.co.uk\/es\/solutions\/programa-de-descubrimiento\/"]}]},{"@type":"ImageObject","inLanguage":"es","@id":"https:\/\/colorfulcultures.co.uk\/es\/solutions\/programa-de-descubrimiento\/#primaryimage","url":"","contentUrl":""},{"@type":"BreadcrumbList","@id":"https:\/\/colorfulcultures.co.uk\/es\/solutions\/programa-de-descubrimiento\/#breadcrumb","itemListElement":[{"@type":"ListItem","position":1,"name":"Home","item":"https:\/\/colorfulcultures.co.uk\/es\/"},{"@type":"ListItem","position":2,"name":"Solutions","item":"https:\/\/colorfulcultures.co.uk\/es\/solutions\/"},{"@type":"ListItem","position":3,"name":"Programa de descubrimiento"}]},{"@type":"WebSite","@id":"https:\/\/colorfulcultures.co.uk\/es\/#website","url":"https:\/\/colorfulcultures.co.uk\/es\/","name":"Colorful Cultures Es","description":"Colorful cultures, training solutions, cross cultural communication","potentialAction":[{"@type":"SearchAction","target":{"@type":"EntryPoint","urlTemplate":"https:\/\/colorfulcultures.co.uk\/es\/?s={search_term_string}"},"query-input":{"@type":"PropertyValueSpecification","valueRequired":true,"valueName":"search_term_string"}}],"inLanguage":"es"}]}},"_links":{"self":[{"href":"https:\/\/colorfulcultures.co.uk\/es\/wp-json\/wp\/v2\/pages\/130","targetHints":{"allow":["GET"]}}],"collection":[{"href":"https:\/\/colorfulcultures.co.uk\/es\/wp-json\/wp\/v2\/pages"}],"about":[{"href":"https:\/\/colorfulcultures.co.uk\/es\/wp-json\/wp\/v2\/types\/page"}],"author":[{"embeddable":true,"href":"https:\/\/colorfulcultures.co.uk\/es\/wp-json\/wp\/v2\/users\/1"}],"replies":[{"embeddable":true,"href":"https:\/\/colorfulcultures.co.uk\/es\/wp-json\/wp\/v2\/comments?post=130"}],"version-history":[{"count":2,"href":"https:\/\/colorfulcultures.co.uk\/es\/wp-json\/wp\/v2\/pages\/130\/revisions"}],"predecessor-version":[{"id":71436,"href":"https:\/\/colorfulcultures.co.uk\/es\/wp-json\/wp\/v2\/pages\/130\/revisions\/71436"}],"up":[{"embeddable":true,"href":"https:\/\/colorfulcultures.co.uk\/es\/wp-json\/wp\/v2\/pages\/73"}],"wp:featuredmedia":[{"embeddable":true,"href":"https:\/\/colorfulcultures.co.uk\/es\/wp-json\/"}],"wp:attachment":[{"href":"https:\/\/colorfulcultures.co.uk\/es\/wp-json\/wp\/v2\/media?parent=130"}],"curies":[{"name":"wp","href":"https:\/\/api.w.org\/{rel}","templated":true}]}}