{"id":122,"date":"2015-10-09T16:17:48","date_gmt":"2015-10-09T16:17:48","guid":{"rendered":"http:\/\/broker.commercegurus.com\/?page_id=122"},"modified":"2017-04-29T10:07:13","modified_gmt":"2017-04-29T08:07:13","slug":"formacion-de-estrategia","status":"publish","type":"page","link":"https:\/\/colorfulcultures.co.uk\/es\/solutions\/formacion-de-estrategia\/","title":{"rendered":"Formaci\u00f3n de estrategia"},"content":{"rendered":"<div class=\"wpb-content-wrapper\"><p>[vc_row type=\u00bbcontainer\u00bb padding_top=\u00bb\u00bb padding_bottom=\u00bb\u00bb css=\u00bb.vc_custom_1449063077218{margin-bottom: 20px !important;}\u00bb][vc_column width=\u00bb1\/2&#8243;][vc_column_text]Como la competencia en el lado de las ventas requiere estrategia, la gesti\u00f3n continua del l\u00edder y la optimizaci\u00f3n de rendimiento m\u00e1s inteligente y m\u00e1s r\u00e1pido que el resto del mercado con el fin de ser capaz de sobrevivir y crecer, alcanzar el siguiente nivel para las empresas depende de las habilidades de estratega y orientaci\u00f3n hacia las personas de los gerentes.[\/vc_column_text][\/vc_column][vc_column width=\u00bb1\/2&#8243;][vc_single_image image=\u00bb71135&#8243; img_size=\u00bbfull\u00bb add_caption=\u00bbyes\u00bb onclick=\u00bblink_image\u00bb][\/vc_column][\/vc_row][vc_row type=\u00bbcontainer\u00bb padding_top=\u00bb\u00bb padding_bottom=\u00bb\u00bb css=\u00bb.vc_custom_1444504420319{margin-bottom: 0px !important;}\u00bb][vc_column][vc_separator color=\u00bb#e2e2e2&#8243; type=\u00bbnormal\u00bb thickness=\u00bb1&#8243; up=\u00bb\u00bb down=\u00bb\u00bb el_class=\u00bbdotted\u00bb][\/vc_column][\/vc_row][vc_row type=\u00bbcontainer\u00bb padding_top=\u00bb\u00bb padding_bottom=\u00bb\u00bb][vc_column][vc_column_text][\/vc_column_text][\/vc_column][\/vc_row][vc_row type=\u00bbcontainer\u00bb][vc_column][vc_tta_tour][vc_tta_section title=\u00bbPENSAMIENTO ESTRAT\u00c9GICO\u00bb tab_id=\u00bb1487800541857-f64c62b4-1d44&#8243;][vc_column_text]Los autores de la estrategia visionaria identificaron los siguientes escenarios para las industrias: consolidaci\u00f3n del supervivente, sacudida del mercado, choque de gigantes, bazar generativo \u2013\u00a0 Nelson y van dem Dam<\/p>\n<p>Cualquiera que sea el escenario que demuestre ser cierto, una cosa es cierta: las empresas que sobrevivir\u00e1n ser\u00e1n conducidas por l\u00edderes que tienen las habilidades, las competencias y la visi\u00f3n para anticiparse y conducir a trav\u00e9s del cambio continuo y la ambig\u00fcedad. Esta hip\u00f3tesis es v\u00e1lida para todas las capas gerenciales &#8211; desde la primera l\u00ednea hasta la alta direcci\u00f3n, los l\u00edderes deben ser capaces de forjar estrategias que siempre tienen en cuenta las tendencias de la industria en constante cambio.<\/p>\n<p>Sobre la base de lo anterior, el taller est\u00e1 dise\u00f1ado para hacer frente a los grandes retos de la industria actual desde el punto de vista del desarrollo de los l\u00edderes. Las soluciones de capacitaci\u00f3n descritas han sido dise\u00f1adas para capacitar a los participantes con las habilidades y herramientas complejas al tiempo que ponen su pensamiento en la perspectiva del negocio, satisfacen y superan desaf\u00edos espec\u00edficos o inesperados.<\/p>\n<p>Lo que obtendr\u00e1:<\/p>\n<ul>\n<li>Estructuraci\u00f3n de su pensamiento gerencial<\/li>\n<li>Identificar y actuar sobre las oportunidades de negocio<\/li>\n<li>Fortalecer las habilidades de an\u00e1lisis, planificaci\u00f3n y comunicaci\u00f3n en el entorno empresarial<\/li>\n<li>Experimentar diferentes roles y enfoques para lograr perspectivas laterales<\/li>\n<\/ul>\n<p>[\/vc_column_text][\/vc_tta_section][vc_tta_section title=\u00bbRESOLUCI\u00d3N CREATIVA DE PROBLEMAS\u00bb tab_id=\u00bb1487800541920-44bde83f-a135&#8243;][vc_column_text]La resoluci\u00f3n creativa de problemas es una de esas habilidades que no pueden ser forzadas. Cuanto m\u00e1s dif\u00edcil de probar, m\u00e1s pobres se convierten sus habilidades creativas de resoluci\u00f3n de problemas.<\/p>\n<p>La evidencia es clara: \u00bfc\u00f3mo Einstein invent\u00f3 su teor\u00eda de la relatividad &#8211; golpeando su cabeza contra una pared? \u00a1No! En un ensue\u00f1o donde se imaginaba surf a lo largo de un haz de luz!<\/p>\n<p>Recuerde siempre que m\u00e1s estresado se vuelve y m\u00e1s presi\u00f3n de tiempo se siente, peor est\u00e1 resolviendo los problemas de forma creativa. Pero en el lugar de trabajo actual, aquellos que pueden generar las ideas creativas m\u00e1s eficaces son a menudo los m\u00e1s recompensados; As\u00ed que \u00bfc\u00f3mo puedes mejorar tus habilidades creativas de resoluci\u00f3n de problemas sin que te estreses al respecto?<\/p>\n<p>Para los prop\u00f3sitos del negocio usted puede ser que necesite los acercamientos locos de vez en cuando; especialmente al crear la estrategia de mercado, los productos, la configuraci\u00f3n de tendencias, la mejora de procesos o el cambio de visi\u00f3n.<\/p>\n<p>La soluci\u00f3n creativa de problemas es una manera de pensar y de comportarse.<\/p>\n<p>Creativo es para una idea que tiene un elemento de novedad o singularidad, al menos para quien crea la soluci\u00f3n, y tambi\u00e9n tiene valor y relevancia.<\/p>\n<p>Lo que obtendr\u00e1:<\/p>\n<ul>\n<li>Aplicar habilidades de pensamiento creativo para resolver problemas cotidianos<\/li>\n<li>Seguir el m\u00e9todo estructurado para generar soluciones a los problemas<\/li>\n<li>Establecer c\u00f3mo funcionan las seis t\u00e9cnicas creativas de resoluci\u00f3n de problemas<\/li>\n<\/ul>\n<p>[\/vc_column_text][\/vc_tta_section][vc_tta_section title=\u00bbADOPCI\u00d3N DE DECISIONES\u00bb tab_id=\u00bb1487802054914-7fec2104-70a7&#8243;][vc_column_text]\u00bfSe ha preguntado por qu\u00e9 sus decisiones no son acordadas por los socios ubicados a millas de distancia de su oficina?<\/p>\n<p>\u00bfSe est\u00e1 volviendo loco de que los gerentes simplemente no est\u00e9n de acuerdo en una soluci\u00f3n hasta demasiado tarde?<\/p>\n<p>Adoptar una decisi\u00f3n empresarial s\u00f3lida requiere habilidades anal\u00edticas y el poder de persuadir a otros para que la sigan. Sin embargo, todos sabemos que las personas tienen diferentes objetivos, intereses, patrones de pensamiento o m\u00e9todos que utilizan para evaluar una decisi\u00f3n que hacen las cosas a\u00fan m\u00e1s complicadas.<\/p>\n<p>La mayor parte de la formaci\u00f3n sobre las t\u00e9cnicas de adopci\u00f3n de decisiones tiene ra\u00edces profundas en una forma racional de considerar todos los hechos antes de tomar medidas. Esto es bueno, pero rara vez funciona en la realidad, especialmente cuando se toman decisiones en un equipo multicultural.<\/p>\n<p>En Jap\u00f3n, hay un m\u00e9todo espec\u00edfico para acordar las decisiones, en EE.UU. hay un estilo completamente diferente, mientras que en la India la adopci\u00f3n de decisiones depende m\u00e1s del puesto que uno tiene. Y la lista contin\u00faa. \u00bfC\u00f3mo navegar por esto?<\/p>\n<p>La capacitaci\u00f3n en la toma de decisiones se centra en las principales brechas que los administradores y los miembros del equipo tienen que cruzar cuando trabajan en equipos multiculturales.<\/p>\n<p>Lo que obtendr\u00e1:<\/p>\n<ul>\n<li>Una visi\u00f3n clara de los 4 principales estilos de toma de decisiones a trav\u00e9s de las culturas<\/li>\n<li>La respuesta a c\u00f3mo se presenta una decisi\u00f3n para ser aceptado f\u00e1cilmente<\/li>\n<li>C\u00f3mo involucrar a la gente en cultura espec\u00edfica en un an\u00e1lisis de decisiones efectivo<\/li>\n<\/ul>\n<p>[\/vc_column_text][\/vc_tta_section][\/vc_tta_tour][\/vc_column][\/vc_row][vc_row type=\u00bbcontainer\u00bb][vc_column][vc_tta_tabs][vc_tta_section title=\u00bbMETHODOLOG\u00cdA\u00bb tab_id=\u00bb1487015306141-82e56fef-1a76&#8243;][vc_column_text]<\/p>\n<ul>\n<li>Pel\u00edculas<\/li>\n<li>discusi\u00f3n grupal<\/li>\n<li>lectura<\/li>\n<li>perfiles<\/li>\n<li>ejercicios de presentaci\u00f3n<\/li>\n<\/ul>\n<p>[\/vc_column_text][\/vc_tta_section][vc_tta_section title=\u00bbDURACI\u00d3N\u00bb tab_id=\u00bb1487015463018-a0cf80d8-289d\u00bb][vc_column_text]8\u00a0 hours[\/vc_column_text][\/vc_tta_section][vc_tta_section title=\u00bbP\u00daBLICO OBJETIVO\u00bb tab_id=\u00bb1487015489455-2cf94576-5e73&#8243;][vc_column_text]<\/p>\n<ul>\n<li>Lead Associate<\/li>\n<li>Analyst, Managers<\/li>\n<\/ul>\n<p>[\/vc_column_text][\/vc_tta_section][vc_tta_section title=\u00bbTAMA\u00d1O DEL LOTE\u00bb tab_id=\u00bb1487015519501-07bbdb38-08ff\u00bb][vc_column_text]<\/p>\n<ul>\n<li>Min &#8211; 8<\/li>\n<li>Max &#8211; 16<\/li>\n<\/ul>\n<p>[\/vc_column_text][\/vc_tta_section][\/vc_tta_tabs][\/vc_column][\/vc_row]<\/p>\n<\/div>","protected":false},"excerpt":{"rendered":"<p>[vc_row type=\u00bbcontainer\u00bb padding_top=\u00bb\u00bb padding_bottom=\u00bb\u00bb css=\u00bb.vc_custom_1449063077218{margin-bottom: 20px !important;}\u00bb][vc_column width=\u00bb1\/2&#8243;][vc_column_text]Como la competencia en el lado de las ventas requiere estrategia, la gesti\u00f3n continua del l\u00edder y la optimizaci\u00f3n de rendimiento m\u00e1s inteligente y m\u00e1s r\u00e1pido que el resto del mercado con el fin de ser capaz de sobrevivir y crecer, alcanzar el siguiente nivel para las empresas [&hellip;]<\/p>\n","protected":false},"author":1,"featured_media":70695,"parent":73,"menu_order":2,"comment_status":"closed","ping_status":"closed","template":"","meta":{"_acf_changed":false,"footnotes":""},"class_list":["post-122","page","type-page","status-publish","has-post-thumbnail","hentry"],"acf":[],"yoast_head":"<!-- This site is optimized with the Yoast SEO plugin v25.6 - https:\/\/yoast.com\/wordpress\/plugins\/seo\/ -->\n<title>Strategy Trainings - the perfect choice for your company | Colorful Cultures<\/title>\n<meta name=\"description\" content=\"As the competition on the sales side requires continuous management, the strategy trainings offered by Colorful Cultures are the perfect choice for your you\" \/>\n<meta name=\"robots\" content=\"index, follow, max-snippet:-1, max-image-preview:large, max-video-preview:-1\" \/>\n<link rel=\"canonical\" href=\"https:\/\/colorfulcultures.co.uk\/es\/solutions\/formacion-de-estrategia\/\" \/>\n<meta property=\"og:locale\" content=\"es_ES\" \/>\n<meta property=\"og:type\" content=\"article\" \/>\n<meta property=\"og:title\" content=\"Strategy Trainings - the perfect choice for your company | Colorful Cultures\" \/>\n<meta property=\"og:description\" content=\"As the competition on the sales side requires continuous management, the strategy trainings offered by Colorful Cultures are the perfect choice for your you\" \/>\n<meta property=\"og:url\" content=\"https:\/\/colorfulcultures.co.uk\/es\/solutions\/formacion-de-estrategia\/\" \/>\n<meta property=\"og:site_name\" content=\"Colorful Cultures Es\" \/>\n<meta property=\"article:modified_time\" content=\"2017-04-29T08:07:13+00:00\" \/>\n<meta name=\"twitter:card\" content=\"summary_large_image\" \/>\n<meta name=\"twitter:label1\" content=\"Tiempo de lectura\" \/>\n\t<meta name=\"twitter:data1\" content=\"6 minutos\" \/>\n<script type=\"application\/ld+json\" class=\"yoast-schema-graph\">{\"@context\":\"https:\/\/schema.org\",\"@graph\":[{\"@type\":\"WebPage\",\"@id\":\"https:\/\/colorfulcultures.co.uk\/es\/solutions\/formacion-de-estrategia\/\",\"url\":\"https:\/\/colorfulcultures.co.uk\/es\/solutions\/formacion-de-estrategia\/\",\"name\":\"Strategy Trainings - the perfect choice for your company | Colorful Cultures\",\"isPartOf\":{\"@id\":\"https:\/\/colorfulcultures.co.uk\/es\/#website\"},\"primaryImageOfPage\":{\"@id\":\"https:\/\/colorfulcultures.co.uk\/es\/solutions\/formacion-de-estrategia\/#primaryimage\"},\"image\":{\"@id\":\"https:\/\/colorfulcultures.co.uk\/es\/solutions\/formacion-de-estrategia\/#primaryimage\"},\"thumbnailUrl\":\"\",\"datePublished\":\"2015-10-09T16:17:48+00:00\",\"dateModified\":\"2017-04-29T08:07:13+00:00\",\"description\":\"As the competition on the sales side requires continuous management, the strategy trainings offered by Colorful Cultures are the perfect choice for your you\",\"breadcrumb\":{\"@id\":\"https:\/\/colorfulcultures.co.uk\/es\/solutions\/formacion-de-estrategia\/#breadcrumb\"},\"inLanguage\":\"es\",\"potentialAction\":[{\"@type\":\"ReadAction\",\"target\":[\"https:\/\/colorfulcultures.co.uk\/es\/solutions\/formacion-de-estrategia\/\"]}]},{\"@type\":\"ImageObject\",\"inLanguage\":\"es\",\"@id\":\"https:\/\/colorfulcultures.co.uk\/es\/solutions\/formacion-de-estrategia\/#primaryimage\",\"url\":\"\",\"contentUrl\":\"\"},{\"@type\":\"BreadcrumbList\",\"@id\":\"https:\/\/colorfulcultures.co.uk\/es\/solutions\/formacion-de-estrategia\/#breadcrumb\",\"itemListElement\":[{\"@type\":\"ListItem\",\"position\":1,\"name\":\"Home\",\"item\":\"https:\/\/colorfulcultures.co.uk\/es\/\"},{\"@type\":\"ListItem\",\"position\":2,\"name\":\"Solutions\",\"item\":\"https:\/\/colorfulcultures.co.uk\/es\/solutions\/\"},{\"@type\":\"ListItem\",\"position\":3,\"name\":\"Formaci\u00f3n de estrategia\"}]},{\"@type\":\"WebSite\",\"@id\":\"https:\/\/colorfulcultures.co.uk\/es\/#website\",\"url\":\"https:\/\/colorfulcultures.co.uk\/es\/\",\"name\":\"Colorful Cultures Es\",\"description\":\"Colorful cultures, training solutions, cross cultural communication\",\"potentialAction\":[{\"@type\":\"SearchAction\",\"target\":{\"@type\":\"EntryPoint\",\"urlTemplate\":\"https:\/\/colorfulcultures.co.uk\/es\/?s={search_term_string}\"},\"query-input\":{\"@type\":\"PropertyValueSpecification\",\"valueRequired\":true,\"valueName\":\"search_term_string\"}}],\"inLanguage\":\"es\"}]}<\/script>\n<!-- \/ Yoast SEO plugin. -->","yoast_head_json":{"title":"Strategy Trainings - the perfect choice for your company | Colorful Cultures","description":"As the competition on the sales side requires continuous management, the strategy trainings offered by Colorful Cultures are the perfect choice for your you","robots":{"index":"index","follow":"follow","max-snippet":"max-snippet:-1","max-image-preview":"max-image-preview:large","max-video-preview":"max-video-preview:-1"},"canonical":"https:\/\/colorfulcultures.co.uk\/es\/solutions\/formacion-de-estrategia\/","og_locale":"es_ES","og_type":"article","og_title":"Strategy Trainings - the perfect choice for your company | Colorful Cultures","og_description":"As the competition on the sales side requires continuous management, the strategy trainings offered by Colorful Cultures are the perfect choice for your you","og_url":"https:\/\/colorfulcultures.co.uk\/es\/solutions\/formacion-de-estrategia\/","og_site_name":"Colorful Cultures Es","article_modified_time":"2017-04-29T08:07:13+00:00","twitter_card":"summary_large_image","twitter_misc":{"Tiempo de lectura":"6 minutos"},"schema":{"@context":"https:\/\/schema.org","@graph":[{"@type":"WebPage","@id":"https:\/\/colorfulcultures.co.uk\/es\/solutions\/formacion-de-estrategia\/","url":"https:\/\/colorfulcultures.co.uk\/es\/solutions\/formacion-de-estrategia\/","name":"Strategy Trainings - the perfect choice for your company | Colorful Cultures","isPartOf":{"@id":"https:\/\/colorfulcultures.co.uk\/es\/#website"},"primaryImageOfPage":{"@id":"https:\/\/colorfulcultures.co.uk\/es\/solutions\/formacion-de-estrategia\/#primaryimage"},"image":{"@id":"https:\/\/colorfulcultures.co.uk\/es\/solutions\/formacion-de-estrategia\/#primaryimage"},"thumbnailUrl":"","datePublished":"2015-10-09T16:17:48+00:00","dateModified":"2017-04-29T08:07:13+00:00","description":"As the competition on the sales side requires continuous management, the strategy trainings offered by Colorful Cultures are the perfect choice for your you","breadcrumb":{"@id":"https:\/\/colorfulcultures.co.uk\/es\/solutions\/formacion-de-estrategia\/#breadcrumb"},"inLanguage":"es","potentialAction":[{"@type":"ReadAction","target":["https:\/\/colorfulcultures.co.uk\/es\/solutions\/formacion-de-estrategia\/"]}]},{"@type":"ImageObject","inLanguage":"es","@id":"https:\/\/colorfulcultures.co.uk\/es\/solutions\/formacion-de-estrategia\/#primaryimage","url":"","contentUrl":""},{"@type":"BreadcrumbList","@id":"https:\/\/colorfulcultures.co.uk\/es\/solutions\/formacion-de-estrategia\/#breadcrumb","itemListElement":[{"@type":"ListItem","position":1,"name":"Home","item":"https:\/\/colorfulcultures.co.uk\/es\/"},{"@type":"ListItem","position":2,"name":"Solutions","item":"https:\/\/colorfulcultures.co.uk\/es\/solutions\/"},{"@type":"ListItem","position":3,"name":"Formaci\u00f3n de estrategia"}]},{"@type":"WebSite","@id":"https:\/\/colorfulcultures.co.uk\/es\/#website","url":"https:\/\/colorfulcultures.co.uk\/es\/","name":"Colorful Cultures Es","description":"Colorful cultures, training solutions, cross cultural communication","potentialAction":[{"@type":"SearchAction","target":{"@type":"EntryPoint","urlTemplate":"https:\/\/colorfulcultures.co.uk\/es\/?s={search_term_string}"},"query-input":{"@type":"PropertyValueSpecification","valueRequired":true,"valueName":"search_term_string"}}],"inLanguage":"es"}]}},"_links":{"self":[{"href":"https:\/\/colorfulcultures.co.uk\/es\/wp-json\/wp\/v2\/pages\/122","targetHints":{"allow":["GET"]}}],"collection":[{"href":"https:\/\/colorfulcultures.co.uk\/es\/wp-json\/wp\/v2\/pages"}],"about":[{"href":"https:\/\/colorfulcultures.co.uk\/es\/wp-json\/wp\/v2\/types\/page"}],"author":[{"embeddable":true,"href":"https:\/\/colorfulcultures.co.uk\/es\/wp-json\/wp\/v2\/users\/1"}],"replies":[{"embeddable":true,"href":"https:\/\/colorfulcultures.co.uk\/es\/wp-json\/wp\/v2\/comments?post=122"}],"version-history":[{"count":3,"href":"https:\/\/colorfulcultures.co.uk\/es\/wp-json\/wp\/v2\/pages\/122\/revisions"}],"predecessor-version":[{"id":71426,"href":"https:\/\/colorfulcultures.co.uk\/es\/wp-json\/wp\/v2\/pages\/122\/revisions\/71426"}],"up":[{"embeddable":true,"href":"https:\/\/colorfulcultures.co.uk\/es\/wp-json\/wp\/v2\/pages\/73"}],"wp:featuredmedia":[{"embeddable":true,"href":"https:\/\/colorfulcultures.co.uk\/es\/wp-json\/"}],"wp:attachment":[{"href":"https:\/\/colorfulcultures.co.uk\/es\/wp-json\/wp\/v2\/media?parent=122"}],"curies":[{"name":"wp","href":"https:\/\/api.w.org\/{rel}","templated":true}]}}